{"id":263,"date":"2021-04-03T10:22:11","date_gmt":"2021-04-03T09:22:11","guid":{"rendered":"http:\/\/www.alohasurfacademy.ch\/xyz\/?page_id=263"},"modified":"2024-01-31T17:49:18","modified_gmt":"2024-01-31T17:49:18","slug":"about-us","status":"publish","type":"page","link":"https:\/\/alohasurfacademy.com\/de\/about-us\/","title":{"rendered":"Surfakademie Info"},"content":{"rendered":"<h3>N\u00fctzliche Informationen Surfkurs<\/h3>\n<p>Unsere Surfschule ist f\u00fcr Kunden geeignet, die das Surfen lernen oder ernsthaft weiterlernen m\u00f6chten, die engagiert, <strong>sportlich<\/strong> und motiviert sind!<\/p>\n<p><strong>Unser Surflehrer ist<\/strong>\u00a0sehr guter Lehrer, geduldig und ermutigend am Strand. W\u00e4hrend der Fahrten zum Strand oder der sportlichen Aktivit\u00e4ten ist er stets gut gelaunt und gl\u00fccklich, sein t\u00e4gliches Leben mit Ihnen zu teilen, Sie kennen zu lernen oder seine Leidenschaft, seine kleine tropische Oase in einem GREENHOUSE (Permakultur) !<\/p>\n<p><strong>ZEITPLAN<\/strong> <strong>IST HANGIG VON DEN GEZEITEN:<\/strong> normalerweise ist Abfahrt um 10:30 oder 14:30 Uhr<br \/>\n<strong>DAUER<\/strong>: 5 bis 6 Stunden*<br \/>\n<strong>LEHRERSPRACHE LEHRER ALEX<\/strong> : DEU \/ ENG \/ FRE \/ SPA \/ DUT \/ ITA<\/p>\n<p><strong>INKLUSIVE<\/strong>:<\/p>\n<ul>\n<li>Abholung in Corralejo oder Treffpunkt in Lajares<\/li>\n<li>Einf\u00fchrung von Carver Skateboards (surf skate)<\/li>\n<li>Fahrt zum Strand und zur\u00fcck<\/li>\n<li>Material Brett\/ Neoanzung<\/li>\n<li>hochwertiger Surfkurs auf Deutsch<\/li>\n<li>professionelle Betreuung<\/li>\n<li>free surf Zeit nach dem Unterricht<\/li>\n<li>Pro Surfer &amp; Rettungsschwimmer Lehrer<\/li>\n<li>Surfurkunde ab 4 Tage<\/li>\n<li>Haftpflichtversicherung<\/li>\n<li>Normalerweise Theorie am Mittwochs und Fotoanalyse am Freitags<\/li>\n<li>Nimm ein USB Key f\u00fcr deine Surffotos<\/li>\n<li>EXCLUSIVITY-BE UNSERE VIP : nur <strong>1 Gruppe<\/strong> pro Tag &amp; max. <strong>6 Sch\u00fcler<\/strong> pro Instruktor\/Tag<\/li>\n<\/ul>\n<p><strong>SURFSTR\u00c4NDE<\/strong>: Str\u00e4nde an der Ostk\u00fcste bei Corralejo, El Cotillo, Punta blanca, Rocky Point, Boneyards, etc.<br \/>\n<strong>BUCHUNG<\/strong>: per WhatsApp \/ E-Mail \/ Telefon<br \/>\n<strong>ZAHLUNG<\/strong>: Bar \/ PayPal \/ Bank\u00fcberweisung<br \/>\n<strong>ERFORDERLICHE INFORMATIONEN:<\/strong> K\u00f6rpergr\u00f6\u00dfe in cm and K\u00f6rpergewicht in kg f\u00fcr das Material\/ Vor- &amp; Nachname\/ Unterbringungsort (Abholung)<br \/>\n<strong>MITZUBRINGEN<\/strong>: Snacks &amp; Wasser \/ Strandsachen \/ Bargeld f\u00fcr Kursgeb\u00fchr bzw. Restbetrag \/ Schuhe mit flacher Sohle mitbringen\u00a0 \/USB key f\u00fcr deine Surffotos<\/p>\n<p><strong>* nur 1 Gruppe pro Tag<\/strong> = Unser Ansatz ist erfolgreich und hat es der Akademie erm\u00f6glicht einen ausgezeichneten Ruf, sowohl au\u00dferhalb als auch auf der Insel, aufzubauen. Unsere Kunden reflektieren, <strong>dass sie sich privilegiert f\u00fchlen<\/strong>, da es nur eine einzelne Gruppe pro Tag gibt, ohne festen Zeitplan und es sich eben um mehr als \u201enur\u201c einen Surfkurs handelt. Der Zeitplan ist flexibel, keine Eile, den Strand zu verlassen &#8211; oder &#8222;after surf&#8220; caf\u00e9 !<\/p>\n<p><strong>Die theoretischen Grundlagen<\/strong>, die f\u00fcr das Surfen wichtig sind, vermitteln wir meistens bei einem Kaffee\/Smoothie in einer Bar auf dem R\u00fcckweg nach Corralejo. Am Ende der Woche veranstalten wir oft ein Mittag- oder Abendessen, bei dem die <strong>Surffotos der Woche angeschaut und analysiert<\/strong> werden.<\/p>\n<p><a href=\"https:\/\/alohasurfacademy.com\/wp-content\/uploads\/\/magasine2-1024x681.jpg\"><img loading=\"lazy\" decoding=\"async\" class=\"wp-image-4028 size-large\" src=\"https:\/\/alohasurfacademy.com\/wp-content\/uploads\/\/magasine2-1024x681.jpg\" alt=\"SONY DSC\" width=\"606\" height=\"403\" srcset=\"https:\/\/alohasurfacademy.com\/wp-content\/uploads\/magasine2-1024x681.jpg 1024w, https:\/\/alohasurfacademy.com\/wp-content\/uploads\/magasine2-300x200.jpg 300w\" sizes=\"(max-width: 606px) 100vw, 606px\" \/><\/a><\/p>\n<h3>Auch&#8230;<\/h3>\n<p>Unser Surfcoach Alex verf\u00fcgt \u00fcber eine ISA-Surf-Ausbildung (International Surf Association) und besitzt ein aktuelles Lifeguard-Diplom der Royal Life Saving Society UK.<\/p>\n<p>Aufgrund der sportlichen Intensivit\u00e4t unserer Surfkurse empfehlen wir <strong>einen Tag Pause zur Erholung<\/strong>, wodurch der Lernerfolg optimiert wird. Daher raten wir sp\u00e4testens nach drei Tagen zu einer Pause von einem Tag. Gut erholt und mit voller Power kann es dann im Anschluss weitergehen!<\/p>\n","protected":false},"excerpt":{"rendered":"<p>N\u00fctzliche Informationen Surfkurs Unsere Surfschule ist f\u00fcr Kunden geeignet, die das Surfen lernen oder ernsthaft weiterlernen m\u00f6chten, die engagiert, sportlich und motiviert sind! Unser Surflehrer ist\u00a0sehr guter Lehrer, geduldig und ermutigend am Strand. W\u00e4hrend der Fahrten zum Strand oder der sportlichen Aktivit\u00e4ten ist er stets gut gelaunt und gl\u00fccklich, sein t\u00e4gliches Leben mit Ihnen zu [&hellip;]<\/p>\n","protected":false},"author":2,"featured_media":0,"parent":0,"menu_order":0,"comment_status":"closed","ping_status":"closed","template":"","meta":{"footnotes":""},"class_list":["post-263","page","type-page","status-publish","hentry"],"yoast_head":"<!-- This site is optimized with the Yoast SEO plugin v27.5 - https:\/\/yoast.com\/product\/yoast-seo-wordpress\/ -->\n<title>Surfakademie Info - Aloha Surf Academy - The best surf school and surf camps in Fuerteventura - Corralejo<\/title>\n<meta name=\"robots\" content=\"index, follow, max-snippet:-1, max-image-preview:large, max-video-preview:-1\" \/>\n<link rel=\"canonical\" href=\"https:\/\/alohasurfacademy.com\/de\/about-us\/\" \/>\n<meta property=\"og:locale\" content=\"de_DE\" \/>\n<meta property=\"og:type\" content=\"article\" \/>\n<meta property=\"og:title\" content=\"Surfakademie Info - Aloha Surf Academy - The best surf school and surf camps in Fuerteventura - Corralejo\" \/>\n<meta property=\"og:description\" content=\"N\u00fctzliche Informationen Surfkurs Unsere Surfschule ist f\u00fcr Kunden geeignet, die das Surfen lernen oder ernsthaft weiterlernen m\u00f6chten, die engagiert, sportlich und motiviert sind! Unser Surflehrer ist\u00a0sehr guter Lehrer, geduldig und ermutigend am Strand. W\u00e4hrend der Fahrten zum Strand oder der sportlichen Aktivit\u00e4ten ist er stets gut gelaunt und gl\u00fccklich, sein t\u00e4gliches Leben mit Ihnen zu [&hellip;]\" \/>\n<meta property=\"og:url\" content=\"https:\/\/alohasurfacademy.com\/de\/about-us\/\" \/>\n<meta property=\"og:site_name\" content=\"Aloha Surf Academy - The best surf school and surf camps in Fuerteventura - Corralejo\" \/>\n<meta property=\"article:modified_time\" content=\"2024-01-31T17:49:18+00:00\" \/>\n<meta property=\"og:image\" content=\"https:\/\/alohasurfacademy.com\/wp-content\/uploads\/\/magasine2-1024x681.jpg\" \/>\n<meta name=\"twitter:card\" content=\"summary_large_image\" \/>\n<meta name=\"twitter:label1\" content=\"Gesch\u00e4tzte Lesezeit\" \/>\n\t<meta name=\"twitter:data1\" content=\"3\u00a0Minuten\" \/>\n<script type=\"application\/ld+json\" class=\"yoast-schema-graph\">{\"@context\":\"https:\\\/\\\/schema.org\",\"@graph\":[{\"@type\":\"WebPage\",\"@id\":\"https:\\\/\\\/alohasurfacademy.com\\\/de\\\/about-us\\\/\",\"url\":\"https:\\\/\\\/alohasurfacademy.com\\\/de\\\/about-us\\\/\",\"name\":\"Surfakademie Info - Aloha Surf Academy - The best surf school and surf camps in Fuerteventura - Corralejo\",\"isPartOf\":{\"@id\":\"https:\\\/\\\/alohasurfacademy.com\\\/de\\\/#website\"},\"primaryImageOfPage\":{\"@id\":\"https:\\\/\\\/alohasurfacademy.com\\\/de\\\/about-us\\\/#primaryimage\"},\"image\":{\"@id\":\"https:\\\/\\\/alohasurfacademy.com\\\/de\\\/about-us\\\/#primaryimage\"},\"thumbnailUrl\":\"https:\\\/\\\/alohasurfacademy.com\\\/wp-content\\\/uploads\\\/\\\/magasine2-1024x681.jpg\",\"datePublished\":\"2021-04-03T09:22:11+00:00\",\"dateModified\":\"2024-01-31T17:49:18+00:00\",\"breadcrumb\":{\"@id\":\"https:\\\/\\\/alohasurfacademy.com\\\/de\\\/about-us\\\/#breadcrumb\"},\"inLanguage\":\"de\",\"potentialAction\":[{\"@type\":\"ReadAction\",\"target\":[\"https:\\\/\\\/alohasurfacademy.com\\\/de\\\/about-us\\\/\"]}]},{\"@type\":\"ImageObject\",\"inLanguage\":\"de\",\"@id\":\"https:\\\/\\\/alohasurfacademy.com\\\/de\\\/about-us\\\/#primaryimage\",\"url\":\"https:\\\/\\\/alohasurfacademy.com\\\/wp-content\\\/uploads\\\/\\\/magasine2-1024x681.jpg\",\"contentUrl\":\"https:\\\/\\\/alohasurfacademy.com\\\/wp-content\\\/uploads\\\/\\\/magasine2-1024x681.jpg\"},{\"@type\":\"BreadcrumbList\",\"@id\":\"https:\\\/\\\/alohasurfacademy.com\\\/de\\\/about-us\\\/#breadcrumb\",\"itemListElement\":[{\"@type\":\"ListItem\",\"position\":1,\"name\":\"Home\",\"item\":\"https:\\\/\\\/alohasurfacademy.com\\\/de\\\/\"},{\"@type\":\"ListItem\",\"position\":2,\"name\":\"Surfakademie Info\"}]},{\"@type\":\"WebSite\",\"@id\":\"https:\\\/\\\/alohasurfacademy.com\\\/de\\\/#website\",\"url\":\"https:\\\/\\\/alohasurfacademy.com\\\/de\\\/\",\"name\":\"Aloha Surf Academy - The best surf school and surf camps in Fuerteventura - Corralejo\",\"description\":\"Surf School, Surf Camp, Surfing Class, Surf Course in Corralejo - Fuerteventura\",\"potentialAction\":[{\"@type\":\"SearchAction\",\"target\":{\"@type\":\"EntryPoint\",\"urlTemplate\":\"https:\\\/\\\/alohasurfacademy.com\\\/de\\\/?s={search_term_string}\"},\"query-input\":{\"@type\":\"PropertyValueSpecification\",\"valueRequired\":true,\"valueName\":\"search_term_string\"}}],\"inLanguage\":\"de\"}]}<\/script>\n<!-- \/ Yoast SEO plugin. -->","yoast_head_json":{"title":"Surfakademie Info - Aloha Surf Academy - The best surf school and surf camps in Fuerteventura - Corralejo","robots":{"index":"index","follow":"follow","max-snippet":"max-snippet:-1","max-image-preview":"max-image-preview:large","max-video-preview":"max-video-preview:-1"},"canonical":"https:\/\/alohasurfacademy.com\/de\/about-us\/","og_locale":"de_DE","og_type":"article","og_title":"Surfakademie Info - Aloha Surf Academy - The best surf school and surf camps in Fuerteventura - Corralejo","og_description":"N\u00fctzliche Informationen Surfkurs Unsere Surfschule ist f\u00fcr Kunden geeignet, die das Surfen lernen oder ernsthaft weiterlernen m\u00f6chten, die engagiert, sportlich und motiviert sind! Unser Surflehrer ist\u00a0sehr guter Lehrer, geduldig und ermutigend am Strand. W\u00e4hrend der Fahrten zum Strand oder der sportlichen Aktivit\u00e4ten ist er stets gut gelaunt und gl\u00fccklich, sein t\u00e4gliches Leben mit Ihnen zu [&hellip;]","og_url":"https:\/\/alohasurfacademy.com\/de\/about-us\/","og_site_name":"Aloha Surf Academy - The best surf school and surf camps in Fuerteventura - Corralejo","article_modified_time":"2024-01-31T17:49:18+00:00","og_image":[{"url":"https:\/\/alohasurfacademy.com\/wp-content\/uploads\/\/magasine2-1024x681.jpg","type":"","width":"","height":""}],"twitter_card":"summary_large_image","twitter_misc":{"Gesch\u00e4tzte Lesezeit":"3\u00a0Minuten"},"schema":{"@context":"https:\/\/schema.org","@graph":[{"@type":"WebPage","@id":"https:\/\/alohasurfacademy.com\/de\/about-us\/","url":"https:\/\/alohasurfacademy.com\/de\/about-us\/","name":"Surfakademie Info - Aloha Surf Academy - The best surf school and surf camps in Fuerteventura - Corralejo","isPartOf":{"@id":"https:\/\/alohasurfacademy.com\/de\/#website"},"primaryImageOfPage":{"@id":"https:\/\/alohasurfacademy.com\/de\/about-us\/#primaryimage"},"image":{"@id":"https:\/\/alohasurfacademy.com\/de\/about-us\/#primaryimage"},"thumbnailUrl":"https:\/\/alohasurfacademy.com\/wp-content\/uploads\/\/magasine2-1024x681.jpg","datePublished":"2021-04-03T09:22:11+00:00","dateModified":"2024-01-31T17:49:18+00:00","breadcrumb":{"@id":"https:\/\/alohasurfacademy.com\/de\/about-us\/#breadcrumb"},"inLanguage":"de","potentialAction":[{"@type":"ReadAction","target":["https:\/\/alohasurfacademy.com\/de\/about-us\/"]}]},{"@type":"ImageObject","inLanguage":"de","@id":"https:\/\/alohasurfacademy.com\/de\/about-us\/#primaryimage","url":"https:\/\/alohasurfacademy.com\/wp-content\/uploads\/\/magasine2-1024x681.jpg","contentUrl":"https:\/\/alohasurfacademy.com\/wp-content\/uploads\/\/magasine2-1024x681.jpg"},{"@type":"BreadcrumbList","@id":"https:\/\/alohasurfacademy.com\/de\/about-us\/#breadcrumb","itemListElement":[{"@type":"ListItem","position":1,"name":"Home","item":"https:\/\/alohasurfacademy.com\/de\/"},{"@type":"ListItem","position":2,"name":"Surfakademie Info"}]},{"@type":"WebSite","@id":"https:\/\/alohasurfacademy.com\/de\/#website","url":"https:\/\/alohasurfacademy.com\/de\/","name":"Aloha Surf Academy - The best surf school and surf camps in Fuerteventura - Corralejo","description":"Surf School, Surf Camp, Surfing Class, Surf Course in Corralejo - Fuerteventura","potentialAction":[{"@type":"SearchAction","target":{"@type":"EntryPoint","urlTemplate":"https:\/\/alohasurfacademy.com\/de\/?s={search_term_string}"},"query-input":{"@type":"PropertyValueSpecification","valueRequired":true,"valueName":"search_term_string"}}],"inLanguage":"de"}]}},"_links":{"self":[{"href":"https:\/\/alohasurfacademy.com\/de\/wp-json\/wp\/v2\/pages\/263","targetHints":{"allow":["GET"]}}],"collection":[{"href":"https:\/\/alohasurfacademy.com\/de\/wp-json\/wp\/v2\/pages"}],"about":[{"href":"https:\/\/alohasurfacademy.com\/de\/wp-json\/wp\/v2\/types\/page"}],"author":[{"embeddable":true,"href":"https:\/\/alohasurfacademy.com\/de\/wp-json\/wp\/v2\/users\/2"}],"replies":[{"embeddable":true,"href":"https:\/\/alohasurfacademy.com\/de\/wp-json\/wp\/v2\/comments?post=263"}],"version-history":[{"count":33,"href":"https:\/\/alohasurfacademy.com\/de\/wp-json\/wp\/v2\/pages\/263\/revisions"}],"predecessor-version":[{"id":7655,"href":"https:\/\/alohasurfacademy.com\/de\/wp-json\/wp\/v2\/pages\/263\/revisions\/7655"}],"wp:attachment":[{"href":"https:\/\/alohasurfacademy.com\/de\/wp-json\/wp\/v2\/media?parent=263"}],"curies":[{"name":"wp","href":"https:\/\/api.w.org\/{rel}","templated":true}]}}