{"id":369,"date":"2021-04-03T10:22:28","date_gmt":"2021-04-03T09:22:28","guid":{"rendered":"http:\/\/www.alohasurfacademy.ch\/xyz\/?page_id=369"},"modified":"2024-09-11T13:30:49","modified_gmt":"2024-09-11T13:30:49","slug":"the-team","status":"publish","type":"page","link":"https:\/\/alohasurfacademy.com\/de\/about-us\/the-team\/","title":{"rendered":"Team Aloha"},"content":{"rendered":"<h1>Alex &#8211; Head Coach<\/h1>\n<p style=\"text-align: left;\"><strong><img loading=\"lazy\" decoding=\"async\" class=\"alignleft wp-image-5629 size-medium\" src=\"https:\/\/alohasurfacademy.com\/wp-content\/uploads\/\/aba4c68d-ebb4-4aa6-a688-4037fec0b243-246x300.jpg\" alt=\"\" width=\"246\" height=\"300\" srcset=\"https:\/\/alohasurfacademy.com\/wp-content\/uploads\/aba4c68d-ebb4-4aa6-a688-4037fec0b243-246x300.jpg 246w, https:\/\/alohasurfacademy.com\/wp-content\/uploads\/aba4c68d-ebb4-4aa6-a688-4037fec0b243-840x1024.jpg 840w, https:\/\/alohasurfacademy.com\/wp-content\/uploads\/aba4c68d-ebb4-4aa6-a688-4037fec0b243-768x937.jpg 768w, https:\/\/alohasurfacademy.com\/wp-content\/uploads\/aba4c68d-ebb4-4aa6-a688-4037fec0b243-1260x1536.jpg 1260w, https:\/\/alohasurfacademy.com\/wp-content\/uploads\/aba4c68d-ebb4-4aa6-a688-4037fec0b243.jpg 1312w\" sizes=\"(max-width: 246px) 100vw, 246px\" \/><\/strong>In 2006, landete ich auf Fuerteventura f\u00fcr einen Windsurf-Trip mit Freunden. Die Einfachheit der Insel, die Ruhe und der weitl\u00e4ufige Spielplatz f\u00fcr die Aus\u00fcbung des Wassersports haben mich erobert. Ich bin nie weggegangen!<\/p>\n<p>In Deutschland, war ich Schullehrerer, und habe Sportwissenschaften studiert. <strong>Ich bin dein Surflehrer an der Akademie<\/strong> und betreue dich methodisch, w\u00e4hrend ich meine Leidenschaft f\u00fcr das Surfen, das Meer und mein Wissen \u00fcber Sportern\u00e4hrung f\u00fcr Surfer teile.<\/p>\n<p>Neben der Liebe zum Meer habe ich eine Leidenschaft f\u00fcr <a href=\"https:\/\/alohasurfacademy.com\/de\/exklusiv-das-surf-und-permakulturpaket\/?lang=de\">Permakultur<\/a>! Meine neuesten Projekte sind die Schaffung einer landwirtschaftlichen Gemeinschaftsfarm im Norden von Fuerteventura und einen\u00a0 Aquaponik Fischzuchtteich! M\u00f6chtest du einen Blick auf meine Projekte und Abenteuer werfen: <a href=\"https:\/\/instagram.com\/alex2aloha?igshid=YmMyMTA2M2Y=\">A. H\u00fclsberg Permaculture<\/a><\/p>\n<h1 style=\"text-align: right;\">Sophie \u2013 Manager<\/h1>\n<p><img loading=\"lazy\" decoding=\"async\" class=\"wp-image-5630 size-medium alignright\" src=\"https:\/\/alohasurfacademy.com\/wp-content\/uploads\/\/567fb31e-9f76-4caf-bb5f-241551e61b27-274x300.jpg\" alt=\"\" width=\"274\" height=\"300\" srcset=\"https:\/\/alohasurfacademy.com\/wp-content\/uploads\/567fb31e-9f76-4caf-bb5f-241551e61b27-274x300.jpg 274w, https:\/\/alohasurfacademy.com\/wp-content\/uploads\/567fb31e-9f76-4caf-bb5f-241551e61b27-768x841.jpg 768w, https:\/\/alohasurfacademy.com\/wp-content\/uploads\/567fb31e-9f76-4caf-bb5f-241551e61b27.jpg 919w\" sizes=\"(max-width: 274px) 100vw, 274px\" \/><\/p>\n<p>Schweizerin \u2013 liebt die Hitze, das Meer &amp; den Insel-Lifestyle: in 2010 bin ich auf den Felsen im Atlantik ausgewandert. Dann ging die grosse Reise los: Start unserer Surf-Akademie, Hochzeit, Geburt unserer Tochter Nayra, Surftrips und viele Abenteuer. ..Ich habe auf der Insel wellenreiten, tauchen, SUP und &#8230; \u201eslow down\u201c gelernt.<\/p>\n<p>Au\u00dferdem hatte ich mitten in der Pandemie die hervorragende Gelegenheit, einen Segelkurs zu machen und eine Reiki-Heilung und indische Massageausbildung! Ich interessiere mich f\u00fcr Selbstentwicklung und bin immer in einige Coaching-Sitzungen involviert!<\/p>\n<p>Da mein \u201ealtes Leben\u201c ein Job beim IKRK hatte (Int. Komitee des Roten Kreuzes) war, habe ich mich nat\u00fcrlich als Volunt\u00e4r beim \u00f6rtlichen Roten Kreuz beworben.<\/p>\n<p><strong>Ich bin dein Ansprechpartner f\u00fcr deine Surfkursbuchung\/Surf trip<\/strong> in unserem Paradies sein \ud83d\ude0a Aloha<\/p>\n","protected":false},"excerpt":{"rendered":"<p>Alex &#8211; Head Coach In 2006, landete ich auf Fuerteventura f\u00fcr einen Windsurf-Trip mit Freunden. Die Einfachheit der Insel, die Ruhe und der weitl\u00e4ufige Spielplatz f\u00fcr die Aus\u00fcbung des Wassersports haben mich erobert. Ich bin nie weggegangen! In Deutschland, war ich Schullehrerer, und habe Sportwissenschaften studiert. Ich bin dein Surflehrer an der Akademie und betreue [&hellip;]<\/p>\n","protected":false},"author":2,"featured_media":0,"parent":263,"menu_order":0,"comment_status":"closed","ping_status":"closed","template":"","meta":{"footnotes":""},"class_list":["post-369","page","type-page","status-publish","hentry"],"yoast_head":"<!-- This site is optimized with the Yoast SEO plugin v27.5 - https:\/\/yoast.com\/product\/yoast-seo-wordpress\/ -->\n<title>Team Aloha - Aloha Surf Academy - The best surf school and surf camps in Fuerteventura - Corralejo<\/title>\n<meta name=\"robots\" content=\"index, follow, max-snippet:-1, max-image-preview:large, max-video-preview:-1\" \/>\n<link rel=\"canonical\" href=\"https:\/\/alohasurfacademy.com\/de\/about-us\/the-team\/\" \/>\n<meta property=\"og:locale\" content=\"de_DE\" \/>\n<meta property=\"og:type\" content=\"article\" \/>\n<meta property=\"og:title\" content=\"Team Aloha - Aloha Surf Academy - The best surf school and surf camps in Fuerteventura - Corralejo\" \/>\n<meta property=\"og:description\" content=\"Alex &#8211; Head Coach In 2006, landete ich auf Fuerteventura f\u00fcr einen Windsurf-Trip mit Freunden. Die Einfachheit der Insel, die Ruhe und der weitl\u00e4ufige Spielplatz f\u00fcr die Aus\u00fcbung des Wassersports haben mich erobert. Ich bin nie weggegangen! In Deutschland, war ich Schullehrerer, und habe Sportwissenschaften studiert. Ich bin dein Surflehrer an der Akademie und betreue [&hellip;]\" \/>\n<meta property=\"og:url\" content=\"https:\/\/alohasurfacademy.com\/de\/about-us\/the-team\/\" \/>\n<meta property=\"og:site_name\" content=\"Aloha Surf Academy - The best surf school and surf camps in Fuerteventura - Corralejo\" \/>\n<meta property=\"article:modified_time\" content=\"2024-09-11T13:30:49+00:00\" \/>\n<meta property=\"og:image\" content=\"https:\/\/alohasurfacademy.com\/wp-content\/uploads\/\/aba4c68d-ebb4-4aa6-a688-4037fec0b243-246x300.jpg\" \/>\n<meta name=\"twitter:card\" content=\"summary_large_image\" \/>\n<meta name=\"twitter:label1\" content=\"Gesch\u00e4tzte Lesezeit\" \/>\n\t<meta name=\"twitter:data1\" content=\"2\u00a0Minuten\" \/>\n<script type=\"application\/ld+json\" class=\"yoast-schema-graph\">{\"@context\":\"https:\\\/\\\/schema.org\",\"@graph\":[{\"@type\":\"WebPage\",\"@id\":\"https:\\\/\\\/alohasurfacademy.com\\\/de\\\/about-us\\\/the-team\\\/\",\"url\":\"https:\\\/\\\/alohasurfacademy.com\\\/de\\\/about-us\\\/the-team\\\/\",\"name\":\"Team Aloha - Aloha Surf Academy - The best surf school and surf camps in Fuerteventura - Corralejo\",\"isPartOf\":{\"@id\":\"https:\\\/\\\/alohasurfacademy.com\\\/de\\\/#website\"},\"primaryImageOfPage\":{\"@id\":\"https:\\\/\\\/alohasurfacademy.com\\\/de\\\/about-us\\\/the-team\\\/#primaryimage\"},\"image\":{\"@id\":\"https:\\\/\\\/alohasurfacademy.com\\\/de\\\/about-us\\\/the-team\\\/#primaryimage\"},\"thumbnailUrl\":\"https:\\\/\\\/alohasurfacademy.com\\\/wp-content\\\/uploads\\\/\\\/aba4c68d-ebb4-4aa6-a688-4037fec0b243-246x300.jpg\",\"datePublished\":\"2021-04-03T09:22:28+00:00\",\"dateModified\":\"2024-09-11T13:30:49+00:00\",\"breadcrumb\":{\"@id\":\"https:\\\/\\\/alohasurfacademy.com\\\/de\\\/about-us\\\/the-team\\\/#breadcrumb\"},\"inLanguage\":\"de\",\"potentialAction\":[{\"@type\":\"ReadAction\",\"target\":[\"https:\\\/\\\/alohasurfacademy.com\\\/de\\\/about-us\\\/the-team\\\/\"]}]},{\"@type\":\"ImageObject\",\"inLanguage\":\"de\",\"@id\":\"https:\\\/\\\/alohasurfacademy.com\\\/de\\\/about-us\\\/the-team\\\/#primaryimage\",\"url\":\"https:\\\/\\\/alohasurfacademy.com\\\/wp-content\\\/uploads\\\/\\\/aba4c68d-ebb4-4aa6-a688-4037fec0b243-246x300.jpg\",\"contentUrl\":\"https:\\\/\\\/alohasurfacademy.com\\\/wp-content\\\/uploads\\\/\\\/aba4c68d-ebb4-4aa6-a688-4037fec0b243-246x300.jpg\"},{\"@type\":\"BreadcrumbList\",\"@id\":\"https:\\\/\\\/alohasurfacademy.com\\\/de\\\/about-us\\\/the-team\\\/#breadcrumb\",\"itemListElement\":[{\"@type\":\"ListItem\",\"position\":1,\"name\":\"Home\",\"item\":\"https:\\\/\\\/alohasurfacademy.com\\\/de\\\/\"},{\"@type\":\"ListItem\",\"position\":2,\"name\":\"Surfakademie Info\",\"item\":\"https:\\\/\\\/alohasurfacademy.com\\\/de\\\/about-us\\\/\"},{\"@type\":\"ListItem\",\"position\":3,\"name\":\"Team Aloha\"}]},{\"@type\":\"WebSite\",\"@id\":\"https:\\\/\\\/alohasurfacademy.com\\\/de\\\/#website\",\"url\":\"https:\\\/\\\/alohasurfacademy.com\\\/de\\\/\",\"name\":\"Aloha Surf Academy - The best surf school and surf camps in Fuerteventura - Corralejo\",\"description\":\"Surf School, Surf Camp, Surfing Class, Surf Course in Corralejo - Fuerteventura\",\"potentialAction\":[{\"@type\":\"SearchAction\",\"target\":{\"@type\":\"EntryPoint\",\"urlTemplate\":\"https:\\\/\\\/alohasurfacademy.com\\\/de\\\/?s={search_term_string}\"},\"query-input\":{\"@type\":\"PropertyValueSpecification\",\"valueRequired\":true,\"valueName\":\"search_term_string\"}}],\"inLanguage\":\"de\"}]}<\/script>\n<!-- \/ Yoast SEO plugin. -->","yoast_head_json":{"title":"Team Aloha - Aloha Surf Academy - The best surf school and surf camps in Fuerteventura - Corralejo","robots":{"index":"index","follow":"follow","max-snippet":"max-snippet:-1","max-image-preview":"max-image-preview:large","max-video-preview":"max-video-preview:-1"},"canonical":"https:\/\/alohasurfacademy.com\/de\/about-us\/the-team\/","og_locale":"de_DE","og_type":"article","og_title":"Team Aloha - Aloha Surf Academy - The best surf school and surf camps in Fuerteventura - Corralejo","og_description":"Alex &#8211; Head Coach In 2006, landete ich auf Fuerteventura f\u00fcr einen Windsurf-Trip mit Freunden. Die Einfachheit der Insel, die Ruhe und der weitl\u00e4ufige Spielplatz f\u00fcr die Aus\u00fcbung des Wassersports haben mich erobert. Ich bin nie weggegangen! In Deutschland, war ich Schullehrerer, und habe Sportwissenschaften studiert. Ich bin dein Surflehrer an der Akademie und betreue [&hellip;]","og_url":"https:\/\/alohasurfacademy.com\/de\/about-us\/the-team\/","og_site_name":"Aloha Surf Academy - The best surf school and surf camps in Fuerteventura - Corralejo","article_modified_time":"2024-09-11T13:30:49+00:00","og_image":[{"url":"https:\/\/alohasurfacademy.com\/wp-content\/uploads\/\/aba4c68d-ebb4-4aa6-a688-4037fec0b243-246x300.jpg","type":"","width":"","height":""}],"twitter_card":"summary_large_image","twitter_misc":{"Gesch\u00e4tzte Lesezeit":"2\u00a0Minuten"},"schema":{"@context":"https:\/\/schema.org","@graph":[{"@type":"WebPage","@id":"https:\/\/alohasurfacademy.com\/de\/about-us\/the-team\/","url":"https:\/\/alohasurfacademy.com\/de\/about-us\/the-team\/","name":"Team Aloha - Aloha Surf Academy - The best surf school and surf camps in Fuerteventura - Corralejo","isPartOf":{"@id":"https:\/\/alohasurfacademy.com\/de\/#website"},"primaryImageOfPage":{"@id":"https:\/\/alohasurfacademy.com\/de\/about-us\/the-team\/#primaryimage"},"image":{"@id":"https:\/\/alohasurfacademy.com\/de\/about-us\/the-team\/#primaryimage"},"thumbnailUrl":"https:\/\/alohasurfacademy.com\/wp-content\/uploads\/\/aba4c68d-ebb4-4aa6-a688-4037fec0b243-246x300.jpg","datePublished":"2021-04-03T09:22:28+00:00","dateModified":"2024-09-11T13:30:49+00:00","breadcrumb":{"@id":"https:\/\/alohasurfacademy.com\/de\/about-us\/the-team\/#breadcrumb"},"inLanguage":"de","potentialAction":[{"@type":"ReadAction","target":["https:\/\/alohasurfacademy.com\/de\/about-us\/the-team\/"]}]},{"@type":"ImageObject","inLanguage":"de","@id":"https:\/\/alohasurfacademy.com\/de\/about-us\/the-team\/#primaryimage","url":"https:\/\/alohasurfacademy.com\/wp-content\/uploads\/\/aba4c68d-ebb4-4aa6-a688-4037fec0b243-246x300.jpg","contentUrl":"https:\/\/alohasurfacademy.com\/wp-content\/uploads\/\/aba4c68d-ebb4-4aa6-a688-4037fec0b243-246x300.jpg"},{"@type":"BreadcrumbList","@id":"https:\/\/alohasurfacademy.com\/de\/about-us\/the-team\/#breadcrumb","itemListElement":[{"@type":"ListItem","position":1,"name":"Home","item":"https:\/\/alohasurfacademy.com\/de\/"},{"@type":"ListItem","position":2,"name":"Surfakademie Info","item":"https:\/\/alohasurfacademy.com\/de\/about-us\/"},{"@type":"ListItem","position":3,"name":"Team Aloha"}]},{"@type":"WebSite","@id":"https:\/\/alohasurfacademy.com\/de\/#website","url":"https:\/\/alohasurfacademy.com\/de\/","name":"Aloha Surf Academy - The best surf school and surf camps in Fuerteventura - Corralejo","description":"Surf School, Surf Camp, Surfing Class, Surf Course in Corralejo - Fuerteventura","potentialAction":[{"@type":"SearchAction","target":{"@type":"EntryPoint","urlTemplate":"https:\/\/alohasurfacademy.com\/de\/?s={search_term_string}"},"query-input":{"@type":"PropertyValueSpecification","valueRequired":true,"valueName":"search_term_string"}}],"inLanguage":"de"}]}},"_links":{"self":[{"href":"https:\/\/alohasurfacademy.com\/de\/wp-json\/wp\/v2\/pages\/369","targetHints":{"allow":["GET"]}}],"collection":[{"href":"https:\/\/alohasurfacademy.com\/de\/wp-json\/wp\/v2\/pages"}],"about":[{"href":"https:\/\/alohasurfacademy.com\/de\/wp-json\/wp\/v2\/types\/page"}],"author":[{"embeddable":true,"href":"https:\/\/alohasurfacademy.com\/de\/wp-json\/wp\/v2\/users\/2"}],"replies":[{"embeddable":true,"href":"https:\/\/alohasurfacademy.com\/de\/wp-json\/wp\/v2\/comments?post=369"}],"version-history":[{"count":71,"href":"https:\/\/alohasurfacademy.com\/de\/wp-json\/wp\/v2\/pages\/369\/revisions"}],"predecessor-version":[{"id":9154,"href":"https:\/\/alohasurfacademy.com\/de\/wp-json\/wp\/v2\/pages\/369\/revisions\/9154"}],"up":[{"embeddable":true,"href":"https:\/\/alohasurfacademy.com\/de\/wp-json\/wp\/v2\/pages\/263"}],"wp:attachment":[{"href":"https:\/\/alohasurfacademy.com\/de\/wp-json\/wp\/v2\/media?parent=369"}],"curies":[{"name":"wp","href":"https:\/\/api.w.org\/{rel}","templated":true}]}}