{"id":375,"date":"2021-04-03T20:11:17","date_gmt":"2021-04-03T19:11:17","guid":{"rendered":"http:\/\/www.alohasurfacademy.ch\/xyz\/?page_id=375"},"modified":"2025-11-17T14:59:04","modified_gmt":"2025-11-17T14:59:04","slug":"unterkunfte","status":"publish","type":"page","link":"https:\/\/alohasurfacademy.com\/de\/unterkunfte\/","title":{"rendered":"Surfcamp &#8211; Unterk\u00fcnfte"},"content":{"rendered":"<h2 style=\"text-align: left;\">Apartment ? Surf Camps ? Hotel ? in Corralejo \/ Lajares ?&#8230;.<\/h2>\n<p style=\"text-align: justify;\">&#8230;Es gibt in und rund um Corralejo (Fuerteventura, Kanarische Insel) eine riesen Auswahl an <strong>Surfcamps<\/strong>, <strong>Apartments <\/strong>und <strong>Hotels, <\/strong>welche f\u00fcr einen angenehmen Aufenthalt sorgen! Schreiben Sie\u00a0uns!<\/p>\n<h3>#Apartment &#8211; am Surfspot!<\/h3>\n<p>Ein Traum wird wahr ! Wir k\u00f6nnen Ihnen anbieten, direkt vor dem bekannten Surfspot von Corralejo \u201eRocky Point\u201c zu schlafen.<img loading=\"lazy\" decoding=\"async\" class=\"alignnone wp-image-5220 size-medium\" src=\"https:\/\/alohasurfacademy.com\/wp-content\/uploads\/\/213625872-300x200.jpg\" alt=\"\" width=\"300\" height=\"200\" srcset=\"https:\/\/alohasurfacademy.com\/wp-content\/uploads\/213625872-300x200.jpg 300w, https:\/\/alohasurfacademy.com\/wp-content\/uploads\/213625872-1024x682.jpg 1024w, https:\/\/alohasurfacademy.com\/wp-content\/uploads\/213625872-768x512.jpg 768w, https:\/\/alohasurfacademy.com\/wp-content\/uploads\/213625872.jpg 1280w\" sizes=\"(max-width: 300px) 100vw, 300px\" \/><img loading=\"lazy\" decoding=\"async\" class=\"alignnone wp-image-5219 size-medium\" src=\"https:\/\/alohasurfacademy.com\/wp-content\/uploads\/\/210257419-200x300.jpg\" alt=\"\" width=\"200\" height=\"300\" srcset=\"https:\/\/alohasurfacademy.com\/wp-content\/uploads\/210257419-200x300.jpg 200w, https:\/\/alohasurfacademy.com\/wp-content\/uploads\/210257419.jpg 600w\" sizes=\"(max-width: 200px) 100vw, 200px\" \/><img loading=\"lazy\" decoding=\"async\" class=\"alignnone wp-image-5221 size-medium\" src=\"https:\/\/alohasurfacademy.com\/wp-content\/uploads\/\/210257195-300x163.jpg\" alt=\"\" width=\"300\" height=\"163\" srcset=\"https:\/\/alohasurfacademy.com\/wp-content\/uploads\/210257195-300x163.jpg 300w, https:\/\/alohasurfacademy.com\/wp-content\/uploads\/210257195-1024x558.jpg 1024w, https:\/\/alohasurfacademy.com\/wp-content\/uploads\/210257195-768x418.jpg 768w, https:\/\/alohasurfacademy.com\/wp-content\/uploads\/210257195.jpg 1280w\" sizes=\"(max-width: 300px) 100vw, 300px\" \/><\/p>\n<p>~ Sie beginnen den Tag mit einem Sonnenaufgang und einem Fr\u00fchst\u00fcck mit atemberaubender Aussicht und beenden den Tag mit einem Cocktail neben dem Pool der Residenz! Teilen Sie Ihre Reisedaten mit und wir pr\u00fcfen den Preis und die Verf\u00fcgbarkeit f\u00fcr Sie!<\/p>\n<h3>#LA COMETA &#8211; Surfcamp Corralejo<\/h3>\n<p><a href=\"http:\/\/www.alohasurfacademy.ch\/wp-content\/uploads\/round-house-31.jpg\"><img loading=\"lazy\" decoding=\"async\" class=\"alignnone wp-image-5225 size-medium\" src=\"https:\/\/alohasurfacademy.com\/wp-content\/uploads\/\/sin-titulo-0062-300x169.jpg\" alt=\"\" width=\"300\" height=\"169\" srcset=\"https:\/\/alohasurfacademy.com\/wp-content\/uploads\/sin-titulo-0062-300x169.jpg 300w, https:\/\/alohasurfacademy.com\/wp-content\/uploads\/sin-titulo-0062-1024x575.jpg 1024w, https:\/\/alohasurfacademy.com\/wp-content\/uploads\/sin-titulo-0062-768x432.jpg 768w, https:\/\/alohasurfacademy.com\/wp-content\/uploads\/sin-titulo-0062-1536x863.jpg 1536w, https:\/\/alohasurfacademy.com\/wp-content\/uploads\/sin-titulo-0062-2048x1151.jpg 2048w\" sizes=\"(max-width: 300px) 100vw, 300px\" \/> <\/a><a href=\"http:\/\/www.alohasurfacademy.ch\/wp-content\/uploads\/round-house-31.jpg\"><img loading=\"lazy\" decoding=\"async\" class=\"alignnone wp-image-7459 size-large\" src=\"https:\/\/alohasurfacademy.com\/wp-content\/uploads\/\/IMG_4068-2-1024x683.jpg\" alt=\"\" width=\"606\" height=\"404\" srcset=\"https:\/\/alohasurfacademy.com\/wp-content\/uploads\/IMG_4068-2-1024x683.jpg 1024w, https:\/\/alohasurfacademy.com\/wp-content\/uploads\/IMG_4068-2-300x200.jpg 300w, https:\/\/alohasurfacademy.com\/wp-content\/uploads\/IMG_4068-2-768x512.jpg 768w, https:\/\/alohasurfacademy.com\/wp-content\/uploads\/IMG_4068-2-1536x1025.jpg 1536w, https:\/\/alohasurfacademy.com\/wp-content\/uploads\/IMG_4068-2-2048x1366.jpg 2048w\" sizes=\"(max-width: 606px) 100vw, 606px\" \/><\/a><\/p>\n<p>Einfach das <strong>sch\u00f6nste Surfhouse<\/strong> in Corralejo ! Es hat einen <strong>wundersch\u00f6nen Garten<\/strong> und ist liebevoll eingerichtet La Cometa Surf House liegt <strong>unweit vom Meer<\/strong> und dem Surfspot Rocky Point. Ganz in der N\u00e4he befinden sich <strong>Kaffees<\/strong>, eine <strong>B\u00e4ckerei<\/strong>, <strong>Supermarkt<\/strong>, <strong>Gesch\u00e4fte<\/strong> und Restaurants!<\/p>\n<p>Es hat 3 Schlafzimmer, 2 Mehrbettzimmer mit 2-3 Einzelbetten, 3 Schlafzimmer in Bungalow im Garten und 4 Badezimmer. (Max 15 Guests). Manche Zimmer haben sogar Meerblick .Alles ist eingerichtet f\u00e8r deinen tollen Aufenthalt, eine grosse K\u00fcche, ein ger\u00e4umiger Garten zum Sonnenbaden und mit einem grossen gemauerten Grill. <strong>Mach dich bereit f\u00fcr Unvergesslich Urlaubsmomente<\/strong>. Fee Wifi. Fotos\u00a0<a href=\"https:\/\/www.facebook.com\/media\/set\/?vanity=sophie83&amp;set=a.10161298767139430\">hier\u00a0<\/a>!<\/p>\n<p><strong>Schl\u00fcsselw\u00f6rter <\/strong>#liebevoll eingerichtet \u00a0# sch\u00f6ner Garten # eine Stra\u00dfe vom Meer entfernt # erschwingliche Privatzimmer bei Einzelbelegung # famili\u00e4re Atmosph\u00e4re # amerikanische K\u00fcche<\/p>\n<p><strong>Preis:<\/strong><br \/>\nSchlafs\u00e4le (2 oder 3 Betten): ab 22 Euros<br \/>\nBungalow und Doppelzimmer : ab 55 Euro pro Zimmer (oder ab 42 euro 1 Gast).<\/p>\n<p>Wahlweise Fr\u00fchst\u00fcck, Mittagessen in der N\u00e4he.<\/p>\n<p>&nbsp;<\/p>\n<p><img loading=\"lazy\" decoding=\"async\" class=\"alignnone size-thumbnail wp-image-7465\" src=\"https:\/\/alohasurfacademy.com\/wp-content\/uploads\/\/cacf5b12-d365-4538-8837-8e2bdb993593-150x150.jpg\" alt=\"\" width=\"150\" height=\"150\" \/> \u00a0\u00a0 <img loading=\"lazy\" decoding=\"async\" class=\"alignnone size-thumbnail wp-image-7461\" src=\"https:\/\/alohasurfacademy.com\/wp-content\/uploads\/\/c6b623a1-753f-4507-adce-9c96b7873afa-150x150.jpg\" alt=\"\" width=\"150\" height=\"150\" \/>\u00a0 \u00a0 \u00a0 <img loading=\"lazy\" decoding=\"async\" class=\"alignnone size-thumbnail wp-image-7469\" src=\"https:\/\/alohasurfacademy.com\/wp-content\/uploads\/\/IMG_4080-150x150.jpg\" alt=\"\" width=\"150\" height=\"150\" \/><\/p>\n<h3>#Surf Riders &#8211; Surfcamp Corralejo<\/h3>\n<p><a href=\"https:\/\/alohasurfacademy.com\/wp-content\/uploads\/\/42716405-300x200.jpg\"><img loading=\"lazy\" decoding=\"async\" class=\"alignnone size-medium wp-image-2204\" src=\"https:\/\/alohasurfacademy.com\/wp-content\/uploads\/\/42716405-300x200.jpg\" alt=\"42716405\" width=\"300\" height=\"200\" srcset=\"https:\/\/alohasurfacademy.com\/wp-content\/uploads\/42716405-300x200.jpg 300w, https:\/\/alohasurfacademy.com\/wp-content\/uploads\/42716405.jpg 1024w\" sizes=\"(max-width: 300px) 100vw, 300px\" \/><\/a><img loading=\"lazy\" decoding=\"async\" class=\"alignnone wp-image-4685 size-medium\" src=\"https:\/\/www.alohasurfacademy.ch\/wp-content\/uploads\/cd73932c-2321-4ce1-ab89-6286f52647de-300x300.jpg\" alt=\"\" width=\"300\" height=\"300\" srcset=\"https:\/\/alohasurfacademy.com\/wp-content\/uploads\/cd73932c-2321-4ce1-ab89-6286f52647de-300x300.jpg 300w, https:\/\/alohasurfacademy.com\/wp-content\/uploads\/cd73932c-2321-4ce1-ab89-6286f52647de-150x150.jpg 150w, https:\/\/alohasurfacademy.com\/wp-content\/uploads\/cd73932c-2321-4ce1-ab89-6286f52647de-1024x1024.jpg 1024w, https:\/\/alohasurfacademy.com\/wp-content\/uploads\/cd73932c-2321-4ce1-ab89-6286f52647de.jpg 1080w\" sizes=\"(max-width: 300px) 100vw, 300px\" \/><br \/>\nSurf Riders Hostel ist das coolste Surfcamp von Corralejo! Es hat mehrere Terrassen f\u00fcr den &#8218;After Surf Chill out&#8216; &amp; after surf yoga, einen Pool zum Entspannen, einen Aufenthaltsraum mit Internet &#8211; Musik &#8211; DVD, und jede Woche gibt es 2 Abendessen, insbesondere der ber\u00fchmte Freitag Grillabend mit &#8222;all you can eat and drink\u201c!<\/p>\n<p>Das Hostel ist nur wenige Gehminuten entfernt von der Bucht von Corralejo, Superm\u00e4rkten, Bars und Restaurants.\u00a0Wir holen Sie an der Haust\u00fcre ab und fahren Sie bis an den Strand f\u00fcr Ihren Surfkurs oder Surfari! Das Surfcamp verf\u00fcgt \u00fcber eine Garage zur Lagerung Ihres Surfequipments und zum Aufh\u00e4ngen der Neoprenanz\u00fcge. Sie k\u00f6nnen Surfboards, Mountainbikes und Skateboards ausleihen. Fotos <a href=\"https:\/\/www.facebook.com\/media\/set\/?set=a.1050516865008514&amp;type=3\">hier <\/a>!<\/p>\n<p><strong>Schl\u00fcsselw\u00f6rter:<\/strong> # internationale Atmosph\u00e4re # ganzj\u00e4hriges Schwimmbad #inkl. kontinentales Fr\u00fchst\u00fcck #Skate Park in der Nachbarschaft # Personal Entertainment (Abendessen\/Grillen\/Party) #t\u00e4gl. Reinigung #yoga<\/p>\n<p><strong>Preise<\/strong><br \/>\nDouble Room mit geteilten Bad ab 55 euros, inklusive Fr\u00fchst\u00fcck.<br \/>\nDouble Room mit eigenem Bad ab 60 Euro, inklusive Fr\u00fchst\u00fcck.<br \/>\nSuperior Double Room mit privater Balkon (privates Badezimmer in Zimmer) ab 62 Euro, inklusive Fr\u00fchst\u00fcck<\/p>\n<p><em>Hinweis: Bettlaken und Handt\u00fccher werden bereitgestellt\u00a0<\/em><\/p>\n<p>&nbsp;<\/p>\n","protected":false},"excerpt":{"rendered":"<p>Apartment ? Surf Camps ? Hotel ? in Corralejo \/ Lajares ?&#8230;. &#8230;Es gibt in und rund um Corralejo (Fuerteventura, Kanarische Insel) eine riesen Auswahl an Surfcamps, Apartments und Hotels, welche f\u00fcr einen angenehmen Aufenthalt sorgen! Schreiben Sie\u00a0uns! #Apartment &#8211; am Surfspot! Ein Traum wird wahr ! Wir k\u00f6nnen Ihnen anbieten, direkt vor dem bekannten [&hellip;]<\/p>\n","protected":false},"author":2,"featured_media":0,"parent":0,"menu_order":0,"comment_status":"closed","ping_status":"closed","template":"","meta":{"footnotes":""},"class_list":["post-375","page","type-page","status-publish","hentry"],"yoast_head":"<!-- This site is optimized with the Yoast SEO plugin v27.5 - https:\/\/yoast.com\/product\/yoast-seo-wordpress\/ -->\n<title>Surfcamp - Unterk\u00fcnfte - Aloha Surf Academy - The best surf school and surf camps in Fuerteventura - Corralejo<\/title>\n<meta name=\"description\" content=\"Suchen Sie nach der richtigen Unterkunft in Corralejo? Schauen Sie sich das Surfhaus, das Surfcamp und die Apartments an\" \/>\n<meta name=\"robots\" content=\"index, follow, max-snippet:-1, max-image-preview:large, max-video-preview:-1\" \/>\n<link rel=\"canonical\" href=\"https:\/\/alohasurfacademy.com\/de\/unterkunfte\/\" \/>\n<meta property=\"og:locale\" content=\"de_DE\" \/>\n<meta property=\"og:type\" content=\"article\" \/>\n<meta property=\"og:title\" content=\"Surfcamp - Unterk\u00fcnfte - Aloha Surf Academy - The best surf school and surf camps in Fuerteventura - Corralejo\" \/>\n<meta property=\"og:description\" content=\"Suchen Sie nach der richtigen Unterkunft in Corralejo? Schauen Sie sich das Surfhaus, das Surfcamp und die Apartments an\" \/>\n<meta property=\"og:url\" content=\"https:\/\/alohasurfacademy.com\/de\/unterkunfte\/\" \/>\n<meta property=\"og:site_name\" content=\"Aloha Surf Academy - The best surf school and surf camps in Fuerteventura - Corralejo\" \/>\n<meta property=\"article:modified_time\" content=\"2025-11-17T14:59:04+00:00\" \/>\n<meta property=\"og:image\" content=\"https:\/\/alohasurfacademy.com\/wp-content\/uploads\/213625872.jpg\" \/>\n\t<meta property=\"og:image:width\" content=\"1280\" \/>\n\t<meta property=\"og:image:height\" content=\"853\" \/>\n\t<meta property=\"og:image:type\" content=\"image\/jpeg\" \/>\n<meta name=\"twitter:card\" content=\"summary_large_image\" \/>\n<meta name=\"twitter:label1\" content=\"Gesch\u00e4tzte Lesezeit\" \/>\n\t<meta name=\"twitter:data1\" content=\"4\u00a0Minuten\" \/>\n<script type=\"application\/ld+json\" class=\"yoast-schema-graph\">{\"@context\":\"https:\\\/\\\/schema.org\",\"@graph\":[{\"@type\":\"WebPage\",\"@id\":\"https:\\\/\\\/alohasurfacademy.com\\\/de\\\/unterkunfte\\\/\",\"url\":\"https:\\\/\\\/alohasurfacademy.com\\\/de\\\/unterkunfte\\\/\",\"name\":\"Surfcamp - Unterk\u00fcnfte - Aloha Surf Academy - The best surf school and surf camps in Fuerteventura - Corralejo\",\"isPartOf\":{\"@id\":\"https:\\\/\\\/alohasurfacademy.com\\\/de\\\/#website\"},\"primaryImageOfPage\":{\"@id\":\"https:\\\/\\\/alohasurfacademy.com\\\/de\\\/unterkunfte\\\/#primaryimage\"},\"image\":{\"@id\":\"https:\\\/\\\/alohasurfacademy.com\\\/de\\\/unterkunfte\\\/#primaryimage\"},\"thumbnailUrl\":\"https:\\\/\\\/alohasurfacademy.com\\\/wp-content\\\/uploads\\\/\\\/213625872-300x200.jpg\",\"datePublished\":\"2021-04-03T19:11:17+00:00\",\"dateModified\":\"2025-11-17T14:59:04+00:00\",\"description\":\"Suchen Sie nach der richtigen Unterkunft in Corralejo? Schauen Sie sich das Surfhaus, das Surfcamp und die Apartments an\",\"breadcrumb\":{\"@id\":\"https:\\\/\\\/alohasurfacademy.com\\\/de\\\/unterkunfte\\\/#breadcrumb\"},\"inLanguage\":\"de\",\"potentialAction\":[{\"@type\":\"ReadAction\",\"target\":[\"https:\\\/\\\/alohasurfacademy.com\\\/de\\\/unterkunfte\\\/\"]}]},{\"@type\":\"ImageObject\",\"inLanguage\":\"de\",\"@id\":\"https:\\\/\\\/alohasurfacademy.com\\\/de\\\/unterkunfte\\\/#primaryimage\",\"url\":\"https:\\\/\\\/alohasurfacademy.com\\\/wp-content\\\/uploads\\\/\\\/213625872-300x200.jpg\",\"contentUrl\":\"https:\\\/\\\/alohasurfacademy.com\\\/wp-content\\\/uploads\\\/\\\/213625872-300x200.jpg\"},{\"@type\":\"BreadcrumbList\",\"@id\":\"https:\\\/\\\/alohasurfacademy.com\\\/de\\\/unterkunfte\\\/#breadcrumb\",\"itemListElement\":[{\"@type\":\"ListItem\",\"position\":1,\"name\":\"Home\",\"item\":\"https:\\\/\\\/alohasurfacademy.com\\\/de\\\/\"},{\"@type\":\"ListItem\",\"position\":2,\"name\":\"Surfcamp &#8211; Unterk\u00fcnfte\"}]},{\"@type\":\"WebSite\",\"@id\":\"https:\\\/\\\/alohasurfacademy.com\\\/de\\\/#website\",\"url\":\"https:\\\/\\\/alohasurfacademy.com\\\/de\\\/\",\"name\":\"Aloha Surf Academy - The best surf school and surf camps in Fuerteventura - Corralejo\",\"description\":\"Surf School, Surf Camp, Surfing Class, Surf Course in Corralejo - Fuerteventura\",\"potentialAction\":[{\"@type\":\"SearchAction\",\"target\":{\"@type\":\"EntryPoint\",\"urlTemplate\":\"https:\\\/\\\/alohasurfacademy.com\\\/de\\\/?s={search_term_string}\"},\"query-input\":{\"@type\":\"PropertyValueSpecification\",\"valueRequired\":true,\"valueName\":\"search_term_string\"}}],\"inLanguage\":\"de\"}]}<\/script>\n<!-- \/ Yoast SEO plugin. -->","yoast_head_json":{"title":"Surfcamp - Unterk\u00fcnfte - Aloha Surf Academy - The best surf school and surf camps in Fuerteventura - Corralejo","description":"Suchen Sie nach der richtigen Unterkunft in Corralejo? Schauen Sie sich das Surfhaus, das Surfcamp und die Apartments an","robots":{"index":"index","follow":"follow","max-snippet":"max-snippet:-1","max-image-preview":"max-image-preview:large","max-video-preview":"max-video-preview:-1"},"canonical":"https:\/\/alohasurfacademy.com\/de\/unterkunfte\/","og_locale":"de_DE","og_type":"article","og_title":"Surfcamp - Unterk\u00fcnfte - Aloha Surf Academy - The best surf school and surf camps in Fuerteventura - Corralejo","og_description":"Suchen Sie nach der richtigen Unterkunft in Corralejo? Schauen Sie sich das Surfhaus, das Surfcamp und die Apartments an","og_url":"https:\/\/alohasurfacademy.com\/de\/unterkunfte\/","og_site_name":"Aloha Surf Academy - The best surf school and surf camps in Fuerteventura - Corralejo","article_modified_time":"2025-11-17T14:59:04+00:00","og_image":[{"width":1280,"height":853,"url":"https:\/\/alohasurfacademy.com\/wp-content\/uploads\/213625872.jpg","type":"image\/jpeg"}],"twitter_card":"summary_large_image","twitter_misc":{"Gesch\u00e4tzte Lesezeit":"4\u00a0Minuten"},"schema":{"@context":"https:\/\/schema.org","@graph":[{"@type":"WebPage","@id":"https:\/\/alohasurfacademy.com\/de\/unterkunfte\/","url":"https:\/\/alohasurfacademy.com\/de\/unterkunfte\/","name":"Surfcamp - Unterk\u00fcnfte - Aloha Surf Academy - The best surf school and surf camps in Fuerteventura - Corralejo","isPartOf":{"@id":"https:\/\/alohasurfacademy.com\/de\/#website"},"primaryImageOfPage":{"@id":"https:\/\/alohasurfacademy.com\/de\/unterkunfte\/#primaryimage"},"image":{"@id":"https:\/\/alohasurfacademy.com\/de\/unterkunfte\/#primaryimage"},"thumbnailUrl":"https:\/\/alohasurfacademy.com\/wp-content\/uploads\/\/213625872-300x200.jpg","datePublished":"2021-04-03T19:11:17+00:00","dateModified":"2025-11-17T14:59:04+00:00","description":"Suchen Sie nach der richtigen Unterkunft in Corralejo? Schauen Sie sich das Surfhaus, das Surfcamp und die Apartments an","breadcrumb":{"@id":"https:\/\/alohasurfacademy.com\/de\/unterkunfte\/#breadcrumb"},"inLanguage":"de","potentialAction":[{"@type":"ReadAction","target":["https:\/\/alohasurfacademy.com\/de\/unterkunfte\/"]}]},{"@type":"ImageObject","inLanguage":"de","@id":"https:\/\/alohasurfacademy.com\/de\/unterkunfte\/#primaryimage","url":"https:\/\/alohasurfacademy.com\/wp-content\/uploads\/\/213625872-300x200.jpg","contentUrl":"https:\/\/alohasurfacademy.com\/wp-content\/uploads\/\/213625872-300x200.jpg"},{"@type":"BreadcrumbList","@id":"https:\/\/alohasurfacademy.com\/de\/unterkunfte\/#breadcrumb","itemListElement":[{"@type":"ListItem","position":1,"name":"Home","item":"https:\/\/alohasurfacademy.com\/de\/"},{"@type":"ListItem","position":2,"name":"Surfcamp &#8211; Unterk\u00fcnfte"}]},{"@type":"WebSite","@id":"https:\/\/alohasurfacademy.com\/de\/#website","url":"https:\/\/alohasurfacademy.com\/de\/","name":"Aloha Surf Academy - The best surf school and surf camps in Fuerteventura - Corralejo","description":"Surf School, Surf Camp, Surfing Class, Surf Course in Corralejo - Fuerteventura","potentialAction":[{"@type":"SearchAction","target":{"@type":"EntryPoint","urlTemplate":"https:\/\/alohasurfacademy.com\/de\/?s={search_term_string}"},"query-input":{"@type":"PropertyValueSpecification","valueRequired":true,"valueName":"search_term_string"}}],"inLanguage":"de"}]}},"_links":{"self":[{"href":"https:\/\/alohasurfacademy.com\/de\/wp-json\/wp\/v2\/pages\/375","targetHints":{"allow":["GET"]}}],"collection":[{"href":"https:\/\/alohasurfacademy.com\/de\/wp-json\/wp\/v2\/pages"}],"about":[{"href":"https:\/\/alohasurfacademy.com\/de\/wp-json\/wp\/v2\/types\/page"}],"author":[{"embeddable":true,"href":"https:\/\/alohasurfacademy.com\/de\/wp-json\/wp\/v2\/users\/2"}],"replies":[{"embeddable":true,"href":"https:\/\/alohasurfacademy.com\/de\/wp-json\/wp\/v2\/comments?post=375"}],"version-history":[{"count":50,"href":"https:\/\/alohasurfacademy.com\/de\/wp-json\/wp\/v2\/pages\/375\/revisions"}],"predecessor-version":[{"id":9497,"href":"https:\/\/alohasurfacademy.com\/de\/wp-json\/wp\/v2\/pages\/375\/revisions\/9497"}],"wp:attachment":[{"href":"https:\/\/alohasurfacademy.com\/de\/wp-json\/wp\/v2\/media?parent=375"}],"curies":[{"name":"wp","href":"https:\/\/api.w.org\/{rel}","templated":true}]}}