{"id":381,"date":"2021-04-03T20:12:47","date_gmt":"2021-04-03T19:12:47","guid":{"rendered":"http:\/\/www.alohasurfacademy.ch\/xyz\/?page_id=381"},"modified":"2021-04-04T22:42:35","modified_gmt":"2021-04-04T21:42:35","slug":"surf-camps","status":"publish","type":"page","link":"https:\/\/alohasurfacademy.com\/de\/unterkunfte\/surf-camps\/","title":{"rendered":"Surf Camps"},"content":{"rendered":"<h3>Billabong Surf camp  am Waikiki Strand <\/h3>\n<p style=\"text-align: center;\"><img decoding=\"async\" class=\"size-large wp-image-752 aligncenter\" title=\"las-gaviotas\" src=\"\/wp-content\/uploads\/new\/billabong.jpg\" alt=\"\" width=\"600\" \/><\/p>\n<p style=\"text-align: justify;\">Dieses Surf Haus ist das einzige Surfcamp in Corralejo direkt am Meer, am Waikiki Strand! Sie k\u00f6nnen einen Garten mit Blick aufs Meer und die Surfspots von Waikiki, Lobos und Punta Elena genie\u00dfen. Im Garten gibt es viele Liegest\u00fchle und H\u00e4ngematten zwischen den Palmen zum Entspannen. Zudem gibt es einen Grill f\u00fcr BBQs!  Es gibt 2 Personen Suites mit 2 Doppelbetten, eigenem Bad und einem atemberaubenden Blick aufs Meer. Der Rest des Hauses verf\u00fcgt \u00fcber 2 Bunk Zimmer, mit 6 Betten, beide sind mit eigenem Bad ausgestattet! Zudem gibt es eine voll ausgestattete K\u00fcche und eine Lounge, die \u00fcber TV mit internationalen Kan\u00e4len, Play Station, HiFi-Anlage und WIFI verf\u00fcgt. Das freundliche und erfahrene Personal wird Ihnen zur Seite stehen und all die Informationen geben, die Sie brauchen, um Ihren Aufenthalt so angenehm wie m\u00f6glich zu gestalten. <\/p>\n<p style=\"text-align: justify;\">Preise Gemeinsame Bunk Zimmer : 22 euros pro Person<br \/>\nPreise Doppelzimmer Suite mit 2 Doppelbetten : 30 euros pro Person<br \/>\nPreise Appartement f\u00fcr 2 Personen : 100 euros pro Nacht<br \/>\n<em> Bettw\u00e4sche und Handt\u00fccher inklusive, T\u00e4gliche Reinigung, Die Lagerung von Surfbrettern und Neoprenanz\u00fcgen ist m\u00f6glich<\/em><\/p>\n<h3>The Round House &#8211; surf camp<\/h3>\n<p style=\"text-align: justify;\"><img decoding=\"async\" class=\"size-large wp-image-757 aligncenter\" title=\"surf-house\" src=\"\/wp-content\/uploads\/new\/surf-house.jpg\" alt=\"\" width=\"600\" \/><\/p>\n<p style=\"text-align: justify;\">Das Surfhaus liegt unweit vom Surfspot Rocky Point, in Corralejo. Es ist ein &#8222;Hostel&#8220; f\u00fcr Surfers, die gerne andere Leute treffen und in einem wundersch\u00f6nen Haus die sanit\u00e4ren Anlagen mit anderen G\u00e4sten gemeinsam nutzen k\u00f6nnen. Es ist eine wundersch\u00f6ne Villa mit 4 Schlafzimmern mit 4 Betten, und 4 Doppelzimmern( Kapazit\u00e4t von maximal 24 Personen). Die Villa verf\u00fcgt \u00fcber alles was das Surferherz begehrt; eine Chill out Area mit gro\u00dfer Couch und Fernseher, free Wifi, amerikanische Block K\u00fcche, Terrasse mit wundersch\u00f6nem Garten zum br\u00e4unen und gemauertem BBQ, sowie in der 2. Etage Balkone mit Blick auf die Insel Lobos.<\/p>\n<p style=\"text-align: justify;\">Preis: Ab 18 euros pro Nacht pro Person<br \/>\nDoppelzimmer mit teilbarem Bett: Ab 40 euros pro Zimmer<br \/>\n<em> Notiz : Die Bettw\u00e4sche wird gestellt, aber keine Handt\u00fccher<\/em><\/p>\n<h3>Lorenzo\u2019s bed &amp; surf &#8211; surf camp<\/h3>\n<p style=\"text-align: justify;\"><img decoding=\"async\" class=\"size-large wp-image-752 aligncenter\" title=\"las-gaviotas\" src=\"\/wp-content\/uploads\/new\/lorenzo.jpg\" alt=\"\" width=\"600\" \/><\/p>\n<p style=\"text-align: justify;\">In Ruhe auf der Terrasse entspannen, in der ger\u00e4umigen K\u00fcche selber dein Essen kochen, nette Leute aus der ganzen Welt treffen, hier kannst du deinen Urlaub verbringen, so wie du willst. In jedem Fall triffst du hier auf Gleichgesinnte, mit denen du einige Zeit verbringen und Erfahrungen austauschen kannst, aber ohne auf Privatsph\u00e4re, Exklusivit\u00e4t und ungest\u00f6rten Schlaf zu verzichten.Wir bieten unseren G\u00e4sten einen perfekten Ausgangspunkt, denn unser Hostel liegt direkt im Zentrum von Corralejo, zwischen dem Hafen und dem gro\u00dfen Hyperdino Supermarket. Nur 3 Gehminuten von dem n\u00e4hsten Strand und 5 Minuten von dem Disco\/Bar Areal. Wir haben Platz f\u00fcr insgesamt 7 Leute. Der Surfspot el muelle ist nur 5 Minuten weit weg. Die Lage vom Hostel und die pers\u00f6nliche Hilfe von Lorenzo bei allem, was du brauchen k\u00f6nntest, geben dir eine der besten Unterbringungsm\u00f6glichkeiten in Corralejo. Schnelles, kostenloses Wifi, Bettlaken und ein Handtuch pro Person inklusive<\/p>\n<p><strong>Prices:<\/strong><br \/>\n2-Bettzimmer Twin Room (2 Personen): ab 28 euros pro Nacht<br \/>\nDreibettzimmer Triple Room (3 Personen) : ab 39 euros pro Nacht<br \/>\nDoppelzimmer, mit privater Dusche \/ WC: ab 32 euros pro Nacht<br \/>\nNur ein Bett in Twin oder Triple Room : ab 15 euros pro Nacht<\/p>\n","protected":false},"excerpt":{"rendered":"<p>Billabong Surf camp am Waikiki Strand Dieses Surf Haus ist das einzige Surfcamp in Corralejo direkt am Meer, am Waikiki Strand! Sie k\u00f6nnen einen Garten mit Blick aufs Meer und die Surfspots von Waikiki, Lobos und Punta Elena genie\u00dfen. Im Garten gibt es viele Liegest\u00fchle und H\u00e4ngematten zwischen den Palmen zum Entspannen. Zudem gibt es [&hellip;]<\/p>\n","protected":false},"author":2,"featured_media":0,"parent":375,"menu_order":0,"comment_status":"closed","ping_status":"closed","template":"","meta":{"footnotes":""},"class_list":["post-381","page","type-page","status-publish","hentry"],"yoast_head":"<!-- This site is optimized with the Yoast SEO plugin v27.4 - https:\/\/yoast.com\/product\/yoast-seo-wordpress\/ -->\n<title>Surf Camps - Aloha Surf Academy - The best surf school and surf camps in Fuerteventura - Corralejo<\/title>\n<meta name=\"robots\" content=\"index, follow, max-snippet:-1, max-image-preview:large, max-video-preview:-1\" \/>\n<link rel=\"canonical\" href=\"https:\/\/alohasurfacademy.com\/de\/unterkunfte\/surf-camps\/\" \/>\n<meta property=\"og:locale\" content=\"de_DE\" \/>\n<meta property=\"og:type\" content=\"article\" \/>\n<meta property=\"og:title\" content=\"Surf Camps - Aloha Surf Academy - The best surf school and surf camps in Fuerteventura - Corralejo\" \/>\n<meta property=\"og:description\" content=\"Billabong Surf camp am Waikiki Strand Dieses Surf Haus ist das einzige Surfcamp in Corralejo direkt am Meer, am Waikiki Strand! Sie k\u00f6nnen einen Garten mit Blick aufs Meer und die Surfspots von Waikiki, Lobos und Punta Elena genie\u00dfen. Im Garten gibt es viele Liegest\u00fchle und H\u00e4ngematten zwischen den Palmen zum Entspannen. Zudem gibt es [&hellip;]\" \/>\n<meta property=\"og:url\" content=\"https:\/\/alohasurfacademy.com\/de\/unterkunfte\/surf-camps\/\" \/>\n<meta property=\"og:site_name\" content=\"Aloha Surf Academy - The best surf school and surf camps in Fuerteventura - Corralejo\" \/>\n<meta property=\"article:modified_time\" content=\"2021-04-04T21:42:35+00:00\" \/>\n<meta name=\"twitter:card\" content=\"summary_large_image\" \/>\n<meta name=\"twitter:label1\" content=\"Gesch\u00e4tzte Lesezeit\" \/>\n\t<meta name=\"twitter:data1\" content=\"3\u00a0Minuten\" \/>\n<script type=\"application\/ld+json\" class=\"yoast-schema-graph\">{\"@context\":\"https:\\\/\\\/schema.org\",\"@graph\":[{\"@type\":\"WebPage\",\"@id\":\"https:\\\/\\\/alohasurfacademy.com\\\/de\\\/unterkunfte\\\/surf-camps\\\/\",\"url\":\"https:\\\/\\\/alohasurfacademy.com\\\/de\\\/unterkunfte\\\/surf-camps\\\/\",\"name\":\"Surf Camps - Aloha Surf Academy - The best surf school and surf camps in Fuerteventura - Corralejo\",\"isPartOf\":{\"@id\":\"https:\\\/\\\/alohasurfacademy.com\\\/de\\\/#website\"},\"datePublished\":\"2021-04-03T19:12:47+00:00\",\"dateModified\":\"2021-04-04T21:42:35+00:00\",\"breadcrumb\":{\"@id\":\"https:\\\/\\\/alohasurfacademy.com\\\/de\\\/unterkunfte\\\/surf-camps\\\/#breadcrumb\"},\"inLanguage\":\"de\",\"potentialAction\":[{\"@type\":\"ReadAction\",\"target\":[\"https:\\\/\\\/alohasurfacademy.com\\\/de\\\/unterkunfte\\\/surf-camps\\\/\"]}]},{\"@type\":\"BreadcrumbList\",\"@id\":\"https:\\\/\\\/alohasurfacademy.com\\\/de\\\/unterkunfte\\\/surf-camps\\\/#breadcrumb\",\"itemListElement\":[{\"@type\":\"ListItem\",\"position\":1,\"name\":\"Home\",\"item\":\"https:\\\/\\\/alohasurfacademy.com\\\/de\\\/\"},{\"@type\":\"ListItem\",\"position\":2,\"name\":\"Surfcamp &#8211; Unterk\u00fcnfte\",\"item\":\"https:\\\/\\\/alohasurfacademy.com\\\/de\\\/unterkunfte\\\/?lang=de\"},{\"@type\":\"ListItem\",\"position\":3,\"name\":\"Surf Camps\"}]},{\"@type\":\"WebSite\",\"@id\":\"https:\\\/\\\/alohasurfacademy.com\\\/de\\\/#website\",\"url\":\"https:\\\/\\\/alohasurfacademy.com\\\/de\\\/\",\"name\":\"Aloha Surf Academy - The best surf school and surf camps in Fuerteventura - Corralejo\",\"description\":\"Surf School, Surf Camp, Surfing Class, Surf Course in Corralejo - Fuerteventura\",\"potentialAction\":[{\"@type\":\"SearchAction\",\"target\":{\"@type\":\"EntryPoint\",\"urlTemplate\":\"https:\\\/\\\/alohasurfacademy.com\\\/de\\\/?s={search_term_string}\"},\"query-input\":{\"@type\":\"PropertyValueSpecification\",\"valueRequired\":true,\"valueName\":\"search_term_string\"}}],\"inLanguage\":\"de\"}]}<\/script>\n<!-- \/ Yoast SEO plugin. -->","yoast_head_json":{"title":"Surf Camps - Aloha Surf Academy - The best surf school and surf camps in Fuerteventura - Corralejo","robots":{"index":"index","follow":"follow","max-snippet":"max-snippet:-1","max-image-preview":"max-image-preview:large","max-video-preview":"max-video-preview:-1"},"canonical":"https:\/\/alohasurfacademy.com\/de\/unterkunfte\/surf-camps\/","og_locale":"de_DE","og_type":"article","og_title":"Surf Camps - Aloha Surf Academy - The best surf school and surf camps in Fuerteventura - Corralejo","og_description":"Billabong Surf camp am Waikiki Strand Dieses Surf Haus ist das einzige Surfcamp in Corralejo direkt am Meer, am Waikiki Strand! Sie k\u00f6nnen einen Garten mit Blick aufs Meer und die Surfspots von Waikiki, Lobos und Punta Elena genie\u00dfen. Im Garten gibt es viele Liegest\u00fchle und H\u00e4ngematten zwischen den Palmen zum Entspannen. Zudem gibt es [&hellip;]","og_url":"https:\/\/alohasurfacademy.com\/de\/unterkunfte\/surf-camps\/","og_site_name":"Aloha Surf Academy - The best surf school and surf camps in Fuerteventura - Corralejo","article_modified_time":"2021-04-04T21:42:35+00:00","twitter_card":"summary_large_image","twitter_misc":{"Gesch\u00e4tzte Lesezeit":"3\u00a0Minuten"},"schema":{"@context":"https:\/\/schema.org","@graph":[{"@type":"WebPage","@id":"https:\/\/alohasurfacademy.com\/de\/unterkunfte\/surf-camps\/","url":"https:\/\/alohasurfacademy.com\/de\/unterkunfte\/surf-camps\/","name":"Surf Camps - Aloha Surf Academy - The best surf school and surf camps in Fuerteventura - Corralejo","isPartOf":{"@id":"https:\/\/alohasurfacademy.com\/de\/#website"},"datePublished":"2021-04-03T19:12:47+00:00","dateModified":"2021-04-04T21:42:35+00:00","breadcrumb":{"@id":"https:\/\/alohasurfacademy.com\/de\/unterkunfte\/surf-camps\/#breadcrumb"},"inLanguage":"de","potentialAction":[{"@type":"ReadAction","target":["https:\/\/alohasurfacademy.com\/de\/unterkunfte\/surf-camps\/"]}]},{"@type":"BreadcrumbList","@id":"https:\/\/alohasurfacademy.com\/de\/unterkunfte\/surf-camps\/#breadcrumb","itemListElement":[{"@type":"ListItem","position":1,"name":"Home","item":"https:\/\/alohasurfacademy.com\/de\/"},{"@type":"ListItem","position":2,"name":"Surfcamp &#8211; Unterk\u00fcnfte","item":"https:\/\/alohasurfacademy.com\/de\/unterkunfte\/?lang=de"},{"@type":"ListItem","position":3,"name":"Surf Camps"}]},{"@type":"WebSite","@id":"https:\/\/alohasurfacademy.com\/de\/#website","url":"https:\/\/alohasurfacademy.com\/de\/","name":"Aloha Surf Academy - The best surf school and surf camps in Fuerteventura - Corralejo","description":"Surf School, Surf Camp, Surfing Class, Surf Course in Corralejo - Fuerteventura","potentialAction":[{"@type":"SearchAction","target":{"@type":"EntryPoint","urlTemplate":"https:\/\/alohasurfacademy.com\/de\/?s={search_term_string}"},"query-input":{"@type":"PropertyValueSpecification","valueRequired":true,"valueName":"search_term_string"}}],"inLanguage":"de"}]}},"_links":{"self":[{"href":"https:\/\/alohasurfacademy.com\/de\/wp-json\/wp\/v2\/pages\/381","targetHints":{"allow":["GET"]}}],"collection":[{"href":"https:\/\/alohasurfacademy.com\/de\/wp-json\/wp\/v2\/pages"}],"about":[{"href":"https:\/\/alohasurfacademy.com\/de\/wp-json\/wp\/v2\/types\/page"}],"author":[{"embeddable":true,"href":"https:\/\/alohasurfacademy.com\/de\/wp-json\/wp\/v2\/users\/2"}],"replies":[{"embeddable":true,"href":"https:\/\/alohasurfacademy.com\/de\/wp-json\/wp\/v2\/comments?post=381"}],"version-history":[{"count":7,"href":"https:\/\/alohasurfacademy.com\/de\/wp-json\/wp\/v2\/pages\/381\/revisions"}],"predecessor-version":[{"id":858,"href":"https:\/\/alohasurfacademy.com\/de\/wp-json\/wp\/v2\/pages\/381\/revisions\/858"}],"up":[{"embeddable":true,"href":"https:\/\/alohasurfacademy.com\/de\/wp-json\/wp\/v2\/pages\/375"}],"wp:attachment":[{"href":"https:\/\/alohasurfacademy.com\/de\/wp-json\/wp\/v2\/media?parent=381"}],"curies":[{"name":"wp","href":"https:\/\/api.w.org\/{rel}","templated":true}]}}