{"id":398,"date":"2021-04-03T20:17:07","date_gmt":"2021-04-03T19:17:07","guid":{"rendered":"http:\/\/www.alohasurfacademy.ch\/xyz\/?page_id=398"},"modified":"2021-04-04T22:43:02","modified_gmt":"2021-04-04T21:43:02","slug":"villas","status":"publish","type":"page","link":"https:\/\/alohasurfacademy.com\/de\/unterkunfte\/villas\/","title":{"rendered":"Villas"},"content":{"rendered":"<h3>Galera Beach Villas<\/h3>\n<p style=\"text-align: center;\"><img decoding=\"async\" class=\"size-large wp-image-752 aligncenter\" title=\"las-gaviotas\" src=\"\/wp-content\/uploads\/new\/galera_house.jpg\" alt=\"\" width=\"600\" \/><\/p>\n<p style=\"text-align: justify;\">Die Villen haben die gleichen Eigenschaften wie die Galera beach Apartments: sie haben Meerblick in Corralejo! 5 Villen Stadth\u00e4user mit zwei Ebenen, Privatpool, 3 Schlafzimmern sind ideal, um den Urlaub als Familie oder in einer Gruppe von Freunden zu genie\u00dfen.<br \/>\nPreis f\u00fcr eine 3 Zimmer Villa mit Privatpool: ab 90 euros pro Nacht + booking fee<\/p>\n<h3>Casa Aventura<\/h3>\n<p style=\"text-align: center;\"><img decoding=\"async\" class=\"size-large wp-image-752 aligncenter\" title=\"las-gaviotas\" src=\"\/wp-content\/uploads\/new\/lajares.jpg\" alt=\"\" width=\"600\" \/><\/p>\n<p style=\"text-align: justify;\">Gro\u00dfe Villa in Lajares (130m2), gelegen in einer l\u00e4ndlichen Umgebung, mit zwei Schlafzimmern.<\/p>\n<p style=\"text-align: justify;\">Voll m\u00f6bliert. Schwimmbad (12m2), und ein Garten mit einer Gr\u00f6\u00dfe von 2000m2.<br \/>\nVoll m\u00f6bliert. Schwimmbad (12m2), und ein Garten mit einer Gr\u00f6\u00dfe von 2000m2.<br \/>\nPreis ist 100 euros pro Nacht (130 euros High Seasons)<\/p>\n<h3>Tiki House<\/h3>\n<p style=\"text-align: justify;\"><img loading=\"lazy\" decoding=\"async\" class=\"alignnone wp-image-3457 size-full\" title=\"tiki\" src=\"\/wp-content\/uploads\/new\/tiki1.jpg\" alt=\"\" width=\"600\" height=\"114\" \/><br \/>\n4 Villas in Lajares , gelegen in einer l\u00e4ndlichen Umgebung. 4 Villas in Lajares , gelegen in einer l\u00e4ndlichen Umgebung<br \/>\nab 50 euros pro Nacht  <\/p>\n","protected":false},"excerpt":{"rendered":"<p>Galera Beach Villas Die Villen haben die gleichen Eigenschaften wie die Galera beach Apartments: sie haben Meerblick in Corralejo! 5 Villen Stadth\u00e4user mit zwei Ebenen, Privatpool, 3 Schlafzimmern sind ideal, um den Urlaub als Familie oder in einer Gruppe von Freunden zu genie\u00dfen. Preis f\u00fcr eine 3 Zimmer Villa mit Privatpool: ab 90 euros pro [&hellip;]<\/p>\n","protected":false},"author":2,"featured_media":0,"parent":375,"menu_order":3,"comment_status":"closed","ping_status":"closed","template":"","meta":{"footnotes":""},"class_list":["post-398","page","type-page","status-publish","hentry"],"yoast_head":"<!-- This site is optimized with the Yoast SEO plugin v27.5 - https:\/\/yoast.com\/product\/yoast-seo-wordpress\/ -->\n<title>Villas - Aloha Surf Academy - The best surf school and surf camps in Fuerteventura - Corralejo<\/title>\n<meta name=\"robots\" content=\"index, follow, max-snippet:-1, max-image-preview:large, max-video-preview:-1\" \/>\n<link rel=\"canonical\" href=\"https:\/\/alohasurfacademy.com\/de\/unterkunfte\/villas\/\" \/>\n<meta property=\"og:locale\" content=\"de_DE\" \/>\n<meta property=\"og:type\" content=\"article\" \/>\n<meta property=\"og:title\" content=\"Villas - Aloha Surf Academy - The best surf school and surf camps in Fuerteventura - Corralejo\" \/>\n<meta property=\"og:description\" content=\"Galera Beach Villas Die Villen haben die gleichen Eigenschaften wie die Galera beach Apartments: sie haben Meerblick in Corralejo! 5 Villen Stadth\u00e4user mit zwei Ebenen, Privatpool, 3 Schlafzimmern sind ideal, um den Urlaub als Familie oder in einer Gruppe von Freunden zu genie\u00dfen. Preis f\u00fcr eine 3 Zimmer Villa mit Privatpool: ab 90 euros pro [&hellip;]\" \/>\n<meta property=\"og:url\" content=\"https:\/\/alohasurfacademy.com\/de\/unterkunfte\/villas\/\" \/>\n<meta property=\"og:site_name\" content=\"Aloha Surf Academy - The best surf school and surf camps in Fuerteventura - Corralejo\" \/>\n<meta property=\"article:modified_time\" content=\"2021-04-04T21:43:02+00:00\" \/>\n<meta name=\"twitter:card\" content=\"summary_large_image\" \/>\n<meta name=\"twitter:label1\" content=\"Gesch\u00e4tzte Lesezeit\" \/>\n\t<meta name=\"twitter:data1\" content=\"1\u00a0Minute\" \/>\n<script type=\"application\/ld+json\" class=\"yoast-schema-graph\">{\"@context\":\"https:\\\/\\\/schema.org\",\"@graph\":[{\"@type\":\"WebPage\",\"@id\":\"https:\\\/\\\/alohasurfacademy.com\\\/de\\\/unterkunfte\\\/villas\\\/\",\"url\":\"https:\\\/\\\/alohasurfacademy.com\\\/de\\\/unterkunfte\\\/villas\\\/\",\"name\":\"Villas - Aloha Surf Academy - The best surf school and surf camps in Fuerteventura - Corralejo\",\"isPartOf\":{\"@id\":\"https:\\\/\\\/alohasurfacademy.com\\\/de\\\/#website\"},\"datePublished\":\"2021-04-03T19:17:07+00:00\",\"dateModified\":\"2021-04-04T21:43:02+00:00\",\"breadcrumb\":{\"@id\":\"https:\\\/\\\/alohasurfacademy.com\\\/de\\\/unterkunfte\\\/villas\\\/#breadcrumb\"},\"inLanguage\":\"de\",\"potentialAction\":[{\"@type\":\"ReadAction\",\"target\":[\"https:\\\/\\\/alohasurfacademy.com\\\/de\\\/unterkunfte\\\/villas\\\/\"]}]},{\"@type\":\"BreadcrumbList\",\"@id\":\"https:\\\/\\\/alohasurfacademy.com\\\/de\\\/unterkunfte\\\/villas\\\/#breadcrumb\",\"itemListElement\":[{\"@type\":\"ListItem\",\"position\":1,\"name\":\"Home\",\"item\":\"https:\\\/\\\/alohasurfacademy.com\\\/de\\\/\"},{\"@type\":\"ListItem\",\"position\":2,\"name\":\"Surfcamp &#8211; Unterk\u00fcnfte\",\"item\":\"https:\\\/\\\/alohasurfacademy.com\\\/de\\\/unterkunfte\\\/?lang=de\"},{\"@type\":\"ListItem\",\"position\":3,\"name\":\"Villas\"}]},{\"@type\":\"WebSite\",\"@id\":\"https:\\\/\\\/alohasurfacademy.com\\\/de\\\/#website\",\"url\":\"https:\\\/\\\/alohasurfacademy.com\\\/de\\\/\",\"name\":\"Aloha Surf Academy - The best surf school and surf camps in Fuerteventura - Corralejo\",\"description\":\"Surf School, Surf Camp, Surfing Class, Surf Course in Corralejo - Fuerteventura\",\"potentialAction\":[{\"@type\":\"SearchAction\",\"target\":{\"@type\":\"EntryPoint\",\"urlTemplate\":\"https:\\\/\\\/alohasurfacademy.com\\\/de\\\/?s={search_term_string}\"},\"query-input\":{\"@type\":\"PropertyValueSpecification\",\"valueRequired\":true,\"valueName\":\"search_term_string\"}}],\"inLanguage\":\"de\"}]}<\/script>\n<!-- \/ Yoast SEO plugin. -->","yoast_head_json":{"title":"Villas - Aloha Surf Academy - The best surf school and surf camps in Fuerteventura - Corralejo","robots":{"index":"index","follow":"follow","max-snippet":"max-snippet:-1","max-image-preview":"max-image-preview:large","max-video-preview":"max-video-preview:-1"},"canonical":"https:\/\/alohasurfacademy.com\/de\/unterkunfte\/villas\/","og_locale":"de_DE","og_type":"article","og_title":"Villas - Aloha Surf Academy - The best surf school and surf camps in Fuerteventura - Corralejo","og_description":"Galera Beach Villas Die Villen haben die gleichen Eigenschaften wie die Galera beach Apartments: sie haben Meerblick in Corralejo! 5 Villen Stadth\u00e4user mit zwei Ebenen, Privatpool, 3 Schlafzimmern sind ideal, um den Urlaub als Familie oder in einer Gruppe von Freunden zu genie\u00dfen. Preis f\u00fcr eine 3 Zimmer Villa mit Privatpool: ab 90 euros pro [&hellip;]","og_url":"https:\/\/alohasurfacademy.com\/de\/unterkunfte\/villas\/","og_site_name":"Aloha Surf Academy - The best surf school and surf camps in Fuerteventura - Corralejo","article_modified_time":"2021-04-04T21:43:02+00:00","twitter_card":"summary_large_image","twitter_misc":{"Gesch\u00e4tzte Lesezeit":"1\u00a0Minute"},"schema":{"@context":"https:\/\/schema.org","@graph":[{"@type":"WebPage","@id":"https:\/\/alohasurfacademy.com\/de\/unterkunfte\/villas\/","url":"https:\/\/alohasurfacademy.com\/de\/unterkunfte\/villas\/","name":"Villas - Aloha Surf Academy - The best surf school and surf camps in Fuerteventura - Corralejo","isPartOf":{"@id":"https:\/\/alohasurfacademy.com\/de\/#website"},"datePublished":"2021-04-03T19:17:07+00:00","dateModified":"2021-04-04T21:43:02+00:00","breadcrumb":{"@id":"https:\/\/alohasurfacademy.com\/de\/unterkunfte\/villas\/#breadcrumb"},"inLanguage":"de","potentialAction":[{"@type":"ReadAction","target":["https:\/\/alohasurfacademy.com\/de\/unterkunfte\/villas\/"]}]},{"@type":"BreadcrumbList","@id":"https:\/\/alohasurfacademy.com\/de\/unterkunfte\/villas\/#breadcrumb","itemListElement":[{"@type":"ListItem","position":1,"name":"Home","item":"https:\/\/alohasurfacademy.com\/de\/"},{"@type":"ListItem","position":2,"name":"Surfcamp &#8211; Unterk\u00fcnfte","item":"https:\/\/alohasurfacademy.com\/de\/unterkunfte\/?lang=de"},{"@type":"ListItem","position":3,"name":"Villas"}]},{"@type":"WebSite","@id":"https:\/\/alohasurfacademy.com\/de\/#website","url":"https:\/\/alohasurfacademy.com\/de\/","name":"Aloha Surf Academy - The best surf school and surf camps in Fuerteventura - Corralejo","description":"Surf School, Surf Camp, Surfing Class, Surf Course in Corralejo - Fuerteventura","potentialAction":[{"@type":"SearchAction","target":{"@type":"EntryPoint","urlTemplate":"https:\/\/alohasurfacademy.com\/de\/?s={search_term_string}"},"query-input":{"@type":"PropertyValueSpecification","valueRequired":true,"valueName":"search_term_string"}}],"inLanguage":"de"}]}},"_links":{"self":[{"href":"https:\/\/alohasurfacademy.com\/de\/wp-json\/wp\/v2\/pages\/398","targetHints":{"allow":["GET"]}}],"collection":[{"href":"https:\/\/alohasurfacademy.com\/de\/wp-json\/wp\/v2\/pages"}],"about":[{"href":"https:\/\/alohasurfacademy.com\/de\/wp-json\/wp\/v2\/types\/page"}],"author":[{"embeddable":true,"href":"https:\/\/alohasurfacademy.com\/de\/wp-json\/wp\/v2\/users\/2"}],"replies":[{"embeddable":true,"href":"https:\/\/alohasurfacademy.com\/de\/wp-json\/wp\/v2\/comments?post=398"}],"version-history":[{"count":4,"href":"https:\/\/alohasurfacademy.com\/de\/wp-json\/wp\/v2\/pages\/398\/revisions"}],"predecessor-version":[{"id":872,"href":"https:\/\/alohasurfacademy.com\/de\/wp-json\/wp\/v2\/pages\/398\/revisions\/872"}],"up":[{"embeddable":true,"href":"https:\/\/alohasurfacademy.com\/de\/wp-json\/wp\/v2\/pages\/375"}],"wp:attachment":[{"href":"https:\/\/alohasurfacademy.com\/de\/wp-json\/wp\/v2\/media?parent=398"}],"curies":[{"name":"wp","href":"https:\/\/api.w.org\/{rel}","templated":true}]}}