{"id":428,"date":"2021-04-03T15:18:29","date_gmt":"2021-04-03T14:18:29","guid":{"rendered":"http:\/\/www.alohasurfacademy.ch\/xyz\/?page_id=428"},"modified":"2023-12-13T09:31:58","modified_gmt":"2023-12-13T09:31:58","slug":"information","status":"publish","type":"page","link":"https:\/\/alohasurfacademy.com\/de\/information\/","title":{"rendered":"Fuerteventura Info"},"content":{"rendered":"<p>Dank des milden Klimas auf Fuerteventura k\u00f6nnen wir unsere Surfkurse das ganze Jahr \u00fcber anbieten. Kommen Sie mit\u00a0uns zum Surfen auf Fuerteventura, der &#8222;isla tranquila&#8220;!<\/p>\n<h2>Wo sind wir ? Fuerteventura Karte<\/h2>\n<p><iframe loading=\"lazy\" src=\"https:\/\/www.google.com\/maps\/embed?pb=!1m18!1m12!1m3!1d55988.23310923628!2d-13.8317259702042!3d28.7116383138302!2m3!1f0!2f0!3f0!3m2!1i1024!2i768!4f13.1!3m3!1m2!1s0xc4634e3ac34728f%3A0x77e9504a83d8947!2sCorralejo%2C+Las+Palmas%2C+Espagne!5e0!3m2!1sfr!2sch!4v1405968865424\" width=\"600\" height=\"300\" frameborder=\"0\"><\/iframe><\/p>\n<h2>Landschaft<\/h2>\n<p>Fuerteventura ist eine sehr vielseitige Insel, von Naturliebhabern sehr gesch\u00e4tzt. Die Insel hat eine vulkanartige, fast w\u00fcsten\u00e4hnliche Landschaft mit wenig Regen. Die K\u00fcstenlandschaft ist vielf\u00e4ltig, mit felsigen Klippen, wei\u00dfen Sandd\u00fcnen, t\u00fcrkisfarbenem Wasser, Riffs mit\u00a0gesch\u00fctzten Lagunen und nat\u00fcrlichen Buchten.<\/p>\n<p><a href=\"http:\/\/www.alohasurfacademy.ch\/wp-content\/uploads\/DSC05787.jpg\"><img loading=\"lazy\" decoding=\"async\" class=\"alignnone wp-image-4361 size-large\" src=\"http:\/\/www.alohasurfacademy.ch\/wp-content\/uploads\/DSC05787-1024x682.jpg\" alt=\"SONY DSC\" width=\"606\" height=\"404\" srcset=\"https:\/\/alohasurfacademy.com\/wp-content\/uploads\/DSC05787-1024x682.jpg 1024w, https:\/\/alohasurfacademy.com\/wp-content\/uploads\/DSC05787-300x200.jpg 300w\" sizes=\"(max-width: 606px) 100vw, 606px\" \/><\/a><\/p>\n<h2>Klima<\/h2>\n<p>Wir genie\u00dfen ein au\u00dfergew\u00f6hnliches Klima das ganze Jahr \u00fcber. Die Winter sind warm mit Minimaltemperaturen von 18\u00ba, die Sommer sind mild mit 30\u00ba. All das bringt uns fast 365 Tage im Jahr Sonnenschein. Die Temperatur des Meeres schwankt zwischen 17\u00ba im Winter und 25\u00ba im Sommer.<\/p>\n<h2>Der Surf<\/h2>\n<p>Fuerteventura ist als das Hawaii des Atlantiks bekannt. Die Lage garantiert Surfen an atemberaubenden Str\u00e4nden das ganze Jahr \u00fcber f\u00fcr jedes Level &#8211; in nur vier Flugstunden sehr gut aus europ\u00e4ischen St\u00e4dten zu erreichen.<\/p>\n<p>Unsere Surfschule &amp; Surfcamp befindet sich im Norden der Insel, in Corralejo. Von dort aus k\u00f6nnen wir je nach Swellrichtung und -gr\u00f6\u00dfe, einfach und den Bedingungen entsprechend, an der Ost-, West- oder Nordk\u00fcste unterrichten. Dies bietet uns die M\u00f6glichkeit von Januar bis Dezember\u00a0entweder am Strand oder auf einem Riff\u00a0surfen zu k\u00f6nnen.<\/p>\n<p>Im Sommer surfen wir vor allem die Wellen an der Ostk\u00fcste, die durch den Passatwind entstehen. Es besteht die M\u00f6glichkeit, diese w\u00e4hrend der w\u00e4rmeren Monate zu nutzen, sowohl Beachbreaks als auch Reefbreaks.<\/p>\n<p>Im Winter ist der West- und Nordswell mehr konstant; Fortgeschrittene Surfer k\u00f6nnen saubere Wellen genie\u00dfen, da der Wind schw\u00e4cher ist.<\/p>\n<p>F\u00fcr mehr Info: SURF LINE SEITE : <a href=\"https:\/\/www.surfline.com\/surf-report\/cotillo\/6052148c589a23368a742cb4?referral=msw\">Hier <\/a>! (alles, was Sie \u00fcber die Surfspots wissen wollen, und die Wellenvorhersage)<\/p>\n<p><a href=\"https:\/\/alohasurfacademy.com\/wp-content\/uploads\/nov-15-1.jpg\"><img loading=\"lazy\" decoding=\"async\" class=\"alignnone wp-image-4365 size-full\" src=\"https:\/\/alohasurfacademy.com\/wp-content\/uploads\/nov-15-1.jpg\" alt=\"nov 15 (1)\" width=\"800\" height=\"539\" srcset=\"https:\/\/alohasurfacademy.com\/wp-content\/uploads\/nov-15-1.jpg 800w, https:\/\/alohasurfacademy.com\/wp-content\/uploads\/nov-15-1-300x202.jpg 300w\" sizes=\"(max-width: 800px) 100vw, 800px\" \/><\/a><\/p>\n<h2>Corralejo &#8211; Fischerort<\/h2>\n<p>Corralejo ist ein Fischerort mit wei\u00dfem Sand, kristallklarem, zum Baden einladenden Wasser und einmaligem Blick auf die Insel Los Lobos (mit einer Welle, die\u00a0weltber\u00fchmt f\u00fcr ihre Perfektion ist). Au\u00dferdem gibt es unz\u00e4hlige Unterk\u00fcnfte f\u00fcr jeden Geschmack, Restaurants, Surfshops, wo man auch Bretter ausleihen kann, und Superm\u00e4rkte f\u00fcr den t\u00e4glichen Einkauf.<br \/>\nNeben Wassersport kann man viele abwechslungsreiche Touren und Ausfl\u00fcge unternehmen.<br \/>\nDer Flughafen in Puerto del Rosario ist\u00a0nur 45 Kilometern entfernt.<\/p>\n<h2>4 sehenswerte Orte und Landschaften in der Umgebung<\/h2>\n<p>1&gt;Eine <a href=\"http:\/\/www.alohasurfacademy.ch\/information\/extra-activities\/vulkan-wandern\/?lang=de\">Wanderung <\/a>auf den nicht mehr aktiven Vulkan garantiert eine wundersch\u00f6ne Aussicht auf den Norden Fuerteventuras. Genauso eindrucksvoll ist eine Wanderung entlang der Klippen der Westk\u00fcste mit ihren einzigarten Str\u00e4nden und Buchten.<\/p>\n<p>2&gt;Ein Besuch der Insel \u201eLos Lobos\u201c ist ein unvergessliches Naturerlebnis. Unber\u00fchrte Natur, ein kleines Fischerdorf und kristallklares Wasser bieten eine tolle Abwechslung zum Touristenort Corralejo. Los Lobos erreicht man per Boot, zum Beispiel mit einem Katamaran. Dieses l\u00e4sst sich super mit einer Runde Stand-up Paddling, schnorcheln oder schwimmen kombinieren.<\/p>\n<p>3&gt;Ein Besuch in Cotillo verspricht viele sch\u00f6ne Einblicke in das Leben Fuerteventuras. Neben der Fischerdorf-Atmosph\u00e4re gibt es sch\u00f6ne Lagunen und den bekannten Leuchtturm zu sehen. Besonders bezaubernd wirkt Cotillo, wenn dort gegen Abend die Sonne im Meer versinkt und ein spezielles Licht auf die Insel zaubert.<\/p>\n<p>4&gt;Eine kleine Entdeckungstour durch die Sandd\u00fcnen in Corralejo wirkt beruhigend und verbindet mit der tollen Natur dieser Insel.<\/p>\n<figure id=\"attachment_4362\" aria-describedby=\"caption-attachment-4362\" style=\"width: 606px\" class=\"wp-caption alignnone\"><a href=\"http:\/\/www.alohasurfacademy.ch\/wp-content\/uploads\/049.jpg\"><img loading=\"lazy\" decoding=\"async\" class=\"wp-image-4362 size-large\" src=\"http:\/\/www.alohasurfacademy.ch\/wp-content\/uploads\/049-1024x681.jpg\" alt=\"SONY DSC\" width=\"606\" height=\"403\" srcset=\"https:\/\/alohasurfacademy.com\/wp-content\/uploads\/049-1024x681.jpg 1024w, https:\/\/alohasurfacademy.com\/wp-content\/uploads\/049-300x200.jpg 300w\" sizes=\"(max-width: 606px) 100vw, 606px\" \/><\/a><figcaption id=\"caption-attachment-4362\" class=\"wp-caption-text\">Los Lobos<\/figcaption><\/figure>\n<h2>Budget<\/h2>\n<p>Unterkunft: ab 22 Euro pro Nacht f\u00fcr ein Bett in einem Surfcamp, und ab 50 Euro pro Nacht f\u00fcr eine Ferienwohnung<br \/>\nCaf\u00e9 und Bier: ab 1,80 Euro<br \/>\nAbendessen im Restaurant: ca. 10 Euro<br \/>\nMietwagen mit <a href=\"http:\/\/top-car-hire.com\/fr\/location-voitures-fuerteventura-aeroport\/reservez-etape-1\">TOP CAR<\/a>: ca. 15 Euro am Tag<br \/>\nLeihbretter: ca. 10 Euro pro Tag<br \/>\nFl\u00fcge innerhalb der Kanarischen Inseln: ca. 50 Euro mit Binter<br \/>\nBus vom Flughafen nach Corralejo: 4,50 Euro<\/p>\n<h2>So kommen Sie nach Fuerteventura<\/h2>\n<h3>Per Flugzeug<\/h3>\n<p style=\"text-align: justify;\">Fuerteventura wird unter anderem von Ryanair, <a href=\"http:\/\/www.condor.com\">Condor<\/a>, <a href=\"http:\/\/www.airberlin.com\">Air Berlin<\/a>, Easyjet und vielen weiteren Airlines von St\u00e4dten wie D\u00fcsseldorf, Frankfurt, Z\u00fcrich, Basel und beinahe allen europ\u00e4ischen Hauptst\u00e4dten angeflogen. Die g\u00fcnstigsten Angebote sind bei Ryanair und Easyjet zu finden. Go to<a href=\"http:\/\/www.easyjet.com\" target=\"_blank\" rel=\"noopener\"> Easyjet<\/a> &amp; <a href=\"http:\/\/www.ryanair.com\" target=\"_blank\" rel=\"noopener\">Ryanair<\/a><\/p>\n<p style=\"text-align: justify;\"><span id=\"gmail-docs-internal-guid-c4a0f496-7fff-4b2c-89c0-17e978778f36\">Haben Sie nun eventuell vor am\u00a0<a href=\"https:\/\/www.fluparks.ch\/flughafen-zuerich-parking\">Flughafen Z\u00fcrich zu parken<\/a>? Dann empfehlen wir, einen Parkplatz \u00fcber die Vergleichs- und Buchungsplattform<a href=\"https:\/\/www.fluparks.ch\/\">\u00a0fluparks.ch\u00a0<\/a>zu suchen!\u00a0Geben Sie einfach Ihren Abflugflughafen und Ihre Reisedaten ein und Fluparks l\u00e4sst Sie verschiedene Parkm\u00f6glichkeiten in Z\u00fcrich, Genf und Basel miteinander vergleichen und direkt buchen!<\/span>&#8222;<\/p>\n<h3>Per F\u00e4hre<\/h3>\n<p style=\"text-align: justify;\">Fuerteventura wird von den F\u00e4hranbietern Naviera Armas, Transmediteranea und Fred Olsen angesteuert. Weitere Infos sind unter <a href=\"http:\/\/www.trasmediterranea.es\" target=\"_blank\" rel=\"noopener\">Acciona<\/a>, <a href=\"http:\/\/www.fredolsencruises.com\/\">Fred Olsen<\/a> &amp; <a href=\"http:\/\/www.navieraarmas.com\/\" target=\"_blank\" rel=\"noopener\">Naviera Armas<\/a><\/p>\n","protected":false},"excerpt":{"rendered":"<p>Dank des milden Klimas auf Fuerteventura k\u00f6nnen wir unsere Surfkurse das ganze Jahr \u00fcber anbieten. Kommen Sie mit\u00a0uns zum Surfen auf Fuerteventura, der &#8222;isla tranquila&#8220;! Wo sind wir ? Fuerteventura Karte Landschaft Fuerteventura ist eine sehr vielseitige Insel, von Naturliebhabern sehr gesch\u00e4tzt. Die Insel hat eine vulkanartige, fast w\u00fcsten\u00e4hnliche Landschaft mit wenig Regen. Die K\u00fcstenlandschaft [&hellip;]<\/p>\n","protected":false},"author":2,"featured_media":0,"parent":0,"menu_order":0,"comment_status":"closed","ping_status":"closed","template":"","meta":{"footnotes":""},"class_list":["post-428","page","type-page","status-publish","hentry"],"yoast_head":"<!-- This site is optimized with the Yoast SEO plugin v27.5 - https:\/\/yoast.com\/product\/yoast-seo-wordpress\/ -->\n<title>Fuerteventura Info - Aloha Surf Academy - The best surf school and surf camps in Fuerteventura - Corralejo<\/title>\n<meta name=\"robots\" content=\"index, follow, max-snippet:-1, max-image-preview:large, max-video-preview:-1\" \/>\n<link rel=\"canonical\" href=\"https:\/\/alohasurfacademy.com\/de\/information\/\" \/>\n<meta property=\"og:locale\" content=\"de_DE\" \/>\n<meta property=\"og:type\" content=\"article\" \/>\n<meta property=\"og:title\" content=\"Fuerteventura Info - Aloha Surf Academy - The best surf school and surf camps in Fuerteventura - Corralejo\" \/>\n<meta property=\"og:description\" content=\"Dank des milden Klimas auf Fuerteventura k\u00f6nnen wir unsere Surfkurse das ganze Jahr \u00fcber anbieten. Kommen Sie mit\u00a0uns zum Surfen auf Fuerteventura, der &#8222;isla tranquila&#8220;! Wo sind wir ? Fuerteventura Karte Landschaft Fuerteventura ist eine sehr vielseitige Insel, von Naturliebhabern sehr gesch\u00e4tzt. Die Insel hat eine vulkanartige, fast w\u00fcsten\u00e4hnliche Landschaft mit wenig Regen. Die K\u00fcstenlandschaft [&hellip;]\" \/>\n<meta property=\"og:url\" content=\"https:\/\/alohasurfacademy.com\/de\/information\/\" \/>\n<meta property=\"og:site_name\" content=\"Aloha Surf Academy - The best surf school and surf camps in Fuerteventura - Corralejo\" \/>\n<meta property=\"article:modified_time\" content=\"2023-12-13T09:31:58+00:00\" \/>\n<meta property=\"og:image\" content=\"http:\/\/www.alohasurfacademy.ch\/wp-content\/uploads\/DSC05787-1024x682.jpg\" \/>\n<meta name=\"twitter:card\" content=\"summary_large_image\" \/>\n<meta name=\"twitter:label1\" content=\"Gesch\u00e4tzte Lesezeit\" \/>\n\t<meta name=\"twitter:data1\" content=\"4\u00a0Minuten\" \/>\n<script type=\"application\/ld+json\" class=\"yoast-schema-graph\">{\"@context\":\"https:\\\/\\\/schema.org\",\"@graph\":[{\"@type\":\"WebPage\",\"@id\":\"https:\\\/\\\/alohasurfacademy.com\\\/de\\\/information\\\/\",\"url\":\"https:\\\/\\\/alohasurfacademy.com\\\/de\\\/information\\\/\",\"name\":\"Fuerteventura Info - Aloha Surf Academy - The best surf school and surf camps in Fuerteventura - Corralejo\",\"isPartOf\":{\"@id\":\"https:\\\/\\\/alohasurfacademy.com\\\/de\\\/#website\"},\"primaryImageOfPage\":{\"@id\":\"https:\\\/\\\/alohasurfacademy.com\\\/de\\\/information\\\/#primaryimage\"},\"image\":{\"@id\":\"https:\\\/\\\/alohasurfacademy.com\\\/de\\\/information\\\/#primaryimage\"},\"thumbnailUrl\":\"http:\\\/\\\/www.alohasurfacademy.ch\\\/wp-content\\\/uploads\\\/DSC05787-1024x682.jpg\",\"datePublished\":\"2021-04-03T14:18:29+00:00\",\"dateModified\":\"2023-12-13T09:31:58+00:00\",\"breadcrumb\":{\"@id\":\"https:\\\/\\\/alohasurfacademy.com\\\/de\\\/information\\\/#breadcrumb\"},\"inLanguage\":\"de\",\"potentialAction\":[{\"@type\":\"ReadAction\",\"target\":[\"https:\\\/\\\/alohasurfacademy.com\\\/de\\\/information\\\/\"]}]},{\"@type\":\"ImageObject\",\"inLanguage\":\"de\",\"@id\":\"https:\\\/\\\/alohasurfacademy.com\\\/de\\\/information\\\/#primaryimage\",\"url\":\"http:\\\/\\\/www.alohasurfacademy.ch\\\/wp-content\\\/uploads\\\/DSC05787-1024x682.jpg\",\"contentUrl\":\"http:\\\/\\\/www.alohasurfacademy.ch\\\/wp-content\\\/uploads\\\/DSC05787-1024x682.jpg\"},{\"@type\":\"BreadcrumbList\",\"@id\":\"https:\\\/\\\/alohasurfacademy.com\\\/de\\\/information\\\/#breadcrumb\",\"itemListElement\":[{\"@type\":\"ListItem\",\"position\":1,\"name\":\"Home\",\"item\":\"https:\\\/\\\/alohasurfacademy.com\\\/de\\\/\"},{\"@type\":\"ListItem\",\"position\":2,\"name\":\"Fuerteventura Info\"}]},{\"@type\":\"WebSite\",\"@id\":\"https:\\\/\\\/alohasurfacademy.com\\\/de\\\/#website\",\"url\":\"https:\\\/\\\/alohasurfacademy.com\\\/de\\\/\",\"name\":\"Aloha Surf Academy - The best surf school and surf camps in Fuerteventura - Corralejo\",\"description\":\"Surf School, Surf Camp, Surfing Class, Surf Course in Corralejo - Fuerteventura\",\"potentialAction\":[{\"@type\":\"SearchAction\",\"target\":{\"@type\":\"EntryPoint\",\"urlTemplate\":\"https:\\\/\\\/alohasurfacademy.com\\\/de\\\/?s={search_term_string}\"},\"query-input\":{\"@type\":\"PropertyValueSpecification\",\"valueRequired\":true,\"valueName\":\"search_term_string\"}}],\"inLanguage\":\"de\"}]}<\/script>\n<!-- \/ Yoast SEO plugin. -->","yoast_head_json":{"title":"Fuerteventura Info - Aloha Surf Academy - The best surf school and surf camps in Fuerteventura - Corralejo","robots":{"index":"index","follow":"follow","max-snippet":"max-snippet:-1","max-image-preview":"max-image-preview:large","max-video-preview":"max-video-preview:-1"},"canonical":"https:\/\/alohasurfacademy.com\/de\/information\/","og_locale":"de_DE","og_type":"article","og_title":"Fuerteventura Info - Aloha Surf Academy - The best surf school and surf camps in Fuerteventura - Corralejo","og_description":"Dank des milden Klimas auf Fuerteventura k\u00f6nnen wir unsere Surfkurse das ganze Jahr \u00fcber anbieten. Kommen Sie mit\u00a0uns zum Surfen auf Fuerteventura, der &#8222;isla tranquila&#8220;! Wo sind wir ? Fuerteventura Karte Landschaft Fuerteventura ist eine sehr vielseitige Insel, von Naturliebhabern sehr gesch\u00e4tzt. Die Insel hat eine vulkanartige, fast w\u00fcsten\u00e4hnliche Landschaft mit wenig Regen. Die K\u00fcstenlandschaft [&hellip;]","og_url":"https:\/\/alohasurfacademy.com\/de\/information\/","og_site_name":"Aloha Surf Academy - The best surf school and surf camps in Fuerteventura - Corralejo","article_modified_time":"2023-12-13T09:31:58+00:00","og_image":[{"url":"http:\/\/www.alohasurfacademy.ch\/wp-content\/uploads\/DSC05787-1024x682.jpg","type":"","width":"","height":""}],"twitter_card":"summary_large_image","twitter_misc":{"Gesch\u00e4tzte Lesezeit":"4\u00a0Minuten"},"schema":{"@context":"https:\/\/schema.org","@graph":[{"@type":"WebPage","@id":"https:\/\/alohasurfacademy.com\/de\/information\/","url":"https:\/\/alohasurfacademy.com\/de\/information\/","name":"Fuerteventura Info - Aloha Surf Academy - The best surf school and surf camps in Fuerteventura - Corralejo","isPartOf":{"@id":"https:\/\/alohasurfacademy.com\/de\/#website"},"primaryImageOfPage":{"@id":"https:\/\/alohasurfacademy.com\/de\/information\/#primaryimage"},"image":{"@id":"https:\/\/alohasurfacademy.com\/de\/information\/#primaryimage"},"thumbnailUrl":"http:\/\/www.alohasurfacademy.ch\/wp-content\/uploads\/DSC05787-1024x682.jpg","datePublished":"2021-04-03T14:18:29+00:00","dateModified":"2023-12-13T09:31:58+00:00","breadcrumb":{"@id":"https:\/\/alohasurfacademy.com\/de\/information\/#breadcrumb"},"inLanguage":"de","potentialAction":[{"@type":"ReadAction","target":["https:\/\/alohasurfacademy.com\/de\/information\/"]}]},{"@type":"ImageObject","inLanguage":"de","@id":"https:\/\/alohasurfacademy.com\/de\/information\/#primaryimage","url":"http:\/\/www.alohasurfacademy.ch\/wp-content\/uploads\/DSC05787-1024x682.jpg","contentUrl":"http:\/\/www.alohasurfacademy.ch\/wp-content\/uploads\/DSC05787-1024x682.jpg"},{"@type":"BreadcrumbList","@id":"https:\/\/alohasurfacademy.com\/de\/information\/#breadcrumb","itemListElement":[{"@type":"ListItem","position":1,"name":"Home","item":"https:\/\/alohasurfacademy.com\/de\/"},{"@type":"ListItem","position":2,"name":"Fuerteventura Info"}]},{"@type":"WebSite","@id":"https:\/\/alohasurfacademy.com\/de\/#website","url":"https:\/\/alohasurfacademy.com\/de\/","name":"Aloha Surf Academy - The best surf school and surf camps in Fuerteventura - Corralejo","description":"Surf School, Surf Camp, Surfing Class, Surf Course in Corralejo - Fuerteventura","potentialAction":[{"@type":"SearchAction","target":{"@type":"EntryPoint","urlTemplate":"https:\/\/alohasurfacademy.com\/de\/?s={search_term_string}"},"query-input":{"@type":"PropertyValueSpecification","valueRequired":true,"valueName":"search_term_string"}}],"inLanguage":"de"}]}},"_links":{"self":[{"href":"https:\/\/alohasurfacademy.com\/de\/wp-json\/wp\/v2\/pages\/428","targetHints":{"allow":["GET"]}}],"collection":[{"href":"https:\/\/alohasurfacademy.com\/de\/wp-json\/wp\/v2\/pages"}],"about":[{"href":"https:\/\/alohasurfacademy.com\/de\/wp-json\/wp\/v2\/types\/page"}],"author":[{"embeddable":true,"href":"https:\/\/alohasurfacademy.com\/de\/wp-json\/wp\/v2\/users\/2"}],"replies":[{"embeddable":true,"href":"https:\/\/alohasurfacademy.com\/de\/wp-json\/wp\/v2\/comments?post=428"}],"version-history":[{"count":36,"href":"https:\/\/alohasurfacademy.com\/de\/wp-json\/wp\/v2\/pages\/428\/revisions"}],"predecessor-version":[{"id":7577,"href":"https:\/\/alohasurfacademy.com\/de\/wp-json\/wp\/v2\/pages\/428\/revisions\/7577"}],"wp:attachment":[{"href":"https:\/\/alohasurfacademy.com\/de\/wp-json\/wp\/v2\/media?parent=428"}],"curies":[{"name":"wp","href":"https:\/\/api.w.org\/{rel}","templated":true}]}}