{"id":451,"date":"2021-04-03T14:35:12","date_gmt":"2021-04-03T13:35:12","guid":{"rendered":"http:\/\/www.alohasurfacademy.ch\/xyz\/?page_id=451"},"modified":"2024-12-31T19:19:41","modified_gmt":"2024-12-31T19:19:41","slug":"yoga-retreat","status":"publish","type":"page","link":"https:\/\/alohasurfacademy.com\/de\/surf-courses\/yoga-retreat\/","title":{"rendered":"Yoga &#038; Vulkan-Wandern"},"content":{"rendered":"<h2>Yoga session am Strand<\/h2>\n<p><img loading=\"lazy\" decoding=\"async\" class=\"alignnone wp-image-5672 size-full\" src=\"https:\/\/alohasurfacademy.com\/wp-content\/uploads\/tjasa-yoga.jpg\" alt=\"\" width=\"800\" height=\"533\" srcset=\"https:\/\/alohasurfacademy.com\/wp-content\/uploads\/tjasa-yoga.jpg 800w, https:\/\/alohasurfacademy.com\/wp-content\/uploads\/tjasa-yoga-300x200.jpg 300w, https:\/\/alohasurfacademy.com\/wp-content\/uploads\/tjasa-yoga-768x512.jpg 768w\" sizes=\"(max-width: 800px) 100vw, 800px\" \/><br \/>\nYoga kommt dem Surfen sehr zu Gute! Die beanspruchte Muskulatur wird gelockert, entspannt und insgesamt wird Ihre Flexibilit\u00e4t verbessert, was Ihnen wiederum beim Surfen hilft. Yoga ist zudem eine k\u00f6rperliche Aktivit\u00e4t, die K\u00f6rper und Geist verbindet. Es gibt nichts Besseres als in Harmonie und Zufriedenheit mit sich und seinem K\u00f6rper zu sein. Probieren Sie\u00a0es aus und Sie werden es sehen!<\/p>\n<ul>\n<li><strong>Montag bis Samstag um 9:00 Uhr in Corralejo &#8211; Dauer 60 Minuten<\/strong><\/li>\n<li>Der Kurs ist auf Englisch.<\/li>\n<li>Bitte Buchung im Voraus und komm 5 Minuten vor Unterrichtsbeginn an.<\/li>\n<li>Preis von <strong>12 Euro<\/strong> pro Lektion<\/li>\n<\/ul>\n<h2>Vulkan-Wandern<\/h2>\n<p><img decoding=\"async\" class=\"aligncenter size-full wp-image-1337\" title=\"faq_surf_fuerteventura\" src=\"\/wp-content\/uploads\/new\/volcano_trek.jpg\" alt=\"\" width=\"600\" \/><\/p>\n<p>Erkunden Sie die einzigartigen Landschaften Fuerteventuras beim Vulkan-Wandern. Sie haben\u00a0ein unglaubliches Panorama auf die Nordk\u00fcste, die Sandd\u00fcnen, die blauen Buchten Corralejos und auf die Inseln Los Lobos und Lanzarote. Die Exkursionen finden je nach Nachfrage statt.<\/p>\n<ul>\n<li>Es gibt unterschiedliche Schwierigkeitsniveaus (von 1,5 bis 3 Stunden)<\/li>\n<\/ul>\n","protected":false},"excerpt":{"rendered":"<p>Yoga session am Strand Yoga kommt dem Surfen sehr zu Gute! Die beanspruchte Muskulatur wird gelockert, entspannt und insgesamt wird Ihre Flexibilit\u00e4t verbessert, was Ihnen wiederum beim Surfen hilft. Yoga ist zudem eine k\u00f6rperliche Aktivit\u00e4t, die K\u00f6rper und Geist verbindet. Es gibt nichts Besseres als in Harmonie und Zufriedenheit mit sich und seinem K\u00f6rper zu [&hellip;]<\/p>\n","protected":false},"author":2,"featured_media":0,"parent":493,"menu_order":6,"comment_status":"closed","ping_status":"closed","template":"","meta":{"footnotes":""},"class_list":["post-451","page","type-page","status-publish","hentry"],"yoast_head":"<!-- This site is optimized with the Yoast SEO plugin v27.5 - https:\/\/yoast.com\/product\/yoast-seo-wordpress\/ -->\n<title>Yoga &amp; Vulkan-Wandern - Aloha Surf Academy - The best surf school and surf camps in Fuerteventura - Corralejo<\/title>\n<meta name=\"description\" content=\"Ein 7-t\u00e4giges Erlebnis in tiefer Verbundenheit mit der Insel und der Natur, in unserer eigenen luxuri\u00f6sen Villa, mit einem t\u00e4glichen gastronomischen Men\u00fc aus frischen Inselprodukten, kombiniert mit Surfen, Wandern auf den Vulkanen, Yoga-Kursen und Wellness-Massage.\" \/>\n<meta name=\"robots\" content=\"index, follow, max-snippet:-1, max-image-preview:large, max-video-preview:-1\" \/>\n<link rel=\"canonical\" href=\"https:\/\/alohasurfacademy.com\/de\/surf-courses\/yoga-retreat\/\" \/>\n<meta property=\"og:locale\" content=\"de_DE\" \/>\n<meta property=\"og:type\" content=\"article\" \/>\n<meta property=\"og:title\" content=\"Yoga &amp; Vulkan-Wandern - Aloha Surf Academy - The best surf school and surf camps in Fuerteventura - Corralejo\" \/>\n<meta property=\"og:description\" content=\"Ein 7-t\u00e4giges Erlebnis in tiefer Verbundenheit mit der Insel und der Natur, in unserer eigenen luxuri\u00f6sen Villa, mit einem t\u00e4glichen gastronomischen Men\u00fc aus frischen Inselprodukten, kombiniert mit Surfen, Wandern auf den Vulkanen, Yoga-Kursen und Wellness-Massage.\" \/>\n<meta property=\"og:url\" content=\"https:\/\/alohasurfacademy.com\/de\/surf-courses\/yoga-retreat\/\" \/>\n<meta property=\"og:site_name\" content=\"Aloha Surf Academy - The best surf school and surf camps in Fuerteventura - Corralejo\" \/>\n<meta property=\"article:modified_time\" content=\"2024-12-31T19:19:41+00:00\" \/>\n<meta property=\"og:image\" content=\"https:\/\/alohasurfacademy.com\/wp-content\/uploads\/tjasa-yoga.jpg\" \/>\n\t<meta property=\"og:image:width\" content=\"800\" \/>\n\t<meta property=\"og:image:height\" content=\"533\" \/>\n\t<meta property=\"og:image:type\" content=\"image\/jpeg\" \/>\n<meta name=\"twitter:card\" content=\"summary_large_image\" \/>\n<meta name=\"twitter:label1\" content=\"Gesch\u00e4tzte Lesezeit\" \/>\n\t<meta name=\"twitter:data1\" content=\"2\u00a0Minuten\" \/>\n<script type=\"application\/ld+json\" class=\"yoast-schema-graph\">{\"@context\":\"https:\\\/\\\/schema.org\",\"@graph\":[{\"@type\":\"WebPage\",\"@id\":\"https:\\\/\\\/alohasurfacademy.com\\\/de\\\/surf-courses\\\/yoga-retreat\\\/\",\"url\":\"https:\\\/\\\/alohasurfacademy.com\\\/de\\\/surf-courses\\\/yoga-retreat\\\/\",\"name\":\"Yoga & Vulkan-Wandern - Aloha Surf Academy - The best surf school and surf camps in Fuerteventura - Corralejo\",\"isPartOf\":{\"@id\":\"https:\\\/\\\/alohasurfacademy.com\\\/de\\\/#website\"},\"primaryImageOfPage\":{\"@id\":\"https:\\\/\\\/alohasurfacademy.com\\\/de\\\/surf-courses\\\/yoga-retreat\\\/#primaryimage\"},\"image\":{\"@id\":\"https:\\\/\\\/alohasurfacademy.com\\\/de\\\/surf-courses\\\/yoga-retreat\\\/#primaryimage\"},\"thumbnailUrl\":\"https:\\\/\\\/alohasurfacademy.com\\\/wp-content\\\/uploads\\\/tjasa-yoga.jpg\",\"datePublished\":\"2021-04-03T13:35:12+00:00\",\"dateModified\":\"2024-12-31T19:19:41+00:00\",\"description\":\"Ein 7-t\u00e4giges Erlebnis in tiefer Verbundenheit mit der Insel und der Natur, in unserer eigenen luxuri\u00f6sen Villa, mit einem t\u00e4glichen gastronomischen Men\u00fc aus frischen Inselprodukten, kombiniert mit Surfen, Wandern auf den Vulkanen, Yoga-Kursen und Wellness-Massage.\",\"breadcrumb\":{\"@id\":\"https:\\\/\\\/alohasurfacademy.com\\\/de\\\/surf-courses\\\/yoga-retreat\\\/#breadcrumb\"},\"inLanguage\":\"de\",\"potentialAction\":[{\"@type\":\"ReadAction\",\"target\":[\"https:\\\/\\\/alohasurfacademy.com\\\/de\\\/surf-courses\\\/yoga-retreat\\\/\"]}]},{\"@type\":\"ImageObject\",\"inLanguage\":\"de\",\"@id\":\"https:\\\/\\\/alohasurfacademy.com\\\/de\\\/surf-courses\\\/yoga-retreat\\\/#primaryimage\",\"url\":\"https:\\\/\\\/alohasurfacademy.com\\\/wp-content\\\/uploads\\\/tjasa-yoga.jpg\",\"contentUrl\":\"https:\\\/\\\/alohasurfacademy.com\\\/wp-content\\\/uploads\\\/tjasa-yoga.jpg\"},{\"@type\":\"BreadcrumbList\",\"@id\":\"https:\\\/\\\/alohasurfacademy.com\\\/de\\\/surf-courses\\\/yoga-retreat\\\/#breadcrumb\",\"itemListElement\":[{\"@type\":\"ListItem\",\"position\":1,\"name\":\"Home\",\"item\":\"https:\\\/\\\/alohasurfacademy.com\\\/de\\\/\"},{\"@type\":\"ListItem\",\"position\":2,\"name\":\"Surf services\",\"item\":\"https:\\\/\\\/alohasurfacademy.com\\\/de\\\/surf-courses\\\/\"},{\"@type\":\"ListItem\",\"position\":3,\"name\":\"Yoga &#038; Vulkan-Wandern\"}]},{\"@type\":\"WebSite\",\"@id\":\"https:\\\/\\\/alohasurfacademy.com\\\/de\\\/#website\",\"url\":\"https:\\\/\\\/alohasurfacademy.com\\\/de\\\/\",\"name\":\"Aloha Surf Academy - The best surf school and surf camps in Fuerteventura - Corralejo\",\"description\":\"Surf School, Surf Camp, Surfing Class, Surf Course in Corralejo - Fuerteventura\",\"potentialAction\":[{\"@type\":\"SearchAction\",\"target\":{\"@type\":\"EntryPoint\",\"urlTemplate\":\"https:\\\/\\\/alohasurfacademy.com\\\/de\\\/?s={search_term_string}\"},\"query-input\":{\"@type\":\"PropertyValueSpecification\",\"valueRequired\":true,\"valueName\":\"search_term_string\"}}],\"inLanguage\":\"de\"}]}<\/script>\n<!-- \/ Yoast SEO plugin. -->","yoast_head_json":{"title":"Yoga & Vulkan-Wandern - Aloha Surf Academy - The best surf school and surf camps in Fuerteventura - Corralejo","description":"Ein 7-t\u00e4giges Erlebnis in tiefer Verbundenheit mit der Insel und der Natur, in unserer eigenen luxuri\u00f6sen Villa, mit einem t\u00e4glichen gastronomischen Men\u00fc aus frischen Inselprodukten, kombiniert mit Surfen, Wandern auf den Vulkanen, Yoga-Kursen und Wellness-Massage.","robots":{"index":"index","follow":"follow","max-snippet":"max-snippet:-1","max-image-preview":"max-image-preview:large","max-video-preview":"max-video-preview:-1"},"canonical":"https:\/\/alohasurfacademy.com\/de\/surf-courses\/yoga-retreat\/","og_locale":"de_DE","og_type":"article","og_title":"Yoga & Vulkan-Wandern - Aloha Surf Academy - The best surf school and surf camps in Fuerteventura - Corralejo","og_description":"Ein 7-t\u00e4giges Erlebnis in tiefer Verbundenheit mit der Insel und der Natur, in unserer eigenen luxuri\u00f6sen Villa, mit einem t\u00e4glichen gastronomischen Men\u00fc aus frischen Inselprodukten, kombiniert mit Surfen, Wandern auf den Vulkanen, Yoga-Kursen und Wellness-Massage.","og_url":"https:\/\/alohasurfacademy.com\/de\/surf-courses\/yoga-retreat\/","og_site_name":"Aloha Surf Academy - The best surf school and surf camps in Fuerteventura - Corralejo","article_modified_time":"2024-12-31T19:19:41+00:00","og_image":[{"width":800,"height":533,"url":"https:\/\/alohasurfacademy.com\/wp-content\/uploads\/tjasa-yoga.jpg","type":"image\/jpeg"}],"twitter_card":"summary_large_image","twitter_misc":{"Gesch\u00e4tzte Lesezeit":"2\u00a0Minuten"},"schema":{"@context":"https:\/\/schema.org","@graph":[{"@type":"WebPage","@id":"https:\/\/alohasurfacademy.com\/de\/surf-courses\/yoga-retreat\/","url":"https:\/\/alohasurfacademy.com\/de\/surf-courses\/yoga-retreat\/","name":"Yoga & Vulkan-Wandern - Aloha Surf Academy - The best surf school and surf camps in Fuerteventura - Corralejo","isPartOf":{"@id":"https:\/\/alohasurfacademy.com\/de\/#website"},"primaryImageOfPage":{"@id":"https:\/\/alohasurfacademy.com\/de\/surf-courses\/yoga-retreat\/#primaryimage"},"image":{"@id":"https:\/\/alohasurfacademy.com\/de\/surf-courses\/yoga-retreat\/#primaryimage"},"thumbnailUrl":"https:\/\/alohasurfacademy.com\/wp-content\/uploads\/tjasa-yoga.jpg","datePublished":"2021-04-03T13:35:12+00:00","dateModified":"2024-12-31T19:19:41+00:00","description":"Ein 7-t\u00e4giges Erlebnis in tiefer Verbundenheit mit der Insel und der Natur, in unserer eigenen luxuri\u00f6sen Villa, mit einem t\u00e4glichen gastronomischen Men\u00fc aus frischen Inselprodukten, kombiniert mit Surfen, Wandern auf den Vulkanen, Yoga-Kursen und Wellness-Massage.","breadcrumb":{"@id":"https:\/\/alohasurfacademy.com\/de\/surf-courses\/yoga-retreat\/#breadcrumb"},"inLanguage":"de","potentialAction":[{"@type":"ReadAction","target":["https:\/\/alohasurfacademy.com\/de\/surf-courses\/yoga-retreat\/"]}]},{"@type":"ImageObject","inLanguage":"de","@id":"https:\/\/alohasurfacademy.com\/de\/surf-courses\/yoga-retreat\/#primaryimage","url":"https:\/\/alohasurfacademy.com\/wp-content\/uploads\/tjasa-yoga.jpg","contentUrl":"https:\/\/alohasurfacademy.com\/wp-content\/uploads\/tjasa-yoga.jpg"},{"@type":"BreadcrumbList","@id":"https:\/\/alohasurfacademy.com\/de\/surf-courses\/yoga-retreat\/#breadcrumb","itemListElement":[{"@type":"ListItem","position":1,"name":"Home","item":"https:\/\/alohasurfacademy.com\/de\/"},{"@type":"ListItem","position":2,"name":"Surf services","item":"https:\/\/alohasurfacademy.com\/de\/surf-courses\/"},{"@type":"ListItem","position":3,"name":"Yoga &#038; Vulkan-Wandern"}]},{"@type":"WebSite","@id":"https:\/\/alohasurfacademy.com\/de\/#website","url":"https:\/\/alohasurfacademy.com\/de\/","name":"Aloha Surf Academy - The best surf school and surf camps in Fuerteventura - Corralejo","description":"Surf School, Surf Camp, Surfing Class, Surf Course in Corralejo - Fuerteventura","potentialAction":[{"@type":"SearchAction","target":{"@type":"EntryPoint","urlTemplate":"https:\/\/alohasurfacademy.com\/de\/?s={search_term_string}"},"query-input":{"@type":"PropertyValueSpecification","valueRequired":true,"valueName":"search_term_string"}}],"inLanguage":"de"}]}},"_links":{"self":[{"href":"https:\/\/alohasurfacademy.com\/de\/wp-json\/wp\/v2\/pages\/451","targetHints":{"allow":["GET"]}}],"collection":[{"href":"https:\/\/alohasurfacademy.com\/de\/wp-json\/wp\/v2\/pages"}],"about":[{"href":"https:\/\/alohasurfacademy.com\/de\/wp-json\/wp\/v2\/types\/page"}],"author":[{"embeddable":true,"href":"https:\/\/alohasurfacademy.com\/de\/wp-json\/wp\/v2\/users\/2"}],"replies":[{"embeddable":true,"href":"https:\/\/alohasurfacademy.com\/de\/wp-json\/wp\/v2\/comments?post=451"}],"version-history":[{"count":24,"href":"https:\/\/alohasurfacademy.com\/de\/wp-json\/wp\/v2\/pages\/451\/revisions"}],"predecessor-version":[{"id":9352,"href":"https:\/\/alohasurfacademy.com\/de\/wp-json\/wp\/v2\/pages\/451\/revisions\/9352"}],"up":[{"embeddable":true,"href":"https:\/\/alohasurfacademy.com\/de\/wp-json\/wp\/v2\/pages\/493"}],"wp:attachment":[{"href":"https:\/\/alohasurfacademy.com\/de\/wp-json\/wp\/v2\/media?parent=451"}],"curies":[{"name":"wp","href":"https:\/\/api.w.org\/{rel}","templated":true}]}}