{"id":499,"date":"2021-04-03T14:50:08","date_gmt":"2021-04-03T13:50:08","guid":{"rendered":"http:\/\/www.alohasurfacademy.ch\/xyz\/?page_id=499"},"modified":"2026-03-05T20:29:46","modified_gmt":"2026-03-05T20:29:46","slug":"improveyoursurf","status":"publish","type":"page","link":"https:\/\/alohasurfacademy.com\/de\/surf-courses\/improveyoursurf\/","title":{"rendered":"Kurs &#8218;improve your surf&#8216;"},"content":{"rendered":"<h3>Dein Steckbrief<\/h3>\n<p style=\"text-align: justify;\">Du bist kein Anf\u00e4nger mehr aber auch kein fortgeschrittener Surfer; Du willst deine Surf-F\u00e4higkeiten verbessern und kontrollieren. Mit n\u00fctzlichen Ratschl\u00e4gen helfen wir dich, neue Man\u00f6ver zu \u00fcben. Unser \u201eimprove your surf\u201c Kurs ist das richtige f\u00fcr dich!<\/p>\n<h3><a href=\"https:\/\/alohasurfacademy.com\/wp-content\/uploads\/\/DSC00459-1024x681.jpg\"><img loading=\"lazy\" decoding=\"async\" class=\"alignnone wp-image-4168 size-large\" src=\"https:\/\/alohasurfacademy.com\/wp-content\/uploads\/\/DSC00459-1024x681.jpg\" alt=\"DSC00459\" width=\"606\" height=\"403\" srcset=\"https:\/\/alohasurfacademy.com\/wp-content\/uploads\/DSC00459-1024x681.jpg 1024w, https:\/\/alohasurfacademy.com\/wp-content\/uploads\/DSC00459-300x200.jpg 300w\" sizes=\"(max-width: 606px) 100vw, 606px\" \/><\/a><\/h3>\n<h3 style=\"text-align: justify;\">Unser Programm<\/h3>\n<p>&#8211; Abh\u00e4ngig von den Surfbedingungen des jeweiligen Tages (Gezeiten, Wellengang, usw.), <strong>holen wir dich <\/strong>entweder morgens (ca. 10:30 Uhr) oder Nachmittags (ca. 14:30 Uhr) an deiner Unterkunft ab. Die genaue Abholzeit wird dich am Vortag per WhatsApp mitgeteilt. Der Kurs <strong>dauert 5-6 Stunden<\/strong>, inklusive Transport.<\/p>\n<p>&#8211; <strong>Der Surfkurs beinhaltet<\/strong> ein Surfkskate Kurs, den Transport zum Strand, Aufw\u00e4rmen, \u00dcbungen am Strand und im Wasser, eine Erholungspause, Stretching und normaleweise ein Free surf!<\/p>\n<p>&#8211; Die <strong>theoretischen<\/strong> Grundlagen, die f\u00fcr das Surfen wichtig sind, vermitteln wir meistens bei einem Kaffee\/Smoothie in einer Bar. Am Ende der Woche veranstalten wir gerne ein Mittag- oder Abendessen, bei dem die <strong>Surffotos der Woche<\/strong> angeschaut und analysiert werden.<\/p>\n<p>&#8211; Dieser Kurs ist <strong>exklusiv<\/strong> f\u00fcr dich. Es gibt nur <strong>eine einzelne Gruppe pro Tag<\/strong>, ohne festen Zeitplan und es handelt sich um deutlich mehr als \u201enur\u201c einen Surfkurs: Eine bereichernde Erfahrung mit regem Austausch \u00fcber unsere Ideen f\u00fcr ein nachhaltiges Leben, die Erhaltung der Umwelt und die Bedeutung von K\u00f6rperachtsamkeit mittels Sport, Atemtechniken und gesunder Ern\u00e4hrung.<\/p>\n<p>&#8211; Alles, was du mitbringen m\u00fcsst, sind <strong>Strandzeug<\/strong>, Wasser und etwas zu Essen! Unser Van bringt dich zum Strand, wo du vom Surflehrer das Material ausgeh\u00e4ndigt bekommst und sich mit dir um die notwendige B\u00fcrokratie k\u00fcmmert.<\/p>\n<p><a href=\"https:\/\/alohasurfacademy.com\/wp-content\/uploads\/\/DSC06612-1024x681.jpg\"><img loading=\"lazy\" decoding=\"async\" class=\"alignnone wp-image-4169 size-large\" src=\"https:\/\/alohasurfacademy.com\/wp-content\/uploads\/\/DSC06612-1024x681.jpg\" alt=\"SONY DSC\" width=\"606\" height=\"403\" srcset=\"https:\/\/alohasurfacademy.com\/wp-content\/uploads\/DSC06612-1024x681.jpg 1024w, https:\/\/alohasurfacademy.com\/wp-content\/uploads\/DSC06612-300x200.jpg 300w\" sizes=\"(max-width: 606px) 100vw, 606px\" \/><\/a><\/p>\n<h3>Dein individueller Kurs<\/h3>\n<p style=\"text-align: justify;\">&#8211; Dein Surflehrer, <strong>Lifeguard<\/strong>, \u00fcberwacht und schult dich in kleinen Gruppen (<strong>max. 6 Sch\u00fcler\/Lehrer<\/strong>).<\/p>\n<p style=\"text-align: justify;\">&#8211; Er beaufsichtigt und schult er dich mit einem <strong>individuellen Programm<\/strong>, intensiv und effizient, um dein Surfen zu perfektionieren!<\/p>\n<p>&#8211; Bei ASA nehmen wir die Bed\u00fcrfnisse jedes Kunden ernst. Der Unterricht wird an die <strong>pers\u00f6nlichen Bed\u00fcrfnisse<\/strong> und F\u00e4higkeiten jedes Kursteilnehmers angepasst.<\/p>\n<p>&#8211; Aufgrund dieses <strong>akademischen<\/strong> Ansatzes zeigen wir den Sch\u00fcler-innen keine einfachen, aber unrealistischen Pop-up-Techniken, wie es im Surfgesch\u00e4ft h\u00e4ufig \u00fcblich ist. Stattdessen bringen wir den Sch\u00fcler-innen bei, wie die besten Surfer der Welt (wie u.a. Kelly Slater), auf die Beine kommen.<\/p>\n<p>&#8211; In F\u00e4llen von k\u00f6rperlichen <strong>Einschr\u00e4nkungen<\/strong> passen wir die Techniken an, konzentrieren uns jedoch immer auf die richtige Technik.<\/p>\n<p style=\"text-align: justify;\">&#8211; Der Surflehrer achtet auf dich und passt sich deinen Lernrhytmus an und au\u00dferdem w\u00e4hlt er einen geeigneten und <b>sicheren Surfspot<\/b> f\u00fcr dich aus.<\/p>\n<p style=\"text-align: left;\">&#8211; Im Rahmen des Unterrichts werden viele \u00dcbungen an Land durchgef\u00fchrt, da die Sportwissenschaft belegt, dass der effizienteste Lernprozess durch den Aufbau des <strong>Muskelged\u00e4chtnisses<\/strong> und die Entwicklung einer Bewegungsautomatisierung erfolgt.<\/p>\n<p style=\"text-align: justify;\"><img decoding=\"async\" class=\"alignnone size-full wp-image-275\" src=\"http:\/\/www.alohasurfacademy.ch\/wp-content\/uploads\/surf_courses_intermediate.jpg\" alt=\"surf_courses_intermediate\" width=\"600\" srcset=\"https:\/\/alohasurfacademy.com\/wp-content\/uploads\/surf_courses_intermediate.jpg 900w, https:\/\/alohasurfacademy.com\/wp-content\/uploads\/surf_courses_intermediate-300x116.jpg 300w\" sizes=\"(max-width: 900px) 100vw, 900px\" \/><\/p>\n<h4>1-Tages Intermediate-Kurs<\/h4>\n<p style=\"text-align: justify;\">Es gibt einen integrierten Surfskate-Kurs, weiterhin f\u00e4hrst du gemeinsam mit den anderen Sch\u00fcler-innen zum Strand, unabh\u00e4ngig vom Surfniveau.<\/p>\n<p style=\"text-align: justify;\">Dann <strong>pr\u00fcft<\/strong> der Lehrer mit deinen gemeinsam dein Niveau in der Praxis auf einem Softboard. Falls n\u00f6tig gibt es einen kleinen Crashkurs zum Auffrischen der Basics, um schlechte Angewohnheiten zu korrigieren.<\/p>\n<p style=\"text-align: justify;\">Weiterhin lernst du alles \u00fcber Sicherheit und Verhaltensregeln im Wasser, Techniken zum Rauspaddeln, wie man brechende Wellen anstartet und erste Bottom-Turn-Technik. Du \u00fcbst dein neues Wissen im Wei\u00dfwasser oder auf brechenden Wellen, abh\u00e4ngig von den Bedingungen.<\/p>\n<p style=\"text-align: left;\">Aufgrund dem sportwissenschaftlichen Hintergrund von deinem Lehrer, beginnt der Unterricht immer mit einer adequaten <b>Erw\u00e4rmung<\/b> und endet mit einem <b>Cool-Down<\/b> und einer Dehneinheit, um die Regeneration zu beschleunigen und das <b>Verletzungsrisiko<\/b> zu senken.<\/p>\n<p style=\"text-align: justify;\"><b>Ein Surfskate-Session (Typ Carver Longboard) ist Teil deines Surfkurses.<\/b><\/p>\n<p><b><\/b>Skateboarding ist eine wertvolle Hilfestellung, um das Gleichgewicht zu verbessern und um dir eine gute K\u00f6rperhaltung auf dem Surfbrett zu erm\u00f6glichen. Das Gef\u00fchl des Gleitens ist \u00e4hnlich dem in einer Welle und Skaten lehrt dir Automatismen, die du im Wasser anwenden wirst! F\u00fcr die Fortgeschrittenen sind die garantierten Lernerfolge die Geschwindigkeitstechniken (section break passing) und die Belastung \/ Entlastung des K\u00f6rpers bei simulierten Turns zu lernen!<\/p>\n<p><a href=\"https:\/\/alohasurfacademy.com\/wp-content\/uploads\/\/carver-skate-3-300x200.png\"><img loading=\"lazy\" decoding=\"async\" class=\"alignnone size-medium wp-image-4172 alignleft\" src=\"https:\/\/alohasurfacademy.com\/wp-content\/uploads\/\/carver-skate-3-300x200.png\" alt=\"carver skate (3)\" width=\"300\" height=\"200\" srcset=\"https:\/\/alohasurfacademy.com\/wp-content\/uploads\/carver-skate-3-300x200.png 300w, https:\/\/alohasurfacademy.com\/wp-content\/uploads\/carver-skate-3-1024x681.png 1024w, https:\/\/alohasurfacademy.com\/wp-content\/uploads\/carver-skate-3.png 1600w\" sizes=\"(max-width: 300px) 100vw, 300px\" \/><\/a><\/p>\n<p><a href=\"https:\/\/alohasurfacademy.com\/wp-content\/uploads\/\/carver-skate-4-300x200.jpg\"><img loading=\"lazy\" decoding=\"async\" class=\"size-medium wp-image-4171\" src=\"https:\/\/alohasurfacademy.com\/wp-content\/uploads\/\/carver-skate-4-300x200.jpg\" alt=\"SONY DSC\" width=\"300\" height=\"200\" srcset=\"https:\/\/alohasurfacademy.com\/wp-content\/uploads\/carver-skate-4-300x200.jpg 300w, https:\/\/alohasurfacademy.com\/wp-content\/uploads\/carver-skate-4-1024x681.jpg 1024w\" sizes=\"(max-width: 300px) 100vw, 300px\" \/><\/a><\/p>\n<h4>3-Tages Intermediate-Kurs<\/h4>\n<p style=\"text-align: justify;\">Dem 1-Tages Intermediate-Kurs folgend, lernst du wie man am besten rauspaddelt und durch die Wellen durchkommt. Zus\u00e4tzlich wie man eine gr\u00fcne Welle seitlich entlanggleitet, einen Bottom-Turn macht und alles rund um das richtige Verhalten bei Wipeouts.<\/p>\n<p style=\"text-align: justify;\">Wir geben den Sch\u00fcler-innen ein st\u00e4ndiges <strong>Feedback<\/strong>. Jede einzelne Welle wird motivierend, aber auch korrigierend, kommentiert. Dazu verwenden wir haupts\u00e4chlich eine frontale Belehrung vom Strand aus.<\/p>\n<p><a href=\"https:\/\/alohasurfacademy.com\/wp-content\/uploads\/\/DSC08069-2-1024x682.jpg\"><img loading=\"lazy\" decoding=\"async\" class=\"alignnone wp-image-3777 size-large\" src=\"https:\/\/alohasurfacademy.com\/wp-content\/uploads\/\/DSC08069-2-1024x682.jpg\" alt=\"SONY DSC\" width=\"606\" height=\"404\" srcset=\"https:\/\/alohasurfacademy.com\/wp-content\/uploads\/DSC08069-2-1024x682.jpg 1024w, https:\/\/alohasurfacademy.com\/wp-content\/uploads\/DSC08069-2-300x200.jpg 300w\" sizes=\"(max-width: 606px) 100vw, 606px\" \/><\/a><\/p>\n<h4>5-Tages Intermediate-Kurs<\/h4>\n<p style=\"text-align: justify;\">Aufbauend auf den 3-Tages Intermediate-Kurs lernst du wie man am besten rauspaddelt und durch die Wellen durchkommt. Zus\u00e4tzlich wie man das optimale Man\u00f6ver an der richtigen Stelle in der Welle macht, Speed aufbaut und in Schlangenlinien die Welle entlang gleitet, um dann mit einem Kick-Out-Man\u00f6ver den Ride zu beenden!<\/p>\n<p style=\"text-align: justify;\"><strong>COMBO SURFKURS + SURFARI :<\/strong> Unser Surfkurs findet an einem Surfspot statt, der ideal ist, um neue Techniken zu erlernen. Die <a href=\"http:\/\/www.alohasurfacademy.ch\/surf-courses\/enjoy-your-surf\/?lang=de\">Surfari <\/a>ist eine gute Wahl, wenn du\u00a0 schon einen 3- oder 5-Tages Fortgeschrittenenkurs bei Aloha mitgemacht hast und deine neu erworbenen Kenntnisse in einem \u201efreien Surfbereich\u201c (challenging Wave) \u00fcben m\u00f6chtest. Dann bieten wir dir ein au\u00dfergew\u00f6hnliches Ereignis, einen <a href=\"https:\/\/alohasurfacademy.com\/fortgeschrittener-surfer\/?lang=de\"><b>Kurs f\u00fcr fortgeschrittene Surfer<\/b> !<\/a><\/p>\n<p style=\"text-align: justify;\"><a href=\"https:\/\/alohasurfacademy.com\/wp-content\/uploads\/\/sans-titre5-300x300.png\"><img loading=\"lazy\" decoding=\"async\" class=\"alignnone size-medium wp-image-4170\" src=\"https:\/\/alohasurfacademy.com\/wp-content\/uploads\/\/sans-titre5-300x300.png\" alt=\"sans-titre\" width=\"300\" height=\"300\" srcset=\"https:\/\/alohasurfacademy.com\/wp-content\/uploads\/sans-titre5-300x300.png 300w, https:\/\/alohasurfacademy.com\/wp-content\/uploads\/sans-titre5-150x150.png 150w, https:\/\/alohasurfacademy.com\/wp-content\/uploads\/sans-titre5-1024x1024.png 1024w, https:\/\/alohasurfacademy.com\/wp-content\/uploads\/sans-titre5.png 1080w\" sizes=\"(max-width: 300px) 100vw, 300px\" \/><\/a><\/p>\n<p><a href=\"https:\/\/alohasurfacademy.com\/wp-content\/uploads\/\/DSC02175-300x200.jpg\"><img loading=\"lazy\" decoding=\"async\" class=\"size-medium wp-image-4856\" src=\"https:\/\/alohasurfacademy.com\/wp-content\/uploads\/\/DSC02175-300x200.jpg\" alt=\"SONY DSC\" width=\"300\" height=\"200\" srcset=\"https:\/\/alohasurfacademy.com\/wp-content\/uploads\/DSC02175-300x200.jpg 300w, https:\/\/alohasurfacademy.com\/wp-content\/uploads\/DSC02175-1024x681.jpg 1024w\" sizes=\"(max-width: 300px) 100vw, 300px\" \/><\/a><\/p>\n<p>&nbsp;<\/p>\n","protected":false},"excerpt":{"rendered":"<p>Dein Steckbrief Du bist kein Anf\u00e4nger mehr aber auch kein fortgeschrittener Surfer; Du willst deine Surf-F\u00e4higkeiten verbessern und kontrollieren. Mit n\u00fctzlichen Ratschl\u00e4gen helfen wir dich, neue Man\u00f6ver zu \u00fcben. Unser \u201eimprove your surf\u201c Kurs ist das richtige f\u00fcr dich! Unser Programm &#8211; Abh\u00e4ngig von den Surfbedingungen des jeweiligen Tages (Gezeiten, Wellengang, usw.), holen wir dich [&hellip;]<\/p>\n","protected":false},"author":2,"featured_media":0,"parent":493,"menu_order":0,"comment_status":"closed","ping_status":"closed","template":"","meta":{"footnotes":""},"class_list":["post-499","page","type-page","status-publish","hentry"],"yoast_head":"<!-- This site is optimized with the Yoast SEO plugin v27.5 - https:\/\/yoast.com\/product\/yoast-seo-wordpress\/ -->\n<title>Kurs &#039;improve your surf&#039; - Aloha Surf Academy - The best surf school and surf camps in Fuerteventura - Corralejo<\/title>\n<meta name=\"description\" content=\"Deutscher Lehrer : Sie sind\u00a0kein Anf\u00e4nger mehr aber auch kein fortgeschrittener Surfe Unser \u201eimprove your surf\u201c Kurs ist das richtige f\u00fcr Sie!\" \/>\n<meta name=\"robots\" content=\"index, follow, max-snippet:-1, max-image-preview:large, max-video-preview:-1\" \/>\n<link rel=\"canonical\" href=\"https:\/\/alohasurfacademy.com\/de\/surf-courses\/improveyoursurf\/\" \/>\n<meta property=\"og:locale\" content=\"de_DE\" \/>\n<meta property=\"og:type\" content=\"article\" \/>\n<meta property=\"og:title\" content=\"Kurs &#039;improve your surf&#039; - Aloha Surf Academy - The best surf school and surf camps in Fuerteventura - Corralejo\" \/>\n<meta property=\"og:description\" content=\"Deutscher Lehrer : Sie sind\u00a0kein Anf\u00e4nger mehr aber auch kein fortgeschrittener Surfe Unser \u201eimprove your surf\u201c Kurs ist das richtige f\u00fcr Sie!\" \/>\n<meta property=\"og:url\" content=\"https:\/\/alohasurfacademy.com\/de\/surf-courses\/improveyoursurf\/\" \/>\n<meta property=\"og:site_name\" content=\"Aloha Surf Academy - The best surf school and surf camps in Fuerteventura - Corralejo\" \/>\n<meta property=\"article:modified_time\" content=\"2026-03-05T20:29:46+00:00\" \/>\n<meta property=\"og:image\" content=\"https:\/\/alohasurfacademy.com\/wp-content\/uploads\/DSC00459.jpg\" \/>\n\t<meta property=\"og:image:width\" content=\"4592\" \/>\n\t<meta property=\"og:image:height\" content=\"3056\" \/>\n\t<meta property=\"og:image:type\" content=\"image\/jpeg\" \/>\n<meta name=\"twitter:card\" content=\"summary_large_image\" \/>\n<meta name=\"twitter:label1\" content=\"Gesch\u00e4tzte Lesezeit\" \/>\n\t<meta name=\"twitter:data1\" content=\"6\u00a0Minuten\" \/>\n<script type=\"application\/ld+json\" class=\"yoast-schema-graph\">{\"@context\":\"https:\\\/\\\/schema.org\",\"@graph\":[{\"@type\":\"WebPage\",\"@id\":\"https:\\\/\\\/alohasurfacademy.com\\\/de\\\/surf-courses\\\/improveyoursurf\\\/\",\"url\":\"https:\\\/\\\/alohasurfacademy.com\\\/de\\\/surf-courses\\\/improveyoursurf\\\/\",\"name\":\"Kurs 'improve your surf' - Aloha Surf Academy - The best surf school and surf camps in Fuerteventura - Corralejo\",\"isPartOf\":{\"@id\":\"https:\\\/\\\/alohasurfacademy.com\\\/de\\\/#website\"},\"primaryImageOfPage\":{\"@id\":\"https:\\\/\\\/alohasurfacademy.com\\\/de\\\/surf-courses\\\/improveyoursurf\\\/#primaryimage\"},\"image\":{\"@id\":\"https:\\\/\\\/alohasurfacademy.com\\\/de\\\/surf-courses\\\/improveyoursurf\\\/#primaryimage\"},\"thumbnailUrl\":\"https:\\\/\\\/alohasurfacademy.com\\\/wp-content\\\/uploads\\\/\\\/DSC00459-1024x681.jpg\",\"datePublished\":\"2021-04-03T13:50:08+00:00\",\"dateModified\":\"2026-03-05T20:29:46+00:00\",\"description\":\"Deutscher Lehrer : Sie sind\u00a0kein Anf\u00e4nger mehr aber auch kein fortgeschrittener Surfe Unser \u201eimprove your surf\u201c Kurs ist das richtige f\u00fcr Sie!\",\"breadcrumb\":{\"@id\":\"https:\\\/\\\/alohasurfacademy.com\\\/de\\\/surf-courses\\\/improveyoursurf\\\/#breadcrumb\"},\"inLanguage\":\"de\",\"potentialAction\":[{\"@type\":\"ReadAction\",\"target\":[\"https:\\\/\\\/alohasurfacademy.com\\\/de\\\/surf-courses\\\/improveyoursurf\\\/\"]}]},{\"@type\":\"ImageObject\",\"inLanguage\":\"de\",\"@id\":\"https:\\\/\\\/alohasurfacademy.com\\\/de\\\/surf-courses\\\/improveyoursurf\\\/#primaryimage\",\"url\":\"https:\\\/\\\/alohasurfacademy.com\\\/wp-content\\\/uploads\\\/\\\/DSC00459-1024x681.jpg\",\"contentUrl\":\"https:\\\/\\\/alohasurfacademy.com\\\/wp-content\\\/uploads\\\/\\\/DSC00459-1024x681.jpg\"},{\"@type\":\"BreadcrumbList\",\"@id\":\"https:\\\/\\\/alohasurfacademy.com\\\/de\\\/surf-courses\\\/improveyoursurf\\\/#breadcrumb\",\"itemListElement\":[{\"@type\":\"ListItem\",\"position\":1,\"name\":\"Home\",\"item\":\"https:\\\/\\\/alohasurfacademy.com\\\/de\\\/\"},{\"@type\":\"ListItem\",\"position\":2,\"name\":\"Surf services\",\"item\":\"https:\\\/\\\/alohasurfacademy.com\\\/de\\\/surf-courses\\\/\"},{\"@type\":\"ListItem\",\"position\":3,\"name\":\"Kurs &#8216;improve your surf&#8217;\"}]},{\"@type\":\"WebSite\",\"@id\":\"https:\\\/\\\/alohasurfacademy.com\\\/de\\\/#website\",\"url\":\"https:\\\/\\\/alohasurfacademy.com\\\/de\\\/\",\"name\":\"Aloha Surf Academy - The best surf school and surf camps in Fuerteventura - Corralejo\",\"description\":\"Surf School, Surf Camp, Surfing Class, Surf Course in Corralejo - Fuerteventura\",\"potentialAction\":[{\"@type\":\"SearchAction\",\"target\":{\"@type\":\"EntryPoint\",\"urlTemplate\":\"https:\\\/\\\/alohasurfacademy.com\\\/de\\\/?s={search_term_string}\"},\"query-input\":{\"@type\":\"PropertyValueSpecification\",\"valueRequired\":true,\"valueName\":\"search_term_string\"}}],\"inLanguage\":\"de\"}]}<\/script>\n<!-- \/ Yoast SEO plugin. -->","yoast_head_json":{"title":"Kurs 'improve your surf' - Aloha Surf Academy - The best surf school and surf camps in Fuerteventura - Corralejo","description":"Deutscher Lehrer : Sie sind\u00a0kein Anf\u00e4nger mehr aber auch kein fortgeschrittener Surfe Unser \u201eimprove your surf\u201c Kurs ist das richtige f\u00fcr Sie!","robots":{"index":"index","follow":"follow","max-snippet":"max-snippet:-1","max-image-preview":"max-image-preview:large","max-video-preview":"max-video-preview:-1"},"canonical":"https:\/\/alohasurfacademy.com\/de\/surf-courses\/improveyoursurf\/","og_locale":"de_DE","og_type":"article","og_title":"Kurs 'improve your surf' - Aloha Surf Academy - The best surf school and surf camps in Fuerteventura - Corralejo","og_description":"Deutscher Lehrer : Sie sind\u00a0kein Anf\u00e4nger mehr aber auch kein fortgeschrittener Surfe Unser \u201eimprove your surf\u201c Kurs ist das richtige f\u00fcr Sie!","og_url":"https:\/\/alohasurfacademy.com\/de\/surf-courses\/improveyoursurf\/","og_site_name":"Aloha Surf Academy - The best surf school and surf camps in Fuerteventura - Corralejo","article_modified_time":"2026-03-05T20:29:46+00:00","og_image":[{"width":4592,"height":3056,"url":"https:\/\/alohasurfacademy.com\/wp-content\/uploads\/DSC00459.jpg","type":"image\/jpeg"}],"twitter_card":"summary_large_image","twitter_misc":{"Gesch\u00e4tzte Lesezeit":"6\u00a0Minuten"},"schema":{"@context":"https:\/\/schema.org","@graph":[{"@type":"WebPage","@id":"https:\/\/alohasurfacademy.com\/de\/surf-courses\/improveyoursurf\/","url":"https:\/\/alohasurfacademy.com\/de\/surf-courses\/improveyoursurf\/","name":"Kurs 'improve your surf' - Aloha Surf Academy - The best surf school and surf camps in Fuerteventura - Corralejo","isPartOf":{"@id":"https:\/\/alohasurfacademy.com\/de\/#website"},"primaryImageOfPage":{"@id":"https:\/\/alohasurfacademy.com\/de\/surf-courses\/improveyoursurf\/#primaryimage"},"image":{"@id":"https:\/\/alohasurfacademy.com\/de\/surf-courses\/improveyoursurf\/#primaryimage"},"thumbnailUrl":"https:\/\/alohasurfacademy.com\/wp-content\/uploads\/\/DSC00459-1024x681.jpg","datePublished":"2021-04-03T13:50:08+00:00","dateModified":"2026-03-05T20:29:46+00:00","description":"Deutscher Lehrer : Sie sind\u00a0kein Anf\u00e4nger mehr aber auch kein fortgeschrittener Surfe Unser \u201eimprove your surf\u201c Kurs ist das richtige f\u00fcr Sie!","breadcrumb":{"@id":"https:\/\/alohasurfacademy.com\/de\/surf-courses\/improveyoursurf\/#breadcrumb"},"inLanguage":"de","potentialAction":[{"@type":"ReadAction","target":["https:\/\/alohasurfacademy.com\/de\/surf-courses\/improveyoursurf\/"]}]},{"@type":"ImageObject","inLanguage":"de","@id":"https:\/\/alohasurfacademy.com\/de\/surf-courses\/improveyoursurf\/#primaryimage","url":"https:\/\/alohasurfacademy.com\/wp-content\/uploads\/\/DSC00459-1024x681.jpg","contentUrl":"https:\/\/alohasurfacademy.com\/wp-content\/uploads\/\/DSC00459-1024x681.jpg"},{"@type":"BreadcrumbList","@id":"https:\/\/alohasurfacademy.com\/de\/surf-courses\/improveyoursurf\/#breadcrumb","itemListElement":[{"@type":"ListItem","position":1,"name":"Home","item":"https:\/\/alohasurfacademy.com\/de\/"},{"@type":"ListItem","position":2,"name":"Surf services","item":"https:\/\/alohasurfacademy.com\/de\/surf-courses\/"},{"@type":"ListItem","position":3,"name":"Kurs &#8216;improve your surf&#8217;"}]},{"@type":"WebSite","@id":"https:\/\/alohasurfacademy.com\/de\/#website","url":"https:\/\/alohasurfacademy.com\/de\/","name":"Aloha Surf Academy - The best surf school and surf camps in Fuerteventura - Corralejo","description":"Surf School, Surf Camp, Surfing Class, Surf Course in Corralejo - Fuerteventura","potentialAction":[{"@type":"SearchAction","target":{"@type":"EntryPoint","urlTemplate":"https:\/\/alohasurfacademy.com\/de\/?s={search_term_string}"},"query-input":{"@type":"PropertyValueSpecification","valueRequired":true,"valueName":"search_term_string"}}],"inLanguage":"de"}]}},"_links":{"self":[{"href":"https:\/\/alohasurfacademy.com\/de\/wp-json\/wp\/v2\/pages\/499","targetHints":{"allow":["GET"]}}],"collection":[{"href":"https:\/\/alohasurfacademy.com\/de\/wp-json\/wp\/v2\/pages"}],"about":[{"href":"https:\/\/alohasurfacademy.com\/de\/wp-json\/wp\/v2\/types\/page"}],"author":[{"embeddable":true,"href":"https:\/\/alohasurfacademy.com\/de\/wp-json\/wp\/v2\/users\/2"}],"replies":[{"embeddable":true,"href":"https:\/\/alohasurfacademy.com\/de\/wp-json\/wp\/v2\/comments?post=499"}],"version-history":[{"count":69,"href":"https:\/\/alohasurfacademy.com\/de\/wp-json\/wp\/v2\/pages\/499\/revisions"}],"predecessor-version":[{"id":9603,"href":"https:\/\/alohasurfacademy.com\/de\/wp-json\/wp\/v2\/pages\/499\/revisions\/9603"}],"up":[{"embeddable":true,"href":"https:\/\/alohasurfacademy.com\/de\/wp-json\/wp\/v2\/pages\/493"}],"wp:attachment":[{"href":"https:\/\/alohasurfacademy.com\/de\/wp-json\/wp\/v2\/media?parent=499"}],"curies":[{"name":"wp","href":"https:\/\/api.w.org\/{rel}","templated":true}]}}