{"id":508,"date":"2021-04-03T14:49:24","date_gmt":"2021-04-03T13:49:24","guid":{"rendered":"http:\/\/www.alohasurfacademy.ch\/xyz\/?page_id=508"},"modified":"2024-09-11T12:46:48","modified_gmt":"2024-09-11T12:46:48","slug":"learntosurf","status":"publish","type":"page","link":"https:\/\/alohasurfacademy.com\/de\/surf-courses\/learntosurf\/","title":{"rendered":"Kurs &#8218;learn to surf&#8216;"},"content":{"rendered":"<h3 style=\"text-align: justify;\">Dein Steckbrief<\/h3>\n<p style=\"text-align: justify;\">Du f\u00fchlst dich angezogen vom Surfen und m\u00f6chtest gerne eine Einf\u00fchrung bekommen?<br \/>\nVielleicht hast du schon mal einen Surfkurs mitgemacht, oder hast ein fortgeschrittenes Anf\u00e4nger-Level und m\u00f6chtest weitermachen und die Wellen mit den Basistechniken meistern? Unser Surfkurs \u00ab learn to surf \u00bb ist genau das richtige f\u00fcr dich!<\/p>\n<p><img decoding=\"async\" class=\"alignnone size-full wp-image-230\" src=\"http:\/\/www.alohasurfacademy.ch\/wp-content\/uploads\/debutant-1.jpg\" alt=\"SONY DSC\" width=\"900\" srcset=\"https:\/\/alohasurfacademy.com\/wp-content\/uploads\/debutant-1.jpg 1200w, https:\/\/alohasurfacademy.com\/wp-content\/uploads\/debutant-1-300x199.jpg 300w, https:\/\/alohasurfacademy.com\/wp-content\/uploads\/debutant-1-1024x681.jpg 1024w\" sizes=\"(max-width: 1200px) 100vw, 1200px\" \/><\/p>\n<h3 style=\"text-align: justify;\">Unser Programm<\/h3>\n<p>&#8211; Abh\u00e4ngig von den Surfbedingungen des jeweiligen Tages (Gezeiten, Wellengang, usw.), <strong>holen wir dich <\/strong>entweder morgens (ca. 10:30 Uhr) oder nachmittags (ca. 14:30 Uhr) an deiner Unterkunft ab. Die genaue Abholzeit wird Ihnen am Vortag per WhatsApp mitgeteilt. Der Kurs <strong>dauert 5-6 Stunden<\/strong>, inklusive Transport.<\/p>\n<p>&#8211; <strong>Der Surfkurs beinhaltet<\/strong> ein Surfskate-Kurs, den Transport zum Strand, Aufw\u00e4rmen, \u00dcbungen am Strand und im Wasser, eine Erholungspause, Stretching und normaleweise ein Free surf!<\/p>\n<p>&#8211; Die <strong>theoretischen<\/strong> Grundlagen, die f\u00fcr das Surfen wichtig sind, vermitteln wir meistens bei einem Kaffee\/Smoothie in einer Bar. Am Ende der Woche veranstalten wir gerne ein Mittag- oder Abendessen, bei dem die <strong>Surffotos der Woche<\/strong> angeschaut und analysiert werden.<\/p>\n<p>&#8211; Dieser Kurs ist <strong>exklusiv<\/strong> f\u00fcr dich. Es gibt nur eine <strong>einzelne Gruppe pro Tag<\/strong>, ohne festen Zeitplan und es handelt sich um deutlich mehr als \u201enur\u201c einen Surfkurs: Eine bereichernde Erfahrung mit regem Austausch \u00fcber unsere Ideen f\u00fcr ein nachhaltiges Leben, die Erhaltung der Umwelt und die Bedeutung von K\u00f6rperachtsamkeit mittels Sport, Atemtechniken und gesunder Ern\u00e4hrung.<\/p>\n<p>&#8211; Alles, was du mitbringen m\u00fcssen, sind Strandzeug, Wasser und etwas zu essen! Unser Van bringt dich zum Strand, wo du vom Surflehrer das Material ausgeh\u00e4ndigt bekommst und sich mit dir um die notwendige B\u00fcrokratie k\u00fcmmert.<\/p>\n<p><a href=\"https:\/\/alohasurfacademy.com\/wp-content\/uploads\/\/20952131_10155740782139430_1470808862_o1-1024x681.jpg\"><img loading=\"lazy\" decoding=\"async\" class=\"alignnone wp-image-4124 size-large\" src=\"https:\/\/alohasurfacademy.com\/wp-content\/uploads\/\/20952131_10155740782139430_1470808862_o1-1024x681.jpg\" alt=\"20952131_10155740782139430_1470808862_o\" width=\"606\" height=\"403\" srcset=\"https:\/\/alohasurfacademy.com\/wp-content\/uploads\/20952131_10155740782139430_1470808862_o1-1024x681.jpg 1024w, https:\/\/alohasurfacademy.com\/wp-content\/uploads\/20952131_10155740782139430_1470808862_o1-300x199.jpg 300w, https:\/\/alohasurfacademy.com\/wp-content\/uploads\/20952131_10155740782139430_1470808862_o1.jpg 1280w\" sizes=\"(max-width: 606px) 100vw, 606px\" \/><\/a><\/p>\n<h3 style=\"text-align: justify;\">Dein pers\u00f6nlicher Kurs<\/h3>\n<p style=\"text-align: justify;\">Dein Surflehrer, <b>Pro<\/b>\u00a0<strong>Lifeguard<\/strong>, \u00fcberwacht und schult dich in kleinen Gruppen (<strong>max. 6 Sch\u00fcler\/Lehrer<\/strong>).<\/p>\n<p>Bei ASA nehmen wir die Bed\u00fcrfnisse jedes Kunden ernst. Der Unterricht wird an die <strong>pers\u00f6nlichen Bed\u00fcrfnisse<\/strong> und F\u00e4higkeiten jedes Kursteilnehmers angepasst.<\/p>\n<p>Aufgrund dieses <strong>akademischen<\/strong> Ansatzes zeigen wir den Sch\u00fcler-innen keine einfachen, aber unrealistischen Pop-up-Techniken, wie es im Surfgesch\u00e4ft h\u00e4ufig \u00fcblich ist. Stattdessen bringen wir den Sch\u00fcler-innen bei, wie die besten Surfer der Welt (wie u.a. Kelly Slater), auf die Beine kommen.<\/p>\n<p>In F\u00e4llen von k\u00f6rperlichen <strong>Einschr\u00e4nkungen<\/strong> passen wir die Techniken an, konzentrieren uns jedoch immer auf die richtige Technik.<\/p>\n<p style=\"text-align: justify;\">Der Surflehrer achtet auf dich und passt sich deinem Lernrhytmus an und au\u00dferdem w\u00e4hlt er einen geeigneten und <strong>sicheren Surfspot<\/strong> f\u00fcr dich aus.<\/p>\n<p><a href=\"https:\/\/alohasurfacademy.com\/wp-content\/uploads\/\/a-garder-site-21-1024x681.jpg\"><img loading=\"lazy\" decoding=\"async\" class=\"alignnone wp-image-4126 size-large\" src=\"https:\/\/alohasurfacademy.com\/wp-content\/uploads\/\/a-garder-site-21-1024x681.jpg\" alt=\"SONY DSC\" width=\"606\" height=\"403\" srcset=\"https:\/\/alohasurfacademy.com\/wp-content\/uploads\/a-garder-site-21-1024x681.jpg 1024w, https:\/\/alohasurfacademy.com\/wp-content\/uploads\/a-garder-site-21-300x200.jpg 300w\" sizes=\"(max-width: 606px) 100vw, 606px\" \/><\/a><\/p>\n<h4 style=\"text-align: justify;\">1-Tages Beginner-Kurs<\/h4>\n<p style=\"text-align: justify;\">Am ersten Tag wird dein Level eingesch\u00e4tzt.<\/p>\n<p style=\"text-align: left;\">Du lernst alles rund um Sicherheit und Verhaltensregeln beim Surfen sowie Weisswasserwellen zu surfen &#8211; zuerst im Liegen und wenn das gut klappt, lernen du den Take-off, um im Stehen zu surfen.<\/p>\n<p>Im Rahmen des Unterrichts werden viele \u00dcbungen an Land durchgef\u00fchrt, da die Sportwissenschaft belegt, dass der effizienteste Lernprozess durch den Aufbau des <strong>Muskelged\u00e4chtnisses<\/strong> und die Entwicklung einer Bewegungsautomatisierung erfolgt.<\/p>\n<p style=\"text-align: justify;\">Weiterhin gibt es einen integrierten Skateboard-Kurs um die Balance f\u00fcr das Surfen zu \u00fcben.<\/p>\n<p>Aufgrund dem sportwissenschaftlichen Hintergrund von Alex, deinem Lehrer, beginnt der Unterricht immer mit einer adequaten <b>Erw\u00e4rmung<\/b> und endet mit einem <b>Cool-Down<\/b> und einer Dehneinheit, um die Regeneration zu beschleunigen und das <b>Verletzungsrisiko<\/b> zu senken.<\/p>\n<p><a href=\"https:\/\/alohasurfacademy.com\/wp-content\/uploads\/\/a-garder-site-1-300x200.jpg\"><img loading=\"lazy\" decoding=\"async\" class=\"size-medium wp-image-4131 alignleft\" src=\"https:\/\/alohasurfacademy.com\/wp-content\/uploads\/\/a-garder-site-1-300x200.jpg\" alt=\"SONY DSC\" width=\"300\" height=\"200\" srcset=\"https:\/\/alohasurfacademy.com\/wp-content\/uploads\/a-garder-site-1-300x200.jpg 300w, https:\/\/alohasurfacademy.com\/wp-content\/uploads\/a-garder-site-1-1024x681.jpg 1024w\" sizes=\"(max-width: 300px) 100vw, 300px\" \/><\/a><\/p>\n<p><a href=\"https:\/\/alohasurfacademy.com\/wp-content\/uploads\/\/carver-skate-6-300x200.jpg\"><img loading=\"lazy\" decoding=\"async\" class=\"size-medium wp-image-4120 alignleft\" src=\"https:\/\/alohasurfacademy.com\/wp-content\/uploads\/\/carver-skate-6-300x200.jpg\" alt=\"SONY DSC\" width=\"300\" height=\"200\" srcset=\"https:\/\/alohasurfacademy.com\/wp-content\/uploads\/carver-skate-6-300x200.jpg 300w, https:\/\/alohasurfacademy.com\/wp-content\/uploads\/carver-skate-6-1024x681.jpg 1024w\" sizes=\"(max-width: 300px) 100vw, 300px\" \/><\/a><\/p>\n<p>&nbsp;<\/p>\n<p>&nbsp;<\/p>\n<p>&nbsp;<\/p>\n<p>&nbsp;<\/p>\n<p>&nbsp;<\/p>\n<p><strong>Surf skateboard-Session ist inklusive in deinem Surfkurs. <\/strong><\/p>\n<p>Skateboarding ist eine wertvolle Hilfestellung, um das Gleichgewicht zu verbessern und um dir eine gute K\u00f6rperhaltung auf dem Surfbrett zu erm\u00f6glichen. Das Gef\u00fchl des Gleitens ist \u00e4hnlich dem in einer Welle und Skaten lehrt dir Automatismen, die du im Wasser anwenden wirst! F\u00fcr Surfer mit mittlerem oder fortgeschrittenem Niveau, werden Techniken und Man\u00f6ver an Land entwickelt, so dass der Lernfortschritt sp\u00e4ter im Wasser extrem beschleunigt wird.<\/p>\n<p>&nbsp;<\/p>\n<h4 style=\"text-align: justify;\">3-Tages Beginner-Kurs<\/h4>\n<p style=\"text-align: justify;\">Dem 1-Tages Beginner-Kurs folgend lernst du alle Basistechniken f\u00fcr einen routinierten Take-off, so dass du nach den drei Tagen im Stehen surfst. Techniken, wie man den Ride gut beendet, wie man das Surfboard beschleunigt und bremst sowie die ersten Kurven, sind ebenso Bestandteil des Kurses.<\/p>\n<p style=\"text-align: justify;\">Wir geben den Sch\u00fcler-innen ein st\u00e4ndiges <strong>Feedback<\/strong>. Jede einzelne Welle wird motivierend, aber auch korrigierend, kommentiert. Dazu verwenden wir haupts\u00e4chlich eine frontale Belehrung vom Strand bzw, dem seichten\u00a0 Wasser aus.<\/p>\n<p><a href=\"https:\/\/alohasurfacademy.com\/wp-content\/uploads\/\/a-garder-site-4-1024x681.jpg\"><img loading=\"lazy\" decoding=\"async\" class=\"alignnone wp-image-4129 size-large\" src=\"https:\/\/alohasurfacademy.com\/wp-content\/uploads\/\/a-garder-site-4-1024x681.jpg\" alt=\"SONY DSC\" width=\"606\" height=\"403\" srcset=\"https:\/\/alohasurfacademy.com\/wp-content\/uploads\/a-garder-site-4-1024x681.jpg 1024w, https:\/\/alohasurfacademy.com\/wp-content\/uploads\/a-garder-site-4-300x200.jpg 300w\" sizes=\"(max-width: 606px) 100vw, 606px\" \/><\/a><\/p>\n<h4 style=\"text-align: justify;\">5-Tages Beginner-Kurs<\/h4>\n<p style=\"text-align: justify;\">Auf den 3-Tages-Kurs aufbauend lernst du alle Basistechniken f\u00fcr einen routinierten Take-off, so dass du immer sicherer im stehen surfst. Techniken, wie man den Ride gut beendet, wie man das Surfboard beschleunigt und bremst, weiterhin lernst du alle Paddeltechniken und wie man eine Welle passiert.<br \/>\nDu lernst Kurven zu fahren und dann geht es raus in die ersten brechenden Wellen, um den ersten Take-off in der brechenden Welle zu versuchen.<\/p>\n<p><strong>COMBO SURFKURS + RENTAL :<\/strong> Wir bieten unseren fortgeschrittenen Anf\u00e4ngerkund-innen, die M\u00f6glichkeit, Boards und Wetsuit f\u00fcr einen Tag <a href=\"http:\/\/www.alohasurfacademy.ch\/surf-courses\/enjoy-your-surf\/?lang=de\">auszuleihen, inklusive Transport<\/a> an den Strand mit den anderen Surfsch\u00fcler-innen.<br \/>\nDies ist eine gute M\u00f6glichkeit, wenn du schon den 3- oder 5-Tages-Beginner-Kurs mit Aloha mitgemacht hast und weiterhin \u00fcben willst, bevor du alleine ins Wasser gehst. EXKLUSIV UND NUR F\u00dcR DIE SCH\u00dcLER-INNEN DER ALOHA ACADEMY!<\/p>\n","protected":false},"excerpt":{"rendered":"<p>Dein Steckbrief Du f\u00fchlst dich angezogen vom Surfen und m\u00f6chtest gerne eine Einf\u00fchrung bekommen? Vielleicht hast du schon mal einen Surfkurs mitgemacht, oder hast ein fortgeschrittenes Anf\u00e4nger-Level und m\u00f6chtest weitermachen und die Wellen mit den Basistechniken meistern? Unser Surfkurs \u00ab learn to surf \u00bb ist genau das richtige f\u00fcr dich! Unser Programm &#8211; Abh\u00e4ngig von [&hellip;]<\/p>\n","protected":false},"author":2,"featured_media":0,"parent":493,"menu_order":1,"comment_status":"closed","ping_status":"closed","template":"","meta":{"footnotes":""},"class_list":["post-508","page","type-page","status-publish","hentry"],"yoast_head":"<!-- This site is optimized with the Yoast SEO plugin v27.5 - https:\/\/yoast.com\/product\/yoast-seo-wordpress\/ -->\n<title>Aloha Surf Academy - Surfen lernen in Corralejo, Fuerteventura - Spanien<\/title>\n<meta name=\"description\" content=\"Sie m\u00f6chten in Corralejo surfen lernen? Warten Sie nicht weiter und kontaktieren Sie uns f\u00fcr Ihre erste Surfstunde in Corralejo - Fuerteventura!\" \/>\n<meta name=\"robots\" content=\"index, follow, max-snippet:-1, max-image-preview:large, max-video-preview:-1\" \/>\n<link rel=\"canonical\" href=\"https:\/\/alohasurfacademy.com\/de\/surf-courses\/learntosurf\/\" \/>\n<meta property=\"og:locale\" content=\"de_DE\" \/>\n<meta property=\"og:type\" content=\"article\" \/>\n<meta property=\"og:title\" content=\"Aloha Surf Academy - Surfen lernen in Corralejo, Fuerteventura - Spanien\" \/>\n<meta property=\"og:description\" content=\"Sie m\u00f6chten in Corralejo surfen lernen? Warten Sie nicht weiter und kontaktieren Sie uns f\u00fcr Ihre erste Surfstunde in Corralejo - Fuerteventura!\" \/>\n<meta property=\"og:url\" content=\"https:\/\/alohasurfacademy.com\/de\/surf-courses\/learntosurf\/\" \/>\n<meta property=\"og:site_name\" content=\"Aloha Surf Academy - The best surf school and surf camps in Fuerteventura - Corralejo\" \/>\n<meta property=\"article:modified_time\" content=\"2024-09-11T12:46:48+00:00\" \/>\n<meta property=\"og:image\" content=\"http:\/\/www.alohasurfacademy.ch\/wp-content\/uploads\/debutant-1.jpg\" \/>\n<meta name=\"twitter:card\" content=\"summary_large_image\" \/>\n<meta name=\"twitter:label1\" content=\"Gesch\u00e4tzte Lesezeit\" \/>\n\t<meta name=\"twitter:data1\" content=\"5\u00a0Minuten\" \/>\n<script type=\"application\/ld+json\" class=\"yoast-schema-graph\">{\"@context\":\"https:\\\/\\\/schema.org\",\"@graph\":[{\"@type\":\"WebPage\",\"@id\":\"https:\\\/\\\/alohasurfacademy.com\\\/de\\\/surf-courses\\\/learntosurf\\\/\",\"url\":\"https:\\\/\\\/alohasurfacademy.com\\\/de\\\/surf-courses\\\/learntosurf\\\/\",\"name\":\"Aloha Surf Academy - Surfen lernen in Corralejo, Fuerteventura - Spanien\",\"isPartOf\":{\"@id\":\"https:\\\/\\\/alohasurfacademy.com\\\/de\\\/#website\"},\"primaryImageOfPage\":{\"@id\":\"https:\\\/\\\/alohasurfacademy.com\\\/de\\\/surf-courses\\\/learntosurf\\\/#primaryimage\"},\"image\":{\"@id\":\"https:\\\/\\\/alohasurfacademy.com\\\/de\\\/surf-courses\\\/learntosurf\\\/#primaryimage\"},\"thumbnailUrl\":\"http:\\\/\\\/www.alohasurfacademy.ch\\\/wp-content\\\/uploads\\\/debutant-1.jpg\",\"datePublished\":\"2021-04-03T13:49:24+00:00\",\"dateModified\":\"2024-09-11T12:46:48+00:00\",\"description\":\"Sie m\u00f6chten in Corralejo surfen lernen? Warten Sie nicht weiter und kontaktieren Sie uns f\u00fcr Ihre erste Surfstunde in Corralejo - Fuerteventura!\",\"breadcrumb\":{\"@id\":\"https:\\\/\\\/alohasurfacademy.com\\\/de\\\/surf-courses\\\/learntosurf\\\/#breadcrumb\"},\"inLanguage\":\"de\",\"potentialAction\":[{\"@type\":\"ReadAction\",\"target\":[\"https:\\\/\\\/alohasurfacademy.com\\\/de\\\/surf-courses\\\/learntosurf\\\/\"]}]},{\"@type\":\"ImageObject\",\"inLanguage\":\"de\",\"@id\":\"https:\\\/\\\/alohasurfacademy.com\\\/de\\\/surf-courses\\\/learntosurf\\\/#primaryimage\",\"url\":\"http:\\\/\\\/www.alohasurfacademy.ch\\\/wp-content\\\/uploads\\\/debutant-1.jpg\",\"contentUrl\":\"http:\\\/\\\/www.alohasurfacademy.ch\\\/wp-content\\\/uploads\\\/debutant-1.jpg\"},{\"@type\":\"BreadcrumbList\",\"@id\":\"https:\\\/\\\/alohasurfacademy.com\\\/de\\\/surf-courses\\\/learntosurf\\\/#breadcrumb\",\"itemListElement\":[{\"@type\":\"ListItem\",\"position\":1,\"name\":\"Home\",\"item\":\"https:\\\/\\\/alohasurfacademy.com\\\/de\\\/\"},{\"@type\":\"ListItem\",\"position\":2,\"name\":\"Surf services\",\"item\":\"https:\\\/\\\/alohasurfacademy.com\\\/de\\\/surf-courses\\\/\"},{\"@type\":\"ListItem\",\"position\":3,\"name\":\"Kurs &#8216;learn to surf&#8217;\"}]},{\"@type\":\"WebSite\",\"@id\":\"https:\\\/\\\/alohasurfacademy.com\\\/de\\\/#website\",\"url\":\"https:\\\/\\\/alohasurfacademy.com\\\/de\\\/\",\"name\":\"Aloha Surf Academy - The best surf school and surf camps in Fuerteventura - Corralejo\",\"description\":\"Surf School, Surf Camp, Surfing Class, Surf Course in Corralejo - Fuerteventura\",\"potentialAction\":[{\"@type\":\"SearchAction\",\"target\":{\"@type\":\"EntryPoint\",\"urlTemplate\":\"https:\\\/\\\/alohasurfacademy.com\\\/de\\\/?s={search_term_string}\"},\"query-input\":{\"@type\":\"PropertyValueSpecification\",\"valueRequired\":true,\"valueName\":\"search_term_string\"}}],\"inLanguage\":\"de\"}]}<\/script>\n<!-- \/ Yoast SEO plugin. -->","yoast_head_json":{"title":"Aloha Surf Academy - Surfen lernen in Corralejo, Fuerteventura - Spanien","description":"Sie m\u00f6chten in Corralejo surfen lernen? Warten Sie nicht weiter und kontaktieren Sie uns f\u00fcr Ihre erste Surfstunde in Corralejo - Fuerteventura!","robots":{"index":"index","follow":"follow","max-snippet":"max-snippet:-1","max-image-preview":"max-image-preview:large","max-video-preview":"max-video-preview:-1"},"canonical":"https:\/\/alohasurfacademy.com\/de\/surf-courses\/learntosurf\/","og_locale":"de_DE","og_type":"article","og_title":"Aloha Surf Academy - Surfen lernen in Corralejo, Fuerteventura - Spanien","og_description":"Sie m\u00f6chten in Corralejo surfen lernen? Warten Sie nicht weiter und kontaktieren Sie uns f\u00fcr Ihre erste Surfstunde in Corralejo - Fuerteventura!","og_url":"https:\/\/alohasurfacademy.com\/de\/surf-courses\/learntosurf\/","og_site_name":"Aloha Surf Academy - The best surf school and surf camps in Fuerteventura - Corralejo","article_modified_time":"2024-09-11T12:46:48+00:00","og_image":[{"url":"http:\/\/www.alohasurfacademy.ch\/wp-content\/uploads\/debutant-1.jpg","type":"","width":"","height":""}],"twitter_card":"summary_large_image","twitter_misc":{"Gesch\u00e4tzte Lesezeit":"5\u00a0Minuten"},"schema":{"@context":"https:\/\/schema.org","@graph":[{"@type":"WebPage","@id":"https:\/\/alohasurfacademy.com\/de\/surf-courses\/learntosurf\/","url":"https:\/\/alohasurfacademy.com\/de\/surf-courses\/learntosurf\/","name":"Aloha Surf Academy - Surfen lernen in Corralejo, Fuerteventura - Spanien","isPartOf":{"@id":"https:\/\/alohasurfacademy.com\/de\/#website"},"primaryImageOfPage":{"@id":"https:\/\/alohasurfacademy.com\/de\/surf-courses\/learntosurf\/#primaryimage"},"image":{"@id":"https:\/\/alohasurfacademy.com\/de\/surf-courses\/learntosurf\/#primaryimage"},"thumbnailUrl":"http:\/\/www.alohasurfacademy.ch\/wp-content\/uploads\/debutant-1.jpg","datePublished":"2021-04-03T13:49:24+00:00","dateModified":"2024-09-11T12:46:48+00:00","description":"Sie m\u00f6chten in Corralejo surfen lernen? Warten Sie nicht weiter und kontaktieren Sie uns f\u00fcr Ihre erste Surfstunde in Corralejo - Fuerteventura!","breadcrumb":{"@id":"https:\/\/alohasurfacademy.com\/de\/surf-courses\/learntosurf\/#breadcrumb"},"inLanguage":"de","potentialAction":[{"@type":"ReadAction","target":["https:\/\/alohasurfacademy.com\/de\/surf-courses\/learntosurf\/"]}]},{"@type":"ImageObject","inLanguage":"de","@id":"https:\/\/alohasurfacademy.com\/de\/surf-courses\/learntosurf\/#primaryimage","url":"http:\/\/www.alohasurfacademy.ch\/wp-content\/uploads\/debutant-1.jpg","contentUrl":"http:\/\/www.alohasurfacademy.ch\/wp-content\/uploads\/debutant-1.jpg"},{"@type":"BreadcrumbList","@id":"https:\/\/alohasurfacademy.com\/de\/surf-courses\/learntosurf\/#breadcrumb","itemListElement":[{"@type":"ListItem","position":1,"name":"Home","item":"https:\/\/alohasurfacademy.com\/de\/"},{"@type":"ListItem","position":2,"name":"Surf services","item":"https:\/\/alohasurfacademy.com\/de\/surf-courses\/"},{"@type":"ListItem","position":3,"name":"Kurs &#8216;learn to surf&#8217;"}]},{"@type":"WebSite","@id":"https:\/\/alohasurfacademy.com\/de\/#website","url":"https:\/\/alohasurfacademy.com\/de\/","name":"Aloha Surf Academy - The best surf school and surf camps in Fuerteventura - Corralejo","description":"Surf School, Surf Camp, Surfing Class, Surf Course in Corralejo - Fuerteventura","potentialAction":[{"@type":"SearchAction","target":{"@type":"EntryPoint","urlTemplate":"https:\/\/alohasurfacademy.com\/de\/?s={search_term_string}"},"query-input":{"@type":"PropertyValueSpecification","valueRequired":true,"valueName":"search_term_string"}}],"inLanguage":"de"}]}},"_links":{"self":[{"href":"https:\/\/alohasurfacademy.com\/de\/wp-json\/wp\/v2\/pages\/508","targetHints":{"allow":["GET"]}}],"collection":[{"href":"https:\/\/alohasurfacademy.com\/de\/wp-json\/wp\/v2\/pages"}],"about":[{"href":"https:\/\/alohasurfacademy.com\/de\/wp-json\/wp\/v2\/types\/page"}],"author":[{"embeddable":true,"href":"https:\/\/alohasurfacademy.com\/de\/wp-json\/wp\/v2\/users\/2"}],"replies":[{"embeddable":true,"href":"https:\/\/alohasurfacademy.com\/de\/wp-json\/wp\/v2\/comments?post=508"}],"version-history":[{"count":67,"href":"https:\/\/alohasurfacademy.com\/de\/wp-json\/wp\/v2\/pages\/508\/revisions"}],"predecessor-version":[{"id":9139,"href":"https:\/\/alohasurfacademy.com\/de\/wp-json\/wp\/v2\/pages\/508\/revisions\/9139"}],"up":[{"embeddable":true,"href":"https:\/\/alohasurfacademy.com\/de\/wp-json\/wp\/v2\/pages\/493"}],"wp:attachment":[{"href":"https:\/\/alohasurfacademy.com\/de\/wp-json\/wp\/v2\/media?parent=508"}],"curies":[{"name":"wp","href":"https:\/\/api.w.org\/{rel}","templated":true}]}}