{"id":516,"date":"2021-04-03T14:51:41","date_gmt":"2021-04-03T13:51:41","guid":{"rendered":"http:\/\/www.alohasurfacademy.ch\/xyz\/?page_id=516"},"modified":"2026-03-06T12:30:59","modified_gmt":"2026-03-06T12:30:59","slug":"costa-rica","status":"publish","type":"page","link":"https:\/\/alohasurfacademy.com\/de\/surf-courses\/costa-rica\/","title":{"rendered":"Costa Rica 2026\/2027"},"content":{"rendered":"<p style=\"text-align: center;\"><strong>Eure Lieblings-Surfakademie zieht von Juli 2026 bis Juni 2027 nach Costa Rica!<\/strong><\/p>\n<p><strong>Besucht uns im Paradies f\u00fcr eine Woche<\/strong> voller Surfen und Abenteuer in einem wundervollen Surfcamp in Playa Hermosa (Santa Teresa), mit dem wir die Ehre haben zusammenzuarbeiten.<\/p>\n<p><img loading=\"lazy\" decoding=\"async\" class=\"alignnone size-large wp-image-9612\" src=\"https:\/\/alohasurfacademy.com\/wp-content\/uploads\/\/DSC09111-1024x683.jpg\" alt=\"\" width=\"1024\" height=\"683\" srcset=\"https:\/\/alohasurfacademy.com\/wp-content\/uploads\/DSC09111-1024x683.jpg 1024w, https:\/\/alohasurfacademy.com\/wp-content\/uploads\/DSC09111-300x200.jpg 300w, https:\/\/alohasurfacademy.com\/wp-content\/uploads\/DSC09111-768x512.jpg 768w, https:\/\/alohasurfacademy.com\/wp-content\/uploads\/DSC09111-1536x1024.jpg 1536w, https:\/\/alohasurfacademy.com\/wp-content\/uploads\/DSC09111-2048x1365.jpg 2048w\" sizes=\"(max-width: 1024px) 100vw, 1024px\" \/><\/p>\n<p>Das Camp Dreamsea liegt mitten im <strong>Dschungel<\/strong>, nur 5 Gehminuten vom <strong>Strand<\/strong> entfernt. Wir erwarten euch mit <strong>best\u00e4ndigen Wellen<\/strong>, traumhaften Landschaften, <strong>warmem Wasser<\/strong>, und einer lebendigen Atmosph\u00e4re.<\/p>\n<p>Egal, ob ihr als Fortgeschrittener die perfekten Wellen sucht oder als Anf\u00e4nger eure ersten Wellen reiten wollt \u2013 wir haben f\u00fcr jeden Geschmack den passenden Surfspot.<\/p>\n<p><img loading=\"lazy\" decoding=\"async\" class=\"alignnone wp-image-9633 size-large\" src=\"https:\/\/alohasurfacademy.com\/wp-content\/uploads\/DSC09025-1024x683.jpg\" alt=\"\" width=\"1024\" height=\"683\" srcset=\"https:\/\/alohasurfacademy.com\/wp-content\/uploads\/DSC09025-1024x683.jpg 1024w, https:\/\/alohasurfacademy.com\/wp-content\/uploads\/DSC09025-300x200.jpg 300w, https:\/\/alohasurfacademy.com\/wp-content\/uploads\/DSC09025-768x512.jpg 768w, https:\/\/alohasurfacademy.com\/wp-content\/uploads\/DSC09025-1536x1024.jpg 1536w, https:\/\/alohasurfacademy.com\/wp-content\/uploads\/DSC09025-2048x1365.jpg 2048w\" sizes=\"(max-width: 1024px) 100vw, 1024px\" \/> <img loading=\"lazy\" decoding=\"async\" class=\"alignnone wp-image-9629 size-large\" src=\"https:\/\/alohasurfacademy.com\/wp-content\/uploads\/DSC08933-1024x683.jpg\" alt=\"\" width=\"1024\" height=\"683\" srcset=\"https:\/\/alohasurfacademy.com\/wp-content\/uploads\/DSC08933-1024x683.jpg 1024w, https:\/\/alohasurfacademy.com\/wp-content\/uploads\/DSC08933-300x200.jpg 300w, https:\/\/alohasurfacademy.com\/wp-content\/uploads\/DSC08933-768x512.jpg 768w, https:\/\/alohasurfacademy.com\/wp-content\/uploads\/DSC08933-1536x1024.jpg 1536w, https:\/\/alohasurfacademy.com\/wp-content\/uploads\/DSC08933-2048x1365.jpg 2048w\" sizes=\"(max-width: 1024px) 100vw, 1024px\" \/> \u00a0<img loading=\"lazy\" decoding=\"async\" class=\"alignnone wp-image-9641 size-large\" src=\"https:\/\/alohasurfacademy.com\/wp-content\/uploads\/P1011663-1024x683.jpg\" alt=\"\" width=\"1024\" height=\"683\" srcset=\"https:\/\/alohasurfacademy.com\/wp-content\/uploads\/P1011663-1024x683.jpg 1024w, https:\/\/alohasurfacademy.com\/wp-content\/uploads\/P1011663-300x200.jpg 300w, https:\/\/alohasurfacademy.com\/wp-content\/uploads\/P1011663-768x512.jpg 768w, https:\/\/alohasurfacademy.com\/wp-content\/uploads\/P1011663-1536x1024.jpg 1536w, https:\/\/alohasurfacademy.com\/wp-content\/uploads\/P1011663-2048x1365.jpg 2048w\" sizes=\"(max-width: 1024px) 100vw, 1024px\" \/><\/p>\n<p style=\"text-align: center;\"><strong>Was erwartet euch? Surfen, Surfskating, Eisbad, Massage, Yoga, Unterkunft mit leckerem, gesundem Essen und\u2026PURA VIDA!<\/strong><\/p>\n<p><u>ALOHA DREAMSEA PACKET<\/u><\/p>\n<ul>\n<li>7 \u00dcbernachtungen im Zimmer deiner Wahl<\/li>\n<li>T\u00e4glich reichhaltiges Fr\u00fchst\u00fcck<\/li>\n<li>5 Abendessen<\/li>\n<li>5 Surfstunden 90 Minuten<\/li>\n<li>3 Yogaklasse<\/li>\n<li>3 Surfskate-Sessions<\/li>\n<li>2 Eisb\u00e4der mit Atem\u00fcbungen<\/li>\n<li>Surftheorie<\/li>\n<li>Surfbrett- und Skateboardverleih<\/li>\n<li>Foto Analyse<\/li>\n<li>Indische Kopfmassage<\/li>\n<\/ul>\n<p>Preis ab 1.000 Euro im Schlafsaal \/ Nebensaison.<\/p>\n<ul>\n<li>Privatzimmer verf\u00fcgbar. Bettw\u00e4sche und Handt\u00fccher inklusive.<\/li>\n<li>Montag und Donnerstag kein Abendessen.<\/li>\n<li>Extras: Angeln, Reiten, Wasserfalltour, Dschungel-Zipline, Tauchen, Whalewatching Exkursionen \u00a0und vieles mehr!<\/li>\n<li>Hauptsaison: November bis April (Trockenzeit)\u00a0 \/ Nebensaison: Mai bis Oktober (Regenzeit)<\/li>\n<\/ul>\n<p><img loading=\"lazy\" decoding=\"async\" class=\"alignnone size-large wp-image-9661\" src=\"https:\/\/alohasurfacademy.com\/wp-content\/uploads\/\/P1011639-1024x683.jpg\" alt=\"\" width=\"1024\" height=\"683\" srcset=\"https:\/\/alohasurfacademy.com\/wp-content\/uploads\/P1011639-1024x683.jpg 1024w, https:\/\/alohasurfacademy.com\/wp-content\/uploads\/P1011639-300x200.jpg 300w, https:\/\/alohasurfacademy.com\/wp-content\/uploads\/P1011639-768x512.jpg 768w, https:\/\/alohasurfacademy.com\/wp-content\/uploads\/P1011639-1536x1024.jpg 1536w, https:\/\/alohasurfacademy.com\/wp-content\/uploads\/P1011639-2048x1365.jpg 2048w\" sizes=\"(max-width: 1024px) 100vw, 1024px\" \/><\/p>\n<p style=\"text-align: center;\"><strong>TERMINE TO JOIN US* :<\/strong><\/p>\n<p><em>Beginn: Samstag. Bleib so lange du m\u00f6chtest \u2013 wir passen die Anzahl deiner \u00dcbernachtungen flexibel an.<\/em><\/p>\n<p>25. Juli \u2013 1. August 2026 \/\/ 29. August \u2013 5. September 2026 \/\/ 26. September \u2013 3. Oktober 2026 \/\/ 24. \u2013 31. Oktober 2026 \/\/ 21. \u2013 28. November 2026 \/\/ 5. \u2013 12. Dezember 2026 \/\/ 23. \u2013 30. Januar 2027 \/\/ 20. \u2013 27. Februar 2027 \/\/ 20. \u2013 27. M\u00e4rz 2027 \/\/ 17. \u2013 24. April 2027 \/\/ 15. \u2013 22. Mai 2027 \/\/ 5. \u2013 12. Juni 2027<\/p>\n<p>*<em> Wir sind noch flexibel. Melde dich bei uns, wenn du in einer bestimmten Woche mit uns surfen m\u00f6chtest \ud83d\ude0a<\/em><\/p>\n<p><img loading=\"lazy\" decoding=\"async\" class=\"alignnone size-large wp-image-9625\" src=\"https:\/\/alohasurfacademy.com\/wp-content\/uploads\/\/DSC06373-1024x683.jpg\" alt=\"\" width=\"1024\" height=\"683\" srcset=\"https:\/\/alohasurfacademy.com\/wp-content\/uploads\/DSC06373-1024x683.jpg 1024w, https:\/\/alohasurfacademy.com\/wp-content\/uploads\/DSC06373-300x200.jpg 300w, https:\/\/alohasurfacademy.com\/wp-content\/uploads\/DSC06373-768x512.jpg 768w, https:\/\/alohasurfacademy.com\/wp-content\/uploads\/DSC06373-1536x1024.jpg 1536w, https:\/\/alohasurfacademy.com\/wp-content\/uploads\/DSC06373-2048x1365.jpg 2048w\" sizes=\"(max-width: 1024px) 100vw, 1024px\" \/> <img loading=\"lazy\" decoding=\"async\" class=\"alignnone size-large wp-image-9645\" src=\"https:\/\/alohasurfacademy.com\/wp-content\/uploads\/\/DSC05499-1024x683.jpg\" alt=\"\" width=\"1024\" height=\"683\" srcset=\"https:\/\/alohasurfacademy.com\/wp-content\/uploads\/DSC05499-1024x683.jpg 1024w, https:\/\/alohasurfacademy.com\/wp-content\/uploads\/DSC05499-300x200.jpg 300w, https:\/\/alohasurfacademy.com\/wp-content\/uploads\/DSC05499-768x512.jpg 768w, https:\/\/alohasurfacademy.com\/wp-content\/uploads\/DSC05499-1536x1024.jpg 1536w, https:\/\/alohasurfacademy.com\/wp-content\/uploads\/DSC05499-2048x1365.jpg 2048w\" sizes=\"(max-width: 1024px) 100vw, 1024px\" \/> <img loading=\"lazy\" decoding=\"async\" class=\"alignnone wp-image-9617 size-medium\" src=\"https:\/\/alohasurfacademy.com\/wp-content\/uploads\/\/Dorm-Room-1-300x200.jpg\" alt=\"\" width=\"300\" height=\"200\" srcset=\"https:\/\/alohasurfacademy.com\/wp-content\/uploads\/Dorm-Room-1-300x200.jpg 300w, https:\/\/alohasurfacademy.com\/wp-content\/uploads\/Dorm-Room-1-768x512.jpg 768w, https:\/\/alohasurfacademy.com\/wp-content\/uploads\/Dorm-Room-1.jpg 800w\" sizes=\"(max-width: 300px) 100vw, 300px\" \/> <img loading=\"lazy\" decoding=\"async\" class=\"alignnone wp-image-9621 size-medium\" src=\"https:\/\/alohasurfacademy.com\/wp-content\/uploads\/\/Double-King-Room-1-300x200.jpg\" alt=\"\" width=\"300\" height=\"200\" srcset=\"https:\/\/alohasurfacademy.com\/wp-content\/uploads\/Double-King-Room-1-300x200.jpg 300w, https:\/\/alohasurfacademy.com\/wp-content\/uploads\/Double-King-Room-1-768x512.jpg 768w, https:\/\/alohasurfacademy.com\/wp-content\/uploads\/Double-King-Room-1.jpg 800w\" sizes=\"(max-width: 300px) 100vw, 300px\" \/><\/p>\n<p style=\"text-align: center;\">Surfen in Costa Rica bietet dir die einzigartige Gelegenheit, sowohl die Wellen als auch die nat\u00fcrliche Sch\u00f6nheit der Umgebung zu genie\u00dfen, inklusive der vielf\u00e4ltigen Tierwelt wie Schildkr\u00f6ten, V\u00f6gel und Meerestiere.<\/p>\n<p style=\"text-align: center;\">KONTAKTIERE UNS JETZT F\u00dcR WEITERE INFO UND UM DEINE BUCHUNG VORZUNEHMEN!<\/p>\n<p style=\"text-align: center;\"><strong>Wir freuen uns riesig darauf, unseren neuen Lieblingsplatz mit dir zu teilen und unvergessliche Erinnerungen mit dir zu sammeln!<\/strong><\/p>\n<p style=\"text-align: center;\">Alex, Sophie, Nayra &amp; Iolani<\/p>\n<p><img loading=\"lazy\" decoding=\"async\" class=\"alignnone wp-image-9637 size-large\" src=\"https:\/\/alohasurfacademy.com\/wp-content\/uploads\/DSC09134-1024x683.jpg\" alt=\"\" width=\"1024\" height=\"683\" srcset=\"https:\/\/alohasurfacademy.com\/wp-content\/uploads\/DSC09134-1024x683.jpg 1024w, https:\/\/alohasurfacademy.com\/wp-content\/uploads\/DSC09134-300x200.jpg 300w, https:\/\/alohasurfacademy.com\/wp-content\/uploads\/DSC09134-768x512.jpg 768w, https:\/\/alohasurfacademy.com\/wp-content\/uploads\/DSC09134-1536x1024.jpg 1536w, https:\/\/alohasurfacademy.com\/wp-content\/uploads\/DSC09134-2048x1365.jpg 2048w\" sizes=\"(max-width: 1024px) 100vw, 1024px\" \/><\/p>\n","protected":false},"excerpt":{"rendered":"<p>Eure Lieblings-Surfakademie zieht von Juli 2026 bis Juni 2027 nach Costa Rica! Besucht uns im Paradies f\u00fcr eine Woche voller Surfen und Abenteuer in einem wundervollen Surfcamp in Playa Hermosa (Santa Teresa), mit dem wir die Ehre haben zusammenzuarbeiten. Das Camp Dreamsea liegt mitten im Dschungel, nur 5 Gehminuten vom Strand entfernt. Wir erwarten euch [&hellip;]<\/p>\n","protected":false},"author":2,"featured_media":0,"parent":493,"menu_order":3,"comment_status":"closed","ping_status":"closed","template":"","meta":{"footnotes":""},"class_list":["post-516","page","type-page","status-publish","hentry"],"yoast_head":"<!-- This site is optimized with the Yoast SEO plugin v27.4 - https:\/\/yoast.com\/product\/yoast-seo-wordpress\/ -->\n<title>Costa Rica 2026\/2027 - Aloha Surf Academy - The best surf school and surf camps in Fuerteventura - Corralejo<\/title>\n<meta name=\"description\" content=\"Besucht uns im Paradies f\u00fcr eine Woche voller Surfen und Abenteuer in einem wundervollen Surfcamp in Playa Hermosa (Santa Teresa), mit dem wir die Ehre haben zusammenzuarbeiten.\" \/>\n<meta name=\"robots\" content=\"index, follow, max-snippet:-1, max-image-preview:large, max-video-preview:-1\" \/>\n<link rel=\"canonical\" href=\"https:\/\/alohasurfacademy.com\/de\/surf-courses\/costa-rica\/\" \/>\n<meta property=\"og:locale\" content=\"de_DE\" \/>\n<meta property=\"og:type\" content=\"article\" \/>\n<meta property=\"og:title\" content=\"Costa Rica 2026\/2027 - Aloha Surf Academy - The best surf school and surf camps in Fuerteventura - Corralejo\" \/>\n<meta property=\"og:description\" content=\"Besucht uns im Paradies f\u00fcr eine Woche voller Surfen und Abenteuer in einem wundervollen Surfcamp in Playa Hermosa (Santa Teresa), mit dem wir die Ehre haben zusammenzuarbeiten.\" \/>\n<meta property=\"og:url\" content=\"https:\/\/alohasurfacademy.com\/de\/surf-courses\/costa-rica\/\" \/>\n<meta property=\"og:site_name\" content=\"Aloha Surf Academy - The best surf school and surf camps in Fuerteventura - Corralejo\" \/>\n<meta property=\"article:modified_time\" content=\"2026-03-06T12:30:59+00:00\" \/>\n<meta property=\"og:image\" content=\"https:\/\/alohasurfacademy.com\/wp-content\/uploads\/DSC09111-scaled.jpg\" \/>\n\t<meta property=\"og:image:width\" content=\"2560\" \/>\n\t<meta property=\"og:image:height\" content=\"1707\" \/>\n\t<meta property=\"og:image:type\" content=\"image\/jpeg\" \/>\n<meta name=\"twitter:card\" content=\"summary_large_image\" \/>\n<meta name=\"twitter:label1\" content=\"Gesch\u00e4tzte Lesezeit\" \/>\n\t<meta name=\"twitter:data1\" content=\"4\u00a0Minuten\" \/>\n<script type=\"application\/ld+json\" class=\"yoast-schema-graph\">{\"@context\":\"https:\\\/\\\/schema.org\",\"@graph\":[{\"@type\":\"WebPage\",\"@id\":\"https:\\\/\\\/alohasurfacademy.com\\\/de\\\/surf-courses\\\/costa-rica\\\/\",\"url\":\"https:\\\/\\\/alohasurfacademy.com\\\/de\\\/surf-courses\\\/costa-rica\\\/\",\"name\":\"Costa Rica 2026\\\/2027 - Aloha Surf Academy - The best surf school and surf camps in Fuerteventura - Corralejo\",\"isPartOf\":{\"@id\":\"https:\\\/\\\/alohasurfacademy.com\\\/de\\\/#website\"},\"primaryImageOfPage\":{\"@id\":\"https:\\\/\\\/alohasurfacademy.com\\\/de\\\/surf-courses\\\/costa-rica\\\/#primaryimage\"},\"image\":{\"@id\":\"https:\\\/\\\/alohasurfacademy.com\\\/de\\\/surf-courses\\\/costa-rica\\\/#primaryimage\"},\"thumbnailUrl\":\"https:\\\/\\\/alohasurfacademy.com\\\/wp-content\\\/uploads\\\/\\\/DSC09111-1024x683.jpg\",\"datePublished\":\"2021-04-03T13:51:41+00:00\",\"dateModified\":\"2026-03-06T12:30:59+00:00\",\"description\":\"Besucht uns im Paradies f\u00fcr eine Woche voller Surfen und Abenteuer in einem wundervollen Surfcamp in Playa Hermosa (Santa Teresa), mit dem wir die Ehre haben zusammenzuarbeiten.\",\"breadcrumb\":{\"@id\":\"https:\\\/\\\/alohasurfacademy.com\\\/de\\\/surf-courses\\\/costa-rica\\\/#breadcrumb\"},\"inLanguage\":\"de\",\"potentialAction\":[{\"@type\":\"ReadAction\",\"target\":[\"https:\\\/\\\/alohasurfacademy.com\\\/de\\\/surf-courses\\\/costa-rica\\\/\"]}]},{\"@type\":\"ImageObject\",\"inLanguage\":\"de\",\"@id\":\"https:\\\/\\\/alohasurfacademy.com\\\/de\\\/surf-courses\\\/costa-rica\\\/#primaryimage\",\"url\":\"https:\\\/\\\/alohasurfacademy.com\\\/wp-content\\\/uploads\\\/\\\/DSC09111-1024x683.jpg\",\"contentUrl\":\"https:\\\/\\\/alohasurfacademy.com\\\/wp-content\\\/uploads\\\/\\\/DSC09111-1024x683.jpg\"},{\"@type\":\"BreadcrumbList\",\"@id\":\"https:\\\/\\\/alohasurfacademy.com\\\/de\\\/surf-courses\\\/costa-rica\\\/#breadcrumb\",\"itemListElement\":[{\"@type\":\"ListItem\",\"position\":1,\"name\":\"Home\",\"item\":\"https:\\\/\\\/alohasurfacademy.com\\\/de\\\/\"},{\"@type\":\"ListItem\",\"position\":2,\"name\":\"Surf services\",\"item\":\"https:\\\/\\\/alohasurfacademy.com\\\/de\\\/surf-courses\\\/\"},{\"@type\":\"ListItem\",\"position\":3,\"name\":\"Costa Rica 2026\\\/2027\"}]},{\"@type\":\"WebSite\",\"@id\":\"https:\\\/\\\/alohasurfacademy.com\\\/de\\\/#website\",\"url\":\"https:\\\/\\\/alohasurfacademy.com\\\/de\\\/\",\"name\":\"Aloha Surf Academy - The best surf school and surf camps in Fuerteventura - Corralejo\",\"description\":\"Surf School, Surf Camp, Surfing Class, Surf Course in Corralejo - Fuerteventura\",\"potentialAction\":[{\"@type\":\"SearchAction\",\"target\":{\"@type\":\"EntryPoint\",\"urlTemplate\":\"https:\\\/\\\/alohasurfacademy.com\\\/de\\\/?s={search_term_string}\"},\"query-input\":{\"@type\":\"PropertyValueSpecification\",\"valueRequired\":true,\"valueName\":\"search_term_string\"}}],\"inLanguage\":\"de\"}]}<\/script>\n<!-- \/ Yoast SEO plugin. -->","yoast_head_json":{"title":"Costa Rica 2026\/2027 - Aloha Surf Academy - The best surf school and surf camps in Fuerteventura - Corralejo","description":"Besucht uns im Paradies f\u00fcr eine Woche voller Surfen und Abenteuer in einem wundervollen Surfcamp in Playa Hermosa (Santa Teresa), mit dem wir die Ehre haben zusammenzuarbeiten.","robots":{"index":"index","follow":"follow","max-snippet":"max-snippet:-1","max-image-preview":"max-image-preview:large","max-video-preview":"max-video-preview:-1"},"canonical":"https:\/\/alohasurfacademy.com\/de\/surf-courses\/costa-rica\/","og_locale":"de_DE","og_type":"article","og_title":"Costa Rica 2026\/2027 - Aloha Surf Academy - The best surf school and surf camps in Fuerteventura - Corralejo","og_description":"Besucht uns im Paradies f\u00fcr eine Woche voller Surfen und Abenteuer in einem wundervollen Surfcamp in Playa Hermosa (Santa Teresa), mit dem wir die Ehre haben zusammenzuarbeiten.","og_url":"https:\/\/alohasurfacademy.com\/de\/surf-courses\/costa-rica\/","og_site_name":"Aloha Surf Academy - The best surf school and surf camps in Fuerteventura - Corralejo","article_modified_time":"2026-03-06T12:30:59+00:00","og_image":[{"width":2560,"height":1707,"url":"https:\/\/alohasurfacademy.com\/wp-content\/uploads\/DSC09111-scaled.jpg","type":"image\/jpeg"}],"twitter_card":"summary_large_image","twitter_misc":{"Gesch\u00e4tzte Lesezeit":"4\u00a0Minuten"},"schema":{"@context":"https:\/\/schema.org","@graph":[{"@type":"WebPage","@id":"https:\/\/alohasurfacademy.com\/de\/surf-courses\/costa-rica\/","url":"https:\/\/alohasurfacademy.com\/de\/surf-courses\/costa-rica\/","name":"Costa Rica 2026\/2027 - Aloha Surf Academy - The best surf school and surf camps in Fuerteventura - Corralejo","isPartOf":{"@id":"https:\/\/alohasurfacademy.com\/de\/#website"},"primaryImageOfPage":{"@id":"https:\/\/alohasurfacademy.com\/de\/surf-courses\/costa-rica\/#primaryimage"},"image":{"@id":"https:\/\/alohasurfacademy.com\/de\/surf-courses\/costa-rica\/#primaryimage"},"thumbnailUrl":"https:\/\/alohasurfacademy.com\/wp-content\/uploads\/\/DSC09111-1024x683.jpg","datePublished":"2021-04-03T13:51:41+00:00","dateModified":"2026-03-06T12:30:59+00:00","description":"Besucht uns im Paradies f\u00fcr eine Woche voller Surfen und Abenteuer in einem wundervollen Surfcamp in Playa Hermosa (Santa Teresa), mit dem wir die Ehre haben zusammenzuarbeiten.","breadcrumb":{"@id":"https:\/\/alohasurfacademy.com\/de\/surf-courses\/costa-rica\/#breadcrumb"},"inLanguage":"de","potentialAction":[{"@type":"ReadAction","target":["https:\/\/alohasurfacademy.com\/de\/surf-courses\/costa-rica\/"]}]},{"@type":"ImageObject","inLanguage":"de","@id":"https:\/\/alohasurfacademy.com\/de\/surf-courses\/costa-rica\/#primaryimage","url":"https:\/\/alohasurfacademy.com\/wp-content\/uploads\/\/DSC09111-1024x683.jpg","contentUrl":"https:\/\/alohasurfacademy.com\/wp-content\/uploads\/\/DSC09111-1024x683.jpg"},{"@type":"BreadcrumbList","@id":"https:\/\/alohasurfacademy.com\/de\/surf-courses\/costa-rica\/#breadcrumb","itemListElement":[{"@type":"ListItem","position":1,"name":"Home","item":"https:\/\/alohasurfacademy.com\/de\/"},{"@type":"ListItem","position":2,"name":"Surf services","item":"https:\/\/alohasurfacademy.com\/de\/surf-courses\/"},{"@type":"ListItem","position":3,"name":"Costa Rica 2026\/2027"}]},{"@type":"WebSite","@id":"https:\/\/alohasurfacademy.com\/de\/#website","url":"https:\/\/alohasurfacademy.com\/de\/","name":"Aloha Surf Academy - The best surf school and surf camps in Fuerteventura - Corralejo","description":"Surf School, Surf Camp, Surfing Class, Surf Course in Corralejo - Fuerteventura","potentialAction":[{"@type":"SearchAction","target":{"@type":"EntryPoint","urlTemplate":"https:\/\/alohasurfacademy.com\/de\/?s={search_term_string}"},"query-input":{"@type":"PropertyValueSpecification","valueRequired":true,"valueName":"search_term_string"}}],"inLanguage":"de"}]}},"_links":{"self":[{"href":"https:\/\/alohasurfacademy.com\/de\/wp-json\/wp\/v2\/pages\/516","targetHints":{"allow":["GET"]}}],"collection":[{"href":"https:\/\/alohasurfacademy.com\/de\/wp-json\/wp\/v2\/pages"}],"about":[{"href":"https:\/\/alohasurfacademy.com\/de\/wp-json\/wp\/v2\/types\/page"}],"author":[{"embeddable":true,"href":"https:\/\/alohasurfacademy.com\/de\/wp-json\/wp\/v2\/users\/2"}],"replies":[{"embeddable":true,"href":"https:\/\/alohasurfacademy.com\/de\/wp-json\/wp\/v2\/comments?post=516"}],"version-history":[{"count":84,"href":"https:\/\/alohasurfacademy.com\/de\/wp-json\/wp\/v2\/pages\/516\/revisions"}],"predecessor-version":[{"id":9690,"href":"https:\/\/alohasurfacademy.com\/de\/wp-json\/wp\/v2\/pages\/516\/revisions\/9690"}],"up":[{"embeddable":true,"href":"https:\/\/alohasurfacademy.com\/de\/wp-json\/wp\/v2\/pages\/493"}],"wp:attachment":[{"href":"https:\/\/alohasurfacademy.com\/de\/wp-json\/wp\/v2\/media?parent=516"}],"curies":[{"name":"wp","href":"https:\/\/api.w.org\/{rel}","templated":true}]}}