{"id":524,"date":"2021-04-03T16:51:58","date_gmt":"2021-04-03T15:51:58","guid":{"rendered":"http:\/\/www.alohasurfacademy.ch\/xyz\/?page_id=524"},"modified":"2024-09-12T09:45:09","modified_gmt":"2024-09-12T09:45:09","slug":"enjoy-your-surf","status":"publish","type":"page","link":"https:\/\/alohasurfacademy.com\/de\/surf-courses\/enjoy-your-surf\/","title":{"rendered":"Surfari &#038; Privater Unterricht"},"content":{"rendered":"<p style=\"text-align: justify;\">Du m\u00f6chtest entspannt dieses einzigartige Gef\u00fchl vom Wellenreiten genie\u00dfen? Wir bringen dir zu den besten Spots und geben dich wichtige Informationen dazu! Sobald du auf der Insel landest, wirst du die besten Wellen genie\u00dfen k\u00f6nnen!<\/p>\n<h3>Surfari f\u00fcr fortgeschrittene Anf\u00e4nger<\/h3>\n<p><img loading=\"lazy\" decoding=\"async\" class=\"alignnone size-full wp-image-279\" src=\"http:\/\/www.alohasurfacademy.ch\/wp-content\/uploads\/guided_tour_1.jpg\" alt=\"guided_tour_1\" width=\"600\" height=\"233\" srcset=\"https:\/\/alohasurfacademy.com\/wp-content\/uploads\/guided_tour_1.jpg 600w, https:\/\/alohasurfacademy.com\/wp-content\/uploads\/guided_tour_1-300x116.jpg 300w\" sizes=\"(max-width: 600px) 100vw, 600px\" \/><\/p>\n<p style=\"text-align: justify;\">Wir bieten unseren fortgeschrittenen Anf\u00e4ngerkunden die M\u00f6glichkeit, Boards und Wetsuit f\u00fcr einen Tag auszuleihen, inklusive Transport an den Strand mit den anderen Surfsch\u00fclern.<br \/>\nDies ist eine gute M\u00f6glichkeit, wenn du schon den 3- oder 5-Tages-Beginner-Kurs mit Aloha mitgemacht hast und weiterhin \u00fcben m\u00f6chest, bevor du alleine ins Wasser gehst. EXKLUSIV UND NUR F\u00dcR DIE SCH\u00dcLER DER ALOHA ACADEMY!<\/p>\n<p style=\"text-align: justify;\"><em>35 euros, Inklusiv: Abholen und Transport\/Surf Material \/Informationen zum Spot\/ Beachlifeguard \/ Gruppen-Atmosph\u00e4re \/ Dauer 5-6 Stunden<\/em><\/p>\n<h3>Surfari f\u00fcr erfahrene Surfer<\/h3>\n<p><a href=\"https:\/\/alohasurfacademy.com\/wp-content\/uploads\/\/sans-titre23-1024x768.png\"><img loading=\"lazy\" decoding=\"async\" class=\"alignnone wp-image-4330 size-large\" src=\"https:\/\/alohasurfacademy.com\/wp-content\/uploads\/\/sans-titre23-1024x768.png\" alt=\"sans-titre2\" width=\"606\" height=\"455\" srcset=\"https:\/\/alohasurfacademy.com\/wp-content\/uploads\/sans-titre23-1024x768.png 1024w, https:\/\/alohasurfacademy.com\/wp-content\/uploads\/sans-titre23-300x225.png 300w, https:\/\/alohasurfacademy.com\/wp-content\/uploads\/sans-titre23.png 1600w\" sizes=\"(max-width: 606px) 100vw, 606px\" \/><\/a><\/p>\n<p style=\"text-align: justify;\">Die Guided Tour ist nur f\u00fcr erfahrene Surfer mit entsprechendem Surflevel gedacht. Der Guide bringt dich zu den Spots des Tages in Ber\u00fccksichtigung von Gezeiten, Wind und Swell. Weiterhin gibt dich der Guide ein genaues Briefing \u00fcber den jeweiligen Surfspot, so dass du sicher und entspannt ins Wasser k\u00f6nntest! Geniesse die besten Wellen der Insel mit unserem Tourguide!<\/p>\n<p style=\"text-align: justify;\">Dieses Angebot ist f\u00fcr dich, wenn du:<\/p>\n<ul style=\"text-align: justify;\">\n<li>+ 18 Jahre alt biest<\/li>\n<li>ein Intermediate oder Advanced Surfer bist<\/li>\n<li>\u00fcber ein entsprechendes Fitness Level verf\u00fcgen<\/li>\n<li>in der Lage sind\u00a0lange Strecken zu paddeln<\/li>\n<li>die Turtle Roll oder den Duck Dive beherrschen<\/li>\n<li>in der Lage sind\u00a0brechende Wellen zu surfen und Man\u00f6ver wie Bottom- und Top-Turn zu performen<\/li>\n<li>sich \u00fcber das Verhalten im Line-Up und die Vorfahrtsregeln im klaren sind<\/li>\n<li>im Falle eines Wipe-Outs richtig reagieren k\u00f6nnen<\/li>\n<\/ul>\n<p style=\"text-align: justify;\"><em>50 euros , Inklusiv: Abholen und Transport\/ Informationen zum Spot\/ kein \u00c4rger, einen Spot zu finden! \/ Dauer 3 Stunden (~90 Min im Wasser) \/ max 3 Guests.<\/em><\/p>\n<p style=\"text-align: justify;\"><a href=\"https:\/\/alohasurfacademy.com\/wp-content\/uploads\/\/gallerie-guided-tour-1-300x225.jpg\"><img loading=\"lazy\" decoding=\"async\" class=\" size-medium wp-image-4029 alignnone\" src=\"https:\/\/alohasurfacademy.com\/wp-content\/uploads\/\/gallerie-guided-tour-1-300x225.jpg\" alt=\"gallerie guided tour (1)\" width=\"300\" height=\"225\" srcset=\"https:\/\/alohasurfacademy.com\/wp-content\/uploads\/gallerie-guided-tour-1-300x225.jpg 300w, https:\/\/alohasurfacademy.com\/wp-content\/uploads\/gallerie-guided-tour-1-1024x768.jpg 1024w\" sizes=\"(max-width: 300px) 100vw, 300px\" \/><\/a><img loading=\"lazy\" decoding=\"async\" class=\" size-full wp-image-280 alignleft\" src=\"http:\/\/www.alohasurfacademy.ch\/wp-content\/uploads\/guided_tour_2.jpg\" alt=\"guided_tour_2\" width=\"600\" height=\"233\" srcset=\"https:\/\/alohasurfacademy.com\/wp-content\/uploads\/guided_tour_2.jpg 600w, https:\/\/alohasurfacademy.com\/wp-content\/uploads\/guided_tour_2-300x116.jpg 300w\" sizes=\"(max-width: 600px) 100vw, 600px\" \/><\/p>\n<p>&nbsp;<\/p>\n<p>&nbsp;<\/p>\n<p>&nbsp;<\/p>\n<p>&nbsp;<\/p>\n<p>&nbsp;<\/p>\n<p>&nbsp;<\/p>\n<p><strong>BEI DEINER ANFRAGE ZUR BUCHUNG EINER SURFARI<\/strong> : Was f\u00fcr ein Surfboard surfst du (Shape, Gr\u00f6\u00dfe)? Wie h\u00e4ufig im Jahr surfst du? Surfst du Beachbreak, Reefbreak? Surfst du Frontside und Backside? Hast du Surffotos? All das hilft uns, dein Surf-Level zu bestimmen und dir zu dem passenden Surfspot zu bringen. Entsprechende Grundkenntnisse in englisch oder spanisch sind, wichtig f\u00fcr die Kommunikation mit dem Guide.<\/p>\n<p><strong>FORTGESCHRITTENE SCH\u00dcLER-INNEN:<\/strong> Unser Surfkurs findet an einem Surfspot statt, der ideal ist, um neue Techniken zu erlernen. Die Surfari ist eine gute Wahl, wenn du schon einen 3- oder 5-Tages Fortgeschrittenenkurs bei Aloha mitgemacht hast und deine neu erworbenen Kenntnisse in einem \u201efreien Surfbereich\u201c \u00fcben m\u00f6chtest.<\/p>\n<h3>Surfari mit privatem Unterricht<\/h3>\n<p><a href=\"https:\/\/alohasurfacademy.com\/wp-content\/uploads\/\/ALEX-2-1024x681.jpg\"><img loading=\"lazy\" decoding=\"async\" class=\"wp-image-4337 size-large\" src=\"https:\/\/alohasurfacademy.com\/wp-content\/uploads\/\/ALEX-2-1024x681.jpg\" alt=\"SONY DSC\" width=\"606\" height=\"403\" srcset=\"https:\/\/alohasurfacademy.com\/wp-content\/uploads\/ALEX-2-1024x681.jpg 1024w, https:\/\/alohasurfacademy.com\/wp-content\/uploads\/ALEX-2-300x200.jpg 300w\" sizes=\"(max-width: 606px) 100vw, 606px\" \/><\/a><\/p>\n<p style=\"text-align: justify;\">Wir bieten eine guided tour mit privatem Unterricht an. Du surfst mit unserem Surflehrer die besten Spots des Tages und er gibt dir pers\u00f6nliche Tipps im Wasser. Du wirst dich sehr schnell verbessern! 100% Spa\u00df und effizient!<\/p>\n<p>Unser Coach ist studierter Sportwissenschaftler, gibt dir Ern\u00e4hrungsratschl\u00e4ge, um gen\u00fcgend Energie zum Surfen zu haben, und \u00dcbungen, um die beim Surfen verwendeten Muskeln zu st\u00e4rken.<\/p>\n<p style=\"text-align: justify;\"><em>100 euros, Inklusiv: Abholen und Transport\/ Informationen zum Spot\/ 1:1 coaching\/ pers\u00f6nliche Tipps im Wasser \/ Beachlifeguard \/ Dauer 3 .Stunden(~90 Min im Wasser)\u00a0<\/em><\/p>\n<ul style=\"textausrichtung: Rechtfertigen;\">\n<li>+ eine Analyse deiner Surf-Fotos f\u00fcr + 40 Euro hinzu<\/li>\n<li>+ ein Surf-skate-Training f\u00fcr + 40 Euro hinzu<\/li>\n<\/ul>\n","protected":false},"excerpt":{"rendered":"<p>Du m\u00f6chtest entspannt dieses einzigartige Gef\u00fchl vom Wellenreiten genie\u00dfen? Wir bringen dir zu den besten Spots und geben dich wichtige Informationen dazu! Sobald du auf der Insel landest, wirst du die besten Wellen genie\u00dfen k\u00f6nnen! Surfari f\u00fcr fortgeschrittene Anf\u00e4nger Wir bieten unseren fortgeschrittenen Anf\u00e4ngerkunden die M\u00f6glichkeit, Boards und Wetsuit f\u00fcr einen Tag auszuleihen, inklusive Transport [&hellip;]<\/p>\n","protected":false},"author":2,"featured_media":0,"parent":493,"menu_order":4,"comment_status":"closed","ping_status":"closed","template":"","meta":{"footnotes":""},"class_list":["post-524","page","type-page","status-publish","hentry"],"yoast_head":"<!-- This site is optimized with the Yoast SEO plugin v27.5 - https:\/\/yoast.com\/product\/yoast-seo-wordpress\/ -->\n<title>Surfari &amp; Privater Unterricht - Aloha Surf Academy - The best surf school and surf camps in Fuerteventura - Corralejo<\/title>\n<meta name=\"robots\" content=\"index, follow, max-snippet:-1, max-image-preview:large, max-video-preview:-1\" \/>\n<link rel=\"canonical\" href=\"https:\/\/alohasurfacademy.com\/de\/surf-courses\/enjoy-your-surf\/\" \/>\n<meta property=\"og:locale\" content=\"de_DE\" \/>\n<meta property=\"og:type\" content=\"article\" \/>\n<meta property=\"og:title\" content=\"Surfari &amp; Privater Unterricht - Aloha Surf Academy - The best surf school and surf camps in Fuerteventura - Corralejo\" \/>\n<meta property=\"og:description\" content=\"Du m\u00f6chtest entspannt dieses einzigartige Gef\u00fchl vom Wellenreiten genie\u00dfen? Wir bringen dir zu den besten Spots und geben dich wichtige Informationen dazu! Sobald du auf der Insel landest, wirst du die besten Wellen genie\u00dfen k\u00f6nnen! Surfari f\u00fcr fortgeschrittene Anf\u00e4nger Wir bieten unseren fortgeschrittenen Anf\u00e4ngerkunden die M\u00f6glichkeit, Boards und Wetsuit f\u00fcr einen Tag auszuleihen, inklusive Transport [&hellip;]\" \/>\n<meta property=\"og:url\" content=\"https:\/\/alohasurfacademy.com\/de\/surf-courses\/enjoy-your-surf\/\" \/>\n<meta property=\"og:site_name\" content=\"Aloha Surf Academy - The best surf school and surf camps in Fuerteventura - Corralejo\" \/>\n<meta property=\"article:modified_time\" content=\"2024-09-12T09:45:09+00:00\" \/>\n<meta property=\"og:image\" content=\"http:\/\/www.alohasurfacademy.ch\/wp-content\/uploads\/guided_tour_1.jpg\" \/>\n<meta name=\"twitter:card\" content=\"summary_large_image\" \/>\n<meta name=\"twitter:label1\" content=\"Gesch\u00e4tzte Lesezeit\" \/>\n\t<meta name=\"twitter:data1\" content=\"4\u00a0Minuten\" \/>\n<script type=\"application\/ld+json\" class=\"yoast-schema-graph\">{\"@context\":\"https:\\\/\\\/schema.org\",\"@graph\":[{\"@type\":\"WebPage\",\"@id\":\"https:\\\/\\\/alohasurfacademy.com\\\/de\\\/surf-courses\\\/enjoy-your-surf\\\/\",\"url\":\"https:\\\/\\\/alohasurfacademy.com\\\/de\\\/surf-courses\\\/enjoy-your-surf\\\/\",\"name\":\"Surfari & Privater Unterricht - Aloha Surf Academy - The best surf school and surf camps in Fuerteventura - Corralejo\",\"isPartOf\":{\"@id\":\"https:\\\/\\\/alohasurfacademy.com\\\/de\\\/#website\"},\"primaryImageOfPage\":{\"@id\":\"https:\\\/\\\/alohasurfacademy.com\\\/de\\\/surf-courses\\\/enjoy-your-surf\\\/#primaryimage\"},\"image\":{\"@id\":\"https:\\\/\\\/alohasurfacademy.com\\\/de\\\/surf-courses\\\/enjoy-your-surf\\\/#primaryimage\"},\"thumbnailUrl\":\"http:\\\/\\\/www.alohasurfacademy.ch\\\/wp-content\\\/uploads\\\/guided_tour_1.jpg\",\"datePublished\":\"2021-04-03T15:51:58+00:00\",\"dateModified\":\"2024-09-12T09:45:09+00:00\",\"breadcrumb\":{\"@id\":\"https:\\\/\\\/alohasurfacademy.com\\\/de\\\/surf-courses\\\/enjoy-your-surf\\\/#breadcrumb\"},\"inLanguage\":\"de\",\"potentialAction\":[{\"@type\":\"ReadAction\",\"target\":[\"https:\\\/\\\/alohasurfacademy.com\\\/de\\\/surf-courses\\\/enjoy-your-surf\\\/\"]}]},{\"@type\":\"ImageObject\",\"inLanguage\":\"de\",\"@id\":\"https:\\\/\\\/alohasurfacademy.com\\\/de\\\/surf-courses\\\/enjoy-your-surf\\\/#primaryimage\",\"url\":\"http:\\\/\\\/www.alohasurfacademy.ch\\\/wp-content\\\/uploads\\\/guided_tour_1.jpg\",\"contentUrl\":\"http:\\\/\\\/www.alohasurfacademy.ch\\\/wp-content\\\/uploads\\\/guided_tour_1.jpg\"},{\"@type\":\"BreadcrumbList\",\"@id\":\"https:\\\/\\\/alohasurfacademy.com\\\/de\\\/surf-courses\\\/enjoy-your-surf\\\/#breadcrumb\",\"itemListElement\":[{\"@type\":\"ListItem\",\"position\":1,\"name\":\"Home\",\"item\":\"https:\\\/\\\/alohasurfacademy.com\\\/de\\\/\"},{\"@type\":\"ListItem\",\"position\":2,\"name\":\"Surf services\",\"item\":\"https:\\\/\\\/alohasurfacademy.com\\\/de\\\/surf-courses\\\/\"},{\"@type\":\"ListItem\",\"position\":3,\"name\":\"Surfari &#038; Privater Unterricht\"}]},{\"@type\":\"WebSite\",\"@id\":\"https:\\\/\\\/alohasurfacademy.com\\\/de\\\/#website\",\"url\":\"https:\\\/\\\/alohasurfacademy.com\\\/de\\\/\",\"name\":\"Aloha Surf Academy - The best surf school and surf camps in Fuerteventura - Corralejo\",\"description\":\"Surf School, Surf Camp, Surfing Class, Surf Course in Corralejo - Fuerteventura\",\"potentialAction\":[{\"@type\":\"SearchAction\",\"target\":{\"@type\":\"EntryPoint\",\"urlTemplate\":\"https:\\\/\\\/alohasurfacademy.com\\\/de\\\/?s={search_term_string}\"},\"query-input\":{\"@type\":\"PropertyValueSpecification\",\"valueRequired\":true,\"valueName\":\"search_term_string\"}}],\"inLanguage\":\"de\"}]}<\/script>\n<!-- \/ Yoast SEO plugin. -->","yoast_head_json":{"title":"Surfari & Privater Unterricht - Aloha Surf Academy - The best surf school and surf camps in Fuerteventura - Corralejo","robots":{"index":"index","follow":"follow","max-snippet":"max-snippet:-1","max-image-preview":"max-image-preview:large","max-video-preview":"max-video-preview:-1"},"canonical":"https:\/\/alohasurfacademy.com\/de\/surf-courses\/enjoy-your-surf\/","og_locale":"de_DE","og_type":"article","og_title":"Surfari & Privater Unterricht - Aloha Surf Academy - The best surf school and surf camps in Fuerteventura - Corralejo","og_description":"Du m\u00f6chtest entspannt dieses einzigartige Gef\u00fchl vom Wellenreiten genie\u00dfen? Wir bringen dir zu den besten Spots und geben dich wichtige Informationen dazu! Sobald du auf der Insel landest, wirst du die besten Wellen genie\u00dfen k\u00f6nnen! Surfari f\u00fcr fortgeschrittene Anf\u00e4nger Wir bieten unseren fortgeschrittenen Anf\u00e4ngerkunden die M\u00f6glichkeit, Boards und Wetsuit f\u00fcr einen Tag auszuleihen, inklusive Transport [&hellip;]","og_url":"https:\/\/alohasurfacademy.com\/de\/surf-courses\/enjoy-your-surf\/","og_site_name":"Aloha Surf Academy - The best surf school and surf camps in Fuerteventura - Corralejo","article_modified_time":"2024-09-12T09:45:09+00:00","og_image":[{"url":"http:\/\/www.alohasurfacademy.ch\/wp-content\/uploads\/guided_tour_1.jpg","type":"","width":"","height":""}],"twitter_card":"summary_large_image","twitter_misc":{"Gesch\u00e4tzte Lesezeit":"4\u00a0Minuten"},"schema":{"@context":"https:\/\/schema.org","@graph":[{"@type":"WebPage","@id":"https:\/\/alohasurfacademy.com\/de\/surf-courses\/enjoy-your-surf\/","url":"https:\/\/alohasurfacademy.com\/de\/surf-courses\/enjoy-your-surf\/","name":"Surfari & Privater Unterricht - Aloha Surf Academy - The best surf school and surf camps in Fuerteventura - Corralejo","isPartOf":{"@id":"https:\/\/alohasurfacademy.com\/de\/#website"},"primaryImageOfPage":{"@id":"https:\/\/alohasurfacademy.com\/de\/surf-courses\/enjoy-your-surf\/#primaryimage"},"image":{"@id":"https:\/\/alohasurfacademy.com\/de\/surf-courses\/enjoy-your-surf\/#primaryimage"},"thumbnailUrl":"http:\/\/www.alohasurfacademy.ch\/wp-content\/uploads\/guided_tour_1.jpg","datePublished":"2021-04-03T15:51:58+00:00","dateModified":"2024-09-12T09:45:09+00:00","breadcrumb":{"@id":"https:\/\/alohasurfacademy.com\/de\/surf-courses\/enjoy-your-surf\/#breadcrumb"},"inLanguage":"de","potentialAction":[{"@type":"ReadAction","target":["https:\/\/alohasurfacademy.com\/de\/surf-courses\/enjoy-your-surf\/"]}]},{"@type":"ImageObject","inLanguage":"de","@id":"https:\/\/alohasurfacademy.com\/de\/surf-courses\/enjoy-your-surf\/#primaryimage","url":"http:\/\/www.alohasurfacademy.ch\/wp-content\/uploads\/guided_tour_1.jpg","contentUrl":"http:\/\/www.alohasurfacademy.ch\/wp-content\/uploads\/guided_tour_1.jpg"},{"@type":"BreadcrumbList","@id":"https:\/\/alohasurfacademy.com\/de\/surf-courses\/enjoy-your-surf\/#breadcrumb","itemListElement":[{"@type":"ListItem","position":1,"name":"Home","item":"https:\/\/alohasurfacademy.com\/de\/"},{"@type":"ListItem","position":2,"name":"Surf services","item":"https:\/\/alohasurfacademy.com\/de\/surf-courses\/"},{"@type":"ListItem","position":3,"name":"Surfari &#038; Privater Unterricht"}]},{"@type":"WebSite","@id":"https:\/\/alohasurfacademy.com\/de\/#website","url":"https:\/\/alohasurfacademy.com\/de\/","name":"Aloha Surf Academy - The best surf school and surf camps in Fuerteventura - Corralejo","description":"Surf School, Surf Camp, Surfing Class, Surf Course in Corralejo - Fuerteventura","potentialAction":[{"@type":"SearchAction","target":{"@type":"EntryPoint","urlTemplate":"https:\/\/alohasurfacademy.com\/de\/?s={search_term_string}"},"query-input":{"@type":"PropertyValueSpecification","valueRequired":true,"valueName":"search_term_string"}}],"inLanguage":"de"}]}},"_links":{"self":[{"href":"https:\/\/alohasurfacademy.com\/de\/wp-json\/wp\/v2\/pages\/524","targetHints":{"allow":["GET"]}}],"collection":[{"href":"https:\/\/alohasurfacademy.com\/de\/wp-json\/wp\/v2\/pages"}],"about":[{"href":"https:\/\/alohasurfacademy.com\/de\/wp-json\/wp\/v2\/types\/page"}],"author":[{"embeddable":true,"href":"https:\/\/alohasurfacademy.com\/de\/wp-json\/wp\/v2\/users\/2"}],"replies":[{"embeddable":true,"href":"https:\/\/alohasurfacademy.com\/de\/wp-json\/wp\/v2\/comments?post=524"}],"version-history":[{"count":32,"href":"https:\/\/alohasurfacademy.com\/de\/wp-json\/wp\/v2\/pages\/524\/revisions"}],"predecessor-version":[{"id":9156,"href":"https:\/\/alohasurfacademy.com\/de\/wp-json\/wp\/v2\/pages\/524\/revisions\/9156"}],"up":[{"embeddable":true,"href":"https:\/\/alohasurfacademy.com\/de\/wp-json\/wp\/v2\/pages\/493"}],"wp:attachment":[{"href":"https:\/\/alohasurfacademy.com\/de\/wp-json\/wp\/v2\/media?parent=524"}],"curies":[{"name":"wp","href":"https:\/\/api.w.org\/{rel}","templated":true}]}}