{"id":650,"date":"2021-04-03T15:20:23","date_gmt":"2021-04-03T14:20:23","guid":{"rendered":"http:\/\/www.alohasurfacademy.ch\/xyz\/?page_id=650"},"modified":"2025-11-17T19:18:06","modified_gmt":"2025-11-17T19:18:06","slug":"prices","status":"publish","type":"page","link":"https:\/\/alohasurfacademy.com\/de\/prices\/","title":{"rendered":"Preise"},"content":{"rendered":"<p><strong>SURFKURS PREISE<\/strong><\/p>\n<ol>\n<li>Tag Surfkurs : 70 euros<\/li>\n<li>Tage Surfkurs : 140 euros<\/li>\n<li>Tage Surfkurs : 210 euros<\/li>\n<li>\u26a0\ufe0f Rabatt ab 4 Tage Surfkurs : 265 euros<\/li>\n<li>Tage Surfkurs : 320 euros, dann ab + 60 euros\/Tag<\/li>\n<\/ol>\n<h3><\/h3>\n<h3>N\u00fctzliche Informationen Surfkurs<\/h3>\n<p>Unsere Surfschule ist f\u00fcr Kunden geeignet, die das Surfen lernen oder ernsthaft weiterlernen m\u00f6chten und die engagiert, <strong>sportlich<\/strong>\u00a0und motiviert sind!<\/p>\n<p><strong>Unserer\u00a0 Lehrer ist <\/strong>freundlich, geduldig und ermutigend. Er setzt sich zu 100% ein, um dir gute Erkl\u00e4rungen und Vorschl\u00e4ge zur Verbesserung deiner Technik zu geben und ist gleichzeitig super ermutigend.<\/p>\n<p><strong>ZEITPLAN<\/strong> <strong>IST ABH\u00c4NGIG VON DEN GEZEITEN:<\/strong> normalerweise ist Abfahrt um 10:30 oder 14:30 Uhr<br \/>\n<strong>DAUER<\/strong>: 5 bis 6 Stunden pro Tag*<br \/>\n<strong>LEHRERSPRACHE ALEX COACH<\/strong> : DEU \/ ENG \/ FRE \/ SPA \/ DUT \/ ITA<br \/>\n<strong>INKLUSIVE<\/strong>:<\/p>\n<ul>\n<li>Abholung in Corralejo oder Treffunkt in Lajares<\/li>\n<li>Einf\u00fchrung von Surfskate<\/li>\n<li>Fahrt zum Strand und zur\u00fcck<\/li>\n<li>Material Brett\/ Neoprenanzung<\/li>\n<li>hochwertiger Surfkurs auf Deutsch<\/li>\n<li>professionelle Betreuung<\/li>\n<li>free surf Zeit nach dem Unterricht<\/li>\n<li>Pro Surfer &amp; Rettungsschwimmer Lehrer<\/li>\n<li>Surfurkunde ab 4 Tage<\/li>\n<li>Haftpflichtversicherung<\/li>\n<li>Normalerweise Theorie Mittwochs und Fotoanalyse Freitags<\/li>\n<li>EXCLUSIVITY-BE OUR VIP : nur <strong>1 Gruppe<\/strong> pro Tag &amp; max. <strong>6 Sch\u00fcler<\/strong> pro Instruktor\/Tag<\/li>\n<\/ul>\n<p><strong>SURFSTR\u00c4NDE<\/strong>: Str\u00e4nde an der Ostk\u00fcste bei Corralejo, El Cotillo, Punta blanca, Rocky Point, Boneyards, etc.<br \/>\n<strong>BUCHUNG<\/strong>: per WhatsApp \/ E-Mail \/ Telefon<br \/>\n<strong>ZAHLUNG<\/strong>: Bar \/ PayPal \/ Bank\u00fcberweisung<br \/>\n<strong>ERFORDERLICHE INFORMATIONEN:<\/strong> K\u00f6rpergr\u00f6\u00dfe in cm and K\u00f6rpergewicht in kg f\u00fcr das Material\/ Vor- &amp; Nachname\/ Unterbringungsort (Abholung)<br \/>\n<strong>MITZUBRINGEN<\/strong>: Snacks &amp; Wasser \/ Strandsachen \/ Bargeld f\u00fcr Kursgeb\u00fchr bzw. Restbetrag \/ Schuhe mit flacher Sohle mitbringen<\/p>\n<p><strong>* nur 1 Gruppe pro Tag<\/strong> = Unser Ansatz ist erfolgreich und hat es der Akademie erm\u00f6glicht einen ausgezeichneten Ruf, sowohl au\u00dferhalb als auch auf der Insel, aufzubauen. Unsere Kunden berichten, <strong>dass du sich privilegiert f\u00fchlst<\/strong>, da es nur eine einzelne Gruppe pro Tag gibt, ohne festen Zeitplan und es sich eben um mehr als \u201enur\u201c einen Surfkurs handelt. Der Zeitplan ist flexibel, keine Eile, den Strand zu verlassen &#8211; oder vielleicht nehmen wir noch einen &#8222;after surf&#8220; Caf\u00e9 !<\/p>\n<p><strong>Die theoretischen Grundlagen<\/strong>, die f\u00fcr das Surfen wichtig sind, vermitteln wir meistens bei einem Kaffee\/Smoothie in einer Bar. Am Ende der Woche veranstalten wir oft ein Abendessen, bei dem die <strong>Surffotos der Woche angeschaut und analysiert<\/strong> werden.<\/p>\n","protected":false},"excerpt":{"rendered":"<p>SURFKURS PREISE Tag Surfkurs : 70 euros Tage Surfkurs : 140 euros Tage Surfkurs : 210 euros \u26a0\ufe0f Rabatt ab 4 Tage Surfkurs : 265 euros Tage Surfkurs : 320 euros, dann ab + 60 euros\/Tag N\u00fctzliche Informationen Surfkurs Unsere Surfschule ist f\u00fcr Kunden geeignet, die das Surfen lernen oder ernsthaft weiterlernen m\u00f6chten und die [&hellip;]<\/p>\n","protected":false},"author":2,"featured_media":0,"parent":0,"menu_order":0,"comment_status":"closed","ping_status":"closed","template":"","meta":{"footnotes":""},"class_list":["post-650","page","type-page","status-publish","hentry"],"yoast_head":"<!-- This site is optimized with the Yoast SEO plugin v27.5 - https:\/\/yoast.com\/product\/yoast-seo-wordpress\/ -->\n<title>Preise - Aloha Surf Academy - The best surf school and surf camps in Fuerteventura - Corralejo<\/title>\n<meta name=\"robots\" content=\"index, follow, max-snippet:-1, max-image-preview:large, max-video-preview:-1\" \/>\n<link rel=\"canonical\" href=\"https:\/\/alohasurfacademy.com\/de\/prices\/\" \/>\n<meta property=\"og:locale\" content=\"de_DE\" \/>\n<meta property=\"og:type\" content=\"article\" \/>\n<meta property=\"og:title\" content=\"Preise - Aloha Surf Academy - The best surf school and surf camps in Fuerteventura - Corralejo\" \/>\n<meta property=\"og:description\" content=\"SURFKURS PREISE Tag Surfkurs : 70 euros Tage Surfkurs : 140 euros Tage Surfkurs : 210 euros \u26a0\ufe0f Rabatt ab 4 Tage Surfkurs : 265 euros Tage Surfkurs : 320 euros, dann ab + 60 euros\/Tag N\u00fctzliche Informationen Surfkurs Unsere Surfschule ist f\u00fcr Kunden geeignet, die das Surfen lernen oder ernsthaft weiterlernen m\u00f6chten und die [&hellip;]\" \/>\n<meta property=\"og:url\" content=\"https:\/\/alohasurfacademy.com\/de\/prices\/\" \/>\n<meta property=\"og:site_name\" content=\"Aloha Surf Academy - The best surf school and surf camps in Fuerteventura - Corralejo\" \/>\n<meta property=\"article:modified_time\" content=\"2025-11-17T19:18:06+00:00\" \/>\n<meta name=\"twitter:card\" content=\"summary_large_image\" \/>\n<meta name=\"twitter:label1\" content=\"Gesch\u00e4tzte Lesezeit\" \/>\n\t<meta name=\"twitter:data1\" content=\"2\u00a0Minuten\" \/>\n<script type=\"application\/ld+json\" class=\"yoast-schema-graph\">{\"@context\":\"https:\\\/\\\/schema.org\",\"@graph\":[{\"@type\":\"WebPage\",\"@id\":\"https:\\\/\\\/alohasurfacademy.com\\\/de\\\/prices\\\/\",\"url\":\"https:\\\/\\\/alohasurfacademy.com\\\/de\\\/prices\\\/\",\"name\":\"Preise - Aloha Surf Academy - The best surf school and surf camps in Fuerteventura - Corralejo\",\"isPartOf\":{\"@id\":\"https:\\\/\\\/alohasurfacademy.com\\\/de\\\/#website\"},\"datePublished\":\"2021-04-03T14:20:23+00:00\",\"dateModified\":\"2025-11-17T19:18:06+00:00\",\"breadcrumb\":{\"@id\":\"https:\\\/\\\/alohasurfacademy.com\\\/de\\\/prices\\\/#breadcrumb\"},\"inLanguage\":\"de\",\"potentialAction\":[{\"@type\":\"ReadAction\",\"target\":[\"https:\\\/\\\/alohasurfacademy.com\\\/de\\\/prices\\\/\"]}]},{\"@type\":\"BreadcrumbList\",\"@id\":\"https:\\\/\\\/alohasurfacademy.com\\\/de\\\/prices\\\/#breadcrumb\",\"itemListElement\":[{\"@type\":\"ListItem\",\"position\":1,\"name\":\"Home\",\"item\":\"https:\\\/\\\/alohasurfacademy.com\\\/de\\\/\"},{\"@type\":\"ListItem\",\"position\":2,\"name\":\"Preise\"}]},{\"@type\":\"WebSite\",\"@id\":\"https:\\\/\\\/alohasurfacademy.com\\\/de\\\/#website\",\"url\":\"https:\\\/\\\/alohasurfacademy.com\\\/de\\\/\",\"name\":\"Aloha Surf Academy - The best surf school and surf camps in Fuerteventura - Corralejo\",\"description\":\"Surf School, Surf Camp, Surfing Class, Surf Course in Corralejo - Fuerteventura\",\"potentialAction\":[{\"@type\":\"SearchAction\",\"target\":{\"@type\":\"EntryPoint\",\"urlTemplate\":\"https:\\\/\\\/alohasurfacademy.com\\\/de\\\/?s={search_term_string}\"},\"query-input\":{\"@type\":\"PropertyValueSpecification\",\"valueRequired\":true,\"valueName\":\"search_term_string\"}}],\"inLanguage\":\"de\"}]}<\/script>\n<!-- \/ Yoast SEO plugin. -->","yoast_head_json":{"title":"Preise - Aloha Surf Academy - The best surf school and surf camps in Fuerteventura - Corralejo","robots":{"index":"index","follow":"follow","max-snippet":"max-snippet:-1","max-image-preview":"max-image-preview:large","max-video-preview":"max-video-preview:-1"},"canonical":"https:\/\/alohasurfacademy.com\/de\/prices\/","og_locale":"de_DE","og_type":"article","og_title":"Preise - Aloha Surf Academy - The best surf school and surf camps in Fuerteventura - Corralejo","og_description":"SURFKURS PREISE Tag Surfkurs : 70 euros Tage Surfkurs : 140 euros Tage Surfkurs : 210 euros \u26a0\ufe0f Rabatt ab 4 Tage Surfkurs : 265 euros Tage Surfkurs : 320 euros, dann ab + 60 euros\/Tag N\u00fctzliche Informationen Surfkurs Unsere Surfschule ist f\u00fcr Kunden geeignet, die das Surfen lernen oder ernsthaft weiterlernen m\u00f6chten und die [&hellip;]","og_url":"https:\/\/alohasurfacademy.com\/de\/prices\/","og_site_name":"Aloha Surf Academy - The best surf school and surf camps in Fuerteventura - Corralejo","article_modified_time":"2025-11-17T19:18:06+00:00","twitter_card":"summary_large_image","twitter_misc":{"Gesch\u00e4tzte Lesezeit":"2\u00a0Minuten"},"schema":{"@context":"https:\/\/schema.org","@graph":[{"@type":"WebPage","@id":"https:\/\/alohasurfacademy.com\/de\/prices\/","url":"https:\/\/alohasurfacademy.com\/de\/prices\/","name":"Preise - Aloha Surf Academy - The best surf school and surf camps in Fuerteventura - Corralejo","isPartOf":{"@id":"https:\/\/alohasurfacademy.com\/de\/#website"},"datePublished":"2021-04-03T14:20:23+00:00","dateModified":"2025-11-17T19:18:06+00:00","breadcrumb":{"@id":"https:\/\/alohasurfacademy.com\/de\/prices\/#breadcrumb"},"inLanguage":"de","potentialAction":[{"@type":"ReadAction","target":["https:\/\/alohasurfacademy.com\/de\/prices\/"]}]},{"@type":"BreadcrumbList","@id":"https:\/\/alohasurfacademy.com\/de\/prices\/#breadcrumb","itemListElement":[{"@type":"ListItem","position":1,"name":"Home","item":"https:\/\/alohasurfacademy.com\/de\/"},{"@type":"ListItem","position":2,"name":"Preise"}]},{"@type":"WebSite","@id":"https:\/\/alohasurfacademy.com\/de\/#website","url":"https:\/\/alohasurfacademy.com\/de\/","name":"Aloha Surf Academy - The best surf school and surf camps in Fuerteventura - Corralejo","description":"Surf School, Surf Camp, Surfing Class, Surf Course in Corralejo - Fuerteventura","potentialAction":[{"@type":"SearchAction","target":{"@type":"EntryPoint","urlTemplate":"https:\/\/alohasurfacademy.com\/de\/?s={search_term_string}"},"query-input":{"@type":"PropertyValueSpecification","valueRequired":true,"valueName":"search_term_string"}}],"inLanguage":"de"}]}},"_links":{"self":[{"href":"https:\/\/alohasurfacademy.com\/de\/wp-json\/wp\/v2\/pages\/650","targetHints":{"allow":["GET"]}}],"collection":[{"href":"https:\/\/alohasurfacademy.com\/de\/wp-json\/wp\/v2\/pages"}],"about":[{"href":"https:\/\/alohasurfacademy.com\/de\/wp-json\/wp\/v2\/types\/page"}],"author":[{"embeddable":true,"href":"https:\/\/alohasurfacademy.com\/de\/wp-json\/wp\/v2\/users\/2"}],"replies":[{"embeddable":true,"href":"https:\/\/alohasurfacademy.com\/de\/wp-json\/wp\/v2\/comments?post=650"}],"version-history":[{"count":222,"href":"https:\/\/alohasurfacademy.com\/de\/wp-json\/wp\/v2\/pages\/650\/revisions"}],"predecessor-version":[{"id":9529,"href":"https:\/\/alohasurfacademy.com\/de\/wp-json\/wp\/v2\/pages\/650\/revisions\/9529"}],"wp:attachment":[{"href":"https:\/\/alohasurfacademy.com\/de\/wp-json\/wp\/v2\/media?parent=650"}],"curies":[{"name":"wp","href":"https:\/\/api.w.org\/{rel}","templated":true}]}}