{"id":819,"date":"2021-04-01T15:17:47","date_gmt":"2021-04-01T14:17:47","guid":{"rendered":"http:\/\/www.alohasurfacademy.ch\/?page_id=819"},"modified":"2026-03-05T20:14:34","modified_gmt":"2026-03-05T20:14:34","slug":"packages","status":"publish","type":"page","link":"https:\/\/alohasurfacademy.com\/de\/surf-courses\/packages\/","title":{"rendered":"Surfpackage"},"content":{"rendered":"<p style=\"text-align: left;\">Alles ist m\u00f6glich! Lassen Sie uns wissen, was Ihre Erwartungen sind, und wir <strong>stellen Ihnen ein pers\u00f6nliches Paket<\/strong> zusammen! Schreiben Sie\u00a0uns!<\/p>\n<h3>Aloha SOLO Package\/\/ ab 474 euros<\/h3>\n<p><strong><img loading=\"lazy\" decoding=\"async\" class=\"alignleft wp-image-7459 size-medium\" src=\"https:\/\/alohasurfacademy.com\/wp-content\/uploads\/\/IMG_4068-2-300x200.jpg\" alt=\"\" width=\"300\" height=\"200\" srcset=\"https:\/\/alohasurfacademy.com\/wp-content\/uploads\/IMG_4068-2-300x200.jpg 300w, https:\/\/alohasurfacademy.com\/wp-content\/uploads\/IMG_4068-2-1024x683.jpg 1024w, https:\/\/alohasurfacademy.com\/wp-content\/uploads\/IMG_4068-2-768x512.jpg 768w, https:\/\/alohasurfacademy.com\/wp-content\/uploads\/IMG_4068-2-1536x1025.jpg 1536w, https:\/\/alohasurfacademy.com\/wp-content\/uploads\/IMG_4068-2-2048x1366.jpg 2048w\" sizes=\"(max-width: 300px) 100vw, 300px\" \/>IDEALE REISE F\u00dcR ALLEINREISENDE<\/strong><\/p>\n<ul>\n<li>7 \u00dcbernachtungen in Cometa Surf House, Schlafs\u00e4le (Wifi)<\/li>\n<li>Sch\u00f6ner Garten zum Entspannen<\/li>\n<li>5 Tage Surfkurs an unserer Academy (5-6 St. pro Tag)<\/li>\n<li>Surf Material &amp; Fahrt zum Strand<\/li>\n<li>5 Surf Skate Trainings<\/li>\n<li>Surf-Foto Analyse &amp; Theorie<\/li>\n<li>Surfurkunde &amp; deine Surffotos<\/li>\n<\/ul>\n<h3><\/h3>\n\n<div uk-grid class=\"uk-child-width-1-3\">\n\n            <div class='uk-text-center'>\n\n            \n            <a href='https:\/\/alohasurfacademy.com\/de\/surf-courses\/costa-rica\/img_8268-2\/'><img loading=\"lazy\" decoding=\"async\" width=\"150\" height=\"150\" src=\"https:\/\/alohasurfacademy.com\/wp-content\/uploads\/IMG_8268-150x150.jpg\" class=\"attachment-thumbnail size-thumbnail\" alt=\"\" \/><\/a>\n            \n        <\/div>\n            <div class='uk-text-center'>\n\n            \n            <a href='https:\/\/alohasurfacademy.com\/de\/unterkunfte\/c6b623a1-753f-4507-adce-9c96b7873afa-2\/'><img loading=\"lazy\" decoding=\"async\" width=\"150\" height=\"150\" src=\"https:\/\/alohasurfacademy.com\/wp-content\/uploads\/c6b623a1-753f-4507-adce-9c96b7873afa-150x150.jpg\" class=\"attachment-thumbnail size-thumbnail\" alt=\"\" \/><\/a>\n            \n        <\/div>\n            <div class='uk-text-center'>\n\n            \n            <a href='https:\/\/alohasurfacademy.com\/de\/img_9353-2\/'><img loading=\"lazy\" decoding=\"async\" width=\"150\" height=\"150\" src=\"https:\/\/alohasurfacademy.com\/wp-content\/uploads\/IMG_9353-150x150.jpg\" class=\"attachment-thumbnail size-thumbnail\" alt=\"\" \/><\/a>\n            \n        <\/div>\n    \n<\/div>\n\n<h3>Aloha SPORT\u00a0 Package \/\/ ab 714 euros<\/h3>\n<p><a href=\"https:\/\/alohasurfacademy.com\/wp-content\/uploads\/\/11222183_1659369547653868_1182870997952593319_n-300x225.jpg\"><img loading=\"lazy\" decoding=\"async\" class=\" size-medium wp-image-2086 alignleft\" src=\"https:\/\/alohasurfacademy.com\/wp-content\/uploads\/\/11222183_1659369547653868_1182870997952593319_n-300x225.jpg\" alt=\"11222183_1659369547653868_1182870997952593319_n\" width=\"300\" height=\"225\" srcset=\"https:\/\/alohasurfacademy.com\/wp-content\/uploads\/11222183_1659369547653868_1182870997952593319_n-300x225.jpg 300w, https:\/\/alohasurfacademy.com\/wp-content\/uploads\/11222183_1659369547653868_1182870997952593319_n.jpg 800w\" sizes=\"(max-width: 300px) 100vw, 300px\" \/><\/a><strong>IDEALE REISE F\u00dcR SPORT- UND NATURLIEBHABER<\/strong><\/p>\n<ul>\n<li>7 \u00dcbernachtungen in Cometa Surf House, Schlafs\u00e4le (Wifi)<\/li>\n<li>Sch\u00f6ner Garten zum Entspannen<\/li>\n<li>5 Tage Surfkurs an unserer Academy (5-6 St. pro Tag)<\/li>\n<li>Surf Material &amp; Fahrt zum Strand<\/li>\n<li>5 Surf Skate Trainings<\/li>\n<li>1 <a href=\"http:\/\/www.alohasurfacademy.ch\/information\/extra-activities\/vulkan-wandern\/?lang=de\">Vulkan <\/a>Wandertour (3 St.)<\/li>\n<li>1 Catamarantour nach &#8218;La Isla de Los Lobos&#8216; (4 St.)<\/li>\n<li>1 Schnuppertauchentag<\/li>\n<\/ul>\n<h3><\/h3>\n\n<div uk-grid class=\"uk-child-width-1-3\">\n\n            <div class='uk-text-center'>\n\n            \n            <a href='https:\/\/alohasurfacademy.com\/de\/surf-courses\/packages\/388aed06-e53e-418a-a879-265fc13493ee-2\/'><img loading=\"lazy\" decoding=\"async\" width=\"150\" height=\"150\" src=\"https:\/\/alohasurfacademy.com\/wp-content\/uploads\/388aed06-e53e-418a-a879-265fc13493ee-150x150.jpg\" class=\"attachment-thumbnail size-thumbnail\" alt=\"\" \/><\/a>\n            \n        <\/div>\n            <div class='uk-text-center'>\n\n            \n            <a href='https:\/\/alohasurfacademy.com\/de\/diving2-2\/'><img loading=\"lazy\" decoding=\"async\" width=\"150\" height=\"150\" src=\"https:\/\/alohasurfacademy.com\/wp-content\/uploads\/DIVING2-150x150.jpg\" class=\"attachment-thumbnail size-thumbnail\" alt=\"\" \/><\/a>\n            \n        <\/div>\n            <div class='uk-text-center'>\n\n            \n            <a href='https:\/\/alohasurfacademy.com\/de\/surf-courses\/packages\/img_8298-2\/'><img loading=\"lazy\" decoding=\"async\" width=\"150\" height=\"150\" src=\"https:\/\/alohasurfacademy.com\/wp-content\/uploads\/IMG_8298-150x150.jpg\" class=\"attachment-thumbnail size-thumbnail\" alt=\"\" \/><\/a>\n            \n        <\/div>\n    \n<\/div>\n\n<h3>Aloha WELLNESS &amp; Surf Package\/\/ ab 804 euros<\/h3>\n<p><img loading=\"lazy\" decoding=\"async\" class=\"wp-image-5672 size-medium alignleft\" src=\"https:\/\/alohasurfacademy.com\/wp-content\/uploads\/\/tjasa-yoga-300x200.jpg\" alt=\"\" width=\"300\" height=\"200\" srcset=\"https:\/\/alohasurfacademy.com\/wp-content\/uploads\/tjasa-yoga-300x200.jpg 300w, https:\/\/alohasurfacademy.com\/wp-content\/uploads\/tjasa-yoga-768x512.jpg 768w, https:\/\/alohasurfacademy.com\/wp-content\/uploads\/tjasa-yoga.jpg 800w\" sizes=\"(max-width: 300px) 100vw, 300px\" \/>I<strong>DEALE REISE UM SICH GUTES ZU TUN<\/strong><\/p>\n<ul>\n<li>7 \u00dcbernachtungen bei Surf Riders Hostel (Einzelzimmer)<\/li>\n<li>7 Fr\u00fchst\u00fccke<\/li>\n<li>Schwimmbad<\/li>\n<li>2 <a href=\"http:\/\/www.alohasurfacademy.ch\/surf-courses\/surf-yoga-sessions-3\/?lang=de\">Yogakurse\u00a0<\/a><\/li>\n<li>1 Sportmassage oder Lomi Lomi<\/li>\n<li>1 Ice bath Artemeditation<\/li>\n<li>5 Tage Surfkurs an unserer Academy (5-6 St. pro Tag)<\/li>\n<li>Surf Material und\u00a0Fahrt zum Strand<\/li>\n<li>5 Surf skateTrainings<\/li>\n<li>Surfurkunde &amp; deine Surffotos<\/li>\n<\/ul>\n\n<div uk-grid class=\"uk-child-width-1-3\">\n\n            <div class='uk-text-center'>\n\n            \n            <a href='https:\/\/alohasurfacademy.com\/de\/218df653-b155-4769-9a90-7ba7f68fe207-2\/'><img loading=\"lazy\" decoding=\"async\" width=\"150\" height=\"150\" src=\"https:\/\/alohasurfacademy.com\/wp-content\/uploads\/218df653-b155-4769-9a90-7ba7f68fe207-150x150.jpg\" class=\"attachment-thumbnail size-thumbnail\" alt=\"\" \/><\/a>\n            \n        <\/div>\n            <div class='uk-text-center'>\n\n            \n            <a href='https:\/\/alohasurfacademy.com\/de\/c1358e09-17f3-4a54-8d03-f4868e90fb1e-2\/'><img loading=\"lazy\" decoding=\"async\" width=\"150\" height=\"150\" src=\"https:\/\/alohasurfacademy.com\/wp-content\/uploads\/c1358e09-17f3-4a54-8d03-f4868e90fb1e-150x150.jpg\" class=\"attachment-thumbnail size-thumbnail\" alt=\"\" \/><\/a>\n            \n        <\/div>\n            <div class='uk-text-center'>\n\n            \n            <a href='https:\/\/alohasurfacademy.com\/de\/30d4c4a6-fe61-43a0-967a-44b71a22a140-2\/'><img loading=\"lazy\" decoding=\"async\" width=\"150\" height=\"150\" src=\"https:\/\/alohasurfacademy.com\/wp-content\/uploads\/30d4c4a6-fe61-43a0-967a-44b71a22a140-150x150.jpg\" class=\"attachment-thumbnail size-thumbnail\" alt=\"\" \/><\/a>\n            \n        <\/div>\n    \n<\/div>\n\n<h4>Various<\/h4>\n<p>Beach BBQ, Insel Tour, Spanishkurs, SPA Eintritt, <a href=\"http:\/\/www.worldnomads.com\/\">Reiseversicherung<\/a>(surf), Babysitting, usw.<\/p>\n","protected":false},"excerpt":{"rendered":"<p>Alles ist m\u00f6glich! Lassen Sie uns wissen, was Ihre Erwartungen sind, und wir stellen Ihnen ein pers\u00f6nliches Paket zusammen! Schreiben Sie\u00a0uns! Aloha SOLO Package\/\/ ab 474 euros IDEALE REISE F\u00dcR ALLEINREISENDE 7 \u00dcbernachtungen in Cometa Surf House, Schlafs\u00e4le (Wifi) Sch\u00f6ner Garten zum Entspannen 5 Tage Surfkurs an unserer Academy (5-6 St. pro Tag) Surf Material [&hellip;]<\/p>\n","protected":false},"author":2,"featured_media":0,"parent":493,"menu_order":8,"comment_status":"closed","ping_status":"closed","template":"","meta":{"footnotes":""},"class_list":["post-819","page","type-page","status-publish","hentry"],"yoast_head":"<!-- This site is optimized with the Yoast SEO plugin v27.5 - https:\/\/yoast.com\/product\/yoast-seo-wordpress\/ -->\n<title>Aloha Surf Academy | Surfcamp und Unterricht in Corralejo, Fuerteventura<\/title>\n<meta name=\"description\" content=\"Aloha Surf Academy bietet Surfkurse und Kurse f\u00fcr alle Niveaus in Corralejo, Fuerteventura. Ein unvergessliches Erlebnis f\u00fcr alle!\" \/>\n<meta name=\"robots\" content=\"index, follow, max-snippet:-1, max-image-preview:large, max-video-preview:-1\" \/>\n<link rel=\"canonical\" href=\"https:\/\/alohasurfacademy.com\/de\/surf-courses\/packages\/\" \/>\n<meta property=\"og:locale\" content=\"de_DE\" \/>\n<meta property=\"og:type\" content=\"article\" \/>\n<meta property=\"og:title\" content=\"Aloha Surf Academy | Surfcamp und Unterricht in Corralejo, Fuerteventura\" \/>\n<meta property=\"og:description\" content=\"Aloha Surf Academy bietet Surfkurse und Kurse f\u00fcr alle Niveaus in Corralejo, Fuerteventura. Ein unvergessliches Erlebnis f\u00fcr alle!\" \/>\n<meta property=\"og:url\" content=\"https:\/\/alohasurfacademy.com\/de\/surf-courses\/packages\/\" \/>\n<meta property=\"og:site_name\" content=\"Aloha Surf Academy - The best surf school and surf camps in Fuerteventura - Corralejo\" \/>\n<meta property=\"article:modified_time\" content=\"2026-03-05T20:14:34+00:00\" \/>\n<meta property=\"og:image\" content=\"https:\/\/alohasurfacademy.com\/wp-content\/uploads\/IMG_8268-150x150.jpg\" \/>\n<meta name=\"twitter:card\" content=\"summary_large_image\" \/>\n<meta name=\"twitter:label1\" content=\"Gesch\u00e4tzte Lesezeit\" \/>\n\t<meta name=\"twitter:data1\" content=\"2\u00a0Minuten\" \/>\n<script type=\"application\/ld+json\" class=\"yoast-schema-graph\">{\"@context\":\"https:\\\/\\\/schema.org\",\"@graph\":[{\"@type\":\"WebPage\",\"@id\":\"https:\\\/\\\/alohasurfacademy.com\\\/de\\\/surf-courses\\\/packages\\\/\",\"url\":\"https:\\\/\\\/alohasurfacademy.com\\\/de\\\/surf-courses\\\/packages\\\/\",\"name\":\"Aloha Surf Academy | Surfcamp und Unterricht in Corralejo, Fuerteventura\",\"isPartOf\":{\"@id\":\"https:\\\/\\\/alohasurfacademy.com\\\/de\\\/#website\"},\"primaryImageOfPage\":{\"@id\":\"https:\\\/\\\/alohasurfacademy.com\\\/de\\\/surf-courses\\\/packages\\\/#primaryimage\"},\"image\":{\"@id\":\"https:\\\/\\\/alohasurfacademy.com\\\/de\\\/surf-courses\\\/packages\\\/#primaryimage\"},\"thumbnailUrl\":\"https:\\\/\\\/alohasurfacademy.com\\\/wp-content\\\/uploads\\\/\\\/IMG_4068-2-300x200.jpg\",\"datePublished\":\"2021-04-01T14:17:47+00:00\",\"dateModified\":\"2026-03-05T20:14:34+00:00\",\"description\":\"Aloha Surf Academy bietet Surfkurse und Kurse f\u00fcr alle Niveaus in Corralejo, Fuerteventura. Ein unvergessliches Erlebnis f\u00fcr alle!\",\"breadcrumb\":{\"@id\":\"https:\\\/\\\/alohasurfacademy.com\\\/de\\\/surf-courses\\\/packages\\\/#breadcrumb\"},\"inLanguage\":\"de\",\"potentialAction\":[{\"@type\":\"ReadAction\",\"target\":[\"https:\\\/\\\/alohasurfacademy.com\\\/de\\\/surf-courses\\\/packages\\\/\"]}]},{\"@type\":\"ImageObject\",\"inLanguage\":\"de\",\"@id\":\"https:\\\/\\\/alohasurfacademy.com\\\/de\\\/surf-courses\\\/packages\\\/#primaryimage\",\"url\":\"https:\\\/\\\/alohasurfacademy.com\\\/wp-content\\\/uploads\\\/\\\/IMG_4068-2-300x200.jpg\",\"contentUrl\":\"https:\\\/\\\/alohasurfacademy.com\\\/wp-content\\\/uploads\\\/\\\/IMG_4068-2-300x200.jpg\"},{\"@type\":\"BreadcrumbList\",\"@id\":\"https:\\\/\\\/alohasurfacademy.com\\\/de\\\/surf-courses\\\/packages\\\/#breadcrumb\",\"itemListElement\":[{\"@type\":\"ListItem\",\"position\":1,\"name\":\"Home\",\"item\":\"https:\\\/\\\/alohasurfacademy.com\\\/de\\\/\"},{\"@type\":\"ListItem\",\"position\":2,\"name\":\"Surf services\",\"item\":\"https:\\\/\\\/alohasurfacademy.com\\\/de\\\/surf-courses\\\/\"},{\"@type\":\"ListItem\",\"position\":3,\"name\":\"Surfpackage\"}]},{\"@type\":\"WebSite\",\"@id\":\"https:\\\/\\\/alohasurfacademy.com\\\/de\\\/#website\",\"url\":\"https:\\\/\\\/alohasurfacademy.com\\\/de\\\/\",\"name\":\"Aloha Surf Academy - The best surf school and surf camps in Fuerteventura - Corralejo\",\"description\":\"Surf School, Surf Camp, Surfing Class, Surf Course in Corralejo - Fuerteventura\",\"potentialAction\":[{\"@type\":\"SearchAction\",\"target\":{\"@type\":\"EntryPoint\",\"urlTemplate\":\"https:\\\/\\\/alohasurfacademy.com\\\/de\\\/?s={search_term_string}\"},\"query-input\":{\"@type\":\"PropertyValueSpecification\",\"valueRequired\":true,\"valueName\":\"search_term_string\"}}],\"inLanguage\":\"de\"}]}<\/script>\n<!-- \/ Yoast SEO plugin. -->","yoast_head_json":{"title":"Aloha Surf Academy | Surfcamp und Unterricht in Corralejo, Fuerteventura","description":"Aloha Surf Academy bietet Surfkurse und Kurse f\u00fcr alle Niveaus in Corralejo, Fuerteventura. Ein unvergessliches Erlebnis f\u00fcr alle!","robots":{"index":"index","follow":"follow","max-snippet":"max-snippet:-1","max-image-preview":"max-image-preview:large","max-video-preview":"max-video-preview:-1"},"canonical":"https:\/\/alohasurfacademy.com\/de\/surf-courses\/packages\/","og_locale":"de_DE","og_type":"article","og_title":"Aloha Surf Academy | Surfcamp und Unterricht in Corralejo, Fuerteventura","og_description":"Aloha Surf Academy bietet Surfkurse und Kurse f\u00fcr alle Niveaus in Corralejo, Fuerteventura. Ein unvergessliches Erlebnis f\u00fcr alle!","og_url":"https:\/\/alohasurfacademy.com\/de\/surf-courses\/packages\/","og_site_name":"Aloha Surf Academy - The best surf school and surf camps in Fuerteventura - Corralejo","article_modified_time":"2026-03-05T20:14:34+00:00","og_image":[{"url":"https:\/\/alohasurfacademy.com\/wp-content\/uploads\/IMG_8268-150x150.jpg","type":"","width":"","height":""}],"twitter_card":"summary_large_image","twitter_misc":{"Gesch\u00e4tzte Lesezeit":"2\u00a0Minuten"},"schema":{"@context":"https:\/\/schema.org","@graph":[{"@type":"WebPage","@id":"https:\/\/alohasurfacademy.com\/de\/surf-courses\/packages\/","url":"https:\/\/alohasurfacademy.com\/de\/surf-courses\/packages\/","name":"Aloha Surf Academy | Surfcamp und Unterricht in Corralejo, Fuerteventura","isPartOf":{"@id":"https:\/\/alohasurfacademy.com\/de\/#website"},"primaryImageOfPage":{"@id":"https:\/\/alohasurfacademy.com\/de\/surf-courses\/packages\/#primaryimage"},"image":{"@id":"https:\/\/alohasurfacademy.com\/de\/surf-courses\/packages\/#primaryimage"},"thumbnailUrl":"https:\/\/alohasurfacademy.com\/wp-content\/uploads\/\/IMG_4068-2-300x200.jpg","datePublished":"2021-04-01T14:17:47+00:00","dateModified":"2026-03-05T20:14:34+00:00","description":"Aloha Surf Academy bietet Surfkurse und Kurse f\u00fcr alle Niveaus in Corralejo, Fuerteventura. Ein unvergessliches Erlebnis f\u00fcr alle!","breadcrumb":{"@id":"https:\/\/alohasurfacademy.com\/de\/surf-courses\/packages\/#breadcrumb"},"inLanguage":"de","potentialAction":[{"@type":"ReadAction","target":["https:\/\/alohasurfacademy.com\/de\/surf-courses\/packages\/"]}]},{"@type":"ImageObject","inLanguage":"de","@id":"https:\/\/alohasurfacademy.com\/de\/surf-courses\/packages\/#primaryimage","url":"https:\/\/alohasurfacademy.com\/wp-content\/uploads\/\/IMG_4068-2-300x200.jpg","contentUrl":"https:\/\/alohasurfacademy.com\/wp-content\/uploads\/\/IMG_4068-2-300x200.jpg"},{"@type":"BreadcrumbList","@id":"https:\/\/alohasurfacademy.com\/de\/surf-courses\/packages\/#breadcrumb","itemListElement":[{"@type":"ListItem","position":1,"name":"Home","item":"https:\/\/alohasurfacademy.com\/de\/"},{"@type":"ListItem","position":2,"name":"Surf services","item":"https:\/\/alohasurfacademy.com\/de\/surf-courses\/"},{"@type":"ListItem","position":3,"name":"Surfpackage"}]},{"@type":"WebSite","@id":"https:\/\/alohasurfacademy.com\/de\/#website","url":"https:\/\/alohasurfacademy.com\/de\/","name":"Aloha Surf Academy - The best surf school and surf camps in Fuerteventura - Corralejo","description":"Surf School, Surf Camp, Surfing Class, Surf Course in Corralejo - Fuerteventura","potentialAction":[{"@type":"SearchAction","target":{"@type":"EntryPoint","urlTemplate":"https:\/\/alohasurfacademy.com\/de\/?s={search_term_string}"},"query-input":{"@type":"PropertyValueSpecification","valueRequired":true,"valueName":"search_term_string"}}],"inLanguage":"de"}]}},"_links":{"self":[{"href":"https:\/\/alohasurfacademy.com\/de\/wp-json\/wp\/v2\/pages\/819","targetHints":{"allow":["GET"]}}],"collection":[{"href":"https:\/\/alohasurfacademy.com\/de\/wp-json\/wp\/v2\/pages"}],"about":[{"href":"https:\/\/alohasurfacademy.com\/de\/wp-json\/wp\/v2\/types\/page"}],"author":[{"embeddable":true,"href":"https:\/\/alohasurfacademy.com\/de\/wp-json\/wp\/v2\/users\/2"}],"replies":[{"embeddable":true,"href":"https:\/\/alohasurfacademy.com\/de\/wp-json\/wp\/v2\/comments?post=819"}],"version-history":[{"count":166,"href":"https:\/\/alohasurfacademy.com\/de\/wp-json\/wp\/v2\/pages\/819\/revisions"}],"predecessor-version":[{"id":9595,"href":"https:\/\/alohasurfacademy.com\/de\/wp-json\/wp\/v2\/pages\/819\/revisions\/9595"}],"up":[{"embeddable":true,"href":"https:\/\/alohasurfacademy.com\/de\/wp-json\/wp\/v2\/pages\/493"}],"wp:attachment":[{"href":"https:\/\/alohasurfacademy.com\/de\/wp-json\/wp\/v2\/media?parent=819"}],"curies":[{"name":"wp","href":"https:\/\/api.w.org\/{rel}","templated":true}]}}