{"id":9402,"date":"2025-03-19T15:39:58","date_gmt":"2025-03-19T15:39:58","guid":{"rendered":"https:\/\/alohasurfacademy.com\/prices\/allgemeine-geschaeftsbedingungen-agbs\/"},"modified":"2025-03-19T15:39:58","modified_gmt":"2025-03-19T15:39:58","slug":"allgemeine-geschaeftsbedingungen-agbs","status":"publish","type":"page","link":"https:\/\/alohasurfacademy.com\/de\/prices\/allgemeine-geschaeftsbedingungen-agbs\/","title":{"rendered":"Allgemeine Gesch\u00e4ftsbedingungen (AGBs)"},"content":{"rendered":"<p align=\"JUSTIFY\"><span style=\"font-family: Arial, serif;\"><span style=\"font-size: small;\"><span lang=\"de-CH\"><u><b>Allgemeine Gesch\u00e4ftsbedingungen (AGBs)<\/b><\/u><\/span><\/span><\/span><\/p>\n<p align=\"JUSTIFY\"><span style=\"font-family: Arial, serif;\"><span style=\"font-size: small;\"><span lang=\"de-CH\"><b>Artikel 1. Buchungsbedingungen<\/b><\/span><\/span><\/span><\/p>\n<p lang=\"de-DE\"><span style=\"font-family: Courier, serif;\"><span style=\"font-size: small;\"><span style=\"font-family: Arial, serif;\"><span lang=\"de-CH\">Der Teilnehmer best\u00e4tigt, dass er in der Lage ist mindestens 25 Meter zu schwimmen,<\/span><\/span><span style=\"color: #212121;\"><span style=\"font-family: Arial, serif;\"> keine k\u00f6rperlichen Einschr\u00e4nkungen, Krankheitserscheinungen oder geistige Behinderung zu haben, die ihn daran hindern w\u00fcrden, an Surfaktivit\u00e4ten teilzunehmen. Er\/ sie steht w\u00e4hrend des Kurses nicht unter Alkohol- oder Drogeneinfluss noch unter sonstigem Einfluss von Bet\u00e4ubungsmitteln. Im Falle einer medizinischen Behandlung oder gesundheitlicher Einschr\u00e4nkung: dies bitte vor Kursanmeldung und -beginn dem Surflehrer mitteilen.<\/span><\/span><\/span><\/span><\/p>\n<p align=\"JUSTIFY\"><span style=\"font-family: Arial, serif;\"><span style=\"font-size: small;\"><span lang=\"de-CH\"><b>Artikel 2. Buchung und Zahlung<\/b><\/span><\/span><\/span><\/p>\n<p lang=\"de-DE\"><span style=\"font-family: Courier, serif;\"><span style=\"font-size: small;\"><span style=\"color: #212121;\"><span style=\"font-family: Arial, serif;\">Buchungen k\u00f6nnen per E-Mail, Online-Buchungsformular, WhatsApp oder Telefonanruf vorgenommen werden<\/span><\/span><\/span><\/span><\/p>\n<p><span style=\"color: #212121;\"><span style=\"font-family: Arial, serif;\"><span style=\"font-size: small;\"><span lang=\"de-DE\">1. Die Buchung wird erst zu dem Zeitpunkt wirksam, wenn 50% der Betrag auf dem Konto des Aloha Surf Academy (ASA) eingegangen ist. Der Betrag kann per \u00dcberweisung auf unser Konto oder per Paypal (5 % Geb\u00fchr) \u00fcberwiesen werden. Nach dem Eingang des Geldes best\u00e4tigen wir die Buchung mit einer Buchungsbest\u00e4tigung und allen weiteren Informationen zur Reise.<\/span><\/span><\/span><\/span><\/p>\n<p align=\"JUSTIFY\"><span style=\"font-family: Arial, serif;\"><span style=\"font-size: small;\"><span lang=\"de-CH\"><b>Artikel 3. Stornierungsbedingungen<\/b><\/span><\/span><\/span><\/p>\n<p><span style=\"color: #212121;\"><span style=\"font-family: Arial, serif;\"><span style=\"font-size: small;\"><span lang=\"de-DE\">Die Buchung kann per E-Mail an: <a href=\"https:\/\/workspace.infomaniak.com\/mail\/composeTo\/info%40alohasurfacademy.com\">info@alohasurfacademy.com<\/a> storniert werden.<\/span><\/span><\/span><\/span><\/p>\n<p><span style=\"color: #212121;\"><span style=\"font-family: Arial, serif;\"><span style=\"font-size: small;\"><span lang=\"de-DE\">Im Fall einer Stornierung gelten folgende Bedingungen: <\/span><\/span><\/span><\/span><\/p>\n<p><span style=\"color: #212121;\"><span style=\"font-family: Arial, serif;\"><span style=\"font-size: small;\"><span lang=\"de-DE\">&#8211; Erfolgt die Stornierung mehr als 45 Tage bevor Kursstart\/Ankunft an der Unterkunft, werden 50% des bezahlten Betrages zur\u00fcckerstattet.<\/span><\/span><\/span><\/span><\/p>\n<p><span style=\"color: #212121;\"><span style=\"font-family: Arial, serif;\"><span style=\"font-size: small;\"><span lang=\"de-DE\">&#8211; Es gibt keine Kostenerstattung der Anzahlung, wenn Sie weniger als 44 Tage vor Ihrem Urlaubsbeginn<\/span><\/span><\/span><\/span><\/p>\n<p><span style=\"color: #212121;\"><span style=\"font-family: Arial, serif;\"><span style=\"font-size: small;\"><span lang=\"de-DE\">&#8211; Erfolgt die Stornierung einen Tag bevor Kursstart\/Ankunft an der Unterkunft oder am gleichen Tag beziehungsweise w\u00e4hrend des Aufenthalts oder bei Nichterscheinen zum Surfkurs\/Guided Tour kann keine R\u00fcckerstattung erfolgen.<\/span><\/span><\/span><\/span><\/p>\n<p><span style=\"color: #212121;\"><span style=\"font-family: Arial, serif;\"><span style=\"font-size: small;\"><span lang=\"de-DE\">&#8211; Erfolgt die Stornierung aus von medizinischen Gr\u00fcnden, Unf\u00e4llen oder Krankheit kann durch die Aloha Surf Academy eine Best\u00e4tigung \u00fcber die Nichtteilnahme am Surfkurs und eine Rechnung ausgestellt werden, die bei der Kranken- oder Reiseversicherung eingereicht werden kann. In einem solchen Fall empfehlen wir ebenfalls ein Attest durch einen Arzt ausstellen zu lassen.<\/span><\/span><\/span><\/span><\/p>\n<p align=\"JUSTIFY\"><span style=\"font-family: Arial, serif;\"><span style=\"font-size: small;\"><span lang=\"de-CH\"><b>Artikel 4. Interne Regeln<\/b><\/span><\/span><\/span><\/p>\n<p><span style=\"font-family: Arial, serif;\"><span style=\"font-size: small;\"><span lang=\"de-CH\">1. <\/span><\/span><\/span><span style=\"color: #212121;\"><span style=\"font-family: Arial, serif;\"><span style=\"font-size: small;\"><span lang=\"de-DE\">Sollte es durch h\u00f6here Gewalt seitens der Aloha Surf Academy zur Absage einzelner Surfkurstage durch wetterbedingte Umst\u00e4nde (z.B. St\u00fcrme oder unverantwortbar gro\u00dfe Wellen) kommen, werden die Ausf\u00e4lle versucht, w\u00e4hrend des Aufenthalts nachzuholen soweit die Kapazit\u00e4ten vorhanden sind. Aufgrund von unzul\u00e4ssigen Wetterbedingen k\u00f6nnen keine R\u00fcckerstattungen des Betrags vorgenommen werden.<\/span><\/span><\/span><\/span><\/p>\n<p lang=\"de-DE\"><span style=\"font-family: Courier, serif;\"><span style=\"font-size: small;\"><span style=\"color: #212121;\"><span style=\"font-family: Arial, serif;\">2. Der Teilnehmer verpflichtet sich, den Anweisungen und Instruktionen des Ausbilders folge zu leisten. Bei unverantwortlichem Verhalten, das Gesundheit oder Image von Kunden oder ASA gef\u00e4hrdet, kann der Kunde nach vorheriger Abmahnung vom Unterricht ausgeschlossen werden. In diesem Fall kann die Kursgeb\u00fchr nicht zur\u00fcckerstattet werden.<\/span><\/span><\/span><\/span><\/p>\n<p align=\"JUSTIFY\"><span style=\"font-family: Arial, serif;\"><span style=\"font-size: small;\"><span lang=\"de-CH\"><b>Artikel 5. Bildrechte<\/b><\/span><\/span><\/span><\/p>\n<p lang=\"de-DE\"><span style=\"font-family: Courier, serif;\"><span style=\"font-size: small;\"><span style=\"color: #212121;\"><span style=\"font-family: Arial, serif;\">Mit der Anmeldung f\u00fcr unsere Dienstleistungen akzeptiert jeder Teilnehmer, dass s\u00e4mtliche Bilder die w\u00e4hrend der Kurse oder anderen Aktivit\u00e4ten gemacht werden, von der ASA kostenlos in allen Medien f\u00fcr Werbe- oder Marketingzwecke (Brosch\u00fcren, Flyer, Internet, &#8230;) verwendet werden k\u00f6nnen.<\/span><\/span><\/span><\/span><\/p>\n<p><span style=\"font-family: Arial, serif;\"><span style=\"font-size: small;\"><span lang=\"de-CH\"><b>Artikel 6 : Materialien und Fahrzeug<\/b><\/span><\/span><\/span><\/p>\n<p lang=\"de-DE\"><span style=\"font-family: Courier, serif;\"><span style=\"font-size: small;\"><span style=\"color: #212121;\"><span style=\"font-family: Arial, serif;\"><span lang=\"de-CH\">1.<\/span><\/span><\/span><span style=\"color: #212121;\"><span style=\"font-family: Arial, serif;\"> Der Teilnehmer ist w\u00e4hrend des Surfkurses oder im Verleih verantwortlich f\u00fcr jegliche Materialien, die in seiner Benutzung sind (Surfbretter, Neoprenanz\u00fcge, Leash, Lycra). Im Falle von Verlust, Diebstahl oder Besch\u00e4digung wird das Material auf Kosten des Teilnehmers repariert oder auf den Kaufwert erstattet.<\/span><\/span><span style=\"color: #212121;\"><span style=\"font-family: Arial, serif;\"> Der Preis eines in zwei St\u00fccke gebrochenen Brettes betr\u00e4gt ab 130 Euro aufw\u00e4rts. Die Rechnung des Shapers kann Ihnen f\u00fcr Ihre Versicherung zur Verf\u00fcgung gestellt werden.<\/span><\/span><\/span><\/span><\/p>\n<p lang=\"de-DE\"><a name=\"Bookmark\"><\/a><\/p>\n<p lang=\"de-DE\"><span style=\"font-family: Courier, serif;\"><span style=\"font-size: small;\"><span style=\"font-family: Arial, serif;\"><span lang=\"de-CH\">2. <\/span><\/span><span style=\"color: #212121;\"><span style=\"font-family: Arial, serif;\">Der Teilnehmer ist dar\u00fcber informiert, dass er w\u00e4hrend der Fahrt mit dem Fahrzeug von ASA den Sicherheitsgurt anlegen muss. Au\u00dferdem m\u00fcssen Sch\u00e4den, die durch Fahrl\u00e4ssigkeit oder vors\u00e4tzliches Verhalten eines Teilnehmers entstehen auch von diesem ersetzt werden.<\/span><\/span><\/span><\/span><\/p>\n<p lang=\"de-DE\"><span style=\"font-family: Courier, serif;\"><span style=\"font-size: small;\"><span style=\"font-family: Arial, serif;\"><span lang=\"de-CH\">3. <\/span><\/span><span style=\"color: #212121;\"><span style=\"font-family: Arial, serif;\">Der Teilnehmer akzeptiert, die volle Verantwortung f\u00fcr Personensch\u00e4den oder Todesf\u00e4lle aufgrund eines Verkehrsunfalls zu \u00fcbernhemen, unabh\u00e4ngig davon, ob dieser durch die Fahrl\u00e4ssigkeit der freigegebenen Parteien (ASA und Partner) verursacht wurden.<\/span><\/span><\/span><\/span><\/p>\n<p><span style=\"font-family: Arial, serif;\"><span style=\"font-size: small;\"><span lang=\"de-CH\"><b>Artikel 7 : Versicherung<\/b><\/span><\/span><\/span><\/p>\n<p><span style=\"color: #212121;\"><span style=\"font-family: Arial, serif;\"><span style=\"font-size: small;\"><span lang=\"de-DE\">Aloha Surf Academy (ASA) hat eine Haftpflichtversicherung. Bei der Buchung mit ASA, es ist dennoch in der Verantwortung jedes einzelnen Kunden, eine angemessene Reiseversicherung, sowie eine Unfallversicherung f\u00fcr Verletzungen zu haben, die du beim Erlernen des Surfens w\u00e4hrend deiner Zeit bei ASA erleiden k\u00f6nnen.<\/span><\/span><\/span><\/span><\/p>\n<p lang=\"de-DE\"><span style=\"font-family: Courier, serif;\"><span style=\"font-size: small;\"><span style=\"color: #212121;\"><span style=\"font-family: Arial, serif;\">ASA und Mitarbeiter sind nicht verantwortlich f\u00fcr jegliche Haftung, Anspr\u00fcche, Forderungen oder Klagegr\u00fcnde, die der Surfsch\u00fcler sp\u00e4ter f\u00fcr Verletzungen, Behinderungen, Tod oder Sch\u00e4den aufgrund seiner Teilnahme an Surf-, Skate-, oder anderen Aktivit\u00e4ten aufgrund k\u00f6rperlicher oder medizinischer Unf\u00e4higkeit oder der Nichtbeachtung der Anweisungen des Ausbilders haben k\u00f6nnte.<\/span><\/span><\/span><\/span><\/p>\n<p lang=\"de-DE\"><span style=\"font-family: Courier, serif;\"><span style=\"font-size: small;\"><span style=\"color: #212121;\"><span style=\"font-family: Arial, serif;\">Die minderj\u00e4hrigen Sch\u00fcler und ihre Eltern verstehen und erkennen an, dass Surfen\/ Skaten Extremsportarten mit Gefahren sind und sie die volle Verantwortung f\u00fcr Personensch\u00e4den oder Tod \u00fcbernehmen, wenn sie an Surf- \/ Skatingaktivit\u00e4ten teilnehmen, unabh\u00e4ngig davon, ob sie durch die Fahrl\u00e4ssigkeit der freigegebenen Parteien (ASA und Partner) verursacht wurden.<\/span><\/span><\/span><\/span><\/p>\n<p align=\"JUSTIFY\"><span style=\"font-family: Arial, serif;\"><span style=\"font-size: small;\"><span lang=\"de-CH\"><b>Artikel 9. Pers\u00f6nliche Daten<\/b><\/span><\/span><\/span><\/p>\n<p lang=\"de-DE\"><span style=\"font-family: Courier, serif;\"><span style=\"font-size: small;\"><span style=\"color: #212121;\"><span style=\"font-family: Arial, serif;\">Ihre Kontaktdaten sind im Dateieigentum von ASA enthalten. Sie k\u00f6nnen Ihr Recht auf Zugang, Berichtigung, L\u00f6schung und\/ oder Widerspruch geltend machen, indem Sie jederzeit eine E-Mail an <\/span><\/span><a href=\"mailto:info@alohasurfacademy.com\"><span style=\"font-family: Arial, serif;\">info@alohasurfacademy.com<\/span><\/a><span style=\"color: #212121;\"><span style=\"font-family: Arial, serif;\"> senden sowie eine Kopie Ihres Personalausweises\/ Reisepasses beif\u00fcgen k\u00f6nnen.<\/span><\/span><\/span><\/span><\/p>\n<p lang=\"de-DE\"><span style=\"font-family: Courier, serif;\"><span style=\"font-size: small;\"><span style=\"color: #212121;\"><span style=\"font-family: Arial, serif;\">ASA respektiert die Privatsph\u00e4re aller Nutzer unserer Website und stellt sicher, dass Ihre pers\u00f6nlichen Daten vertraulich und sorgf\u00e4ltig behandelt werden.<\/span><\/span><\/span><\/span><\/p>\n<p lang=\"de-DE\"><span style=\"font-family: Courier, serif;\"><span style=\"font-size: small;\"><span style=\"color: #212121;\"><span style=\"font-family: Arial, serif;\">Sie akzeptieren, dass Ihre Daten (vollst\u00e4ndiger Name, Telefonnummer, Unterkunft, Adresse, Personalausweis, E-Mail) f\u00fcr eine gute Planung Ihres Aufenthalts verwendet und mit Partnern geteilt werden k\u00f6nnen, sofern Sie andere Dienstleistungen wie beispielsweise Unterkunft oder zus\u00e4tzliche Aktivit\u00e4ten gebucht haben.<\/span><\/span><\/span><\/span><\/p>\n<p lang=\"de-DE\"><span style=\"font-family: Courier, serif;\"><span style=\"font-size: small;\"><span style=\"color: #212121;\"><span style=\"font-family: Arial, serif;\">Dar\u00fcber hinaus akzeptieren Sie, dass wir Ihre E-Mail Adresse verwenden, um Ihnen eine Umfrage zur Zufriedenheit oder den Newsletter mit unseren neuesten Nachrichten oder Angeboten zu senden!<\/span><\/span><\/span><\/span><\/p>\n<p lang=\"de-DE\"><span style=\"font-family: Courier, serif;\"><span style=\"font-size: small;\"><span style=\"color: #212121;\"><span style=\"font-family: Arial, serif;\">Unsere Webseite alohasurfacademy.ch enth\u00e4lt Links zu anderen Webseiten. ASA kann nicht f\u00fcr die Privatsph\u00e4re anderer Websites verantwortlich gemacht werden.<\/span><\/span><\/span><\/span><\/p>\n<p lang=\"de-DE\"><span style=\"font-family: Courier, serif;\"><span style=\"font-size: small;\"><span style=\"color: #212121;\"><span style=\"font-family: Arial, serif;\">Wir garantieren, dass unsere Computer durch Virenschutz gesch\u00fctzt werden.<\/span><\/span><\/span><\/span><\/p>\n<p lang=\"de-DE\"><span style=\"font-family: Courier, serif;\"><span style=\"font-size: small;\"><span style=\"color: #212121;\"><span style=\"font-family: Arial, serif;\">Cookies: Sie werden darauf hingewiesen, dass unsere Website Cookies verwendet. Jeder Benutzer kann diese Option in seinen Internetoptionen deaktivieren.<\/span><\/span><\/span><\/span><\/p>\n<p lang=\"de-DE\"><span style=\"font-family: Courier, serif;\"><span style=\"font-size: small;\"><span style=\"color: #212121;\"><span style=\"font-family: Arial, serif;\">Wenn Sie bei ASA buchen, best\u00e4tigen Sie, dass Sie die AGBs (Allgemeine Gesch\u00e4ftsbedingungen) von ASA f\u00fcr sich sowie die Minderj\u00e4hrigen, f\u00fcr die Sie die Verantwortung \u00fcbernehmen, gelesen und akzeptiert haben.<\/span><\/span><\/span><\/span><\/p>\n","protected":false},"excerpt":{"rendered":"<p>Allgemeine Gesch\u00e4ftsbedingungen (AGBs) Artikel 1. Buchungsbedingungen Der Teilnehmer best\u00e4tigt, dass er in der Lage ist mindestens 25 Meter zu schwimmen, keine k\u00f6rperlichen Einschr\u00e4nkungen, Krankheitserscheinungen oder geistige Behinderung zu haben, die ihn daran hindern w\u00fcrden, an Surfaktivit\u00e4ten teilzunehmen. Er\/ sie steht w\u00e4hrend des Kurses nicht unter Alkohol- oder Drogeneinfluss noch unter sonstigem Einfluss von Bet\u00e4ubungsmitteln. Im [&hellip;]<\/p>\n","protected":false},"author":3,"featured_media":0,"parent":650,"menu_order":1,"comment_status":"closed","ping_status":"closed","template":"","meta":{"footnotes":""},"class_list":["post-9402","page","type-page","status-publish","hentry"],"yoast_head":"<!-- This site is optimized with the Yoast SEO plugin v27.4 - https:\/\/yoast.com\/product\/yoast-seo-wordpress\/ -->\n<title>Allgemeine Gesch\u00e4ftsbedingungen (AGBs) - Aloha Surf Academy - The best surf school and surf camps in Fuerteventura - Corralejo<\/title>\n<meta name=\"robots\" content=\"index, follow, max-snippet:-1, max-image-preview:large, max-video-preview:-1\" \/>\n<link rel=\"canonical\" href=\"https:\/\/alohasurfacademy.com\/de\/prices\/allgemeine-geschaeftsbedingungen-agbs\/\" \/>\n<meta property=\"og:locale\" content=\"de_DE\" \/>\n<meta property=\"og:type\" content=\"article\" \/>\n<meta property=\"og:title\" content=\"Allgemeine Gesch\u00e4ftsbedingungen (AGBs) - Aloha Surf Academy - The best surf school and surf camps in Fuerteventura - Corralejo\" \/>\n<meta property=\"og:description\" content=\"Allgemeine Gesch\u00e4ftsbedingungen (AGBs) Artikel 1. Buchungsbedingungen Der Teilnehmer best\u00e4tigt, dass er in der Lage ist mindestens 25 Meter zu schwimmen, keine k\u00f6rperlichen Einschr\u00e4nkungen, Krankheitserscheinungen oder geistige Behinderung zu haben, die ihn daran hindern w\u00fcrden, an Surfaktivit\u00e4ten teilzunehmen. Er\/ sie steht w\u00e4hrend des Kurses nicht unter Alkohol- oder Drogeneinfluss noch unter sonstigem Einfluss von Bet\u00e4ubungsmitteln. Im [&hellip;]\" \/>\n<meta property=\"og:url\" content=\"https:\/\/alohasurfacademy.com\/de\/prices\/allgemeine-geschaeftsbedingungen-agbs\/\" \/>\n<meta property=\"og:site_name\" content=\"Aloha Surf Academy - The best surf school and surf camps in Fuerteventura - Corralejo\" \/>\n<meta name=\"twitter:card\" content=\"summary_large_image\" \/>\n<meta name=\"twitter:label1\" content=\"Gesch\u00e4tzte Lesezeit\" \/>\n\t<meta name=\"twitter:data1\" content=\"5\u00a0Minuten\" \/>\n<script type=\"application\/ld+json\" class=\"yoast-schema-graph\">{\"@context\":\"https:\\\/\\\/schema.org\",\"@graph\":[{\"@type\":\"WebPage\",\"@id\":\"https:\\\/\\\/alohasurfacademy.com\\\/de\\\/prices\\\/allgemeine-geschaeftsbedingungen-agbs\\\/\",\"url\":\"https:\\\/\\\/alohasurfacademy.com\\\/de\\\/prices\\\/allgemeine-geschaeftsbedingungen-agbs\\\/\",\"name\":\"Allgemeine Gesch\u00e4ftsbedingungen (AGBs) - Aloha Surf Academy - The best surf school and surf camps in Fuerteventura - Corralejo\",\"isPartOf\":{\"@id\":\"https:\\\/\\\/alohasurfacademy.com\\\/de\\\/#website\"},\"datePublished\":\"2025-03-19T15:39:58+00:00\",\"breadcrumb\":{\"@id\":\"https:\\\/\\\/alohasurfacademy.com\\\/de\\\/prices\\\/allgemeine-geschaeftsbedingungen-agbs\\\/#breadcrumb\"},\"inLanguage\":\"de\",\"potentialAction\":[{\"@type\":\"ReadAction\",\"target\":[\"https:\\\/\\\/alohasurfacademy.com\\\/de\\\/prices\\\/allgemeine-geschaeftsbedingungen-agbs\\\/\"]}]},{\"@type\":\"BreadcrumbList\",\"@id\":\"https:\\\/\\\/alohasurfacademy.com\\\/de\\\/prices\\\/allgemeine-geschaeftsbedingungen-agbs\\\/#breadcrumb\",\"itemListElement\":[{\"@type\":\"ListItem\",\"position\":1,\"name\":\"Home\",\"item\":\"https:\\\/\\\/alohasurfacademy.com\\\/de\\\/\"},{\"@type\":\"ListItem\",\"position\":2,\"name\":\"Preise\",\"item\":\"https:\\\/\\\/alohasurfacademy.com\\\/de\\\/prices\\\/?lang=de\"},{\"@type\":\"ListItem\",\"position\":3,\"name\":\"Allgemeine Gesch\u00e4ftsbedingungen (AGBs)\"}]},{\"@type\":\"WebSite\",\"@id\":\"https:\\\/\\\/alohasurfacademy.com\\\/de\\\/#website\",\"url\":\"https:\\\/\\\/alohasurfacademy.com\\\/de\\\/\",\"name\":\"Aloha Surf Academy - The best surf school and surf camps in Fuerteventura - Corralejo\",\"description\":\"Surf School, Surf Camp, Surfing Class, Surf Course in Corralejo - Fuerteventura\",\"potentialAction\":[{\"@type\":\"SearchAction\",\"target\":{\"@type\":\"EntryPoint\",\"urlTemplate\":\"https:\\\/\\\/alohasurfacademy.com\\\/de\\\/?s={search_term_string}\"},\"query-input\":{\"@type\":\"PropertyValueSpecification\",\"valueRequired\":true,\"valueName\":\"search_term_string\"}}],\"inLanguage\":\"de\"}]}<\/script>\n<!-- \/ Yoast SEO plugin. -->","yoast_head_json":{"title":"Allgemeine Gesch\u00e4ftsbedingungen (AGBs) - Aloha Surf Academy - The best surf school and surf camps in Fuerteventura - Corralejo","robots":{"index":"index","follow":"follow","max-snippet":"max-snippet:-1","max-image-preview":"max-image-preview:large","max-video-preview":"max-video-preview:-1"},"canonical":"https:\/\/alohasurfacademy.com\/de\/prices\/allgemeine-geschaeftsbedingungen-agbs\/","og_locale":"de_DE","og_type":"article","og_title":"Allgemeine Gesch\u00e4ftsbedingungen (AGBs) - Aloha Surf Academy - The best surf school and surf camps in Fuerteventura - Corralejo","og_description":"Allgemeine Gesch\u00e4ftsbedingungen (AGBs) Artikel 1. Buchungsbedingungen Der Teilnehmer best\u00e4tigt, dass er in der Lage ist mindestens 25 Meter zu schwimmen, keine k\u00f6rperlichen Einschr\u00e4nkungen, Krankheitserscheinungen oder geistige Behinderung zu haben, die ihn daran hindern w\u00fcrden, an Surfaktivit\u00e4ten teilzunehmen. Er\/ sie steht w\u00e4hrend des Kurses nicht unter Alkohol- oder Drogeneinfluss noch unter sonstigem Einfluss von Bet\u00e4ubungsmitteln. Im [&hellip;]","og_url":"https:\/\/alohasurfacademy.com\/de\/prices\/allgemeine-geschaeftsbedingungen-agbs\/","og_site_name":"Aloha Surf Academy - The best surf school and surf camps in Fuerteventura - Corralejo","twitter_card":"summary_large_image","twitter_misc":{"Gesch\u00e4tzte Lesezeit":"5\u00a0Minuten"},"schema":{"@context":"https:\/\/schema.org","@graph":[{"@type":"WebPage","@id":"https:\/\/alohasurfacademy.com\/de\/prices\/allgemeine-geschaeftsbedingungen-agbs\/","url":"https:\/\/alohasurfacademy.com\/de\/prices\/allgemeine-geschaeftsbedingungen-agbs\/","name":"Allgemeine Gesch\u00e4ftsbedingungen (AGBs) - Aloha Surf Academy - The best surf school and surf camps in Fuerteventura - Corralejo","isPartOf":{"@id":"https:\/\/alohasurfacademy.com\/de\/#website"},"datePublished":"2025-03-19T15:39:58+00:00","breadcrumb":{"@id":"https:\/\/alohasurfacademy.com\/de\/prices\/allgemeine-geschaeftsbedingungen-agbs\/#breadcrumb"},"inLanguage":"de","potentialAction":[{"@type":"ReadAction","target":["https:\/\/alohasurfacademy.com\/de\/prices\/allgemeine-geschaeftsbedingungen-agbs\/"]}]},{"@type":"BreadcrumbList","@id":"https:\/\/alohasurfacademy.com\/de\/prices\/allgemeine-geschaeftsbedingungen-agbs\/#breadcrumb","itemListElement":[{"@type":"ListItem","position":1,"name":"Home","item":"https:\/\/alohasurfacademy.com\/de\/"},{"@type":"ListItem","position":2,"name":"Preise","item":"https:\/\/alohasurfacademy.com\/de\/prices\/?lang=de"},{"@type":"ListItem","position":3,"name":"Allgemeine Gesch\u00e4ftsbedingungen (AGBs)"}]},{"@type":"WebSite","@id":"https:\/\/alohasurfacademy.com\/de\/#website","url":"https:\/\/alohasurfacademy.com\/de\/","name":"Aloha Surf Academy - The best surf school and surf camps in Fuerteventura - Corralejo","description":"Surf School, Surf Camp, Surfing Class, Surf Course in Corralejo - Fuerteventura","potentialAction":[{"@type":"SearchAction","target":{"@type":"EntryPoint","urlTemplate":"https:\/\/alohasurfacademy.com\/de\/?s={search_term_string}"},"query-input":{"@type":"PropertyValueSpecification","valueRequired":true,"valueName":"search_term_string"}}],"inLanguage":"de"}]}},"_links":{"self":[{"href":"https:\/\/alohasurfacademy.com\/de\/wp-json\/wp\/v2\/pages\/9402","targetHints":{"allow":["GET"]}}],"collection":[{"href":"https:\/\/alohasurfacademy.com\/de\/wp-json\/wp\/v2\/pages"}],"about":[{"href":"https:\/\/alohasurfacademy.com\/de\/wp-json\/wp\/v2\/types\/page"}],"author":[{"embeddable":true,"href":"https:\/\/alohasurfacademy.com\/de\/wp-json\/wp\/v2\/users\/3"}],"replies":[{"embeddable":true,"href":"https:\/\/alohasurfacademy.com\/de\/wp-json\/wp\/v2\/comments?post=9402"}],"version-history":[{"count":0,"href":"https:\/\/alohasurfacademy.com\/de\/wp-json\/wp\/v2\/pages\/9402\/revisions"}],"up":[{"embeddable":true,"href":"https:\/\/alohasurfacademy.com\/de\/wp-json\/wp\/v2\/pages\/650"}],"wp:attachment":[{"href":"https:\/\/alohasurfacademy.com\/de\/wp-json\/wp\/v2\/media?parent=9402"}],"curies":[{"name":"wp","href":"https:\/\/api.w.org\/{rel}","templated":true}]}}