{"id":352,"date":"2021-04-01T19:56:26","date_gmt":"2021-04-01T18:56:26","guid":{"rendered":"http:\/\/www.alohasurfacademy.ch\/xyz\/?page_id=352"},"modified":"2023-12-13T09:28:02","modified_gmt":"2023-12-13T09:28:02","slug":"about-us-2","status":"publish","type":"page","link":"https:\/\/alohasurfacademy.com\/es\/about-us-2\/","title":{"rendered":"Info Academia"},"content":{"rendered":"<h3>Diversa informaci\u00f3n relevante curso de surf<\/h3>\n<p>Nuestra escuela de surf es adecuada para clientes que deseen aprender a surfear o seguir aprendiendo de manera seria, dedicados, <strong>deportistas<\/strong> y motivados !<\/p>\n<p>Nuestro instructor es un excelente profesor; enfocado en darte buenas explicaciones para mejorar tu t\u00e9cnica, siendo paciente en la playa. Durante los traslados y las actividades, es simp\u00e1tico y estar\u00e1 feliz de compartir su vida.<\/p>\n<p><strong>HORARIO\u00a0<\/strong> : Normalmente, salida a las 10:30 o 14:30*<br \/>\n<strong>DURACI\u00d3N<\/strong> : 5 o 6 horas<br \/>\n<strong>PRECIO<\/strong> : a partir 65 euros<br \/>\n<strong>INCLUYE<\/strong> : Recogida \/ carver skate training\/ traslado a la playa \/ material \/curso \/ coaching profesional \/ socorristas titulados \/ buena experiencia\u2026!<br \/>\n<strong>INFORMATI\u00d3N REQUERIDA<\/strong> : altura en cm y peso en kg para el material \/ nombre completo \/ m\u00f3vil \/ alojamiento<br \/>\n<strong>POR FAVOR TRAER<\/strong> : algo para comer y agua en el descanso. Ropa de playa<\/p>\n<p>* horario depende de las condiciones<\/p>\n<p>** contacta con nosotros para cualquier informaci\u00f3n o descuento de grupo, familia, estudiante o ultima hora.<\/p>\n<p><a href=\"https:\/\/alohasurfacademy.com\/wp-content\/uploads\/\/magasine2-1024x681.jpg\"><img loading=\"lazy\" decoding=\"async\" class=\"wp-image-4028 size-large\" src=\"https:\/\/alohasurfacademy.com\/wp-content\/uploads\/\/magasine2-1024x681.jpg\" alt=\"SONY DSC\" width=\"606\" height=\"403\" srcset=\"https:\/\/alohasurfacademy.com\/wp-content\/uploads\/magasine2-1024x681.jpg 1024w, https:\/\/alohasurfacademy.com\/wp-content\/uploads\/magasine2-300x200.jpg 300w\" sizes=\"(max-width: 606px) 100vw, 606px\" \/><\/a><\/p>\n<h3>Que m\u00e1s&#8230;<\/h3>\n<p>El horario es flexible, pasaremos tiempo en la playa y descubrimos algo de la isla en el camino. Cuando las condiciones lo permitan; vamos a diferentes spots para que pratiquar las nuevas t\u00e9cnicas aprendidas en diferentes tipos de ola.<\/p>\n<p>Nuestras clases se imparten en espa\u00f1ol, ingl\u00e9s, alem\u00e1n, franc\u00e9s, italiano y holand\u00e9s.<\/p>\n<p>Ense\u00f1amos en grupos reducidos, m\u00e1x 6 alumnos\/profesor, para una atenci\u00f3n de calidad personalizada y m\u00e1s divertida.<\/p>\n<p><img decoding=\"async\" class=\"alignnone\" src=\"\/wp-content\/uploads\/new\/surf_courses.jpg\" alt=\"\" width=\"900\" \/><\/p>\n<p>&nbsp;<\/p>\n","protected":false},"excerpt":{"rendered":"<p>Diversa informaci\u00f3n relevante curso de surf Nuestra escuela de surf es adecuada para clientes que deseen aprender a surfear o seguir aprendiendo de manera seria, dedicados, deportistas y motivados ! Nuestro instructor es un excelente profesor; enfocado en darte buenas explicaciones para mejorar tu t\u00e9cnica, siendo paciente en la playa. Durante los traslados y las [&hellip;]<\/p>\n","protected":false},"author":2,"featured_media":0,"parent":0,"menu_order":0,"comment_status":"closed","ping_status":"closed","template":"","meta":{"footnotes":""},"class_list":["post-352","page","type-page","status-publish","hentry"],"yoast_head":"<!-- This site is optimized with the Yoast SEO plugin v27.5 - https:\/\/yoast.com\/product\/yoast-seo-wordpress\/ -->\n<title>Info Academia - Aloha Surf Academy - The best surf school and surf camps in Fuerteventura - Corralejo<\/title>\n<meta name=\"robots\" content=\"index, follow, max-snippet:-1, max-image-preview:large, max-video-preview:-1\" \/>\n<link rel=\"canonical\" href=\"https:\/\/alohasurfacademy.com\/es\/about-us-2\/\" \/>\n<meta property=\"og:locale\" content=\"es_ES\" \/>\n<meta property=\"og:type\" content=\"article\" \/>\n<meta property=\"og:title\" content=\"Info Academia - Aloha Surf Academy - The best surf school and surf camps in Fuerteventura - Corralejo\" \/>\n<meta property=\"og:description\" content=\"Diversa informaci\u00f3n relevante curso de surf Nuestra escuela de surf es adecuada para clientes que deseen aprender a surfear o seguir aprendiendo de manera seria, dedicados, deportistas y motivados ! Nuestro instructor es un excelente profesor; enfocado en darte buenas explicaciones para mejorar tu t\u00e9cnica, siendo paciente en la playa. Durante los traslados y las [&hellip;]\" \/>\n<meta property=\"og:url\" content=\"https:\/\/alohasurfacademy.com\/es\/about-us-2\/\" \/>\n<meta property=\"og:site_name\" content=\"Aloha Surf Academy - The best surf school and surf camps in Fuerteventura - Corralejo\" \/>\n<meta property=\"article:modified_time\" content=\"2023-12-13T09:28:02+00:00\" \/>\n<meta property=\"og:image\" content=\"https:\/\/alohasurfacademy.com\/wp-content\/uploads\/\/magasine2-1024x681.jpg\" \/>\n<meta name=\"twitter:card\" content=\"summary_large_image\" \/>\n<meta name=\"twitter:label1\" content=\"Tiempo de lectura\" \/>\n\t<meta name=\"twitter:data1\" content=\"2 minutos\" \/>\n<script type=\"application\/ld+json\" class=\"yoast-schema-graph\">{\"@context\":\"https:\\\/\\\/schema.org\",\"@graph\":[{\"@type\":\"WebPage\",\"@id\":\"https:\\\/\\\/alohasurfacademy.com\\\/es\\\/about-us-2\\\/\",\"url\":\"https:\\\/\\\/alohasurfacademy.com\\\/es\\\/about-us-2\\\/\",\"name\":\"Info Academia - Aloha Surf Academy - The best surf school and surf camps in Fuerteventura - Corralejo\",\"isPartOf\":{\"@id\":\"https:\\\/\\\/alohasurfacademy.com\\\/es\\\/#website\"},\"primaryImageOfPage\":{\"@id\":\"https:\\\/\\\/alohasurfacademy.com\\\/es\\\/about-us-2\\\/#primaryimage\"},\"image\":{\"@id\":\"https:\\\/\\\/alohasurfacademy.com\\\/es\\\/about-us-2\\\/#primaryimage\"},\"thumbnailUrl\":\"https:\\\/\\\/alohasurfacademy.com\\\/wp-content\\\/uploads\\\/\\\/magasine2-1024x681.jpg\",\"datePublished\":\"2021-04-01T18:56:26+00:00\",\"dateModified\":\"2023-12-13T09:28:02+00:00\",\"breadcrumb\":{\"@id\":\"https:\\\/\\\/alohasurfacademy.com\\\/es\\\/about-us-2\\\/#breadcrumb\"},\"inLanguage\":\"es\",\"potentialAction\":[{\"@type\":\"ReadAction\",\"target\":[\"https:\\\/\\\/alohasurfacademy.com\\\/es\\\/about-us-2\\\/\"]}]},{\"@type\":\"ImageObject\",\"inLanguage\":\"es\",\"@id\":\"https:\\\/\\\/alohasurfacademy.com\\\/es\\\/about-us-2\\\/#primaryimage\",\"url\":\"https:\\\/\\\/alohasurfacademy.com\\\/wp-content\\\/uploads\\\/\\\/magasine2-1024x681.jpg\",\"contentUrl\":\"https:\\\/\\\/alohasurfacademy.com\\\/wp-content\\\/uploads\\\/\\\/magasine2-1024x681.jpg\"},{\"@type\":\"BreadcrumbList\",\"@id\":\"https:\\\/\\\/alohasurfacademy.com\\\/es\\\/about-us-2\\\/#breadcrumb\",\"itemListElement\":[{\"@type\":\"ListItem\",\"position\":1,\"name\":\"Home\",\"item\":\"https:\\\/\\\/alohasurfacademy.com\\\/es\\\/\"},{\"@type\":\"ListItem\",\"position\":2,\"name\":\"Info Academia\"}]},{\"@type\":\"WebSite\",\"@id\":\"https:\\\/\\\/alohasurfacademy.com\\\/es\\\/#website\",\"url\":\"https:\\\/\\\/alohasurfacademy.com\\\/es\\\/\",\"name\":\"Aloha Surf Academy - The best surf school and surf camps in Fuerteventura - Corralejo\",\"description\":\"Surf School, Surf Camp, Surfing Class, Surf Course in Corralejo - Fuerteventura\",\"potentialAction\":[{\"@type\":\"SearchAction\",\"target\":{\"@type\":\"EntryPoint\",\"urlTemplate\":\"https:\\\/\\\/alohasurfacademy.com\\\/es\\\/?s={search_term_string}\"},\"query-input\":{\"@type\":\"PropertyValueSpecification\",\"valueRequired\":true,\"valueName\":\"search_term_string\"}}],\"inLanguage\":\"es\"}]}<\/script>\n<!-- \/ Yoast SEO plugin. -->","yoast_head_json":{"title":"Info Academia - Aloha Surf Academy - The best surf school and surf camps in Fuerteventura - Corralejo","robots":{"index":"index","follow":"follow","max-snippet":"max-snippet:-1","max-image-preview":"max-image-preview:large","max-video-preview":"max-video-preview:-1"},"canonical":"https:\/\/alohasurfacademy.com\/es\/about-us-2\/","og_locale":"es_ES","og_type":"article","og_title":"Info Academia - Aloha Surf Academy - The best surf school and surf camps in Fuerteventura - Corralejo","og_description":"Diversa informaci\u00f3n relevante curso de surf Nuestra escuela de surf es adecuada para clientes que deseen aprender a surfear o seguir aprendiendo de manera seria, dedicados, deportistas y motivados ! Nuestro instructor es un excelente profesor; enfocado en darte buenas explicaciones para mejorar tu t\u00e9cnica, siendo paciente en la playa. Durante los traslados y las [&hellip;]","og_url":"https:\/\/alohasurfacademy.com\/es\/about-us-2\/","og_site_name":"Aloha Surf Academy - The best surf school and surf camps in Fuerteventura - Corralejo","article_modified_time":"2023-12-13T09:28:02+00:00","og_image":[{"url":"https:\/\/alohasurfacademy.com\/wp-content\/uploads\/\/magasine2-1024x681.jpg","type":"","width":"","height":""}],"twitter_card":"summary_large_image","twitter_misc":{"Tiempo de lectura":"2 minutos"},"schema":{"@context":"https:\/\/schema.org","@graph":[{"@type":"WebPage","@id":"https:\/\/alohasurfacademy.com\/es\/about-us-2\/","url":"https:\/\/alohasurfacademy.com\/es\/about-us-2\/","name":"Info Academia - Aloha Surf Academy - The best surf school and surf camps in Fuerteventura - Corralejo","isPartOf":{"@id":"https:\/\/alohasurfacademy.com\/es\/#website"},"primaryImageOfPage":{"@id":"https:\/\/alohasurfacademy.com\/es\/about-us-2\/#primaryimage"},"image":{"@id":"https:\/\/alohasurfacademy.com\/es\/about-us-2\/#primaryimage"},"thumbnailUrl":"https:\/\/alohasurfacademy.com\/wp-content\/uploads\/\/magasine2-1024x681.jpg","datePublished":"2021-04-01T18:56:26+00:00","dateModified":"2023-12-13T09:28:02+00:00","breadcrumb":{"@id":"https:\/\/alohasurfacademy.com\/es\/about-us-2\/#breadcrumb"},"inLanguage":"es","potentialAction":[{"@type":"ReadAction","target":["https:\/\/alohasurfacademy.com\/es\/about-us-2\/"]}]},{"@type":"ImageObject","inLanguage":"es","@id":"https:\/\/alohasurfacademy.com\/es\/about-us-2\/#primaryimage","url":"https:\/\/alohasurfacademy.com\/wp-content\/uploads\/\/magasine2-1024x681.jpg","contentUrl":"https:\/\/alohasurfacademy.com\/wp-content\/uploads\/\/magasine2-1024x681.jpg"},{"@type":"BreadcrumbList","@id":"https:\/\/alohasurfacademy.com\/es\/about-us-2\/#breadcrumb","itemListElement":[{"@type":"ListItem","position":1,"name":"Home","item":"https:\/\/alohasurfacademy.com\/es\/"},{"@type":"ListItem","position":2,"name":"Info Academia"}]},{"@type":"WebSite","@id":"https:\/\/alohasurfacademy.com\/es\/#website","url":"https:\/\/alohasurfacademy.com\/es\/","name":"Aloha Surf Academy - The best surf school and surf camps in Fuerteventura - Corralejo","description":"Surf School, Surf Camp, Surfing Class, Surf Course in Corralejo - Fuerteventura","potentialAction":[{"@type":"SearchAction","target":{"@type":"EntryPoint","urlTemplate":"https:\/\/alohasurfacademy.com\/es\/?s={search_term_string}"},"query-input":{"@type":"PropertyValueSpecification","valueRequired":true,"valueName":"search_term_string"}}],"inLanguage":"es"}]}},"_links":{"self":[{"href":"https:\/\/alohasurfacademy.com\/es\/wp-json\/wp\/v2\/pages\/352","targetHints":{"allow":["GET"]}}],"collection":[{"href":"https:\/\/alohasurfacademy.com\/es\/wp-json\/wp\/v2\/pages"}],"about":[{"href":"https:\/\/alohasurfacademy.com\/es\/wp-json\/wp\/v2\/types\/page"}],"author":[{"embeddable":true,"href":"https:\/\/alohasurfacademy.com\/es\/wp-json\/wp\/v2\/users\/2"}],"replies":[{"embeddable":true,"href":"https:\/\/alohasurfacademy.com\/es\/wp-json\/wp\/v2\/comments?post=352"}],"version-history":[{"count":18,"href":"https:\/\/alohasurfacademy.com\/es\/wp-json\/wp\/v2\/pages\/352\/revisions"}],"predecessor-version":[{"id":7574,"href":"https:\/\/alohasurfacademy.com\/es\/wp-json\/wp\/v2\/pages\/352\/revisions\/7574"}],"wp:attachment":[{"href":"https:\/\/alohasurfacademy.com\/es\/wp-json\/wp\/v2\/media?parent=352"}],"curies":[{"name":"wp","href":"https:\/\/api.w.org\/{rel}","templated":true}]}}