{"id":367,"date":"2014-05-22T10:22:28","date_gmt":"2014-05-22T09:22:28","guid":{"rendered":"http:\/\/www.alohasurfacademy.ch\/xyz\/?page_id=367"},"modified":"2024-08-23T10:21:31","modified_gmt":"2024-08-23T10:21:31","slug":"the-team","status":"publish","type":"page","link":"https:\/\/alohasurfacademy.com\/es\/about-us-2\/the-team\/","title":{"rendered":"Team Aloha"},"content":{"rendered":"<h1 style=\"text-align: left;\">Alex &#8211; Instructor<strong><img loading=\"lazy\" decoding=\"async\" class=\"wp-image-5629 size-medium alignleft\" src=\"https:\/\/alohasurfacademy.com\/wp-content\/uploads\/\/aba4c68d-ebb4-4aa6-a688-4037fec0b243-246x300.jpg\" alt=\"\" width=\"246\" height=\"300\" srcset=\"https:\/\/alohasurfacademy.com\/wp-content\/uploads\/aba4c68d-ebb4-4aa6-a688-4037fec0b243-246x300.jpg 246w, https:\/\/alohasurfacademy.com\/wp-content\/uploads\/aba4c68d-ebb4-4aa6-a688-4037fec0b243-840x1024.jpg 840w, https:\/\/alohasurfacademy.com\/wp-content\/uploads\/aba4c68d-ebb4-4aa6-a688-4037fec0b243-768x937.jpg 768w, https:\/\/alohasurfacademy.com\/wp-content\/uploads\/aba4c68d-ebb4-4aa6-a688-4037fec0b243-1260x1536.jpg 1260w, https:\/\/alohasurfacademy.com\/wp-content\/uploads\/aba4c68d-ebb4-4aa6-a688-4037fec0b243.jpg 1312w\" sizes=\"(max-width: 246px) 100vw, 246px\" \/><\/strong><\/h1>\n<p>Era en 2006 cuando aterric\u00e9 en Fuerteventura para un viaje de windsurf con amigos. La sencillez de la isla, la calma y el amplio campo de juego para la pr\u00e1ctica de deportes acu\u00e1ticos me conquistaron. \u00a1Nunca me ido !<\/p>\n<p>En Alemania, era maestro de escuela y estudi\u00e9 ciencias del deporte. <strong>Soy tu instructor de surf en la academia<\/strong> y te superviso metodol\u00f3gicamente, mientras comparto mi pasi\u00f3n por el surf, el oc\u00e9ano y mis conocimientos nutricionales para los surfistas.<\/p>\n<p>\u00a1Adem\u00e1s del agua salada, tengo una pasi\u00f3n por la <a href=\"https:\/\/alohasurfacademy.com\/5738\/?lang=es\">permacultura<\/a>! \u00a1Mis \u00faltimos proyectos son la creaci\u00f3n de una finca agr\u00edcola comunitaria en el norte de Fuerteventura y un estanque de peces de pisicultura! Echa un vistazo a mis proyectos y aventuras: <a href=\"https:\/\/instagram.com\/alex2aloha?igshid=YmMyMTA2M2Y=\">A. H\u00fclsberg Permaculture<\/a><\/p>\n<h1 style=\"text-align: left;\">Sophie &#8211; Manager<\/h1>\n<p><img loading=\"lazy\" decoding=\"async\" class=\"wp-image-5630 size-medium alignright\" src=\"https:\/\/alohasurfacademy.com\/wp-content\/uploads\/\/567fb31e-9f76-4caf-bb5f-241551e61b27-274x300.jpg\" alt=\"\" width=\"274\" height=\"300\" srcset=\"https:\/\/alohasurfacademy.com\/wp-content\/uploads\/567fb31e-9f76-4caf-bb5f-241551e61b27-274x300.jpg 274w, https:\/\/alohasurfacademy.com\/wp-content\/uploads\/567fb31e-9f76-4caf-bb5f-241551e61b27-768x841.jpg 768w, https:\/\/alohasurfacademy.com\/wp-content\/uploads\/567fb31e-9f76-4caf-bb5f-241551e61b27.jpg 919w\" sizes=\"(max-width: 274px) 100vw, 274px\" \/><\/p>\n<p>Chica suiza- amante del calor, el mar y el estilo de vida de la isla: emigr\u00e9 a la roca en 2010. Entonces, empez\u00f3 el gran viaje: lanzamiento de nuestra academia de surf, boda, nacimiento de nuestra hija Nayra, viajes de surf y muchas aventuras. ..Aprend\u00ed a surfear, a bucear, a hacer SUP y a&#8230; ralentizar en la isla.<\/p>\n<p>En medio de la pandemia, he tenido la oportunidad genial de hacer un curso de vela y un entrenamiento de curaci\u00f3n de Reiki y masaje indio. \u00a1Estoy en el autodesarrollo y siempre estoy involucrado en alg\u00fan aprendizaje!<\/p>\n<p>Adem\u00e1s, como en mi \u00abex-vida\u00bb estuve trabajando para el CICR (Comitado Internacional de la Cruz Roja), naturalmente me present\u00e9 como voluntario en la Cruz Roja Espa\u00f1ola local.<\/p>\n<p><strong>Soy tu contacto para tu lecci\u00f3n de surf\/reserva de viaje<\/strong> a nuestro para\u00edso, y te invito a tener una sesi\u00f3n de <a href=\"https:\/\/alohasurfacademy.com\/de\/wellnesspaket-fruhling-2022\/\">Reiki<\/a>, si resuena \ud83d\ude0a Aloha<\/p>\n","protected":false},"excerpt":{"rendered":"<p>Alex &#8211; Instructor Era en 2006 cuando aterric\u00e9 en Fuerteventura para un viaje de windsurf con amigos. La sencillez de la isla, la calma y el amplio campo de juego para la pr\u00e1ctica de deportes acu\u00e1ticos me conquistaron. \u00a1Nunca me ido ! En Alemania, era maestro de escuela y estudi\u00e9 ciencias del deporte. Soy tu [&hellip;]<\/p>\n","protected":false},"author":2,"featured_media":0,"parent":352,"menu_order":0,"comment_status":"closed","ping_status":"closed","template":"","meta":{"footnotes":""},"class_list":["post-367","page","type-page","status-publish","hentry"],"yoast_head":"<!-- This site is optimized with the Yoast SEO plugin v27.5 - https:\/\/yoast.com\/product\/yoast-seo-wordpress\/ -->\n<title>Team Aloha - Aloha Surf Academy - The best surf school and surf camps in Fuerteventura - Corralejo<\/title>\n<meta name=\"robots\" content=\"index, follow, max-snippet:-1, max-image-preview:large, max-video-preview:-1\" \/>\n<link rel=\"canonical\" href=\"https:\/\/alohasurfacademy.com\/es\/about-us-2\/the-team\/\" \/>\n<meta property=\"og:locale\" content=\"es_ES\" \/>\n<meta property=\"og:type\" content=\"article\" \/>\n<meta property=\"og:title\" content=\"Team Aloha - Aloha Surf Academy - The best surf school and surf camps in Fuerteventura - Corralejo\" \/>\n<meta property=\"og:description\" content=\"Alex &#8211; Instructor Era en 2006 cuando aterric\u00e9 en Fuerteventura para un viaje de windsurf con amigos. La sencillez de la isla, la calma y el amplio campo de juego para la pr\u00e1ctica de deportes acu\u00e1ticos me conquistaron. \u00a1Nunca me ido ! En Alemania, era maestro de escuela y estudi\u00e9 ciencias del deporte. Soy tu [&hellip;]\" \/>\n<meta property=\"og:url\" content=\"https:\/\/alohasurfacademy.com\/es\/about-us-2\/the-team\/\" \/>\n<meta property=\"og:site_name\" content=\"Aloha Surf Academy - The best surf school and surf camps in Fuerteventura - Corralejo\" \/>\n<meta property=\"article:modified_time\" content=\"2024-08-23T10:21:31+00:00\" \/>\n<meta property=\"og:image\" content=\"https:\/\/alohasurfacademy.com\/wp-content\/uploads\/\/aba4c68d-ebb4-4aa6-a688-4037fec0b243-246x300.jpg\" \/>\n<meta name=\"twitter:card\" content=\"summary_large_image\" \/>\n<meta name=\"twitter:label1\" content=\"Tiempo de lectura\" \/>\n\t<meta name=\"twitter:data1\" content=\"2 minutos\" \/>\n<script type=\"application\/ld+json\" class=\"yoast-schema-graph\">{\"@context\":\"https:\\\/\\\/schema.org\",\"@graph\":[{\"@type\":\"WebPage\",\"@id\":\"https:\\\/\\\/alohasurfacademy.com\\\/es\\\/about-us-2\\\/the-team\\\/\",\"url\":\"https:\\\/\\\/alohasurfacademy.com\\\/es\\\/about-us-2\\\/the-team\\\/\",\"name\":\"Team Aloha - Aloha Surf Academy - The best surf school and surf camps in Fuerteventura - Corralejo\",\"isPartOf\":{\"@id\":\"https:\\\/\\\/alohasurfacademy.com\\\/es\\\/#website\"},\"primaryImageOfPage\":{\"@id\":\"https:\\\/\\\/alohasurfacademy.com\\\/es\\\/about-us-2\\\/the-team\\\/#primaryimage\"},\"image\":{\"@id\":\"https:\\\/\\\/alohasurfacademy.com\\\/es\\\/about-us-2\\\/the-team\\\/#primaryimage\"},\"thumbnailUrl\":\"https:\\\/\\\/alohasurfacademy.com\\\/wp-content\\\/uploads\\\/\\\/aba4c68d-ebb4-4aa6-a688-4037fec0b243-246x300.jpg\",\"datePublished\":\"2014-05-22T09:22:28+00:00\",\"dateModified\":\"2024-08-23T10:21:31+00:00\",\"breadcrumb\":{\"@id\":\"https:\\\/\\\/alohasurfacademy.com\\\/es\\\/about-us-2\\\/the-team\\\/#breadcrumb\"},\"inLanguage\":\"es\",\"potentialAction\":[{\"@type\":\"ReadAction\",\"target\":[\"https:\\\/\\\/alohasurfacademy.com\\\/es\\\/about-us-2\\\/the-team\\\/\"]}]},{\"@type\":\"ImageObject\",\"inLanguage\":\"es\",\"@id\":\"https:\\\/\\\/alohasurfacademy.com\\\/es\\\/about-us-2\\\/the-team\\\/#primaryimage\",\"url\":\"https:\\\/\\\/alohasurfacademy.com\\\/wp-content\\\/uploads\\\/\\\/aba4c68d-ebb4-4aa6-a688-4037fec0b243-246x300.jpg\",\"contentUrl\":\"https:\\\/\\\/alohasurfacademy.com\\\/wp-content\\\/uploads\\\/\\\/aba4c68d-ebb4-4aa6-a688-4037fec0b243-246x300.jpg\"},{\"@type\":\"BreadcrumbList\",\"@id\":\"https:\\\/\\\/alohasurfacademy.com\\\/es\\\/about-us-2\\\/the-team\\\/#breadcrumb\",\"itemListElement\":[{\"@type\":\"ListItem\",\"position\":1,\"name\":\"Home\",\"item\":\"https:\\\/\\\/alohasurfacademy.com\\\/es\\\/\"},{\"@type\":\"ListItem\",\"position\":2,\"name\":\"Info Academia\",\"item\":\"https:\\\/\\\/alohasurfacademy.com\\\/es\\\/about-us\\\/\"},{\"@type\":\"ListItem\",\"position\":3,\"name\":\"Team Aloha\"}]},{\"@type\":\"WebSite\",\"@id\":\"https:\\\/\\\/alohasurfacademy.com\\\/es\\\/#website\",\"url\":\"https:\\\/\\\/alohasurfacademy.com\\\/es\\\/\",\"name\":\"Aloha Surf Academy - The best surf school and surf camps in Fuerteventura - Corralejo\",\"description\":\"Surf School, Surf Camp, Surfing Class, Surf Course in Corralejo - Fuerteventura\",\"potentialAction\":[{\"@type\":\"SearchAction\",\"target\":{\"@type\":\"EntryPoint\",\"urlTemplate\":\"https:\\\/\\\/alohasurfacademy.com\\\/es\\\/?s={search_term_string}\"},\"query-input\":{\"@type\":\"PropertyValueSpecification\",\"valueRequired\":true,\"valueName\":\"search_term_string\"}}],\"inLanguage\":\"es\"}]}<\/script>\n<!-- \/ Yoast SEO plugin. -->","yoast_head_json":{"title":"Team Aloha - Aloha Surf Academy - The best surf school and surf camps in Fuerteventura - Corralejo","robots":{"index":"index","follow":"follow","max-snippet":"max-snippet:-1","max-image-preview":"max-image-preview:large","max-video-preview":"max-video-preview:-1"},"canonical":"https:\/\/alohasurfacademy.com\/es\/about-us-2\/the-team\/","og_locale":"es_ES","og_type":"article","og_title":"Team Aloha - Aloha Surf Academy - The best surf school and surf camps in Fuerteventura - Corralejo","og_description":"Alex &#8211; Instructor Era en 2006 cuando aterric\u00e9 en Fuerteventura para un viaje de windsurf con amigos. La sencillez de la isla, la calma y el amplio campo de juego para la pr\u00e1ctica de deportes acu\u00e1ticos me conquistaron. \u00a1Nunca me ido ! En Alemania, era maestro de escuela y estudi\u00e9 ciencias del deporte. Soy tu [&hellip;]","og_url":"https:\/\/alohasurfacademy.com\/es\/about-us-2\/the-team\/","og_site_name":"Aloha Surf Academy - The best surf school and surf camps in Fuerteventura - Corralejo","article_modified_time":"2024-08-23T10:21:31+00:00","og_image":[{"url":"https:\/\/alohasurfacademy.com\/wp-content\/uploads\/\/aba4c68d-ebb4-4aa6-a688-4037fec0b243-246x300.jpg","type":"","width":"","height":""}],"twitter_card":"summary_large_image","twitter_misc":{"Tiempo de lectura":"2 minutos"},"schema":{"@context":"https:\/\/schema.org","@graph":[{"@type":"WebPage","@id":"https:\/\/alohasurfacademy.com\/es\/about-us-2\/the-team\/","url":"https:\/\/alohasurfacademy.com\/es\/about-us-2\/the-team\/","name":"Team Aloha - Aloha Surf Academy - The best surf school and surf camps in Fuerteventura - Corralejo","isPartOf":{"@id":"https:\/\/alohasurfacademy.com\/es\/#website"},"primaryImageOfPage":{"@id":"https:\/\/alohasurfacademy.com\/es\/about-us-2\/the-team\/#primaryimage"},"image":{"@id":"https:\/\/alohasurfacademy.com\/es\/about-us-2\/the-team\/#primaryimage"},"thumbnailUrl":"https:\/\/alohasurfacademy.com\/wp-content\/uploads\/\/aba4c68d-ebb4-4aa6-a688-4037fec0b243-246x300.jpg","datePublished":"2014-05-22T09:22:28+00:00","dateModified":"2024-08-23T10:21:31+00:00","breadcrumb":{"@id":"https:\/\/alohasurfacademy.com\/es\/about-us-2\/the-team\/#breadcrumb"},"inLanguage":"es","potentialAction":[{"@type":"ReadAction","target":["https:\/\/alohasurfacademy.com\/es\/about-us-2\/the-team\/"]}]},{"@type":"ImageObject","inLanguage":"es","@id":"https:\/\/alohasurfacademy.com\/es\/about-us-2\/the-team\/#primaryimage","url":"https:\/\/alohasurfacademy.com\/wp-content\/uploads\/\/aba4c68d-ebb4-4aa6-a688-4037fec0b243-246x300.jpg","contentUrl":"https:\/\/alohasurfacademy.com\/wp-content\/uploads\/\/aba4c68d-ebb4-4aa6-a688-4037fec0b243-246x300.jpg"},{"@type":"BreadcrumbList","@id":"https:\/\/alohasurfacademy.com\/es\/about-us-2\/the-team\/#breadcrumb","itemListElement":[{"@type":"ListItem","position":1,"name":"Home","item":"https:\/\/alohasurfacademy.com\/es\/"},{"@type":"ListItem","position":2,"name":"Info Academia","item":"https:\/\/alohasurfacademy.com\/es\/about-us\/"},{"@type":"ListItem","position":3,"name":"Team Aloha"}]},{"@type":"WebSite","@id":"https:\/\/alohasurfacademy.com\/es\/#website","url":"https:\/\/alohasurfacademy.com\/es\/","name":"Aloha Surf Academy - The best surf school and surf camps in Fuerteventura - Corralejo","description":"Surf School, Surf Camp, Surfing Class, Surf Course in Corralejo - Fuerteventura","potentialAction":[{"@type":"SearchAction","target":{"@type":"EntryPoint","urlTemplate":"https:\/\/alohasurfacademy.com\/es\/?s={search_term_string}"},"query-input":{"@type":"PropertyValueSpecification","valueRequired":true,"valueName":"search_term_string"}}],"inLanguage":"es"}]}},"_links":{"self":[{"href":"https:\/\/alohasurfacademy.com\/es\/wp-json\/wp\/v2\/pages\/367","targetHints":{"allow":["GET"]}}],"collection":[{"href":"https:\/\/alohasurfacademy.com\/es\/wp-json\/wp\/v2\/pages"}],"about":[{"href":"https:\/\/alohasurfacademy.com\/es\/wp-json\/wp\/v2\/types\/page"}],"author":[{"embeddable":true,"href":"https:\/\/alohasurfacademy.com\/es\/wp-json\/wp\/v2\/users\/2"}],"replies":[{"embeddable":true,"href":"https:\/\/alohasurfacademy.com\/es\/wp-json\/wp\/v2\/comments?post=367"}],"version-history":[{"count":81,"href":"https:\/\/alohasurfacademy.com\/es\/wp-json\/wp\/v2\/pages\/367\/revisions"}],"predecessor-version":[{"id":9138,"href":"https:\/\/alohasurfacademy.com\/es\/wp-json\/wp\/v2\/pages\/367\/revisions\/9138"}],"up":[{"embeddable":true,"href":"https:\/\/alohasurfacademy.com\/es\/wp-json\/wp\/v2\/pages\/352"}],"wp:attachment":[{"href":"https:\/\/alohasurfacademy.com\/es\/wp-json\/wp\/v2\/media?parent=367"}],"curies":[{"name":"wp","href":"https:\/\/api.w.org\/{rel}","templated":true}]}}