{"id":379,"date":"2021-04-02T20:12:26","date_gmt":"2021-04-02T19:12:26","guid":{"rendered":"http:\/\/www.alohasurfacademy.ch\/xyz\/?page_id=379"},"modified":"2021-04-04T22:25:08","modified_gmt":"2021-04-04T21:25:08","slug":"surf-camps","status":"publish","type":"page","link":"https:\/\/alohasurfacademy.com\/es\/alojamiento\/surf-camps\/","title":{"rendered":"Surf Camps"},"content":{"rendered":"<h3>Billabong Surf camp &#8211; en Playa de Waikiki<\/h3>\n<p style=\"text-align: center;\"><img decoding=\"async\" class=\"size-large wp-image-752 aligncenter\" title=\"las-gaviotas\" src=\"\/wp-content\/uploads\/new\/billabong.jpg\" alt=\"\" width=\"600\" \/><\/p>\n<p style=\"text-align: justify;\">Este surf house es el \u00fanico en el pueblo que est\u00e1 situado en primera l\u00ednea del mar, justo en la playa del Waikiki., lobos y Punta Elena. Podr\u00e1s disfrutar de un maravilloso jard\u00edn con vistas al mar y a los spots del waikiki, lobos y punta elena. En el jard\u00edn podr\u00e1s disfrutar siempre del sol tumbado en unas hamacas que est\u00e1n entre 2 palmeras al estilo tropical total, ideal para relajarse y disfrutar de una buena BBQ al grill si te apetece. Hay 2 suites para 2 personas, con ba\u00f1o privado y preciosas vistas al mar. El resto de las habitaciones de la casa son compartidas, con 6 camas, ambas con ba\u00f1os privados. Est\u00e1n tambi\u00e9n totalmente completas con cocina y sala de estar, con TV con canales internacionales, play station, stereo hifi y wifi. Todo el personal es lo suficientemente amable y profesional para ayudarte en cada momento y para hacer que u estancia sea lo mejor posible.<\/p>\n<p style=\"text-align: justify;\">Precio por un cama en Habitaci\u00f3n compartida : 22 euros por noche<br \/>\nPrecio suite doble con 2 camas dobles : 30 euros por persona<br \/>\nPrecio apartamento para 2 personas : 100 euros por noche<br \/>\n<em> S\u00e1banas y toallas incluidas, limpieza diaria <\/em><\/p>\n<h3>The Round House &#8211; surf camp<\/h3>\n<p style=\"text-align: justify;\"><img decoding=\"async\" class=\"size-large wp-image-757 aligncenter\" title=\"surf-house\" src=\"\/wp-content\/uploads\/new\/surf-house.jpg\" alt=\"\" width=\"600\" \/><\/p>\n<p style=\"text-align: justify;\">El surf house est\u00e1 situado en Corralejo a s\u00f3lo 2 pasos del famoso spot de Punta Elena o Rocky point, es un hostal para viajeros que les gusta conocer a nueva gente y no les importa compartir con otros hu\u00e9spedes. Caminando del hostal hasta el centro de Corralejo se tarda aproximadamente 10 minutos!<\/p>\n<p style=\"text-align: justify;\">Precio: 18 euros por persona\/ noche<br \/>\nHabitaci\u00f3n individual con cama doble: desde 40 euros por noche<br \/>\n<em> Nota: las s\u00e1banas est\u00e1n incluidas, las toallas no<\/em><\/p>\n<h3>Lorenzo\u2019s bed &amp; surf &#8211; surf camp<\/h3>\n<p style=\"text-align: justify;\"><img decoding=\"async\" class=\"size-large wp-image-752 aligncenter\" title=\"las-gaviotas\" src=\"\/wp-content\/uploads\/new\/lorenzo.jpg\" alt=\"\" width=\"600\" \/><\/p>\n<p>Es un hostal\/apartamento surf camp donde se puede dormir compartiendo algunos servicios con los otros hu\u00e9spedes (cocina, sal\u00f3n comedor y terraza). Es una buena manera de conocer a m\u00e1s gente y compartir experiencias. Se encuentra ubicado en el centro de Corralejo, entre el puerto y el supermercado Hiperdino frente al mulino. La playa m\u00e1s cercana est\u00e1 a s\u00f3lo 5 minutos a pie y la zona de bares \/ restaurantes se encuentra a 3 minutos a pie. El spot de surf El Muelle est\u00e1 a s\u00f3lo 5 minutos caminando. Puede alojar hasta 7 personas. La ubicaci\u00f3n de este hostal y la ayuda personal de Lorenzo para cualquier cosa que necesite hace de este sitio uno de los mejores lugares donde alojarse en Corralejo. Wi-fi gratuito y rapido. S\u00e1banas y una toalla\/persona incluidas.<\/p>\n<p>habitaci\u00f3n Twin (2 personas) : desde 28 euros<br \/>\nhabitaci\u00f3n triple (3 personas) : desde 39 euros<br \/>\nhabitaci\u00f3n doble, con ba\u00f1o privado: desde 32 euros<br \/>\nUn cama solo en twin o triple : desde 15 euros<\/p>\n","protected":false},"excerpt":{"rendered":"<p>Billabong Surf camp &#8211; en Playa de Waikiki Este surf house es el \u00fanico en el pueblo que est\u00e1 situado en primera l\u00ednea del mar, justo en la playa del Waikiki., lobos y Punta Elena. Podr\u00e1s disfrutar de un maravilloso jard\u00edn con vistas al mar y a los spots del waikiki, lobos y punta elena. [&hellip;]<\/p>\n","protected":false},"author":2,"featured_media":0,"parent":377,"menu_order":0,"comment_status":"closed","ping_status":"closed","template":"","meta":{"footnotes":""},"class_list":["post-379","page","type-page","status-publish","hentry"],"yoast_head":"<!-- This site is optimized with the Yoast SEO plugin v27.4 - https:\/\/yoast.com\/product\/yoast-seo-wordpress\/ -->\n<title>Surf Camps - Aloha Surf Academy - The best surf school and surf camps in Fuerteventura - Corralejo<\/title>\n<meta name=\"robots\" content=\"index, follow, max-snippet:-1, max-image-preview:large, max-video-preview:-1\" \/>\n<link rel=\"canonical\" href=\"https:\/\/alohasurfacademy.com\/es\/alojamiento\/surf-camps\/\" \/>\n<meta property=\"og:locale\" content=\"es_ES\" \/>\n<meta property=\"og:type\" content=\"article\" \/>\n<meta property=\"og:title\" content=\"Surf Camps - Aloha Surf Academy - The best surf school and surf camps in Fuerteventura - Corralejo\" \/>\n<meta property=\"og:description\" content=\"Billabong Surf camp &#8211; en Playa de Waikiki Este surf house es el \u00fanico en el pueblo que est\u00e1 situado en primera l\u00ednea del mar, justo en la playa del Waikiki., lobos y Punta Elena. Podr\u00e1s disfrutar de un maravilloso jard\u00edn con vistas al mar y a los spots del waikiki, lobos y punta elena. [&hellip;]\" \/>\n<meta property=\"og:url\" content=\"https:\/\/alohasurfacademy.com\/es\/alojamiento\/surf-camps\/\" \/>\n<meta property=\"og:site_name\" content=\"Aloha Surf Academy - The best surf school and surf camps in Fuerteventura - Corralejo\" \/>\n<meta property=\"article:modified_time\" content=\"2021-04-04T21:25:08+00:00\" \/>\n<meta name=\"twitter:card\" content=\"summary_large_image\" \/>\n<meta name=\"twitter:label1\" content=\"Tiempo de lectura\" \/>\n\t<meta name=\"twitter:data1\" content=\"2 minutos\" \/>\n<script type=\"application\/ld+json\" class=\"yoast-schema-graph\">{\"@context\":\"https:\\\/\\\/schema.org\",\"@graph\":[{\"@type\":\"WebPage\",\"@id\":\"https:\\\/\\\/alohasurfacademy.com\\\/es\\\/alojamiento\\\/surf-camps\\\/\",\"url\":\"https:\\\/\\\/alohasurfacademy.com\\\/es\\\/alojamiento\\\/surf-camps\\\/\",\"name\":\"Surf Camps - Aloha Surf Academy - The best surf school and surf camps in Fuerteventura - Corralejo\",\"isPartOf\":{\"@id\":\"https:\\\/\\\/alohasurfacademy.com\\\/es\\\/#website\"},\"datePublished\":\"2021-04-02T19:12:26+00:00\",\"dateModified\":\"2021-04-04T21:25:08+00:00\",\"breadcrumb\":{\"@id\":\"https:\\\/\\\/alohasurfacademy.com\\\/es\\\/alojamiento\\\/surf-camps\\\/#breadcrumb\"},\"inLanguage\":\"es\",\"potentialAction\":[{\"@type\":\"ReadAction\",\"target\":[\"https:\\\/\\\/alohasurfacademy.com\\\/es\\\/alojamiento\\\/surf-camps\\\/\"]}]},{\"@type\":\"BreadcrumbList\",\"@id\":\"https:\\\/\\\/alohasurfacademy.com\\\/es\\\/alojamiento\\\/surf-camps\\\/#breadcrumb\",\"itemListElement\":[{\"@type\":\"ListItem\",\"position\":1,\"name\":\"Home\",\"item\":\"https:\\\/\\\/alohasurfacademy.com\\\/es\\\/\"},{\"@type\":\"ListItem\",\"position\":2,\"name\":\"Surf Camps &#8211; Alojamiento\",\"item\":\"https:\\\/\\\/alohasurfacademy.com\\\/es\\\/alojamiento\\\/?lang=es\"},{\"@type\":\"ListItem\",\"position\":3,\"name\":\"Surf Camps\"}]},{\"@type\":\"WebSite\",\"@id\":\"https:\\\/\\\/alohasurfacademy.com\\\/es\\\/#website\",\"url\":\"https:\\\/\\\/alohasurfacademy.com\\\/es\\\/\",\"name\":\"Aloha Surf Academy - The best surf school and surf camps in Fuerteventura - Corralejo\",\"description\":\"Surf School, Surf Camp, Surfing Class, Surf Course in Corralejo - Fuerteventura\",\"potentialAction\":[{\"@type\":\"SearchAction\",\"target\":{\"@type\":\"EntryPoint\",\"urlTemplate\":\"https:\\\/\\\/alohasurfacademy.com\\\/es\\\/?s={search_term_string}\"},\"query-input\":{\"@type\":\"PropertyValueSpecification\",\"valueRequired\":true,\"valueName\":\"search_term_string\"}}],\"inLanguage\":\"es\"}]}<\/script>\n<!-- \/ Yoast SEO plugin. -->","yoast_head_json":{"title":"Surf Camps - Aloha Surf Academy - The best surf school and surf camps in Fuerteventura - Corralejo","robots":{"index":"index","follow":"follow","max-snippet":"max-snippet:-1","max-image-preview":"max-image-preview:large","max-video-preview":"max-video-preview:-1"},"canonical":"https:\/\/alohasurfacademy.com\/es\/alojamiento\/surf-camps\/","og_locale":"es_ES","og_type":"article","og_title":"Surf Camps - Aloha Surf Academy - The best surf school and surf camps in Fuerteventura - Corralejo","og_description":"Billabong Surf camp &#8211; en Playa de Waikiki Este surf house es el \u00fanico en el pueblo que est\u00e1 situado en primera l\u00ednea del mar, justo en la playa del Waikiki., lobos y Punta Elena. Podr\u00e1s disfrutar de un maravilloso jard\u00edn con vistas al mar y a los spots del waikiki, lobos y punta elena. [&hellip;]","og_url":"https:\/\/alohasurfacademy.com\/es\/alojamiento\/surf-camps\/","og_site_name":"Aloha Surf Academy - The best surf school and surf camps in Fuerteventura - Corralejo","article_modified_time":"2021-04-04T21:25:08+00:00","twitter_card":"summary_large_image","twitter_misc":{"Tiempo de lectura":"2 minutos"},"schema":{"@context":"https:\/\/schema.org","@graph":[{"@type":"WebPage","@id":"https:\/\/alohasurfacademy.com\/es\/alojamiento\/surf-camps\/","url":"https:\/\/alohasurfacademy.com\/es\/alojamiento\/surf-camps\/","name":"Surf Camps - Aloha Surf Academy - The best surf school and surf camps in Fuerteventura - Corralejo","isPartOf":{"@id":"https:\/\/alohasurfacademy.com\/es\/#website"},"datePublished":"2021-04-02T19:12:26+00:00","dateModified":"2021-04-04T21:25:08+00:00","breadcrumb":{"@id":"https:\/\/alohasurfacademy.com\/es\/alojamiento\/surf-camps\/#breadcrumb"},"inLanguage":"es","potentialAction":[{"@type":"ReadAction","target":["https:\/\/alohasurfacademy.com\/es\/alojamiento\/surf-camps\/"]}]},{"@type":"BreadcrumbList","@id":"https:\/\/alohasurfacademy.com\/es\/alojamiento\/surf-camps\/#breadcrumb","itemListElement":[{"@type":"ListItem","position":1,"name":"Home","item":"https:\/\/alohasurfacademy.com\/es\/"},{"@type":"ListItem","position":2,"name":"Surf Camps &#8211; Alojamiento","item":"https:\/\/alohasurfacademy.com\/es\/alojamiento\/?lang=es"},{"@type":"ListItem","position":3,"name":"Surf Camps"}]},{"@type":"WebSite","@id":"https:\/\/alohasurfacademy.com\/es\/#website","url":"https:\/\/alohasurfacademy.com\/es\/","name":"Aloha Surf Academy - The best surf school and surf camps in Fuerteventura - Corralejo","description":"Surf School, Surf Camp, Surfing Class, Surf Course in Corralejo - Fuerteventura","potentialAction":[{"@type":"SearchAction","target":{"@type":"EntryPoint","urlTemplate":"https:\/\/alohasurfacademy.com\/es\/?s={search_term_string}"},"query-input":{"@type":"PropertyValueSpecification","valueRequired":true,"valueName":"search_term_string"}}],"inLanguage":"es"}]}},"_links":{"self":[{"href":"https:\/\/alohasurfacademy.com\/es\/wp-json\/wp\/v2\/pages\/379","targetHints":{"allow":["GET"]}}],"collection":[{"href":"https:\/\/alohasurfacademy.com\/es\/wp-json\/wp\/v2\/pages"}],"about":[{"href":"https:\/\/alohasurfacademy.com\/es\/wp-json\/wp\/v2\/types\/page"}],"author":[{"embeddable":true,"href":"https:\/\/alohasurfacademy.com\/es\/wp-json\/wp\/v2\/users\/2"}],"replies":[{"embeddable":true,"href":"https:\/\/alohasurfacademy.com\/es\/wp-json\/wp\/v2\/comments?post=379"}],"version-history":[{"count":8,"href":"https:\/\/alohasurfacademy.com\/es\/wp-json\/wp\/v2\/pages\/379\/revisions"}],"predecessor-version":[{"id":1433,"href":"https:\/\/alohasurfacademy.com\/es\/wp-json\/wp\/v2\/pages\/379\/revisions\/1433"}],"up":[{"embeddable":true,"href":"https:\/\/alohasurfacademy.com\/es\/wp-json\/wp\/v2\/pages\/377"}],"wp:attachment":[{"href":"https:\/\/alohasurfacademy.com\/es\/wp-json\/wp\/v2\/media?parent=379"}],"curies":[{"name":"wp","href":"https:\/\/api.w.org\/{rel}","templated":true}]}}