{"id":425,"date":"2021-04-01T20:31:48","date_gmt":"2021-04-01T19:31:48","guid":{"rendered":"http:\/\/www.alohasurfacademy.ch\/xyz\/?page_id=425"},"modified":"2021-04-04T22:24:50","modified_gmt":"2021-04-04T21:24:50","slug":"informacion-fuerteventura","status":"publish","type":"page","link":"https:\/\/alohasurfacademy.com\/es\/informacion-fuerteventura\/","title":{"rendered":"Info Fuerteventura"},"content":{"rendered":"<p>Ven a surfear con nosotros en Fuerteventura, la isla tranquilla!<\/p>\n<h2>Paisajes<\/h2>\n<p>Fuerteventura es una fant\u00e1stica oportunidad para los amantes de la naturaleza. La isla es verdaderamente un desierto. Disfr\u00fatala, no hay nada igual. Paradisi\u00e1ca, solitaria, playas de arena blanca, un sol interminable que se disfumina en un mar azul turquesa de aguas cristalinas. Fuerteventura est\u00e1 totalmente designada para disfrutar de su flora y fauna adaptada a su clima des\u00e9rtico y en tierras volc\u00e1nicas.<\/p>\n<p><a href=\"http:\/\/www.alohasurfacademy.ch\/wp-content\/uploads\/DSC05787.jpg\"><img loading=\"lazy\" decoding=\"async\" class=\"alignnone wp-image-4361 size-large\" src=\"http:\/\/www.alohasurfacademy.ch\/wp-content\/uploads\/DSC05787-1024x682.jpg\" alt=\"SONY DSC\" width=\"606\" height=\"404\" srcset=\"https:\/\/alohasurfacademy.com\/wp-content\/uploads\/DSC05787-1024x682.jpg 1024w, https:\/\/alohasurfacademy.com\/wp-content\/uploads\/DSC05787-300x200.jpg 300w\" sizes=\"(max-width: 606px) 100vw, 606px\" \/><\/a><\/p>\n<h2>Clima<\/h2>\n<p>Disfrutamos de un clima excepcional durante todo el a\u00f1o. Los inviernos son c\u00e1lidos con temperaturas m\u00ednimas de unos 18 grados de media y en verano se llega hasta una temperatura m\u00e1xima de 30 grados. Todo ello nos da 365 d\u00edas al a\u00f1o un brillo de sol eterno. La temperatura de mar var\u00eda entre 17 grados en invierno y 25 en verano.<\/p>\n<h2>El surf<\/h2>\n<p>Fuerteventura es conocida como el \u00abHawaii del Atl\u00e1ntico\u00bb. Su ubicaci\u00f3n garantiza surf en playas incre\u00edbles todo el a\u00f1o para todos los niveles y a s\u00f3lo 4 horas de vuelo de las capitales europeas!<\/p>\n<p>Nuestra Escuela y Surf Camp se localizan en el norte de la Isla, en Corralejo. Puedemos desde Corralejo movernos r\u00e1pidamente a las costas Norte, Oeste, Este, siguiendo la evoluci\u00f3n de las olas que garantiza el surf durante todo el a\u00f1o!<\/p>\n<p><a href=\"https:\/\/alohasurfacademy.com\/wp-content\/uploads\/nov-15-1.jpg\"><img loading=\"lazy\" decoding=\"async\" class=\"alignnone wp-image-4365 size-full\" src=\"https:\/\/alohasurfacademy.com\/wp-content\/uploads\/nov-15-1.jpg\" alt=\"nov 15 (1)\" width=\"800\" height=\"539\" srcset=\"https:\/\/alohasurfacademy.com\/wp-content\/uploads\/nov-15-1.jpg 800w, https:\/\/alohasurfacademy.com\/wp-content\/uploads\/nov-15-1-300x202.jpg 300w\" sizes=\"(max-width: 800px) 100vw, 800px\" \/><\/a><\/p>\n<h2>C\u00f3mo llegar<\/h2>\n<p><iframe loading=\"lazy\" style=\"border: 0;\" src=\"https:\/\/www.google.com\/maps\/embed?pb=!1m18!1m12!1m3!1d55988.23310923628!2d-13.8317259702042!3d28.7116383138302!2m3!1f0!2f0!3f0!3m2!1i1024!2i768!4f13.1!3m3!1m2!1s0xc4634e3ac34728f%3A0x77e9504a83d8947!2sCorralejo%2C+Las+Palmas%2C+Espagne!5e0!3m2!1sfr!2sch!4v1405968865424\" width=\"600\" height=\"300\" frameborder=\"0\"><\/iframe><\/p>\n<h3>En avion<\/h3>\n<p style=\"text-align: justify;\">Es muy f\u00e1cil llegar en avi\u00f3n a Fuerteventura. Hay conexiones con <a href=\"http:\/\/www.iberia.com\">Iberia<\/a>, Thomas Cook y Ryanair que operan viajes desde much\u00edsimas ciudades de Europa como Madrid, Londres, Edimburgo, Bristol, Liverpool y muchas mas. Por favor, visita sus p\u00e1ginas web para obtener mas informaci\u00f3n detellada<a href=\"http:\/\/www.easyjet.com\" target=\"_blank\" rel=\"noopener\"> Easyjet<\/a> &amp; <a href=\"http:\/\/www.ryanair.com\" target=\"_blank\" rel=\"noopener\">Ryanair<\/a><\/p>\n<h3>Barco<\/h3>\n<p style=\"text-align: justify;\">Se puede llegar a Fuertevemtura tambi\u00e9n por ferry. Hay 3 tipos de compa\u00f1\u00edas navieras que tienen traves\u00eda con la isla. Transmediterr\u00e1nea, Fred Olsen, y naviera armas. <a href=\"http:\/\/www.trasmediterranea.es\" target=\"_blank\" rel=\"noopener\"> Acciona<\/a>, <a href=\"http:\/\/www.fredolsencruises.com\/\">Fred Olsen<\/a> &amp; <a href=\"http:\/\/www.navieraarmas.com\/\" target=\"_blank\" rel=\"noopener\">Naviera Armas<\/a>\/p&gt;<\/p>\n","protected":false},"excerpt":{"rendered":"<p>Ven a surfear con nosotros en Fuerteventura, la isla tranquilla! Paisajes Fuerteventura es una fant\u00e1stica oportunidad para los amantes de la naturaleza. La isla es verdaderamente un desierto. Disfr\u00fatala, no hay nada igual. Paradisi\u00e1ca, solitaria, playas de arena blanca, un sol interminable que se disfumina en un mar azul turquesa de aguas cristalinas. Fuerteventura est\u00e1 [&hellip;]<\/p>\n","protected":false},"author":2,"featured_media":0,"parent":0,"menu_order":0,"comment_status":"closed","ping_status":"closed","template":"","meta":{"footnotes":""},"class_list":["post-425","page","type-page","status-publish","hentry"],"yoast_head":"<!-- This site is optimized with the Yoast SEO plugin v27.5 - https:\/\/yoast.com\/product\/yoast-seo-wordpress\/ -->\n<title>Info Fuerteventura - Aloha Surf Academy - The best surf school and surf camps in Fuerteventura - Corralejo<\/title>\n<meta name=\"robots\" content=\"index, follow, max-snippet:-1, max-image-preview:large, max-video-preview:-1\" \/>\n<link rel=\"canonical\" href=\"https:\/\/alohasurfacademy.com\/es\/informacion-fuerteventura\/\" \/>\n<meta property=\"og:locale\" content=\"es_ES\" \/>\n<meta property=\"og:type\" content=\"article\" \/>\n<meta property=\"og:title\" content=\"Info Fuerteventura - Aloha Surf Academy - The best surf school and surf camps in Fuerteventura - Corralejo\" \/>\n<meta property=\"og:description\" content=\"Ven a surfear con nosotros en Fuerteventura, la isla tranquilla! Paisajes Fuerteventura es una fant\u00e1stica oportunidad para los amantes de la naturaleza. La isla es verdaderamente un desierto. Disfr\u00fatala, no hay nada igual. Paradisi\u00e1ca, solitaria, playas de arena blanca, un sol interminable que se disfumina en un mar azul turquesa de aguas cristalinas. Fuerteventura est\u00e1 [&hellip;]\" \/>\n<meta property=\"og:url\" content=\"https:\/\/alohasurfacademy.com\/es\/informacion-fuerteventura\/\" \/>\n<meta property=\"og:site_name\" content=\"Aloha Surf Academy - The best surf school and surf camps in Fuerteventura - Corralejo\" \/>\n<meta property=\"article:modified_time\" content=\"2021-04-04T21:24:50+00:00\" \/>\n<meta property=\"og:image\" content=\"http:\/\/www.alohasurfacademy.ch\/wp-content\/uploads\/DSC05787-1024x682.jpg\" \/>\n<meta name=\"twitter:card\" content=\"summary_large_image\" \/>\n<meta name=\"twitter:label1\" content=\"Tiempo de lectura\" \/>\n\t<meta name=\"twitter:data1\" content=\"2 minutos\" \/>\n<script type=\"application\/ld+json\" class=\"yoast-schema-graph\">{\"@context\":\"https:\\\/\\\/schema.org\",\"@graph\":[{\"@type\":\"WebPage\",\"@id\":\"https:\\\/\\\/alohasurfacademy.com\\\/es\\\/informacion-fuerteventura\\\/\",\"url\":\"https:\\\/\\\/alohasurfacademy.com\\\/es\\\/informacion-fuerteventura\\\/\",\"name\":\"Info Fuerteventura - Aloha Surf Academy - The best surf school and surf camps in Fuerteventura - Corralejo\",\"isPartOf\":{\"@id\":\"https:\\\/\\\/alohasurfacademy.com\\\/es\\\/#website\"},\"primaryImageOfPage\":{\"@id\":\"https:\\\/\\\/alohasurfacademy.com\\\/es\\\/informacion-fuerteventura\\\/#primaryimage\"},\"image\":{\"@id\":\"https:\\\/\\\/alohasurfacademy.com\\\/es\\\/informacion-fuerteventura\\\/#primaryimage\"},\"thumbnailUrl\":\"http:\\\/\\\/www.alohasurfacademy.ch\\\/wp-content\\\/uploads\\\/DSC05787-1024x682.jpg\",\"datePublished\":\"2021-04-01T19:31:48+00:00\",\"dateModified\":\"2021-04-04T21:24:50+00:00\",\"breadcrumb\":{\"@id\":\"https:\\\/\\\/alohasurfacademy.com\\\/es\\\/informacion-fuerteventura\\\/#breadcrumb\"},\"inLanguage\":\"es\",\"potentialAction\":[{\"@type\":\"ReadAction\",\"target\":[\"https:\\\/\\\/alohasurfacademy.com\\\/es\\\/informacion-fuerteventura\\\/\"]}]},{\"@type\":\"ImageObject\",\"inLanguage\":\"es\",\"@id\":\"https:\\\/\\\/alohasurfacademy.com\\\/es\\\/informacion-fuerteventura\\\/#primaryimage\",\"url\":\"http:\\\/\\\/www.alohasurfacademy.ch\\\/wp-content\\\/uploads\\\/DSC05787-1024x682.jpg\",\"contentUrl\":\"http:\\\/\\\/www.alohasurfacademy.ch\\\/wp-content\\\/uploads\\\/DSC05787-1024x682.jpg\"},{\"@type\":\"BreadcrumbList\",\"@id\":\"https:\\\/\\\/alohasurfacademy.com\\\/es\\\/informacion-fuerteventura\\\/#breadcrumb\",\"itemListElement\":[{\"@type\":\"ListItem\",\"position\":1,\"name\":\"Home\",\"item\":\"https:\\\/\\\/alohasurfacademy.com\\\/es\\\/\"},{\"@type\":\"ListItem\",\"position\":2,\"name\":\"Info Fuerteventura\"}]},{\"@type\":\"WebSite\",\"@id\":\"https:\\\/\\\/alohasurfacademy.com\\\/es\\\/#website\",\"url\":\"https:\\\/\\\/alohasurfacademy.com\\\/es\\\/\",\"name\":\"Aloha Surf Academy - The best surf school and surf camps in Fuerteventura - Corralejo\",\"description\":\"Surf School, Surf Camp, Surfing Class, Surf Course in Corralejo - Fuerteventura\",\"potentialAction\":[{\"@type\":\"SearchAction\",\"target\":{\"@type\":\"EntryPoint\",\"urlTemplate\":\"https:\\\/\\\/alohasurfacademy.com\\\/es\\\/?s={search_term_string}\"},\"query-input\":{\"@type\":\"PropertyValueSpecification\",\"valueRequired\":true,\"valueName\":\"search_term_string\"}}],\"inLanguage\":\"es\"}]}<\/script>\n<!-- \/ Yoast SEO plugin. -->","yoast_head_json":{"title":"Info Fuerteventura - Aloha Surf Academy - The best surf school and surf camps in Fuerteventura - Corralejo","robots":{"index":"index","follow":"follow","max-snippet":"max-snippet:-1","max-image-preview":"max-image-preview:large","max-video-preview":"max-video-preview:-1"},"canonical":"https:\/\/alohasurfacademy.com\/es\/informacion-fuerteventura\/","og_locale":"es_ES","og_type":"article","og_title":"Info Fuerteventura - Aloha Surf Academy - The best surf school and surf camps in Fuerteventura - Corralejo","og_description":"Ven a surfear con nosotros en Fuerteventura, la isla tranquilla! Paisajes Fuerteventura es una fant\u00e1stica oportunidad para los amantes de la naturaleza. La isla es verdaderamente un desierto. Disfr\u00fatala, no hay nada igual. Paradisi\u00e1ca, solitaria, playas de arena blanca, un sol interminable que se disfumina en un mar azul turquesa de aguas cristalinas. Fuerteventura est\u00e1 [&hellip;]","og_url":"https:\/\/alohasurfacademy.com\/es\/informacion-fuerteventura\/","og_site_name":"Aloha Surf Academy - The best surf school and surf camps in Fuerteventura - Corralejo","article_modified_time":"2021-04-04T21:24:50+00:00","og_image":[{"url":"http:\/\/www.alohasurfacademy.ch\/wp-content\/uploads\/DSC05787-1024x682.jpg","type":"","width":"","height":""}],"twitter_card":"summary_large_image","twitter_misc":{"Tiempo de lectura":"2 minutos"},"schema":{"@context":"https:\/\/schema.org","@graph":[{"@type":"WebPage","@id":"https:\/\/alohasurfacademy.com\/es\/informacion-fuerteventura\/","url":"https:\/\/alohasurfacademy.com\/es\/informacion-fuerteventura\/","name":"Info Fuerteventura - Aloha Surf Academy - The best surf school and surf camps in Fuerteventura - Corralejo","isPartOf":{"@id":"https:\/\/alohasurfacademy.com\/es\/#website"},"primaryImageOfPage":{"@id":"https:\/\/alohasurfacademy.com\/es\/informacion-fuerteventura\/#primaryimage"},"image":{"@id":"https:\/\/alohasurfacademy.com\/es\/informacion-fuerteventura\/#primaryimage"},"thumbnailUrl":"http:\/\/www.alohasurfacademy.ch\/wp-content\/uploads\/DSC05787-1024x682.jpg","datePublished":"2021-04-01T19:31:48+00:00","dateModified":"2021-04-04T21:24:50+00:00","breadcrumb":{"@id":"https:\/\/alohasurfacademy.com\/es\/informacion-fuerteventura\/#breadcrumb"},"inLanguage":"es","potentialAction":[{"@type":"ReadAction","target":["https:\/\/alohasurfacademy.com\/es\/informacion-fuerteventura\/"]}]},{"@type":"ImageObject","inLanguage":"es","@id":"https:\/\/alohasurfacademy.com\/es\/informacion-fuerteventura\/#primaryimage","url":"http:\/\/www.alohasurfacademy.ch\/wp-content\/uploads\/DSC05787-1024x682.jpg","contentUrl":"http:\/\/www.alohasurfacademy.ch\/wp-content\/uploads\/DSC05787-1024x682.jpg"},{"@type":"BreadcrumbList","@id":"https:\/\/alohasurfacademy.com\/es\/informacion-fuerteventura\/#breadcrumb","itemListElement":[{"@type":"ListItem","position":1,"name":"Home","item":"https:\/\/alohasurfacademy.com\/es\/"},{"@type":"ListItem","position":2,"name":"Info Fuerteventura"}]},{"@type":"WebSite","@id":"https:\/\/alohasurfacademy.com\/es\/#website","url":"https:\/\/alohasurfacademy.com\/es\/","name":"Aloha Surf Academy - The best surf school and surf camps in Fuerteventura - Corralejo","description":"Surf School, Surf Camp, Surfing Class, Surf Course in Corralejo - Fuerteventura","potentialAction":[{"@type":"SearchAction","target":{"@type":"EntryPoint","urlTemplate":"https:\/\/alohasurfacademy.com\/es\/?s={search_term_string}"},"query-input":{"@type":"PropertyValueSpecification","valueRequired":true,"valueName":"search_term_string"}}],"inLanguage":"es"}]}},"_links":{"self":[{"href":"https:\/\/alohasurfacademy.com\/es\/wp-json\/wp\/v2\/pages\/425","targetHints":{"allow":["GET"]}}],"collection":[{"href":"https:\/\/alohasurfacademy.com\/es\/wp-json\/wp\/v2\/pages"}],"about":[{"href":"https:\/\/alohasurfacademy.com\/es\/wp-json\/wp\/v2\/types\/page"}],"author":[{"embeddable":true,"href":"https:\/\/alohasurfacademy.com\/es\/wp-json\/wp\/v2\/users\/2"}],"replies":[{"embeddable":true,"href":"https:\/\/alohasurfacademy.com\/es\/wp-json\/wp\/v2\/comments?post=425"}],"version-history":[{"count":13,"href":"https:\/\/alohasurfacademy.com\/es\/wp-json\/wp\/v2\/pages\/425\/revisions"}],"predecessor-version":[{"id":5333,"href":"https:\/\/alohasurfacademy.com\/es\/wp-json\/wp\/v2\/pages\/425\/revisions\/5333"}],"wp:attachment":[{"href":"https:\/\/alohasurfacademy.com\/es\/wp-json\/wp\/v2\/media?parent=425"}],"curies":[{"name":"wp","href":"https:\/\/api.w.org\/{rel}","templated":true}]}}