{"id":453,"date":"2021-04-02T15:22:03","date_gmt":"2021-04-02T14:22:03","guid":{"rendered":"http:\/\/www.alohasurfacademy.ch\/xyz\/?page_id=453"},"modified":"2024-12-31T19:21:23","modified_gmt":"2024-12-31T19:21:23","slug":"volcan-yoga-sessions","status":"publish","type":"page","link":"https:\/\/alohasurfacademy.com\/es\/cursos-de-surf\/volcan-yoga-sessions\/","title":{"rendered":"Yoga &#038; volcanes"},"content":{"rendered":"<h2>Yoga en la playa<\/h2>\n<p><img loading=\"lazy\" decoding=\"async\" class=\"alignnone wp-image-5672 size-full\" src=\"https:\/\/alohasurfacademy.com\/wp-content\/uploads\/tjasa-yoga.jpg\" alt=\"\" width=\"800\" height=\"533\" srcset=\"https:\/\/alohasurfacademy.com\/wp-content\/uploads\/tjasa-yoga.jpg 800w, https:\/\/alohasurfacademy.com\/wp-content\/uploads\/tjasa-yoga-300x200.jpg 300w, https:\/\/alohasurfacademy.com\/wp-content\/uploads\/tjasa-yoga-768x512.jpg 768w\" sizes=\"(max-width: 800px) 100vw, 800px\" \/><\/p>\n<p>Practicar yoga es beneficioso cuando surfeas porque ayuda a relajar los m\u00fasculos y mejora tu flexibilidad la cual te ayuda much\u00edsimo a surfear mejor. El yoga tambi\u00e9n es un ejercicio que conecta esp\u00edritu, alma y cuerpo. No hay nada mejor que sentirse bien y en armon\u00eda contigo mismo. \u00a1 Pru\u00e9balo y ver\u00e1s!<\/p>\n<ul>\n<li><strong>Lunes a S\u00e1bado @ 9:00 en Corralejo &#8211; duraci\u00f3n 60 minutos<\/strong><\/li>\n<li>Para una lecci\u00f3n de la tarde, reserve con 1 o 2 d\u00edas de anticipaci\u00f3n ya que el horario no es fijo.<\/li>\n<li>El curso es en ingl\u00e9s.<\/li>\n<li>Reserve con anticipaci\u00f3n y llegue 5 minutos antes del comienzo de la lecci\u00f3n.<\/li>\n<li>Precio de <strong>12 euros<\/strong> por lecci\u00f3n<\/li>\n<li>Llevar gorro, bloqueador solar, ropa c\u00f3moda y abrigada para la clase de la tarde o el shavasana<\/li>\n<\/ul>\n<h2>Volcanes<\/h2>\n<p><img decoding=\"async\" class=\"aligncenter size-full wp-image-1337\" title=\"faq_surf_fuerteventura\" src=\"\/wp-content\/uploads\/new\/volcano_trek.jpg\" alt=\"\" width=\"600\" \/><\/p>\n<p>Descubre los mejores paisajes mientras caminas por los volcanes de Fuerteventura, puedes descubrir incre\u00edbles panoramas del norte de la isla, las dunas de arena, el agua cristalina de Corralejo y la isla de Lobos y Lanzarote.<\/p>\n<ul>\n<li>Excursiones de 1 hora y media a 3 horas<\/li>\n<\/ul>\n","protected":false},"excerpt":{"rendered":"<p>Yoga en la playa Practicar yoga es beneficioso cuando surfeas porque ayuda a relajar los m\u00fasculos y mejora tu flexibilidad la cual te ayuda much\u00edsimo a surfear mejor. El yoga tambi\u00e9n es un ejercicio que conecta esp\u00edritu, alma y cuerpo. No hay nada mejor que sentirse bien y en armon\u00eda contigo mismo. \u00a1 Pru\u00e9balo y [&hellip;]<\/p>\n","protected":false},"author":2,"featured_media":0,"parent":495,"menu_order":6,"comment_status":"closed","ping_status":"closed","template":"","meta":{"footnotes":""},"class_list":["post-453","page","type-page","status-publish","hentry"],"yoast_head":"<!-- This site is optimized with the Yoast SEO plugin v27.5 - https:\/\/yoast.com\/product\/yoast-seo-wordpress\/ -->\n<title>Yoga &amp; volcanes - Aloha Surf Academy - The best surf school and surf camps in Fuerteventura - Corralejo<\/title>\n<meta name=\"description\" content=\"Retiro de surf y yoga en la lujosa villa de LA LAGUNA en Lajares. Villa de alto est\u00e1ndar, pensi\u00f3n completa con chef personal, clases de yoga y surf con los mejores proveedores. Unas vacaciones perfectas para desconectar de la vida cotidiana\" \/>\n<meta name=\"robots\" content=\"index, follow, max-snippet:-1, max-image-preview:large, max-video-preview:-1\" \/>\n<link rel=\"canonical\" href=\"https:\/\/alohasurfacademy.com\/es\/cursos-de-surf\/volcan-yoga-sessions\/\" \/>\n<meta property=\"og:locale\" content=\"es_ES\" \/>\n<meta property=\"og:type\" content=\"article\" \/>\n<meta property=\"og:title\" content=\"Yoga &amp; volcanes - Aloha Surf Academy - The best surf school and surf camps in Fuerteventura - Corralejo\" \/>\n<meta property=\"og:description\" content=\"Retiro de surf y yoga en la lujosa villa de LA LAGUNA en Lajares. Villa de alto est\u00e1ndar, pensi\u00f3n completa con chef personal, clases de yoga y surf con los mejores proveedores. Unas vacaciones perfectas para desconectar de la vida cotidiana\" \/>\n<meta property=\"og:url\" content=\"https:\/\/alohasurfacademy.com\/es\/cursos-de-surf\/volcan-yoga-sessions\/\" \/>\n<meta property=\"og:site_name\" content=\"Aloha Surf Academy - The best surf school and surf camps in Fuerteventura - Corralejo\" \/>\n<meta property=\"article:modified_time\" content=\"2024-12-31T19:21:23+00:00\" \/>\n<meta property=\"og:image\" content=\"https:\/\/alohasurfacademy.com\/wp-content\/uploads\/tjasa-yoga.jpg\" \/>\n\t<meta property=\"og:image:width\" content=\"800\" \/>\n\t<meta property=\"og:image:height\" content=\"533\" \/>\n\t<meta property=\"og:image:type\" content=\"image\/jpeg\" \/>\n<meta name=\"twitter:card\" content=\"summary_large_image\" \/>\n<meta name=\"twitter:label1\" content=\"Tiempo de lectura\" \/>\n\t<meta name=\"twitter:data1\" content=\"2 minutos\" \/>\n<script type=\"application\/ld+json\" class=\"yoast-schema-graph\">{\"@context\":\"https:\\\/\\\/schema.org\",\"@graph\":[{\"@type\":\"WebPage\",\"@id\":\"https:\\\/\\\/alohasurfacademy.com\\\/es\\\/cursos-de-surf\\\/volcan-yoga-sessions\\\/\",\"url\":\"https:\\\/\\\/alohasurfacademy.com\\\/es\\\/cursos-de-surf\\\/volcan-yoga-sessions\\\/\",\"name\":\"Yoga & volcanes - Aloha Surf Academy - The best surf school and surf camps in Fuerteventura - Corralejo\",\"isPartOf\":{\"@id\":\"https:\\\/\\\/alohasurfacademy.com\\\/es\\\/#website\"},\"primaryImageOfPage\":{\"@id\":\"https:\\\/\\\/alohasurfacademy.com\\\/es\\\/cursos-de-surf\\\/volcan-yoga-sessions\\\/#primaryimage\"},\"image\":{\"@id\":\"https:\\\/\\\/alohasurfacademy.com\\\/es\\\/cursos-de-surf\\\/volcan-yoga-sessions\\\/#primaryimage\"},\"thumbnailUrl\":\"https:\\\/\\\/alohasurfacademy.com\\\/wp-content\\\/uploads\\\/tjasa-yoga.jpg\",\"datePublished\":\"2021-04-02T14:22:03+00:00\",\"dateModified\":\"2024-12-31T19:21:23+00:00\",\"description\":\"Retiro de surf y yoga en la lujosa villa de LA LAGUNA en Lajares. Villa de alto est\u00e1ndar, pensi\u00f3n completa con chef personal, clases de yoga y surf con los mejores proveedores. Unas vacaciones perfectas para desconectar de la vida cotidiana\",\"breadcrumb\":{\"@id\":\"https:\\\/\\\/alohasurfacademy.com\\\/es\\\/cursos-de-surf\\\/volcan-yoga-sessions\\\/#breadcrumb\"},\"inLanguage\":\"es\",\"potentialAction\":[{\"@type\":\"ReadAction\",\"target\":[\"https:\\\/\\\/alohasurfacademy.com\\\/es\\\/cursos-de-surf\\\/volcan-yoga-sessions\\\/\"]}]},{\"@type\":\"ImageObject\",\"inLanguage\":\"es\",\"@id\":\"https:\\\/\\\/alohasurfacademy.com\\\/es\\\/cursos-de-surf\\\/volcan-yoga-sessions\\\/#primaryimage\",\"url\":\"https:\\\/\\\/alohasurfacademy.com\\\/wp-content\\\/uploads\\\/tjasa-yoga.jpg\",\"contentUrl\":\"https:\\\/\\\/alohasurfacademy.com\\\/wp-content\\\/uploads\\\/tjasa-yoga.jpg\"},{\"@type\":\"BreadcrumbList\",\"@id\":\"https:\\\/\\\/alohasurfacademy.com\\\/es\\\/cursos-de-surf\\\/volcan-yoga-sessions\\\/#breadcrumb\",\"itemListElement\":[{\"@type\":\"ListItem\",\"position\":1,\"name\":\"Home\",\"item\":\"https:\\\/\\\/alohasurfacademy.com\\\/es\\\/\"},{\"@type\":\"ListItem\",\"position\":2,\"name\":\"Servicios de surf\",\"item\":\"https:\\\/\\\/alohasurfacademy.com\\\/es\\\/surf-courses\\\/\"},{\"@type\":\"ListItem\",\"position\":3,\"name\":\"Yoga &#038; volcanes\"}]},{\"@type\":\"WebSite\",\"@id\":\"https:\\\/\\\/alohasurfacademy.com\\\/es\\\/#website\",\"url\":\"https:\\\/\\\/alohasurfacademy.com\\\/es\\\/\",\"name\":\"Aloha Surf Academy - The best surf school and surf camps in Fuerteventura - Corralejo\",\"description\":\"Surf School, Surf Camp, Surfing Class, Surf Course in Corralejo - Fuerteventura\",\"potentialAction\":[{\"@type\":\"SearchAction\",\"target\":{\"@type\":\"EntryPoint\",\"urlTemplate\":\"https:\\\/\\\/alohasurfacademy.com\\\/es\\\/?s={search_term_string}\"},\"query-input\":{\"@type\":\"PropertyValueSpecification\",\"valueRequired\":true,\"valueName\":\"search_term_string\"}}],\"inLanguage\":\"es\"}]}<\/script>\n<!-- \/ Yoast SEO plugin. -->","yoast_head_json":{"title":"Yoga & volcanes - Aloha Surf Academy - The best surf school and surf camps in Fuerteventura - Corralejo","description":"Retiro de surf y yoga en la lujosa villa de LA LAGUNA en Lajares. Villa de alto est\u00e1ndar, pensi\u00f3n completa con chef personal, clases de yoga y surf con los mejores proveedores. Unas vacaciones perfectas para desconectar de la vida cotidiana","robots":{"index":"index","follow":"follow","max-snippet":"max-snippet:-1","max-image-preview":"max-image-preview:large","max-video-preview":"max-video-preview:-1"},"canonical":"https:\/\/alohasurfacademy.com\/es\/cursos-de-surf\/volcan-yoga-sessions\/","og_locale":"es_ES","og_type":"article","og_title":"Yoga & volcanes - Aloha Surf Academy - The best surf school and surf camps in Fuerteventura - Corralejo","og_description":"Retiro de surf y yoga en la lujosa villa de LA LAGUNA en Lajares. Villa de alto est\u00e1ndar, pensi\u00f3n completa con chef personal, clases de yoga y surf con los mejores proveedores. Unas vacaciones perfectas para desconectar de la vida cotidiana","og_url":"https:\/\/alohasurfacademy.com\/es\/cursos-de-surf\/volcan-yoga-sessions\/","og_site_name":"Aloha Surf Academy - The best surf school and surf camps in Fuerteventura - Corralejo","article_modified_time":"2024-12-31T19:21:23+00:00","og_image":[{"width":800,"height":533,"url":"https:\/\/alohasurfacademy.com\/wp-content\/uploads\/tjasa-yoga.jpg","type":"image\/jpeg"}],"twitter_card":"summary_large_image","twitter_misc":{"Tiempo de lectura":"2 minutos"},"schema":{"@context":"https:\/\/schema.org","@graph":[{"@type":"WebPage","@id":"https:\/\/alohasurfacademy.com\/es\/cursos-de-surf\/volcan-yoga-sessions\/","url":"https:\/\/alohasurfacademy.com\/es\/cursos-de-surf\/volcan-yoga-sessions\/","name":"Yoga & volcanes - Aloha Surf Academy - The best surf school and surf camps in Fuerteventura - Corralejo","isPartOf":{"@id":"https:\/\/alohasurfacademy.com\/es\/#website"},"primaryImageOfPage":{"@id":"https:\/\/alohasurfacademy.com\/es\/cursos-de-surf\/volcan-yoga-sessions\/#primaryimage"},"image":{"@id":"https:\/\/alohasurfacademy.com\/es\/cursos-de-surf\/volcan-yoga-sessions\/#primaryimage"},"thumbnailUrl":"https:\/\/alohasurfacademy.com\/wp-content\/uploads\/tjasa-yoga.jpg","datePublished":"2021-04-02T14:22:03+00:00","dateModified":"2024-12-31T19:21:23+00:00","description":"Retiro de surf y yoga en la lujosa villa de LA LAGUNA en Lajares. Villa de alto est\u00e1ndar, pensi\u00f3n completa con chef personal, clases de yoga y surf con los mejores proveedores. Unas vacaciones perfectas para desconectar de la vida cotidiana","breadcrumb":{"@id":"https:\/\/alohasurfacademy.com\/es\/cursos-de-surf\/volcan-yoga-sessions\/#breadcrumb"},"inLanguage":"es","potentialAction":[{"@type":"ReadAction","target":["https:\/\/alohasurfacademy.com\/es\/cursos-de-surf\/volcan-yoga-sessions\/"]}]},{"@type":"ImageObject","inLanguage":"es","@id":"https:\/\/alohasurfacademy.com\/es\/cursos-de-surf\/volcan-yoga-sessions\/#primaryimage","url":"https:\/\/alohasurfacademy.com\/wp-content\/uploads\/tjasa-yoga.jpg","contentUrl":"https:\/\/alohasurfacademy.com\/wp-content\/uploads\/tjasa-yoga.jpg"},{"@type":"BreadcrumbList","@id":"https:\/\/alohasurfacademy.com\/es\/cursos-de-surf\/volcan-yoga-sessions\/#breadcrumb","itemListElement":[{"@type":"ListItem","position":1,"name":"Home","item":"https:\/\/alohasurfacademy.com\/es\/"},{"@type":"ListItem","position":2,"name":"Servicios de surf","item":"https:\/\/alohasurfacademy.com\/es\/surf-courses\/"},{"@type":"ListItem","position":3,"name":"Yoga &#038; volcanes"}]},{"@type":"WebSite","@id":"https:\/\/alohasurfacademy.com\/es\/#website","url":"https:\/\/alohasurfacademy.com\/es\/","name":"Aloha Surf Academy - The best surf school and surf camps in Fuerteventura - Corralejo","description":"Surf School, Surf Camp, Surfing Class, Surf Course in Corralejo - Fuerteventura","potentialAction":[{"@type":"SearchAction","target":{"@type":"EntryPoint","urlTemplate":"https:\/\/alohasurfacademy.com\/es\/?s={search_term_string}"},"query-input":{"@type":"PropertyValueSpecification","valueRequired":true,"valueName":"search_term_string"}}],"inLanguage":"es"}]}},"_links":{"self":[{"href":"https:\/\/alohasurfacademy.com\/es\/wp-json\/wp\/v2\/pages\/453","targetHints":{"allow":["GET"]}}],"collection":[{"href":"https:\/\/alohasurfacademy.com\/es\/wp-json\/wp\/v2\/pages"}],"about":[{"href":"https:\/\/alohasurfacademy.com\/es\/wp-json\/wp\/v2\/types\/page"}],"author":[{"embeddable":true,"href":"https:\/\/alohasurfacademy.com\/es\/wp-json\/wp\/v2\/users\/2"}],"replies":[{"embeddable":true,"href":"https:\/\/alohasurfacademy.com\/es\/wp-json\/wp\/v2\/comments?post=453"}],"version-history":[{"count":45,"href":"https:\/\/alohasurfacademy.com\/es\/wp-json\/wp\/v2\/pages\/453\/revisions"}],"predecessor-version":[{"id":9353,"href":"https:\/\/alohasurfacademy.com\/es\/wp-json\/wp\/v2\/pages\/453\/revisions\/9353"}],"up":[{"embeddable":true,"href":"https:\/\/alohasurfacademy.com\/es\/wp-json\/wp\/v2\/pages\/495"}],"wp:attachment":[{"href":"https:\/\/alohasurfacademy.com\/es\/wp-json\/wp\/v2\/media?parent=453"}],"curies":[{"name":"wp","href":"https:\/\/api.w.org\/{rel}","templated":true}]}}