{"id":501,"date":"2021-04-02T15:57:12","date_gmt":"2021-04-02T14:57:12","guid":{"rendered":"http:\/\/www.alohasurfacademy.ch\/xyz\/?page_id=501"},"modified":"2026-02-16T13:32:52","modified_gmt":"2026-02-16T13:32:52","slug":"improve-your-surf","status":"publish","type":"page","link":"https:\/\/alohasurfacademy.com\/es\/cursos-de-surf\/improve-your-surf\/","title":{"rendered":"Curso Improve your Surf"},"content":{"rendered":"<h3>Tu perfil<\/h3>\n<p style=\"text-align: justify;\">Tienes un nivel intermedio y quieres progresar y surfear con control, nuestros valiosos consejos te permitir\u00e1n practicar nuevas maniobras. Entonces, este es tu curso para mejorar!!<\/p>\n<p><img loading=\"lazy\" decoding=\"async\" class=\"size-large wp-image-8695\" src=\"https:\/\/alohasurfacademy.com\/wp-content\/uploads\/DSC08069-Enhanced-SR-1-1024x1024.jpg\" alt=\"\" width=\"1024\" height=\"1024\" srcset=\"https:\/\/alohasurfacademy.com\/wp-content\/uploads\/DSC08069-Enhanced-SR-1-1024x1024.jpg 1024w, https:\/\/alohasurfacademy.com\/wp-content\/uploads\/DSC08069-Enhanced-SR-1-300x300.jpg 300w, https:\/\/alohasurfacademy.com\/wp-content\/uploads\/DSC08069-Enhanced-SR-1-150x150.jpg 150w, https:\/\/alohasurfacademy.com\/wp-content\/uploads\/DSC08069-Enhanced-SR-1-768x768.jpg 768w, https:\/\/alohasurfacademy.com\/wp-content\/uploads\/DSC08069-Enhanced-SR-1-1536x1536.jpg 1536w, https:\/\/alohasurfacademy.com\/wp-content\/uploads\/DSC08069-Enhanced-SR-1-2048x2048.jpg 2048w\" sizes=\"(max-width: 1024px) 100vw, 1024px\" \/><\/p>\n<h3>Tu programa<\/h3>\n<p style=\"text-align: justify;\">&#8211; Dependiendo de la condiciones de Surf (marea, oleaje, etc), te <strong>recogeremos en tu hotel<\/strong> por la ma\u00f1ana o por la tarde. El horario te ser\u00e1 confirmado el d\u00eda antes por whatsapp.<\/p>\n<p style=\"text-align: justify;\">&#8211; Nuestra\u00a0 furgoneta te llevar\u00e1 a la playa donde el instructor te entregar\u00e1 el material y se encargar\u00e1 de todas sus funciones.<\/p>\n<p style=\"text-align: justify;\">&#8211; <strong>El curso de surf incluye<\/strong>: un curso de surfskate, el traslado a la playa, entrada en calor, clase te\u00f3rica, ejercicios en la arena y en el agua, un tiempo de descanso y recuperaci\u00f3n, y ejercicios de estiramiento!<\/p>\n<p style=\"text-align: justify;\">&#8211; La duraci\u00f3n es d<strong>e 5-6 horas<\/strong>, incluyendo el traslado. Solo necesitas tus cosas de playa, agua y algo de comida.<\/p>\n<p>&#8211; La <strong>teor\u00eda<\/strong> suele impartirse en una mesa mientras se disfruta de deliciosos batidos o caf\u00e9. Adem\u00e1s, al final de la semana, suele haber una comida o cena donde <strong>analizamos fotos de surf<\/strong> para que puedas verlas mientras recibes retroalimentaci\u00f3n para mejorar tu rendimiento.<\/p>\n<figure id=\"attachment_8670\" aria-describedby=\"caption-attachment-8670\" style=\"width: 300px\" class=\"wp-caption alignnone\"><img loading=\"lazy\" decoding=\"async\" class=\"wp-image-8670 size-medium\" src=\"https:\/\/alohasurfacademy.com\/wp-content\/uploads\/DSC06608-Enhanced-SR-300x300.jpg\" alt=\"\" width=\"300\" height=\"300\" srcset=\"https:\/\/alohasurfacademy.com\/wp-content\/uploads\/DSC06608-Enhanced-SR-300x300.jpg 300w, https:\/\/alohasurfacademy.com\/wp-content\/uploads\/DSC06608-Enhanced-SR-1024x1024.jpg 1024w, https:\/\/alohasurfacademy.com\/wp-content\/uploads\/DSC06608-Enhanced-SR-150x150.jpg 150w, https:\/\/alohasurfacademy.com\/wp-content\/uploads\/DSC06608-Enhanced-SR-768x768.jpg 768w, https:\/\/alohasurfacademy.com\/wp-content\/uploads\/DSC06608-Enhanced-SR-1536x1536.jpg 1536w, https:\/\/alohasurfacademy.com\/wp-content\/uploads\/DSC06608-Enhanced-SR-2048x2048.jpg 2048w\" sizes=\"(max-width: 300px) 100vw, 300px\" \/><figcaption id=\"caption-attachment-8670\" class=\"wp-caption-text\">\u00a0<\/figcaption><\/figure>\n<h3>Tu curso personalizado<\/h3>\n<p style=\"text-align: justify;\">-El primer d\u00eda, el instructor evaluar\u00e1 tu nivel.<\/p>\n<p style=\"text-align: justify;\">&#8211; Luego, el instructor te supervisar\u00e1 y te entrenar\u00e1 individualmente con un programa personalizado, intensivo y eficiente, as\u00ed podr\u00e1s perfeccionar tu surf!<\/p>\n<p>&#8211; Tu programa incluye un mont\u00f3n de ejercicios de simulaci\u00f3n en la arena, lo cual te ayudar\u00e1 a progresar gracias a la <strong>memoria muscular.\u00a0<\/strong><\/p>\n<p>&#8211; Practicar\u00e1s tus conocimientos en la espuma, o en limpias olas verdes, dependiendo siempre de las condiciones.<\/p>\n<p>&#8211; Nuestras t\u00e9cnicas incluyen simulaciones, fotos d\u00f3nde podr\u00e1 ver paso a paso como va mejorando a trav\u00e9s de im\u00e1genes.<\/p>\n<p><img loading=\"lazy\" decoding=\"async\" class=\"alignnone wp-image-6930 size-medium\" src=\"https:\/\/alohasurfacademy.com\/wp-content\/uploads\/Aloha-Surf-School-Corralejo-Fuerteventura-17-300x200.jpg\" alt=\"\" width=\"300\" height=\"200\" srcset=\"https:\/\/alohasurfacademy.com\/wp-content\/uploads\/Aloha-Surf-School-Corralejo-Fuerteventura-17-300x200.jpg 300w, https:\/\/alohasurfacademy.com\/wp-content\/uploads\/Aloha-Surf-School-Corralejo-Fuerteventura-17-1024x681.jpg 1024w, https:\/\/alohasurfacademy.com\/wp-content\/uploads\/Aloha-Surf-School-Corralejo-Fuerteventura-17-768x511.jpg 768w, https:\/\/alohasurfacademy.com\/wp-content\/uploads\/Aloha-Surf-School-Corralejo-Fuerteventura-17-1536x1022.jpg 1536w, https:\/\/alohasurfacademy.com\/wp-content\/uploads\/Aloha-Surf-School-Corralejo-Fuerteventura-17-2048x1363.jpg 2048w\" sizes=\"(max-width: 300px) 100vw, 300px\" \/><\/p>\n<h4>1er d\u00eda, nivel intermedio<\/h4>\n<p style=\"text-align: justify;\">Te llevamos a la playa con otros alumnos, combinaremos todos los niveles.<\/p>\n<p style=\"text-align: justify;\">Tu nivel es evaluado en una tabla de espuma por el instructor.<\/p>\n<p style=\"text-align: justify;\">El te ayudar\u00e1 a refrescar o ense\u00f1arte a surfear y corregir malos h\u00e1bitos. Entonces, aprender\u00e1s todo sobre la seguridad en el agua y las reglas para respetar en la serie, etc&#8230;El te corregir\u00e1 t\u00e9cnicas de remo o de c\u00f3mo coger olas e intentar\u00e1s a realizar el primer giro.<\/p>\n<p><strong>Una sesi\u00f3n de surfskate est\u00e1 integrada en tu curso de surf. <\/strong><\/p>\n<p>El skateboarding es una herramienta valiosa para mejorar tu equilibrio y postura sobre la tabla. La sensaci\u00f3n sobre el surfskate es muy similar a la de una ola, y durante la sesi\u00f3n de skate puedes mejorar y automatizar tus movimientos en el agua. Para los surfistas de nivel intermedio o avanzado, la sesi\u00f3n de carver desarrolla t\u00e9cnicas y maniobras mucho antes de desarrollar esa habilidad en el agua, acelerando enormemente el aprendizaje.<\/p>\n<p><img loading=\"lazy\" decoding=\"async\" class=\"alignnone wp-image-6714 size-medium\" src=\"https:\/\/alohasurfacademy.com\/wp-content\/uploads\/\/carver-skate-3-300x200.png\" alt=\"\" width=\"300\" height=\"200\" srcset=\"https:\/\/alohasurfacademy.com\/wp-content\/uploads\/carver-skate-3-300x200.png 300w, https:\/\/alohasurfacademy.com\/wp-content\/uploads\/carver-skate-3-1024x681.png 1024w, https:\/\/alohasurfacademy.com\/wp-content\/uploads\/carver-skate-3.png 1600w\" sizes=\"(max-width: 300px) 100vw, 300px\" \/><img loading=\"lazy\" decoding=\"async\" class=\"alignnone wp-image-9578 size-medium\" src=\"https:\/\/alohasurfacademy.com\/wp-content\/uploads\/\/20-AlohaSurfAcademy\u00a9AnikaRaube-20-300x200.jpg\" alt=\"\" width=\"300\" height=\"200\" srcset=\"https:\/\/alohasurfacademy.com\/wp-content\/uploads\/20-AlohaSurfAcademy\u00a9AnikaRaube-20-300x200.jpg 300w, https:\/\/alohasurfacademy.com\/wp-content\/uploads\/20-AlohaSurfAcademy\u00a9AnikaRaube-20-1024x682.jpg 1024w, https:\/\/alohasurfacademy.com\/wp-content\/uploads\/20-AlohaSurfAcademy\u00a9AnikaRaube-20-768x511.jpg 768w, https:\/\/alohasurfacademy.com\/wp-content\/uploads\/20-AlohaSurfAcademy\u00a9AnikaRaube-20-1536x1022.jpg 1536w, https:\/\/alohasurfacademy.com\/wp-content\/uploads\/20-AlohaSurfAcademy\u00a9AnikaRaube-20.jpg 1920w\" sizes=\"(max-width: 300px) 100vw, 300px\" \/><\/p>\n<h4>3er d\u00eda de nivel intermedio<\/h4>\n<p style=\"text-align: justify;\">Sigues lo aprendido en los primeros d\u00edas, y aqu\u00ed aprender\u00e1s como mejorar el giro y a surfear en la serie. Despu\u00e9s de esto, aprender\u00e1s a pasar las olas para ir al pico y a reaccionar en caso de wipe out.<\/p>\n<h4>5er d\u00eda de nivel intermedio<\/h4>\n<p style=\"text-align: justify;\">Tu has completado los 3 d\u00edas de nivel intermedio de surf, por tanto, vas a aprender el secreto de hacer bottom turns y top turns en la ola. Tambien aprender\u00e1s a salir de la ola haciendo la t\u00e9cnica \u201ckick out\u201d !<\/p>\n","protected":false},"excerpt":{"rendered":"<p>Tu perfil Tienes un nivel intermedio y quieres progresar y surfear con control, nuestros valiosos consejos te permitir\u00e1n practicar nuevas maniobras. Entonces, este es tu curso para mejorar!! Tu programa &#8211; Dependiendo de la condiciones de Surf (marea, oleaje, etc), te recogeremos en tu hotel por la ma\u00f1ana o por la tarde. El horario te [&hellip;]<\/p>\n","protected":false},"author":2,"featured_media":0,"parent":495,"menu_order":0,"comment_status":"closed","ping_status":"closed","template":"","meta":{"footnotes":""},"class_list":["post-501","page","type-page","status-publish","hentry"],"yoast_head":"<!-- This site is optimized with the Yoast SEO plugin v27.5 - https:\/\/yoast.com\/product\/yoast-seo-wordpress\/ -->\n<title>Curso Improve your Surf - Aloha Surf Academy - The best surf school and surf camps in Fuerteventura - Corralejo<\/title>\n<meta name=\"description\" content=\"Tienes un nivel intermedio y quieres progresar y surfear con control, nuestros valiosos consejos te permitir\u00e1n practicar nuevas maniobras.\" \/>\n<meta name=\"robots\" content=\"index, follow, max-snippet:-1, max-image-preview:large, max-video-preview:-1\" \/>\n<link rel=\"canonical\" href=\"https:\/\/alohasurfacademy.com\/es\/cursos-de-surf\/improve-your-surf\/\" \/>\n<meta property=\"og:locale\" content=\"es_ES\" \/>\n<meta property=\"og:type\" content=\"article\" \/>\n<meta property=\"og:title\" content=\"Curso Improve your Surf - Aloha Surf Academy - The best surf school and surf camps in Fuerteventura - Corralejo\" \/>\n<meta property=\"og:description\" content=\"Tienes un nivel intermedio y quieres progresar y surfear con control, nuestros valiosos consejos te permitir\u00e1n practicar nuevas maniobras.\" \/>\n<meta property=\"og:url\" content=\"https:\/\/alohasurfacademy.com\/es\/cursos-de-surf\/improve-your-surf\/\" \/>\n<meta property=\"og:site_name\" content=\"Aloha Surf Academy - The best surf school and surf camps in Fuerteventura - Corralejo\" \/>\n<meta property=\"article:modified_time\" content=\"2026-02-16T13:32:52+00:00\" \/>\n<meta property=\"og:image\" content=\"https:\/\/alohasurfacademy.com\/wp-content\/uploads\/DSC08069-Enhanced-SR-1-scaled.jpg\" \/>\n\t<meta property=\"og:image:width\" content=\"2560\" \/>\n\t<meta property=\"og:image:height\" content=\"2560\" \/>\n\t<meta property=\"og:image:type\" content=\"image\/jpeg\" \/>\n<meta name=\"twitter:card\" content=\"summary_large_image\" \/>\n<meta name=\"twitter:label1\" content=\"Tiempo de lectura\" \/>\n\t<meta name=\"twitter:data1\" content=\"4 minutos\" \/>\n<script type=\"application\/ld+json\" class=\"yoast-schema-graph\">{\"@context\":\"https:\\\/\\\/schema.org\",\"@graph\":[{\"@type\":\"WebPage\",\"@id\":\"https:\\\/\\\/alohasurfacademy.com\\\/es\\\/cursos-de-surf\\\/improve-your-surf\\\/\",\"url\":\"https:\\\/\\\/alohasurfacademy.com\\\/es\\\/cursos-de-surf\\\/improve-your-surf\\\/\",\"name\":\"Curso Improve your Surf - Aloha Surf Academy - The best surf school and surf camps in Fuerteventura - Corralejo\",\"isPartOf\":{\"@id\":\"https:\\\/\\\/alohasurfacademy.com\\\/es\\\/#website\"},\"primaryImageOfPage\":{\"@id\":\"https:\\\/\\\/alohasurfacademy.com\\\/es\\\/cursos-de-surf\\\/improve-your-surf\\\/#primaryimage\"},\"image\":{\"@id\":\"https:\\\/\\\/alohasurfacademy.com\\\/es\\\/cursos-de-surf\\\/improve-your-surf\\\/#primaryimage\"},\"thumbnailUrl\":\"https:\\\/\\\/alohasurfacademy.com\\\/wp-content\\\/uploads\\\/DSC08069-Enhanced-SR-1-1024x1024.jpg\",\"datePublished\":\"2021-04-02T14:57:12+00:00\",\"dateModified\":\"2026-02-16T13:32:52+00:00\",\"description\":\"Tienes un nivel intermedio y quieres progresar y surfear con control, nuestros valiosos consejos te permitir\u00e1n practicar nuevas maniobras.\",\"breadcrumb\":{\"@id\":\"https:\\\/\\\/alohasurfacademy.com\\\/es\\\/cursos-de-surf\\\/improve-your-surf\\\/#breadcrumb\"},\"inLanguage\":\"es\",\"potentialAction\":[{\"@type\":\"ReadAction\",\"target\":[\"https:\\\/\\\/alohasurfacademy.com\\\/es\\\/cursos-de-surf\\\/improve-your-surf\\\/\"]}]},{\"@type\":\"ImageObject\",\"inLanguage\":\"es\",\"@id\":\"https:\\\/\\\/alohasurfacademy.com\\\/es\\\/cursos-de-surf\\\/improve-your-surf\\\/#primaryimage\",\"url\":\"https:\\\/\\\/alohasurfacademy.com\\\/wp-content\\\/uploads\\\/DSC08069-Enhanced-SR-1-1024x1024.jpg\",\"contentUrl\":\"https:\\\/\\\/alohasurfacademy.com\\\/wp-content\\\/uploads\\\/DSC08069-Enhanced-SR-1-1024x1024.jpg\"},{\"@type\":\"BreadcrumbList\",\"@id\":\"https:\\\/\\\/alohasurfacademy.com\\\/es\\\/cursos-de-surf\\\/improve-your-surf\\\/#breadcrumb\",\"itemListElement\":[{\"@type\":\"ListItem\",\"position\":1,\"name\":\"Home\",\"item\":\"https:\\\/\\\/alohasurfacademy.com\\\/es\\\/\"},{\"@type\":\"ListItem\",\"position\":2,\"name\":\"Servicios de surf\",\"item\":\"https:\\\/\\\/alohasurfacademy.com\\\/es\\\/surf-courses\\\/\"},{\"@type\":\"ListItem\",\"position\":3,\"name\":\"Curso Improve your Surf\"}]},{\"@type\":\"WebSite\",\"@id\":\"https:\\\/\\\/alohasurfacademy.com\\\/es\\\/#website\",\"url\":\"https:\\\/\\\/alohasurfacademy.com\\\/es\\\/\",\"name\":\"Aloha Surf Academy - The best surf school and surf camps in Fuerteventura - Corralejo\",\"description\":\"Surf School, Surf Camp, Surfing Class, Surf Course in Corralejo - Fuerteventura\",\"potentialAction\":[{\"@type\":\"SearchAction\",\"target\":{\"@type\":\"EntryPoint\",\"urlTemplate\":\"https:\\\/\\\/alohasurfacademy.com\\\/es\\\/?s={search_term_string}\"},\"query-input\":{\"@type\":\"PropertyValueSpecification\",\"valueRequired\":true,\"valueName\":\"search_term_string\"}}],\"inLanguage\":\"es\"}]}<\/script>\n<!-- \/ Yoast SEO plugin. -->","yoast_head_json":{"title":"Curso Improve your Surf - Aloha Surf Academy - The best surf school and surf camps in Fuerteventura - Corralejo","description":"Tienes un nivel intermedio y quieres progresar y surfear con control, nuestros valiosos consejos te permitir\u00e1n practicar nuevas maniobras.","robots":{"index":"index","follow":"follow","max-snippet":"max-snippet:-1","max-image-preview":"max-image-preview:large","max-video-preview":"max-video-preview:-1"},"canonical":"https:\/\/alohasurfacademy.com\/es\/cursos-de-surf\/improve-your-surf\/","og_locale":"es_ES","og_type":"article","og_title":"Curso Improve your Surf - Aloha Surf Academy - The best surf school and surf camps in Fuerteventura - Corralejo","og_description":"Tienes un nivel intermedio y quieres progresar y surfear con control, nuestros valiosos consejos te permitir\u00e1n practicar nuevas maniobras.","og_url":"https:\/\/alohasurfacademy.com\/es\/cursos-de-surf\/improve-your-surf\/","og_site_name":"Aloha Surf Academy - The best surf school and surf camps in Fuerteventura - Corralejo","article_modified_time":"2026-02-16T13:32:52+00:00","og_image":[{"width":2560,"height":2560,"url":"https:\/\/alohasurfacademy.com\/wp-content\/uploads\/DSC08069-Enhanced-SR-1-scaled.jpg","type":"image\/jpeg"}],"twitter_card":"summary_large_image","twitter_misc":{"Tiempo de lectura":"4 minutos"},"schema":{"@context":"https:\/\/schema.org","@graph":[{"@type":"WebPage","@id":"https:\/\/alohasurfacademy.com\/es\/cursos-de-surf\/improve-your-surf\/","url":"https:\/\/alohasurfacademy.com\/es\/cursos-de-surf\/improve-your-surf\/","name":"Curso Improve your Surf - Aloha Surf Academy - The best surf school and surf camps in Fuerteventura - Corralejo","isPartOf":{"@id":"https:\/\/alohasurfacademy.com\/es\/#website"},"primaryImageOfPage":{"@id":"https:\/\/alohasurfacademy.com\/es\/cursos-de-surf\/improve-your-surf\/#primaryimage"},"image":{"@id":"https:\/\/alohasurfacademy.com\/es\/cursos-de-surf\/improve-your-surf\/#primaryimage"},"thumbnailUrl":"https:\/\/alohasurfacademy.com\/wp-content\/uploads\/DSC08069-Enhanced-SR-1-1024x1024.jpg","datePublished":"2021-04-02T14:57:12+00:00","dateModified":"2026-02-16T13:32:52+00:00","description":"Tienes un nivel intermedio y quieres progresar y surfear con control, nuestros valiosos consejos te permitir\u00e1n practicar nuevas maniobras.","breadcrumb":{"@id":"https:\/\/alohasurfacademy.com\/es\/cursos-de-surf\/improve-your-surf\/#breadcrumb"},"inLanguage":"es","potentialAction":[{"@type":"ReadAction","target":["https:\/\/alohasurfacademy.com\/es\/cursos-de-surf\/improve-your-surf\/"]}]},{"@type":"ImageObject","inLanguage":"es","@id":"https:\/\/alohasurfacademy.com\/es\/cursos-de-surf\/improve-your-surf\/#primaryimage","url":"https:\/\/alohasurfacademy.com\/wp-content\/uploads\/DSC08069-Enhanced-SR-1-1024x1024.jpg","contentUrl":"https:\/\/alohasurfacademy.com\/wp-content\/uploads\/DSC08069-Enhanced-SR-1-1024x1024.jpg"},{"@type":"BreadcrumbList","@id":"https:\/\/alohasurfacademy.com\/es\/cursos-de-surf\/improve-your-surf\/#breadcrumb","itemListElement":[{"@type":"ListItem","position":1,"name":"Home","item":"https:\/\/alohasurfacademy.com\/es\/"},{"@type":"ListItem","position":2,"name":"Servicios de surf","item":"https:\/\/alohasurfacademy.com\/es\/surf-courses\/"},{"@type":"ListItem","position":3,"name":"Curso Improve your Surf"}]},{"@type":"WebSite","@id":"https:\/\/alohasurfacademy.com\/es\/#website","url":"https:\/\/alohasurfacademy.com\/es\/","name":"Aloha Surf Academy - The best surf school and surf camps in Fuerteventura - Corralejo","description":"Surf School, Surf Camp, Surfing Class, Surf Course in Corralejo - Fuerteventura","potentialAction":[{"@type":"SearchAction","target":{"@type":"EntryPoint","urlTemplate":"https:\/\/alohasurfacademy.com\/es\/?s={search_term_string}"},"query-input":{"@type":"PropertyValueSpecification","valueRequired":true,"valueName":"search_term_string"}}],"inLanguage":"es"}]}},"_links":{"self":[{"href":"https:\/\/alohasurfacademy.com\/es\/wp-json\/wp\/v2\/pages\/501","targetHints":{"allow":["GET"]}}],"collection":[{"href":"https:\/\/alohasurfacademy.com\/es\/wp-json\/wp\/v2\/pages"}],"about":[{"href":"https:\/\/alohasurfacademy.com\/es\/wp-json\/wp\/v2\/types\/page"}],"author":[{"embeddable":true,"href":"https:\/\/alohasurfacademy.com\/es\/wp-json\/wp\/v2\/users\/2"}],"replies":[{"embeddable":true,"href":"https:\/\/alohasurfacademy.com\/es\/wp-json\/wp\/v2\/comments?post=501"}],"version-history":[{"count":18,"href":"https:\/\/alohasurfacademy.com\/es\/wp-json\/wp\/v2\/pages\/501\/revisions"}],"predecessor-version":[{"id":9590,"href":"https:\/\/alohasurfacademy.com\/es\/wp-json\/wp\/v2\/pages\/501\/revisions\/9590"}],"up":[{"embeddable":true,"href":"https:\/\/alohasurfacademy.com\/es\/wp-json\/wp\/v2\/pages\/495"}],"wp:attachment":[{"href":"https:\/\/alohasurfacademy.com\/es\/wp-json\/wp\/v2\/media?parent=501"}],"curies":[{"name":"wp","href":"https:\/\/api.w.org\/{rel}","templated":true}]}}