{"id":510,"date":"2021-04-01T14:49:24","date_gmt":"2021-04-01T13:49:24","guid":{"rendered":"http:\/\/www.alohasurfacademy.ch\/xyz\/?page_id=510"},"modified":"2026-02-16T13:17:15","modified_gmt":"2026-02-16T13:17:15","slug":"learntosurf","status":"publish","type":"page","link":"https:\/\/alohasurfacademy.com\/es\/cursos-de-surf\/learntosurf\/","title":{"rendered":"Curso learn to Surf"},"content":{"rendered":"<h3 style=\"text-align: justify;\">Tu perfil<\/h3>\n<p style=\"text-align: justify;\">Te sientes atraido por el Surf y deseas iniciarte. Quiz\u00e1 ya has estado antes en campamentos de surf, tienes un nivel de principiante mas avanzado y deseas continuar cogiendo olas dominando las t\u00e9cnicas b\u00e1sicas? Nuestro curso de Surf \u00abLearn to Surf\u00bb es para ti!<\/p>\n<p><img decoding=\"async\" class=\"alignnone size-full wp-image-230\" src=\"http:\/\/www.alohasurfacademy.ch\/wp-content\/uploads\/debutant-1.jpg\" alt=\"SONY DSC\" width=\"900\" srcset=\"https:\/\/alohasurfacademy.com\/wp-content\/uploads\/debutant-1.jpg 1200w, https:\/\/alohasurfacademy.com\/wp-content\/uploads\/debutant-1-300x199.jpg 300w, https:\/\/alohasurfacademy.com\/wp-content\/uploads\/debutant-1-1024x681.jpg 1024w\" sizes=\"(max-width: 1200px) 100vw, 1200px\" \/><\/p>\n<h3 style=\"text-align: justify;\">Tu programa<\/h3>\n<p style=\"text-align: justify;\">&#8211; Dependiendo de la condiciones de Surf (marea, oleaje, etc), <strong>te recogeremos en tu hotel<\/strong> por la ma\u00f1ana o por la tarde. El horario te ser\u00e1 confirmado el d\u00eda antes por whatsapp. Nuestra furgoneta te llevar\u00e1 a la playa donde el instructor te entregar\u00e1 el material y se encargar\u00e1 de todas sus funciones.<\/p>\n<p style=\"text-align: justify;\">&#8211; <strong>El curso de surf incluye<\/strong>: un surf skateboard training, el traslado a la playa, entrada en calor, clase te\u00f3rica, ejercicios en la arena y en el agua, un tiempo de descanso y recuperaci\u00f3n, y ejercicios de estiramiento!<\/p>\n<p style=\"text-align: justify;\">&#8211; La duraci\u00f3n <strong>es de 5-6 horas<\/strong>, incluyendo el traslado. Solo necesitas tus cosas de playa, agua y algo de comida.<\/p>\n<p>&#8211; La <strong>teor\u00eda<\/strong> suele impartirse en una mesa mientras se disfruta de deliciosos batidos o caf\u00e9. Adem\u00e1s, al final de la semana, suele haber una comida o cena donde <strong>analizamos fotos de surf<\/strong> para que puedas verlas mientras recibes retroalimentaci\u00f3n para mejorar tu rendimiento.<\/p>\n<h3 style=\"text-align: justify;\">Tu curso personalizado<\/h3>\n<p style=\"text-align: justify;\">Tu instructor te supervisar\u00e1 y entrenar\u00e1 en peque\u00f1os grupos (m\u00e1ximo 6 personas\/instructor)<\/p>\n<p>El instructor respetar\u00e1 y se adaptar\u00e1 a tus conocimientos de surf, tu ritmo de aprendizaje y tus condiciones f\u00edsicas.<\/p>\n<p>Adem\u00e1s, comprobar\u00e1 que la seguridad del sitio es \u00f3ptima para tus clases de surf.<\/p>\n<p><img loading=\"lazy\" decoding=\"async\" class=\"alignnone wp-image-232 size-large\" src=\"http:\/\/www.alohasurfacademy.ch\/wp-content\/uploads\/debutant-2-1024x681.jpg\" alt=\"SONY DSC\" width=\"606\" height=\"403\" srcset=\"https:\/\/alohasurfacademy.com\/wp-content\/uploads\/debutant-2-1024x681.jpg 1024w, https:\/\/alohasurfacademy.com\/wp-content\/uploads\/debutant-2-300x199.jpg 300w, https:\/\/alohasurfacademy.com\/wp-content\/uploads\/debutant-2.jpg 1200w\" sizes=\"(max-width: 606px) 100vw, 606px\" \/><\/p>\n<h4 style=\"text-align: justify;\">1 d\u00eda principiante<\/h4>\n<p>El primer d\u00eda se eval\u00faa tu nivel.<\/p>\n<p style=\"text-align: justify;\">Aprender\u00e1 todo sobre la seguridad en el agua, c\u00f3mo coger la espuma y la posici\u00f3n correcta para ponerse de pie en la tabla (take off).<\/p>\n<p style=\"text-align: justify;\">Tu programa incluye muchos ejercicios simulados en la arena, para que el progreso ayude a la memoria muscular.<\/p>\n<p>La sesi\u00f3n siempre comienza con un calentamiento adecuado y finaliza con un estiramiento, para mejorar la recuperaci\u00f3n y disminuir los riesgos de lesiones.<\/p>\n<p><strong>Una sesi\u00f3n de surf skate est\u00e1 integrada en tu curso de surf. <\/strong><\/p>\n<p>El skateboarding es una herramienta valiosa para mejorar tu equilibrio y postura sobre la tabla. La sensaci\u00f3n sobre el surf skate es muy similar a la de una ola, y durante la sesi\u00f3n puedes mejorar y automatizar tus movimientos en el agua. Los principiantes mejorar\u00e1n su equilibrio y se familiarizar\u00e1n con los movimientos corporales del surf. Tambi\u00e9n se beneficiar\u00e1n del desarrollo de su coordinaci\u00f3n y la confianza para las pr\u00f3ximas actividades en el agua.<\/p>\n<figure id=\"attachment_6879\" aria-describedby=\"caption-attachment-6879\" style=\"width: 1024px\" class=\"wp-caption alignnone\"><img loading=\"lazy\" decoding=\"async\" class=\"size-large wp-image-6879\" src=\"https:\/\/alohasurfacademy.com\/wp-content\/uploads\/\/Aloha-Surf-School-Corralejo-Fuerteventura-1-1024x681.png\" alt=\"\" width=\"1024\" height=\"681\" srcset=\"https:\/\/alohasurfacademy.com\/wp-content\/uploads\/Aloha-Surf-School-Corralejo-Fuerteventura-1-1024x681.png 1024w, https:\/\/alohasurfacademy.com\/wp-content\/uploads\/Aloha-Surf-School-Corralejo-Fuerteventura-1-300x200.png 300w, https:\/\/alohasurfacademy.com\/wp-content\/uploads\/Aloha-Surf-School-Corralejo-Fuerteventura-1-768x511.png 768w, https:\/\/alohasurfacademy.com\/wp-content\/uploads\/Aloha-Surf-School-Corralejo-Fuerteventura-1-1536x1021.png 1536w, https:\/\/alohasurfacademy.com\/wp-content\/uploads\/Aloha-Surf-School-Corralejo-Fuerteventura-1.png 1600w\" sizes=\"(max-width: 1024px) 100vw, 1024px\" \/><figcaption id=\"caption-attachment-6879\" class=\"wp-caption-text\">carver skate<\/figcaption><\/figure>\n<h4 style=\"text-align: justify;\">3 d\u00edas principiante<\/h4>\n<p style=\"text-align: justify;\">Seguir\u00e1 las instrucciones como el primer d\u00eda de clase, para mejorar esa t\u00e9cnica aprendida el primer d\u00eda del take off para que pueda hacerla de forma autom\u00e1tica despu\u00e9s de las repeticiones necesarias y poder empezar a surfear la espuma. Siguiendo con lo aprendido, aprender\u00e1 c\u00f3mo posicionarse en la tabla para coger velocidad y empezar a practicar el primer giro.<\/p>\n<h4 style=\"text-align: justify;\">5 d\u00edas principiante<\/h4>\n<p style=\"text-align: justify;\">Aqu\u00ed usted ha completado sus primeros 3 d\u00edas de principiante, incluyendo el encuentro en la tabla para averiguar la posici\u00f3n correcta d\u00f3nde tener el equilibrio una vez de pie en la tabla para empezar a girar y surfear en la espuma. Entonces ahora le daremos las instrucciones para coger la primera ola!<\/p>\n","protected":false},"excerpt":{"rendered":"<p>Tu perfil Te sientes atraido por el Surf y deseas iniciarte. Quiz\u00e1 ya has estado antes en campamentos de surf, tienes un nivel de principiante mas avanzado y deseas continuar cogiendo olas dominando las t\u00e9cnicas b\u00e1sicas? Nuestro curso de Surf \u00abLearn to Surf\u00bb es para ti! Tu programa &#8211; Dependiendo de la condiciones de Surf [&hellip;]<\/p>\n","protected":false},"author":2,"featured_media":0,"parent":495,"menu_order":1,"comment_status":"closed","ping_status":"closed","template":"","meta":{"footnotes":""},"class_list":["post-510","page","type-page","status-publish","hentry"],"yoast_head":"<!-- This site is optimized with the Yoast SEO plugin v27.5 - https:\/\/yoast.com\/product\/yoast-seo-wordpress\/ -->\n<title>Aloha Surf Academy - Aprende a surfear en Corralejo, Fuerteventura<\/title>\n<meta name=\"description\" content=\"\u00bfQuieres aprender a surfear en Corralejo? \u00a1No esperes m\u00e1s y cont\u00e1ctanos para tu primera clase de surf en Corralejo - Fuerteventura!\" \/>\n<meta name=\"robots\" content=\"index, follow, max-snippet:-1, max-image-preview:large, max-video-preview:-1\" \/>\n<link rel=\"canonical\" href=\"https:\/\/alohasurfacademy.com\/es\/cursos-de-surf\/learntosurf\/\" \/>\n<meta property=\"og:locale\" content=\"es_ES\" \/>\n<meta property=\"og:type\" content=\"article\" \/>\n<meta property=\"og:title\" content=\"Aloha Surf Academy - Aprende a surfear en Corralejo, Fuerteventura\" \/>\n<meta property=\"og:description\" content=\"\u00bfQuieres aprender a surfear en Corralejo? \u00a1No esperes m\u00e1s y cont\u00e1ctanos para tu primera clase de surf en Corralejo - Fuerteventura!\" \/>\n<meta property=\"og:url\" content=\"https:\/\/alohasurfacademy.com\/es\/cursos-de-surf\/learntosurf\/\" \/>\n<meta property=\"og:site_name\" content=\"Aloha Surf Academy - The best surf school and surf camps in Fuerteventura - Corralejo\" \/>\n<meta property=\"article:modified_time\" content=\"2026-02-16T13:17:15+00:00\" \/>\n<meta property=\"og:image\" content=\"https:\/\/alohasurfacademy.com\/wp-content\/uploads\/debutant-1.jpg\" \/>\n\t<meta property=\"og:image:width\" content=\"1200\" \/>\n\t<meta property=\"og:image:height\" content=\"799\" \/>\n\t<meta property=\"og:image:type\" content=\"image\/jpeg\" \/>\n<meta name=\"twitter:card\" content=\"summary_large_image\" \/>\n<meta name=\"twitter:label1\" content=\"Tiempo de lectura\" \/>\n\t<meta name=\"twitter:data1\" content=\"3 minutos\" \/>\n<script type=\"application\/ld+json\" class=\"yoast-schema-graph\">{\"@context\":\"https:\\\/\\\/schema.org\",\"@graph\":[{\"@type\":\"WebPage\",\"@id\":\"https:\\\/\\\/alohasurfacademy.com\\\/es\\\/cursos-de-surf\\\/learntosurf\\\/\",\"url\":\"https:\\\/\\\/alohasurfacademy.com\\\/es\\\/cursos-de-surf\\\/learntosurf\\\/\",\"name\":\"Aloha Surf Academy - Aprende a surfear en Corralejo, Fuerteventura\",\"isPartOf\":{\"@id\":\"https:\\\/\\\/alohasurfacademy.com\\\/es\\\/#website\"},\"primaryImageOfPage\":{\"@id\":\"https:\\\/\\\/alohasurfacademy.com\\\/es\\\/cursos-de-surf\\\/learntosurf\\\/#primaryimage\"},\"image\":{\"@id\":\"https:\\\/\\\/alohasurfacademy.com\\\/es\\\/cursos-de-surf\\\/learntosurf\\\/#primaryimage\"},\"thumbnailUrl\":\"http:\\\/\\\/www.alohasurfacademy.ch\\\/wp-content\\\/uploads\\\/debutant-1.jpg\",\"datePublished\":\"2021-04-01T13:49:24+00:00\",\"dateModified\":\"2026-02-16T13:17:15+00:00\",\"description\":\"\u00bfQuieres aprender a surfear en Corralejo? \u00a1No esperes m\u00e1s y cont\u00e1ctanos para tu primera clase de surf en Corralejo - Fuerteventura!\",\"breadcrumb\":{\"@id\":\"https:\\\/\\\/alohasurfacademy.com\\\/es\\\/cursos-de-surf\\\/learntosurf\\\/#breadcrumb\"},\"inLanguage\":\"es\",\"potentialAction\":[{\"@type\":\"ReadAction\",\"target\":[\"https:\\\/\\\/alohasurfacademy.com\\\/es\\\/cursos-de-surf\\\/learntosurf\\\/\"]}]},{\"@type\":\"ImageObject\",\"inLanguage\":\"es\",\"@id\":\"https:\\\/\\\/alohasurfacademy.com\\\/es\\\/cursos-de-surf\\\/learntosurf\\\/#primaryimage\",\"url\":\"http:\\\/\\\/www.alohasurfacademy.ch\\\/wp-content\\\/uploads\\\/debutant-1.jpg\",\"contentUrl\":\"http:\\\/\\\/www.alohasurfacademy.ch\\\/wp-content\\\/uploads\\\/debutant-1.jpg\"},{\"@type\":\"BreadcrumbList\",\"@id\":\"https:\\\/\\\/alohasurfacademy.com\\\/es\\\/cursos-de-surf\\\/learntosurf\\\/#breadcrumb\",\"itemListElement\":[{\"@type\":\"ListItem\",\"position\":1,\"name\":\"Home\",\"item\":\"https:\\\/\\\/alohasurfacademy.com\\\/es\\\/\"},{\"@type\":\"ListItem\",\"position\":2,\"name\":\"Servicios de surf\",\"item\":\"https:\\\/\\\/alohasurfacademy.com\\\/es\\\/surf-courses\\\/\"},{\"@type\":\"ListItem\",\"position\":3,\"name\":\"Curso learn to Surf\"}]},{\"@type\":\"WebSite\",\"@id\":\"https:\\\/\\\/alohasurfacademy.com\\\/es\\\/#website\",\"url\":\"https:\\\/\\\/alohasurfacademy.com\\\/es\\\/\",\"name\":\"Aloha Surf Academy - The best surf school and surf camps in Fuerteventura - Corralejo\",\"description\":\"Surf School, Surf Camp, Surfing Class, Surf Course in Corralejo - Fuerteventura\",\"potentialAction\":[{\"@type\":\"SearchAction\",\"target\":{\"@type\":\"EntryPoint\",\"urlTemplate\":\"https:\\\/\\\/alohasurfacademy.com\\\/es\\\/?s={search_term_string}\"},\"query-input\":{\"@type\":\"PropertyValueSpecification\",\"valueRequired\":true,\"valueName\":\"search_term_string\"}}],\"inLanguage\":\"es\"}]}<\/script>\n<!-- \/ Yoast SEO plugin. -->","yoast_head_json":{"title":"Aloha Surf Academy - Aprende a surfear en Corralejo, Fuerteventura","description":"\u00bfQuieres aprender a surfear en Corralejo? \u00a1No esperes m\u00e1s y cont\u00e1ctanos para tu primera clase de surf en Corralejo - Fuerteventura!","robots":{"index":"index","follow":"follow","max-snippet":"max-snippet:-1","max-image-preview":"max-image-preview:large","max-video-preview":"max-video-preview:-1"},"canonical":"https:\/\/alohasurfacademy.com\/es\/cursos-de-surf\/learntosurf\/","og_locale":"es_ES","og_type":"article","og_title":"Aloha Surf Academy - Aprende a surfear en Corralejo, Fuerteventura","og_description":"\u00bfQuieres aprender a surfear en Corralejo? \u00a1No esperes m\u00e1s y cont\u00e1ctanos para tu primera clase de surf en Corralejo - Fuerteventura!","og_url":"https:\/\/alohasurfacademy.com\/es\/cursos-de-surf\/learntosurf\/","og_site_name":"Aloha Surf Academy - The best surf school and surf camps in Fuerteventura - Corralejo","article_modified_time":"2026-02-16T13:17:15+00:00","og_image":[{"width":1200,"height":799,"url":"https:\/\/alohasurfacademy.com\/wp-content\/uploads\/debutant-1.jpg","type":"image\/jpeg"}],"twitter_card":"summary_large_image","twitter_misc":{"Tiempo de lectura":"3 minutos"},"schema":{"@context":"https:\/\/schema.org","@graph":[{"@type":"WebPage","@id":"https:\/\/alohasurfacademy.com\/es\/cursos-de-surf\/learntosurf\/","url":"https:\/\/alohasurfacademy.com\/es\/cursos-de-surf\/learntosurf\/","name":"Aloha Surf Academy - Aprende a surfear en Corralejo, Fuerteventura","isPartOf":{"@id":"https:\/\/alohasurfacademy.com\/es\/#website"},"primaryImageOfPage":{"@id":"https:\/\/alohasurfacademy.com\/es\/cursos-de-surf\/learntosurf\/#primaryimage"},"image":{"@id":"https:\/\/alohasurfacademy.com\/es\/cursos-de-surf\/learntosurf\/#primaryimage"},"thumbnailUrl":"http:\/\/www.alohasurfacademy.ch\/wp-content\/uploads\/debutant-1.jpg","datePublished":"2021-04-01T13:49:24+00:00","dateModified":"2026-02-16T13:17:15+00:00","description":"\u00bfQuieres aprender a surfear en Corralejo? \u00a1No esperes m\u00e1s y cont\u00e1ctanos para tu primera clase de surf en Corralejo - Fuerteventura!","breadcrumb":{"@id":"https:\/\/alohasurfacademy.com\/es\/cursos-de-surf\/learntosurf\/#breadcrumb"},"inLanguage":"es","potentialAction":[{"@type":"ReadAction","target":["https:\/\/alohasurfacademy.com\/es\/cursos-de-surf\/learntosurf\/"]}]},{"@type":"ImageObject","inLanguage":"es","@id":"https:\/\/alohasurfacademy.com\/es\/cursos-de-surf\/learntosurf\/#primaryimage","url":"http:\/\/www.alohasurfacademy.ch\/wp-content\/uploads\/debutant-1.jpg","contentUrl":"http:\/\/www.alohasurfacademy.ch\/wp-content\/uploads\/debutant-1.jpg"},{"@type":"BreadcrumbList","@id":"https:\/\/alohasurfacademy.com\/es\/cursos-de-surf\/learntosurf\/#breadcrumb","itemListElement":[{"@type":"ListItem","position":1,"name":"Home","item":"https:\/\/alohasurfacademy.com\/es\/"},{"@type":"ListItem","position":2,"name":"Servicios de surf","item":"https:\/\/alohasurfacademy.com\/es\/surf-courses\/"},{"@type":"ListItem","position":3,"name":"Curso learn to Surf"}]},{"@type":"WebSite","@id":"https:\/\/alohasurfacademy.com\/es\/#website","url":"https:\/\/alohasurfacademy.com\/es\/","name":"Aloha Surf Academy - The best surf school and surf camps in Fuerteventura - Corralejo","description":"Surf School, Surf Camp, Surfing Class, Surf Course in Corralejo - Fuerteventura","potentialAction":[{"@type":"SearchAction","target":{"@type":"EntryPoint","urlTemplate":"https:\/\/alohasurfacademy.com\/es\/?s={search_term_string}"},"query-input":{"@type":"PropertyValueSpecification","valueRequired":true,"valueName":"search_term_string"}}],"inLanguage":"es"}]}},"_links":{"self":[{"href":"https:\/\/alohasurfacademy.com\/es\/wp-json\/wp\/v2\/pages\/510","targetHints":{"allow":["GET"]}}],"collection":[{"href":"https:\/\/alohasurfacademy.com\/es\/wp-json\/wp\/v2\/pages"}],"about":[{"href":"https:\/\/alohasurfacademy.com\/es\/wp-json\/wp\/v2\/types\/page"}],"author":[{"embeddable":true,"href":"https:\/\/alohasurfacademy.com\/es\/wp-json\/wp\/v2\/users\/2"}],"replies":[{"embeddable":true,"href":"https:\/\/alohasurfacademy.com\/es\/wp-json\/wp\/v2\/comments?post=510"}],"version-history":[{"count":51,"href":"https:\/\/alohasurfacademy.com\/es\/wp-json\/wp\/v2\/pages\/510\/revisions"}],"predecessor-version":[{"id":773,"href":"https:\/\/alohasurfacademy.com\/es\/wp-json\/wp\/v2\/pages\/510\/revisions\/773"}],"up":[{"embeddable":true,"href":"https:\/\/alohasurfacademy.com\/es\/wp-json\/wp\/v2\/pages\/495"}],"wp:attachment":[{"href":"https:\/\/alohasurfacademy.com\/es\/wp-json\/wp\/v2\/media?parent=510"}],"curies":[{"name":"wp","href":"https:\/\/api.w.org\/{rel}","templated":true}]}}