{"id":518,"date":"2021-04-02T16:15:38","date_gmt":"2021-04-02T15:15:38","guid":{"rendered":"http:\/\/www.alohasurfacademy.ch\/xyz\/?page_id=518"},"modified":"2026-03-18T13:23:13","modified_gmt":"2026-03-18T13:23:13","slug":"curso-avanzado-de-surf-fuerteventura","status":"publish","type":"page","link":"https:\/\/alohasurfacademy.com\/es\/cursos-de-surf\/curso-avanzado-de-surf-fuerteventura\/","title":{"rendered":"Costa Rica 2026-2027"},"content":{"rendered":"<p style=\"text-align: center;\"><strong>Tu academia de surf favorita se muda a Costa Rica de julio de 2026 a junio de 2027!<\/strong><\/p>\n<p><strong>Ven a visitarnos en el tr\u00f3pico<\/strong> para disfrutar de una semana de surf y aventuras en un maravilloso\u00a0 surf camp con el que tenemos el honor de colaborar en Playa Hermosa (Santa Teresa).<\/p>\n<p><img loading=\"lazy\" decoding=\"async\" class=\"alignnone size-large wp-image-9613\" src=\"https:\/\/alohasurfacademy.com\/wp-content\/uploads\/\/DSC09111-1024x683.jpg\" alt=\"\" width=\"1024\" height=\"683\" srcset=\"https:\/\/alohasurfacademy.com\/wp-content\/uploads\/DSC09111-1024x683.jpg 1024w, https:\/\/alohasurfacademy.com\/wp-content\/uploads\/DSC09111-300x200.jpg 300w, https:\/\/alohasurfacademy.com\/wp-content\/uploads\/DSC09111-768x512.jpg 768w, https:\/\/alohasurfacademy.com\/wp-content\/uploads\/DSC09111-1536x1024.jpg 1536w, https:\/\/alohasurfacademy.com\/wp-content\/uploads\/DSC09111-2048x1365.jpg 2048w\" sizes=\"(max-width: 1024px) 100vw, 1024px\" \/><\/p>\n<p>El surf camp Dreamsea est\u00e1 rodeado de <strong>selva<\/strong>, a 5 minutos a pie de la <strong>playa<\/strong>. Te esperamos con <strong>olas constantes<\/strong>, hermosos paisajes, <strong>aguas<\/strong> <strong>c\u00e1lidas<\/strong> y un ambiente vibrante.<\/p>\n<p>Tanto si eres un nivel intermedio en busca de las olas perfectas como si eres un principiante con ganas de coger tus primeras olas, tenemos una variedad de rompientes para todos los gustos.<\/p>\n<p><img loading=\"lazy\" decoding=\"async\" class=\"alignnone size-large wp-image-9634\" src=\"https:\/\/alohasurfacademy.com\/wp-content\/uploads\/\/DSC09025-1024x683.jpg\" alt=\"\" width=\"1024\" height=\"683\" srcset=\"https:\/\/alohasurfacademy.com\/wp-content\/uploads\/DSC09025-1024x683.jpg 1024w, https:\/\/alohasurfacademy.com\/wp-content\/uploads\/DSC09025-300x200.jpg 300w, https:\/\/alohasurfacademy.com\/wp-content\/uploads\/DSC09025-768x512.jpg 768w, https:\/\/alohasurfacademy.com\/wp-content\/uploads\/DSC09025-1536x1024.jpg 1536w, https:\/\/alohasurfacademy.com\/wp-content\/uploads\/DSC09025-2048x1365.jpg 2048w\" sizes=\"(max-width: 1024px) 100vw, 1024px\" \/> <img loading=\"lazy\" decoding=\"async\" class=\"alignnone size-large wp-image-9630\" src=\"https:\/\/alohasurfacademy.com\/wp-content\/uploads\/\/DSC08933-1024x683.jpg\" alt=\"\" width=\"1024\" height=\"683\" srcset=\"https:\/\/alohasurfacademy.com\/wp-content\/uploads\/DSC08933-1024x683.jpg 1024w, https:\/\/alohasurfacademy.com\/wp-content\/uploads\/DSC08933-300x200.jpg 300w, https:\/\/alohasurfacademy.com\/wp-content\/uploads\/DSC08933-768x512.jpg 768w, https:\/\/alohasurfacademy.com\/wp-content\/uploads\/DSC08933-1536x1024.jpg 1536w, https:\/\/alohasurfacademy.com\/wp-content\/uploads\/DSC08933-2048x1365.jpg 2048w\" sizes=\"(max-width: 1024px) 100vw, 1024px\" \/> <img loading=\"lazy\" decoding=\"async\" class=\"alignnone size-large wp-image-9638\" src=\"https:\/\/alohasurfacademy.com\/wp-content\/uploads\/\/DSC09134-1024x683.jpg\" alt=\"\" width=\"1024\" height=\"683\" srcset=\"https:\/\/alohasurfacademy.com\/wp-content\/uploads\/DSC09134-1024x683.jpg 1024w, https:\/\/alohasurfacademy.com\/wp-content\/uploads\/DSC09134-300x200.jpg 300w, https:\/\/alohasurfacademy.com\/wp-content\/uploads\/DSC09134-768x512.jpg 768w, https:\/\/alohasurfacademy.com\/wp-content\/uploads\/DSC09134-1536x1024.jpg 1536w, https:\/\/alohasurfacademy.com\/wp-content\/uploads\/DSC09134-2048x1365.jpg 2048w\" sizes=\"(max-width: 1024px) 100vw, 1024px\" \/><\/p>\n<p><strong>Qu\u00e9 te espera? Surf, surfskate, ice bath, masaje, yoga, alojamiento con deliciosa comida saludable y\u2026 \u00a1PURA VIDA!<\/strong><\/p>\n<p>PAQUETE ALOHA DREAMSEA<\/p>\n<ul>\n<li>7 noches de alojamiento en la habitaci\u00f3n que elijas<\/li>\n<li>Desayuno incre\u00edble todos los d\u00edas<\/li>\n<li>5 cenas<\/li>\n<li>5 clases de surf de 90 minutos<\/li>\n<li>3 clases de yoga<\/li>\n<li>3 sesiones de surfskate<\/li>\n<li>2 sesiones de ba\u00f1o de hielo con m\u00e9todo de respiraci\u00f3n<\/li>\n<li>Teor\u00eda del surf<\/li>\n<li>Alquiler de tablas y patines de surf<\/li>\n<li>An\u00e1lisis de fotos de surf<\/li>\n<li>Masaje indio<\/li>\n<\/ul>\n<p>Precios desde 1&#8217;000 euros en dormitorio \/ temporada baja.<\/p>\n<ul>\n<li>Habitaciones privadas disponibles. Ropa de cama y toallas incluidas.<\/li>\n<li>Lunes y jueves cena libre<\/li>\n<li>Extras: pesca, paseos a caballo, tour en cascadas, tirolina por la selva, buceo, avistamiento de ballenas \u00a1y mucho m\u00e1s!<\/li>\n<li>La temporada alta es de noviembre a abril (temporada seca) \/ y la temporada baja es de mayo a octubre (temporada de lluvias)<\/li>\n<\/ul>\n<p><img loading=\"lazy\" decoding=\"async\" class=\"alignnone size-large wp-image-9662\" src=\"https:\/\/alohasurfacademy.com\/wp-content\/uploads\/\/P1011639-1024x683.jpg\" alt=\"\" width=\"1024\" height=\"683\" srcset=\"https:\/\/alohasurfacademy.com\/wp-content\/uploads\/P1011639-1024x683.jpg 1024w, https:\/\/alohasurfacademy.com\/wp-content\/uploads\/P1011639-300x200.jpg 300w, https:\/\/alohasurfacademy.com\/wp-content\/uploads\/P1011639-768x512.jpg 768w, https:\/\/alohasurfacademy.com\/wp-content\/uploads\/P1011639-1536x1024.jpg 1536w, https:\/\/alohasurfacademy.com\/wp-content\/uploads\/P1011639-2048x1365.jpg 2048w\" sizes=\"(max-width: 1024px) 100vw, 1024px\" \/><\/p>\n<p style=\"text-align: center;\"><strong>FECHAS PARA UNIRTE A NOSOTROS *:<\/strong><\/p>\n<p><em>Comienza el s\u00e1bado. Qu\u00e9date el tiempo que quieras. \u00a1Podemos adaptar el n\u00famero de noches!<\/em><\/p>\n<p>25 de julio \u2013 1 de agosto de 2026 \/\/ 29 de agosto \u2013 5 de septiembre de 2026 \/\/ 26 de septiembre \u2013 3 de octubre de 2026 \/\/ 24-31 de octubre de 2026 \/\/ 21-28 de noviembre de 2026 \/\/ 5-12 de diciembre de 2026 \/\/ 23-30 de enero de 2027 \/\/ 20-27 de febrero de 2027 \/\/ 20-27 de marzo de 2027 \/\/ 17-24 de abril de 2027 \/\/ 15-22 de mayo de 2027 \/\/ 5-12 de junio de 2027<\/p>\n<p><em>* A\u00fan tenemos cierta flexibilidad en las fechas. H\u00e1blanos si tienes en mente una semana espec\u00edfica para viajar \ud83d\ude0a<\/em><\/p>\n<p><img loading=\"lazy\" decoding=\"async\" class=\"alignnone size-large wp-image-9646\" src=\"https:\/\/alohasurfacademy.com\/wp-content\/uploads\/\/DSC05499-1024x683.jpg\" alt=\"\" width=\"1024\" height=\"683\" srcset=\"https:\/\/alohasurfacademy.com\/wp-content\/uploads\/DSC05499-1024x683.jpg 1024w, https:\/\/alohasurfacademy.com\/wp-content\/uploads\/DSC05499-300x200.jpg 300w, https:\/\/alohasurfacademy.com\/wp-content\/uploads\/DSC05499-768x512.jpg 768w, https:\/\/alohasurfacademy.com\/wp-content\/uploads\/DSC05499-1536x1024.jpg 1536w, https:\/\/alohasurfacademy.com\/wp-content\/uploads\/DSC05499-2048x1365.jpg 2048w\" sizes=\"(max-width: 1024px) 100vw, 1024px\" \/> <img loading=\"lazy\" decoding=\"async\" class=\"alignnone size-large wp-image-9626\" src=\"https:\/\/alohasurfacademy.com\/wp-content\/uploads\/\/DSC06373-1024x683.jpg\" alt=\"\" width=\"1024\" height=\"683\" srcset=\"https:\/\/alohasurfacademy.com\/wp-content\/uploads\/DSC06373-1024x683.jpg 1024w, https:\/\/alohasurfacademy.com\/wp-content\/uploads\/DSC06373-300x200.jpg 300w, https:\/\/alohasurfacademy.com\/wp-content\/uploads\/DSC06373-768x512.jpg 768w, https:\/\/alohasurfacademy.com\/wp-content\/uploads\/DSC06373-1536x1024.jpg 1536w, https:\/\/alohasurfacademy.com\/wp-content\/uploads\/DSC06373-2048x1365.jpg 2048w\" sizes=\"(max-width: 1024px) 100vw, 1024px\" \/><\/p>\n<p><img loading=\"lazy\" decoding=\"async\" class=\"alignnone wp-image-9622 size-medium\" src=\"https:\/\/alohasurfacademy.com\/wp-content\/uploads\/\/Double-King-Room-1-300x200.jpg\" alt=\"\" width=\"300\" height=\"200\" srcset=\"https:\/\/alohasurfacademy.com\/wp-content\/uploads\/Double-King-Room-1-300x200.jpg 300w, https:\/\/alohasurfacademy.com\/wp-content\/uploads\/Double-King-Room-1-768x512.jpg 768w, https:\/\/alohasurfacademy.com\/wp-content\/uploads\/Double-King-Room-1.jpg 800w\" sizes=\"(max-width: 300px) 100vw, 300px\" \/> <img loading=\"lazy\" decoding=\"async\" class=\"alignnone size-medium wp-image-9618\" src=\"https:\/\/alohasurfacademy.com\/wp-content\/uploads\/\/Dorm-Room-1-300x200.jpg\" alt=\"\" width=\"300\" height=\"200\" srcset=\"https:\/\/alohasurfacademy.com\/wp-content\/uploads\/Dorm-Room-1-300x200.jpg 300w, https:\/\/alohasurfacademy.com\/wp-content\/uploads\/Dorm-Room-1-768x512.jpg 768w, https:\/\/alohasurfacademy.com\/wp-content\/uploads\/Dorm-Room-1.jpg 800w\" sizes=\"(max-width: 300px) 100vw, 300px\" \/><\/p>\n<p style=\"text-align: center;\">Surfear en Costa Rica ofrece una oportunidad \u00fanica para apreciar tanto las olas como la belleza natural del entorno, incluyendo la diversa fauna como tortugas, aves y vida marina.<\/p>\n<p style=\"text-align: center;\">CONT\u00c1CTANOS AHORA PARA M\u00c1S INFORMACI\u00d3N Y PARA PROCESAR TU RESERVA!<\/p>\n<p style=\"text-align: center;\">Estamos deseando compartir nuestro nuevo hogar y crear recuerdos inolvidables con vosotros!<\/p>\n<p style=\"text-align: center;\">Alex, Sophie, Nayra e Iolani<\/p>\n<p>&nbsp;<\/p>\n<p>&nbsp;<\/p>\n","protected":false},"excerpt":{"rendered":"<p>Tu academia de surf favorita se muda a Costa Rica de julio de 2026 a junio de 2027! Ven a visitarnos en el tr\u00f3pico para disfrutar de una semana de surf y aventuras en un maravilloso\u00a0 surf camp con el que tenemos el honor de colaborar en Playa Hermosa (Santa Teresa). El surf camp Dreamsea [&hellip;]<\/p>\n","protected":false},"author":2,"featured_media":0,"parent":495,"menu_order":3,"comment_status":"closed","ping_status":"closed","template":"","meta":{"footnotes":""},"class_list":["post-518","page","type-page","status-publish","hentry"],"yoast_head":"<!-- This site is optimized with the Yoast SEO plugin v27.5 - https:\/\/yoast.com\/product\/yoast-seo-wordpress\/ -->\n<title>Costa Rica 2026-2027 - Aloha Surf Academy - The best surf school and surf camps in Fuerteventura - Corralejo<\/title>\n<meta name=\"description\" content=\"Cuando el curso de surf es generalmente para principiantes, ese tipo de entrenamiento permite a los surfistas intermedios\/avanzados ganar confianza y t\u00e9cnica. El programa incluye carver skate, entrenamiento de surf en la playa y arrecifes, y sesiones de gu\u00eda de surf.\" \/>\n<meta name=\"robots\" content=\"index, follow, max-snippet:-1, max-image-preview:large, max-video-preview:-1\" \/>\n<link rel=\"canonical\" href=\"https:\/\/alohasurfacademy.com\/es\/cursos-de-surf\/curso-avanzado-de-surf-fuerteventura\/\" \/>\n<meta property=\"og:locale\" content=\"es_ES\" \/>\n<meta property=\"og:type\" content=\"article\" \/>\n<meta property=\"og:title\" content=\"Costa Rica 2026-2027 - Aloha Surf Academy - The best surf school and surf camps in Fuerteventura - Corralejo\" \/>\n<meta property=\"og:description\" content=\"Cuando el curso de surf es generalmente para principiantes, ese tipo de entrenamiento permite a los surfistas intermedios\/avanzados ganar confianza y t\u00e9cnica. El programa incluye carver skate, entrenamiento de surf en la playa y arrecifes, y sesiones de gu\u00eda de surf.\" \/>\n<meta property=\"og:url\" content=\"https:\/\/alohasurfacademy.com\/es\/cursos-de-surf\/curso-avanzado-de-surf-fuerteventura\/\" \/>\n<meta property=\"og:site_name\" content=\"Aloha Surf Academy - The best surf school and surf camps in Fuerteventura - Corralejo\" \/>\n<meta property=\"article:modified_time\" content=\"2026-03-18T13:23:13+00:00\" \/>\n<meta property=\"og:image\" content=\"https:\/\/alohasurfacademy.com\/wp-content\/uploads\/DSC09111-scaled.jpg\" \/>\n\t<meta property=\"og:image:width\" content=\"2560\" \/>\n\t<meta property=\"og:image:height\" content=\"1707\" \/>\n\t<meta property=\"og:image:type\" content=\"image\/jpeg\" \/>\n<meta name=\"twitter:card\" content=\"summary_large_image\" \/>\n<meta name=\"twitter:label1\" content=\"Tiempo de lectura\" \/>\n\t<meta name=\"twitter:data1\" content=\"4 minutos\" \/>\n<script type=\"application\/ld+json\" class=\"yoast-schema-graph\">{\"@context\":\"https:\\\/\\\/schema.org\",\"@graph\":[{\"@type\":\"WebPage\",\"@id\":\"https:\\\/\\\/alohasurfacademy.com\\\/es\\\/cursos-de-surf\\\/curso-avanzado-de-surf-fuerteventura\\\/\",\"url\":\"https:\\\/\\\/alohasurfacademy.com\\\/es\\\/cursos-de-surf\\\/curso-avanzado-de-surf-fuerteventura\\\/\",\"name\":\"Costa Rica 2026-2027 - Aloha Surf Academy - The best surf school and surf camps in Fuerteventura - Corralejo\",\"isPartOf\":{\"@id\":\"https:\\\/\\\/alohasurfacademy.com\\\/es\\\/#website\"},\"primaryImageOfPage\":{\"@id\":\"https:\\\/\\\/alohasurfacademy.com\\\/es\\\/cursos-de-surf\\\/curso-avanzado-de-surf-fuerteventura\\\/#primaryimage\"},\"image\":{\"@id\":\"https:\\\/\\\/alohasurfacademy.com\\\/es\\\/cursos-de-surf\\\/curso-avanzado-de-surf-fuerteventura\\\/#primaryimage\"},\"thumbnailUrl\":\"https:\\\/\\\/alohasurfacademy.com\\\/wp-content\\\/uploads\\\/\\\/DSC09111-1024x683.jpg\",\"datePublished\":\"2021-04-02T15:15:38+00:00\",\"dateModified\":\"2026-03-18T13:23:13+00:00\",\"description\":\"Cuando el curso de surf es generalmente para principiantes, ese tipo de entrenamiento permite a los surfistas intermedios\\\/avanzados ganar confianza y t\u00e9cnica. El programa incluye carver skate, entrenamiento de surf en la playa y arrecifes, y sesiones de gu\u00eda de surf.\",\"breadcrumb\":{\"@id\":\"https:\\\/\\\/alohasurfacademy.com\\\/es\\\/cursos-de-surf\\\/curso-avanzado-de-surf-fuerteventura\\\/#breadcrumb\"},\"inLanguage\":\"es\",\"potentialAction\":[{\"@type\":\"ReadAction\",\"target\":[\"https:\\\/\\\/alohasurfacademy.com\\\/es\\\/cursos-de-surf\\\/curso-avanzado-de-surf-fuerteventura\\\/\"]}]},{\"@type\":\"ImageObject\",\"inLanguage\":\"es\",\"@id\":\"https:\\\/\\\/alohasurfacademy.com\\\/es\\\/cursos-de-surf\\\/curso-avanzado-de-surf-fuerteventura\\\/#primaryimage\",\"url\":\"https:\\\/\\\/alohasurfacademy.com\\\/wp-content\\\/uploads\\\/\\\/DSC09111-1024x683.jpg\",\"contentUrl\":\"https:\\\/\\\/alohasurfacademy.com\\\/wp-content\\\/uploads\\\/\\\/DSC09111-1024x683.jpg\"},{\"@type\":\"BreadcrumbList\",\"@id\":\"https:\\\/\\\/alohasurfacademy.com\\\/es\\\/cursos-de-surf\\\/curso-avanzado-de-surf-fuerteventura\\\/#breadcrumb\",\"itemListElement\":[{\"@type\":\"ListItem\",\"position\":1,\"name\":\"Home\",\"item\":\"https:\\\/\\\/alohasurfacademy.com\\\/es\\\/\"},{\"@type\":\"ListItem\",\"position\":2,\"name\":\"Servicios de surf\",\"item\":\"https:\\\/\\\/alohasurfacademy.com\\\/es\\\/surf-courses\\\/\"},{\"@type\":\"ListItem\",\"position\":3,\"name\":\"Costa Rica 2026-2027\"}]},{\"@type\":\"WebSite\",\"@id\":\"https:\\\/\\\/alohasurfacademy.com\\\/es\\\/#website\",\"url\":\"https:\\\/\\\/alohasurfacademy.com\\\/es\\\/\",\"name\":\"Aloha Surf Academy - The best surf school and surf camps in Fuerteventura - Corralejo\",\"description\":\"Surf School, Surf Camp, Surfing Class, Surf Course in Corralejo - Fuerteventura\",\"potentialAction\":[{\"@type\":\"SearchAction\",\"target\":{\"@type\":\"EntryPoint\",\"urlTemplate\":\"https:\\\/\\\/alohasurfacademy.com\\\/es\\\/?s={search_term_string}\"},\"query-input\":{\"@type\":\"PropertyValueSpecification\",\"valueRequired\":true,\"valueName\":\"search_term_string\"}}],\"inLanguage\":\"es\"}]}<\/script>\n<!-- \/ Yoast SEO plugin. -->","yoast_head_json":{"title":"Costa Rica 2026-2027 - Aloha Surf Academy - The best surf school and surf camps in Fuerteventura - Corralejo","description":"Cuando el curso de surf es generalmente para principiantes, ese tipo de entrenamiento permite a los surfistas intermedios\/avanzados ganar confianza y t\u00e9cnica. El programa incluye carver skate, entrenamiento de surf en la playa y arrecifes, y sesiones de gu\u00eda de surf.","robots":{"index":"index","follow":"follow","max-snippet":"max-snippet:-1","max-image-preview":"max-image-preview:large","max-video-preview":"max-video-preview:-1"},"canonical":"https:\/\/alohasurfacademy.com\/es\/cursos-de-surf\/curso-avanzado-de-surf-fuerteventura\/","og_locale":"es_ES","og_type":"article","og_title":"Costa Rica 2026-2027 - Aloha Surf Academy - The best surf school and surf camps in Fuerteventura - Corralejo","og_description":"Cuando el curso de surf es generalmente para principiantes, ese tipo de entrenamiento permite a los surfistas intermedios\/avanzados ganar confianza y t\u00e9cnica. El programa incluye carver skate, entrenamiento de surf en la playa y arrecifes, y sesiones de gu\u00eda de surf.","og_url":"https:\/\/alohasurfacademy.com\/es\/cursos-de-surf\/curso-avanzado-de-surf-fuerteventura\/","og_site_name":"Aloha Surf Academy - The best surf school and surf camps in Fuerteventura - Corralejo","article_modified_time":"2026-03-18T13:23:13+00:00","og_image":[{"width":2560,"height":1707,"url":"https:\/\/alohasurfacademy.com\/wp-content\/uploads\/DSC09111-scaled.jpg","type":"image\/jpeg"}],"twitter_card":"summary_large_image","twitter_misc":{"Tiempo de lectura":"4 minutos"},"schema":{"@context":"https:\/\/schema.org","@graph":[{"@type":"WebPage","@id":"https:\/\/alohasurfacademy.com\/es\/cursos-de-surf\/curso-avanzado-de-surf-fuerteventura\/","url":"https:\/\/alohasurfacademy.com\/es\/cursos-de-surf\/curso-avanzado-de-surf-fuerteventura\/","name":"Costa Rica 2026-2027 - Aloha Surf Academy - The best surf school and surf camps in Fuerteventura - Corralejo","isPartOf":{"@id":"https:\/\/alohasurfacademy.com\/es\/#website"},"primaryImageOfPage":{"@id":"https:\/\/alohasurfacademy.com\/es\/cursos-de-surf\/curso-avanzado-de-surf-fuerteventura\/#primaryimage"},"image":{"@id":"https:\/\/alohasurfacademy.com\/es\/cursos-de-surf\/curso-avanzado-de-surf-fuerteventura\/#primaryimage"},"thumbnailUrl":"https:\/\/alohasurfacademy.com\/wp-content\/uploads\/\/DSC09111-1024x683.jpg","datePublished":"2021-04-02T15:15:38+00:00","dateModified":"2026-03-18T13:23:13+00:00","description":"Cuando el curso de surf es generalmente para principiantes, ese tipo de entrenamiento permite a los surfistas intermedios\/avanzados ganar confianza y t\u00e9cnica. El programa incluye carver skate, entrenamiento de surf en la playa y arrecifes, y sesiones de gu\u00eda de surf.","breadcrumb":{"@id":"https:\/\/alohasurfacademy.com\/es\/cursos-de-surf\/curso-avanzado-de-surf-fuerteventura\/#breadcrumb"},"inLanguage":"es","potentialAction":[{"@type":"ReadAction","target":["https:\/\/alohasurfacademy.com\/es\/cursos-de-surf\/curso-avanzado-de-surf-fuerteventura\/"]}]},{"@type":"ImageObject","inLanguage":"es","@id":"https:\/\/alohasurfacademy.com\/es\/cursos-de-surf\/curso-avanzado-de-surf-fuerteventura\/#primaryimage","url":"https:\/\/alohasurfacademy.com\/wp-content\/uploads\/\/DSC09111-1024x683.jpg","contentUrl":"https:\/\/alohasurfacademy.com\/wp-content\/uploads\/\/DSC09111-1024x683.jpg"},{"@type":"BreadcrumbList","@id":"https:\/\/alohasurfacademy.com\/es\/cursos-de-surf\/curso-avanzado-de-surf-fuerteventura\/#breadcrumb","itemListElement":[{"@type":"ListItem","position":1,"name":"Home","item":"https:\/\/alohasurfacademy.com\/es\/"},{"@type":"ListItem","position":2,"name":"Servicios de surf","item":"https:\/\/alohasurfacademy.com\/es\/surf-courses\/"},{"@type":"ListItem","position":3,"name":"Costa Rica 2026-2027"}]},{"@type":"WebSite","@id":"https:\/\/alohasurfacademy.com\/es\/#website","url":"https:\/\/alohasurfacademy.com\/es\/","name":"Aloha Surf Academy - The best surf school and surf camps in Fuerteventura - Corralejo","description":"Surf School, Surf Camp, Surfing Class, Surf Course in Corralejo - Fuerteventura","potentialAction":[{"@type":"SearchAction","target":{"@type":"EntryPoint","urlTemplate":"https:\/\/alohasurfacademy.com\/es\/?s={search_term_string}"},"query-input":{"@type":"PropertyValueSpecification","valueRequired":true,"valueName":"search_term_string"}}],"inLanguage":"es"}]}},"_links":{"self":[{"href":"https:\/\/alohasurfacademy.com\/es\/wp-json\/wp\/v2\/pages\/518","targetHints":{"allow":["GET"]}}],"collection":[{"href":"https:\/\/alohasurfacademy.com\/es\/wp-json\/wp\/v2\/pages"}],"about":[{"href":"https:\/\/alohasurfacademy.com\/es\/wp-json\/wp\/v2\/types\/page"}],"author":[{"embeddable":true,"href":"https:\/\/alohasurfacademy.com\/es\/wp-json\/wp\/v2\/users\/2"}],"replies":[{"embeddable":true,"href":"https:\/\/alohasurfacademy.com\/es\/wp-json\/wp\/v2\/comments?post=518"}],"version-history":[{"count":25,"href":"https:\/\/alohasurfacademy.com\/es\/wp-json\/wp\/v2\/pages\/518\/revisions"}],"predecessor-version":[{"id":9734,"href":"https:\/\/alohasurfacademy.com\/es\/wp-json\/wp\/v2\/pages\/518\/revisions\/9734"}],"up":[{"embeddable":true,"href":"https:\/\/alohasurfacademy.com\/es\/wp-json\/wp\/v2\/pages\/495"}],"wp:attachment":[{"href":"https:\/\/alohasurfacademy.com\/es\/wp-json\/wp\/v2\/media?parent=518"}],"curies":[{"name":"wp","href":"https:\/\/api.w.org\/{rel}","templated":true}]}}