{"id":526,"date":"2021-04-02T16:52:23","date_gmt":"2021-04-02T15:52:23","guid":{"rendered":"http:\/\/www.alohasurfacademy.ch\/xyz\/?page_id=526"},"modified":"2023-12-13T09:11:38","modified_gmt":"2023-12-13T09:11:38","slug":"enjoy-your-surf","status":"publish","type":"page","link":"https:\/\/alohasurfacademy.com\/es\/cursos-de-surf\/enjoy-your-surf\/","title":{"rendered":"Surfari"},"content":{"rendered":"<p style=\"text-align: justify;\">Quieres disfrutar de esta sensaci\u00f3n \u00fanica de coger olas?? Nosotros te llevamos a los mejores sitios de surf y compartimos toda la informaci\u00f3n de seguridad que necesites saber sobre el lugar! Tan pronto como llegues a la isla, estar\u00e1s disfrutando de las mejores olas!<\/p>\n<h3>Surfari para principiantes con nivel avanzado.<\/h3>\n<p><img loading=\"lazy\" decoding=\"async\" class=\"alignnone size-full wp-image-279\" src=\"http:\/\/www.alohasurfacademy.ch\/wp-content\/uploads\/guided_tour_1.jpg\" alt=\"guided_tour_1\" width=\"600\" height=\"233\" srcset=\"https:\/\/alohasurfacademy.com\/wp-content\/uploads\/guided_tour_1.jpg 600w, https:\/\/alohasurfacademy.com\/wp-content\/uploads\/guided_tour_1-300x116.jpg 300w\" sizes=\"(max-width: 600px) 100vw, 600px\" \/><\/p>\n<p style=\"text-align: justify;\">Les ofrecemos la posibilidad a nuestros clientes principiantes-avanzados, de alquilar tablas y trajes de neopreno, as\u00ed como el transporte a la playa junto al resto de los estudiantes. Es una buena opci\u00f3n si ya has realizado el curso para principiantes de 3 o 5 d\u00edas y quieres seguir practicando antes de poder ir a coger olas por tu cuenta.<\/p>\n<p style=\"text-align: justify;\"><em>35 euros Incluye; Pick-up y traslados\/ material de surf \/ informaci\u00f3n del sitio\/ socorrista \/ ambiente de grupo \/ 5-6 horas<\/em><\/p>\n<h3>Surfari para surfista con nivel intermedio \/avanzado<\/h3>\n<p><a href=\"http:\/\/www.alohasurfacademy.ch\/wp-content\/uploads\/sans-titre23.png\"><img loading=\"lazy\" decoding=\"async\" class=\"alignnone wp-image-4330 size-large\" src=\"http:\/\/www.alohasurfacademy.ch\/wp-content\/uploads\/sans-titre23-1024x768.png\" alt=\"sans-titre2\" width=\"606\" height=\"455\" srcset=\"https:\/\/alohasurfacademy.com\/wp-content\/uploads\/sans-titre23-1024x768.png 1024w, https:\/\/alohasurfacademy.com\/wp-content\/uploads\/sans-titre23-300x225.png 300w, https:\/\/alohasurfacademy.com\/wp-content\/uploads\/sans-titre23.png 1600w\" sizes=\"(max-width: 606px) 100vw, 606px\" \/><\/a><\/p>\n<p style=\"text-align: justify;\">El surfari es para surferos de confianza. Tu gu\u00eda te lleva a los mejores spots del d\u00eda, estudiando el viento, las olas, la marea. \u00c9l te explicar\u00e1 todo sobre el spot, por tanto, te sentir\u00e1s seguro para surfear en un sitio desconocido. Con el gu\u00eda, s\u00f3lo tienes que surfear las mejores olas de la isla y despreocuparte de todo lo dem\u00e1s.<\/p>\n<p style=\"text-align: justify;\">Esta opci\u00f3n es para ti si tu tienes + 18 a\u00f1os y si tu :<\/p>\n<ul style=\"text-align: justify;\">\n<li>Eres un surfero de nivel intermedio o avanzado<\/li>\n<li>Estas en buena forma f\u00edsica<\/li>\n<li>Puedes remar largas distancias hasta donde empieza a romper la serie<\/li>\n<li>Eres capaz de hacer el pato o la tortuga para atravesar las olas<\/li>\n<li>Puedes surfear olas y hacer bottom y top turns<\/li>\n<li>Conoces las prioridades del surf y las reglas internacionales de respeto en el agua<\/li>\n<li>Sabes como actuar en caso de wipe out<\/li>\n<\/ul>\n<p style=\"text-align: justify;\"><em>50 euros Incluye: pick up y traslados\/ informaci\u00f3n del spot\/ cero inconvenientes para encontrar un spot! \/ 3 horas (ba\u00f1o de 90 min) \/ max 3 guests.<\/em><\/p>\n<h3>surfari &amp; consejos particulares para surfista de niveles intermedio\/avanzado<\/h3>\n<p><img loading=\"lazy\" decoding=\"async\" class=\"alignnone size-full wp-image-280\" src=\"http:\/\/www.alohasurfacademy.ch\/wp-content\/uploads\/guided_tour_2.jpg\" alt=\"guided_tour_2\" width=\"600\" height=\"233\" srcset=\"https:\/\/alohasurfacademy.com\/wp-content\/uploads\/guided_tour_2.jpg 600w, https:\/\/alohasurfacademy.com\/wp-content\/uploads\/guided_tour_2-300x116.jpg 300w\" sizes=\"(max-width: 600px) 100vw, 600px\" \/><\/p>\n<p style=\"text-align: justify;\">Te ofrecemos un tour guiado con clases privadas. Surfing junto a tu instructor en el mejor spot del dia y sus consejos personalizados en el agua. Tu aprendizaje sera mas r\u00e1pido! 100% divertido y eficaz!<\/p>\n<ul>\n<li>Nuestro coach Alex, que est\u00e1 entrenado en deportes, comparte sus consejos sobre nutrici\u00f3n y entrenamiento muscular para que tengas suficiente energ\u00eda para surfear.<\/li>\n<\/ul>\n<p style=\"text-align: justify;\"><em>100 euros Incluye: pick up y traslados\/ informaci\u00f3n del sitio\/ curso privado \/consejos personalizados del instructor\/ socorrista \/ 3 horas(ba\u00f1o de 90 min)<\/em><\/p>\n<ul style=\"text-align: justify;\">\n<li>A\u00f1ade un an\u00e1lisis de tus fotos de surf + 40 euros<\/li>\n<li>A\u00f1ade un entrenamiento de skate carver + 40 euros<\/li>\n<\/ul>\n","protected":false},"excerpt":{"rendered":"<p>Quieres disfrutar de esta sensaci\u00f3n \u00fanica de coger olas?? Nosotros te llevamos a los mejores sitios de surf y compartimos toda la informaci\u00f3n de seguridad que necesites saber sobre el lugar! Tan pronto como llegues a la isla, estar\u00e1s disfrutando de las mejores olas! Surfari para principiantes con nivel avanzado. Les ofrecemos la posibilidad a [&hellip;]<\/p>\n","protected":false},"author":2,"featured_media":0,"parent":495,"menu_order":4,"comment_status":"closed","ping_status":"closed","template":"","meta":{"footnotes":""},"class_list":["post-526","page","type-page","status-publish","hentry"],"yoast_head":"<!-- This site is optimized with the Yoast SEO plugin v27.5 - https:\/\/yoast.com\/product\/yoast-seo-wordpress\/ -->\n<title>Surfari - Aloha Surf Academy - The best surf school and surf camps in Fuerteventura - Corralejo<\/title>\n<meta name=\"robots\" content=\"index, follow, max-snippet:-1, max-image-preview:large, max-video-preview:-1\" \/>\n<link rel=\"canonical\" href=\"https:\/\/alohasurfacademy.com\/es\/cursos-de-surf\/enjoy-your-surf\/\" \/>\n<meta property=\"og:locale\" content=\"es_ES\" \/>\n<meta property=\"og:type\" content=\"article\" \/>\n<meta property=\"og:title\" content=\"Surfari - Aloha Surf Academy - The best surf school and surf camps in Fuerteventura - Corralejo\" \/>\n<meta property=\"og:description\" content=\"Quieres disfrutar de esta sensaci\u00f3n \u00fanica de coger olas?? Nosotros te llevamos a los mejores sitios de surf y compartimos toda la informaci\u00f3n de seguridad que necesites saber sobre el lugar! Tan pronto como llegues a la isla, estar\u00e1s disfrutando de las mejores olas! Surfari para principiantes con nivel avanzado. Les ofrecemos la posibilidad a [&hellip;]\" \/>\n<meta property=\"og:url\" content=\"https:\/\/alohasurfacademy.com\/es\/cursos-de-surf\/enjoy-your-surf\/\" \/>\n<meta property=\"og:site_name\" content=\"Aloha Surf Academy - The best surf school and surf camps in Fuerteventura - Corralejo\" \/>\n<meta property=\"article:modified_time\" content=\"2023-12-13T09:11:38+00:00\" \/>\n<meta property=\"og:image\" content=\"http:\/\/www.alohasurfacademy.ch\/wp-content\/uploads\/guided_tour_1.jpg\" \/>\n<meta name=\"twitter:card\" content=\"summary_large_image\" \/>\n<meta name=\"twitter:label1\" content=\"Tiempo de lectura\" \/>\n\t<meta name=\"twitter:data1\" content=\"3 minutos\" \/>\n<script type=\"application\/ld+json\" class=\"yoast-schema-graph\">{\"@context\":\"https:\\\/\\\/schema.org\",\"@graph\":[{\"@type\":\"WebPage\",\"@id\":\"https:\\\/\\\/alohasurfacademy.com\\\/es\\\/cursos-de-surf\\\/enjoy-your-surf\\\/\",\"url\":\"https:\\\/\\\/alohasurfacademy.com\\\/es\\\/cursos-de-surf\\\/enjoy-your-surf\\\/\",\"name\":\"Surfari - Aloha Surf Academy - The best surf school and surf camps in Fuerteventura - Corralejo\",\"isPartOf\":{\"@id\":\"https:\\\/\\\/alohasurfacademy.com\\\/es\\\/#website\"},\"primaryImageOfPage\":{\"@id\":\"https:\\\/\\\/alohasurfacademy.com\\\/es\\\/cursos-de-surf\\\/enjoy-your-surf\\\/#primaryimage\"},\"image\":{\"@id\":\"https:\\\/\\\/alohasurfacademy.com\\\/es\\\/cursos-de-surf\\\/enjoy-your-surf\\\/#primaryimage\"},\"thumbnailUrl\":\"http:\\\/\\\/www.alohasurfacademy.ch\\\/wp-content\\\/uploads\\\/guided_tour_1.jpg\",\"datePublished\":\"2021-04-02T15:52:23+00:00\",\"dateModified\":\"2023-12-13T09:11:38+00:00\",\"breadcrumb\":{\"@id\":\"https:\\\/\\\/alohasurfacademy.com\\\/es\\\/cursos-de-surf\\\/enjoy-your-surf\\\/#breadcrumb\"},\"inLanguage\":\"es\",\"potentialAction\":[{\"@type\":\"ReadAction\",\"target\":[\"https:\\\/\\\/alohasurfacademy.com\\\/es\\\/cursos-de-surf\\\/enjoy-your-surf\\\/\"]}]},{\"@type\":\"ImageObject\",\"inLanguage\":\"es\",\"@id\":\"https:\\\/\\\/alohasurfacademy.com\\\/es\\\/cursos-de-surf\\\/enjoy-your-surf\\\/#primaryimage\",\"url\":\"http:\\\/\\\/www.alohasurfacademy.ch\\\/wp-content\\\/uploads\\\/guided_tour_1.jpg\",\"contentUrl\":\"http:\\\/\\\/www.alohasurfacademy.ch\\\/wp-content\\\/uploads\\\/guided_tour_1.jpg\"},{\"@type\":\"BreadcrumbList\",\"@id\":\"https:\\\/\\\/alohasurfacademy.com\\\/es\\\/cursos-de-surf\\\/enjoy-your-surf\\\/#breadcrumb\",\"itemListElement\":[{\"@type\":\"ListItem\",\"position\":1,\"name\":\"Home\",\"item\":\"https:\\\/\\\/alohasurfacademy.com\\\/es\\\/\"},{\"@type\":\"ListItem\",\"position\":2,\"name\":\"Servicios de surf\",\"item\":\"https:\\\/\\\/alohasurfacademy.com\\\/es\\\/surf-courses\\\/\"},{\"@type\":\"ListItem\",\"position\":3,\"name\":\"Surfari\"}]},{\"@type\":\"WebSite\",\"@id\":\"https:\\\/\\\/alohasurfacademy.com\\\/es\\\/#website\",\"url\":\"https:\\\/\\\/alohasurfacademy.com\\\/es\\\/\",\"name\":\"Aloha Surf Academy - The best surf school and surf camps in Fuerteventura - Corralejo\",\"description\":\"Surf School, Surf Camp, Surfing Class, Surf Course in Corralejo - Fuerteventura\",\"potentialAction\":[{\"@type\":\"SearchAction\",\"target\":{\"@type\":\"EntryPoint\",\"urlTemplate\":\"https:\\\/\\\/alohasurfacademy.com\\\/es\\\/?s={search_term_string}\"},\"query-input\":{\"@type\":\"PropertyValueSpecification\",\"valueRequired\":true,\"valueName\":\"search_term_string\"}}],\"inLanguage\":\"es\"}]}<\/script>\n<!-- \/ Yoast SEO plugin. -->","yoast_head_json":{"title":"Surfari - Aloha Surf Academy - The best surf school and surf camps in Fuerteventura - Corralejo","robots":{"index":"index","follow":"follow","max-snippet":"max-snippet:-1","max-image-preview":"max-image-preview:large","max-video-preview":"max-video-preview:-1"},"canonical":"https:\/\/alohasurfacademy.com\/es\/cursos-de-surf\/enjoy-your-surf\/","og_locale":"es_ES","og_type":"article","og_title":"Surfari - Aloha Surf Academy - The best surf school and surf camps in Fuerteventura - Corralejo","og_description":"Quieres disfrutar de esta sensaci\u00f3n \u00fanica de coger olas?? Nosotros te llevamos a los mejores sitios de surf y compartimos toda la informaci\u00f3n de seguridad que necesites saber sobre el lugar! Tan pronto como llegues a la isla, estar\u00e1s disfrutando de las mejores olas! Surfari para principiantes con nivel avanzado. Les ofrecemos la posibilidad a [&hellip;]","og_url":"https:\/\/alohasurfacademy.com\/es\/cursos-de-surf\/enjoy-your-surf\/","og_site_name":"Aloha Surf Academy - The best surf school and surf camps in Fuerteventura - Corralejo","article_modified_time":"2023-12-13T09:11:38+00:00","og_image":[{"url":"http:\/\/www.alohasurfacademy.ch\/wp-content\/uploads\/guided_tour_1.jpg","type":"","width":"","height":""}],"twitter_card":"summary_large_image","twitter_misc":{"Tiempo de lectura":"3 minutos"},"schema":{"@context":"https:\/\/schema.org","@graph":[{"@type":"WebPage","@id":"https:\/\/alohasurfacademy.com\/es\/cursos-de-surf\/enjoy-your-surf\/","url":"https:\/\/alohasurfacademy.com\/es\/cursos-de-surf\/enjoy-your-surf\/","name":"Surfari - Aloha Surf Academy - The best surf school and surf camps in Fuerteventura - Corralejo","isPartOf":{"@id":"https:\/\/alohasurfacademy.com\/es\/#website"},"primaryImageOfPage":{"@id":"https:\/\/alohasurfacademy.com\/es\/cursos-de-surf\/enjoy-your-surf\/#primaryimage"},"image":{"@id":"https:\/\/alohasurfacademy.com\/es\/cursos-de-surf\/enjoy-your-surf\/#primaryimage"},"thumbnailUrl":"http:\/\/www.alohasurfacademy.ch\/wp-content\/uploads\/guided_tour_1.jpg","datePublished":"2021-04-02T15:52:23+00:00","dateModified":"2023-12-13T09:11:38+00:00","breadcrumb":{"@id":"https:\/\/alohasurfacademy.com\/es\/cursos-de-surf\/enjoy-your-surf\/#breadcrumb"},"inLanguage":"es","potentialAction":[{"@type":"ReadAction","target":["https:\/\/alohasurfacademy.com\/es\/cursos-de-surf\/enjoy-your-surf\/"]}]},{"@type":"ImageObject","inLanguage":"es","@id":"https:\/\/alohasurfacademy.com\/es\/cursos-de-surf\/enjoy-your-surf\/#primaryimage","url":"http:\/\/www.alohasurfacademy.ch\/wp-content\/uploads\/guided_tour_1.jpg","contentUrl":"http:\/\/www.alohasurfacademy.ch\/wp-content\/uploads\/guided_tour_1.jpg"},{"@type":"BreadcrumbList","@id":"https:\/\/alohasurfacademy.com\/es\/cursos-de-surf\/enjoy-your-surf\/#breadcrumb","itemListElement":[{"@type":"ListItem","position":1,"name":"Home","item":"https:\/\/alohasurfacademy.com\/es\/"},{"@type":"ListItem","position":2,"name":"Servicios de surf","item":"https:\/\/alohasurfacademy.com\/es\/surf-courses\/"},{"@type":"ListItem","position":3,"name":"Surfari"}]},{"@type":"WebSite","@id":"https:\/\/alohasurfacademy.com\/es\/#website","url":"https:\/\/alohasurfacademy.com\/es\/","name":"Aloha Surf Academy - The best surf school and surf camps in Fuerteventura - Corralejo","description":"Surf School, Surf Camp, Surfing Class, Surf Course in Corralejo - Fuerteventura","potentialAction":[{"@type":"SearchAction","target":{"@type":"EntryPoint","urlTemplate":"https:\/\/alohasurfacademy.com\/es\/?s={search_term_string}"},"query-input":{"@type":"PropertyValueSpecification","valueRequired":true,"valueName":"search_term_string"}}],"inLanguage":"es"}]}},"_links":{"self":[{"href":"https:\/\/alohasurfacademy.com\/es\/wp-json\/wp\/v2\/pages\/526","targetHints":{"allow":["GET"]}}],"collection":[{"href":"https:\/\/alohasurfacademy.com\/es\/wp-json\/wp\/v2\/pages"}],"about":[{"href":"https:\/\/alohasurfacademy.com\/es\/wp-json\/wp\/v2\/types\/page"}],"author":[{"embeddable":true,"href":"https:\/\/alohasurfacademy.com\/es\/wp-json\/wp\/v2\/users\/2"}],"replies":[{"embeddable":true,"href":"https:\/\/alohasurfacademy.com\/es\/wp-json\/wp\/v2\/comments?post=526"}],"version-history":[{"count":22,"href":"https:\/\/alohasurfacademy.com\/es\/wp-json\/wp\/v2\/pages\/526\/revisions"}],"predecessor-version":[{"id":7570,"href":"https:\/\/alohasurfacademy.com\/es\/wp-json\/wp\/v2\/pages\/526\/revisions\/7570"}],"up":[{"embeddable":true,"href":"https:\/\/alohasurfacademy.com\/es\/wp-json\/wp\/v2\/pages\/495"}],"wp:attachment":[{"href":"https:\/\/alohasurfacademy.com\/es\/wp-json\/wp\/v2\/media?parent=526"}],"curies":[{"name":"wp","href":"https:\/\/api.w.org\/{rel}","templated":true}]}}