{"id":652,"date":"2021-04-01T20:56:22","date_gmt":"2021-04-01T19:56:22","guid":{"rendered":"http:\/\/www.alohasurfacademy.ch\/xyz\/?page_id=652"},"modified":"2025-11-17T15:23:18","modified_gmt":"2025-11-17T15:23:18","slug":"precio","status":"publish","type":"page","link":"https:\/\/alohasurfacademy.com\/es\/precio\/","title":{"rendered":"Precios"},"content":{"rendered":"<p><strong>PRECIO CURSOS DE SURF<\/strong><\/p>\n<ol>\n<li>d\u00eda de curso : 70 euros<\/li>\n<li>d\u00edas de curso : 140 euros<\/li>\n<li>d\u00edas de curso : 210 euros<\/li>\n<li>\u26a0\ufe0f oferta a partir de 4 d\u00edas de curso : 265 euros<\/li>\n<li>d\u00edas de curso : 320 euros &#8211; pues 60 euros\/d\u00eda<\/li>\n<\/ol>\n<h3 style=\"text-align: left;\">Diversa informaci\u00f3n relevante curso de surf<\/h3>\n<p>Nuestra escuela de surf es adecuada para clientes que deseen aprender a surfear o seguir aprendiendo de manera seria, dedicados, <strong>deportistas<\/strong> y motivados !<\/p>\n<p><strong>Nuestro instructor <\/strong>es excelente profesor; enfocado en darte buenas explicaciones para mejorar tu t\u00e9cnica, siendo paciente en la playa.<\/p>\n<p><strong>HORARIO\u00a0<\/strong> : Normalmente, salida a las 10:30 o 14:30*<br \/>\n<strong>DURACI\u00d3N<\/strong> : 5 o 6 horas cada d\u00eda *<br \/>\n<strong>INCLUYE<\/strong> :<\/p>\n<ul>\n<li>Recogida en tu alojamiento en Corralejo o encuentro en la plaza del pueblo de Lajares<\/li>\n<li>entrenamiento de surf skate incluyendo equipo<\/li>\n<li>traslado a la playa y regreso<\/li>\n<li>material de surf tabla \/ traje de neopreno<\/li>\n<li>curso de surf de alta calidad<\/li>\n<li>Entrenamiento por un instructor de salvavidas de playa para su seguridad.<\/li>\n<li>free surf despu\u00e9s del curso<\/li>\n<li>certificado de surf a partir de 4 d\u00edas de reserva<\/li>\n<li>seguro RC<\/li>\n<li>teor\u00eda generalmente el mi\u00e9rcoles &#8211; an\u00e1lisis de im\u00e1genes de surf generalmente el viernes<\/li>\n<li>\u00a1Trae tu llave USB para obtener tus fotos de surf!<\/li>\n<li>EXCLUSIVIDAD-S\u00c9 NUESTRO VIP: solo 1 grupo al d\u00eda y m\u00e1x. 6 estudiantes<\/li>\n<\/ul>\n<p>* <strong>Solo 1 grupo al d\u00eda =<\/strong> Te sentir\u00e1s un privilegiado ya que solo hacemos 1 solo grupo por d\u00eda, sin horario fijo y est\u00e1 siendo m\u00e1s que un curso de surf, tambi\u00e9n una experiencia enriquecedora en las relaciones humanas. \u00a1No hay prisa por salir de la playa durante el surf libre! \u00a1Las 5-6 horas son para darle una idea del tiempo!<\/p>\n<p>La <strong>teor\u00eda<\/strong> suele darse alrededor de una mesa para disfrutar de deliciosos batidos\/caf\u00e9. Adem\u00e1s, al final de la semana, organizamos una cena para que podamos <strong>analizar tus fotos de surf.<\/strong> Compartimos contigo nuestro estilo de vida isle\u00f1o as\u00ed como nuestras ideas sobre una vida sostenible, la preservaci\u00f3n del medio ambiente y el cuidado de ti mismo con el deporte y la alimentaci\u00f3n saludable.<\/p>\n<p>Nuestras clases se imparten en espa\u00f1ol, ingl\u00e9s, alem\u00e1n, franc\u00e9s, italiano y holand\u00e9s. Nuestros clientes son de toda Europa y de todo el mundo. <strong>Ambiente internacional !<\/strong><\/p>\n<p><img decoding=\"async\" class=\"alignnone\" src=\"\/wp-content\/uploads\/new\/surf_courses.jpg\" alt=\"\" width=\"900\" \/><\/p>\n<ul>\n<li><strong>SPOTS DE SURF<\/strong>: playas de la costa este cerca de Corralejo, el Cotillo, Rocky point, Punta blanca, caleta, etc.<\/li>\n<li><strong>RESERVA :<\/strong> por whatSapp \/ email \/ llamada telef\u00f3nica<\/li>\n<li><strong>INFORMACIONES SOLICITADAS :<\/strong> nombre completo \/ altura + kilo \/ m\u00f3vil \/ alojamiento para la recogida<\/li>\n<li><strong>PAGO :<\/strong> efectivo \/ paypal \/ transferencia bancaria<\/li>\n<li><strong>POR FAVOR TRAIGA:<\/strong> refrigerios y agua \/ equipo de playa \/ efectivo para pagar el monto adeudado el primer d\u00eda \/ llave USB para copiar sus fotos de surf \/ zapatillas de suela plana para el carver<\/li>\n<\/ul>\n","protected":false},"excerpt":{"rendered":"<p>PRECIO CURSOS DE SURF d\u00eda de curso : 70 euros d\u00edas de curso : 140 euros d\u00edas de curso : 210 euros \u26a0\ufe0f oferta a partir de 4 d\u00edas de curso : 265 euros d\u00edas de curso : 320 euros &#8211; pues 60 euros\/d\u00eda Diversa informaci\u00f3n relevante curso de surf Nuestra escuela de surf es [&hellip;]<\/p>\n","protected":false},"author":2,"featured_media":0,"parent":0,"menu_order":0,"comment_status":"closed","ping_status":"closed","template":"","meta":{"footnotes":""},"class_list":["post-652","page","type-page","status-publish","hentry"],"yoast_head":"<!-- This site is optimized with the Yoast SEO plugin v27.5 - https:\/\/yoast.com\/product\/yoast-seo-wordpress\/ -->\n<title>Precios - Aloha Surf Academy - The best surf school and surf camps in Fuerteventura - Corralejo<\/title>\n<meta name=\"robots\" content=\"index, follow, max-snippet:-1, max-image-preview:large, max-video-preview:-1\" \/>\n<link rel=\"canonical\" href=\"https:\/\/alohasurfacademy.com\/es\/precio\/\" \/>\n<meta property=\"og:locale\" content=\"es_ES\" \/>\n<meta property=\"og:type\" content=\"article\" \/>\n<meta property=\"og:title\" content=\"Precios - Aloha Surf Academy - The best surf school and surf camps in Fuerteventura - Corralejo\" \/>\n<meta property=\"og:description\" content=\"PRECIO CURSOS DE SURF d\u00eda de curso : 70 euros d\u00edas de curso : 140 euros d\u00edas de curso : 210 euros \u26a0\ufe0f oferta a partir de 4 d\u00edas de curso : 265 euros d\u00edas de curso : 320 euros &#8211; pues 60 euros\/d\u00eda Diversa informaci\u00f3n relevante curso de surf Nuestra escuela de surf es [&hellip;]\" \/>\n<meta property=\"og:url\" content=\"https:\/\/alohasurfacademy.com\/es\/precio\/\" \/>\n<meta property=\"og:site_name\" content=\"Aloha Surf Academy - The best surf school and surf camps in Fuerteventura - Corralejo\" \/>\n<meta property=\"article:modified_time\" content=\"2025-11-17T15:23:18+00:00\" \/>\n<meta name=\"twitter:card\" content=\"summary_large_image\" \/>\n<meta name=\"twitter:label1\" content=\"Tiempo de lectura\" \/>\n\t<meta name=\"twitter:data1\" content=\"3 minutos\" \/>\n<script type=\"application\/ld+json\" class=\"yoast-schema-graph\">{\"@context\":\"https:\\\/\\\/schema.org\",\"@graph\":[{\"@type\":\"WebPage\",\"@id\":\"https:\\\/\\\/alohasurfacademy.com\\\/es\\\/precio\\\/\",\"url\":\"https:\\\/\\\/alohasurfacademy.com\\\/es\\\/precio\\\/\",\"name\":\"Precios - Aloha Surf Academy - The best surf school and surf camps in Fuerteventura - Corralejo\",\"isPartOf\":{\"@id\":\"https:\\\/\\\/alohasurfacademy.com\\\/es\\\/#website\"},\"datePublished\":\"2021-04-01T19:56:22+00:00\",\"dateModified\":\"2025-11-17T15:23:18+00:00\",\"breadcrumb\":{\"@id\":\"https:\\\/\\\/alohasurfacademy.com\\\/es\\\/precio\\\/#breadcrumb\"},\"inLanguage\":\"es\",\"potentialAction\":[{\"@type\":\"ReadAction\",\"target\":[\"https:\\\/\\\/alohasurfacademy.com\\\/es\\\/precio\\\/\"]}]},{\"@type\":\"BreadcrumbList\",\"@id\":\"https:\\\/\\\/alohasurfacademy.com\\\/es\\\/precio\\\/#breadcrumb\",\"itemListElement\":[{\"@type\":\"ListItem\",\"position\":1,\"name\":\"Home\",\"item\":\"https:\\\/\\\/alohasurfacademy.com\\\/es\\\/\"},{\"@type\":\"ListItem\",\"position\":2,\"name\":\"Precios\"}]},{\"@type\":\"WebSite\",\"@id\":\"https:\\\/\\\/alohasurfacademy.com\\\/es\\\/#website\",\"url\":\"https:\\\/\\\/alohasurfacademy.com\\\/es\\\/\",\"name\":\"Aloha Surf Academy - The best surf school and surf camps in Fuerteventura - Corralejo\",\"description\":\"Surf School, Surf Camp, Surfing Class, Surf Course in Corralejo - Fuerteventura\",\"potentialAction\":[{\"@type\":\"SearchAction\",\"target\":{\"@type\":\"EntryPoint\",\"urlTemplate\":\"https:\\\/\\\/alohasurfacademy.com\\\/es\\\/?s={search_term_string}\"},\"query-input\":{\"@type\":\"PropertyValueSpecification\",\"valueRequired\":true,\"valueName\":\"search_term_string\"}}],\"inLanguage\":\"es\"}]}<\/script>\n<!-- \/ Yoast SEO plugin. -->","yoast_head_json":{"title":"Precios - Aloha Surf Academy - The best surf school and surf camps in Fuerteventura - Corralejo","robots":{"index":"index","follow":"follow","max-snippet":"max-snippet:-1","max-image-preview":"max-image-preview:large","max-video-preview":"max-video-preview:-1"},"canonical":"https:\/\/alohasurfacademy.com\/es\/precio\/","og_locale":"es_ES","og_type":"article","og_title":"Precios - Aloha Surf Academy - The best surf school and surf camps in Fuerteventura - Corralejo","og_description":"PRECIO CURSOS DE SURF d\u00eda de curso : 70 euros d\u00edas de curso : 140 euros d\u00edas de curso : 210 euros \u26a0\ufe0f oferta a partir de 4 d\u00edas de curso : 265 euros d\u00edas de curso : 320 euros &#8211; pues 60 euros\/d\u00eda Diversa informaci\u00f3n relevante curso de surf Nuestra escuela de surf es [&hellip;]","og_url":"https:\/\/alohasurfacademy.com\/es\/precio\/","og_site_name":"Aloha Surf Academy - The best surf school and surf camps in Fuerteventura - Corralejo","article_modified_time":"2025-11-17T15:23:18+00:00","twitter_card":"summary_large_image","twitter_misc":{"Tiempo de lectura":"3 minutos"},"schema":{"@context":"https:\/\/schema.org","@graph":[{"@type":"WebPage","@id":"https:\/\/alohasurfacademy.com\/es\/precio\/","url":"https:\/\/alohasurfacademy.com\/es\/precio\/","name":"Precios - Aloha Surf Academy - The best surf school and surf camps in Fuerteventura - Corralejo","isPartOf":{"@id":"https:\/\/alohasurfacademy.com\/es\/#website"},"datePublished":"2021-04-01T19:56:22+00:00","dateModified":"2025-11-17T15:23:18+00:00","breadcrumb":{"@id":"https:\/\/alohasurfacademy.com\/es\/precio\/#breadcrumb"},"inLanguage":"es","potentialAction":[{"@type":"ReadAction","target":["https:\/\/alohasurfacademy.com\/es\/precio\/"]}]},{"@type":"BreadcrumbList","@id":"https:\/\/alohasurfacademy.com\/es\/precio\/#breadcrumb","itemListElement":[{"@type":"ListItem","position":1,"name":"Home","item":"https:\/\/alohasurfacademy.com\/es\/"},{"@type":"ListItem","position":2,"name":"Precios"}]},{"@type":"WebSite","@id":"https:\/\/alohasurfacademy.com\/es\/#website","url":"https:\/\/alohasurfacademy.com\/es\/","name":"Aloha Surf Academy - The best surf school and surf camps in Fuerteventura - Corralejo","description":"Surf School, Surf Camp, Surfing Class, Surf Course in Corralejo - Fuerteventura","potentialAction":[{"@type":"SearchAction","target":{"@type":"EntryPoint","urlTemplate":"https:\/\/alohasurfacademy.com\/es\/?s={search_term_string}"},"query-input":{"@type":"PropertyValueSpecification","valueRequired":true,"valueName":"search_term_string"}}],"inLanguage":"es"}]}},"_links":{"self":[{"href":"https:\/\/alohasurfacademy.com\/es\/wp-json\/wp\/v2\/pages\/652","targetHints":{"allow":["GET"]}}],"collection":[{"href":"https:\/\/alohasurfacademy.com\/es\/wp-json\/wp\/v2\/pages"}],"about":[{"href":"https:\/\/alohasurfacademy.com\/es\/wp-json\/wp\/v2\/types\/page"}],"author":[{"embeddable":true,"href":"https:\/\/alohasurfacademy.com\/es\/wp-json\/wp\/v2\/users\/2"}],"replies":[{"embeddable":true,"href":"https:\/\/alohasurfacademy.com\/es\/wp-json\/wp\/v2\/comments?post=652"}],"version-history":[{"count":59,"href":"https:\/\/alohasurfacademy.com\/es\/wp-json\/wp\/v2\/pages\/652\/revisions"}],"predecessor-version":[{"id":9506,"href":"https:\/\/alohasurfacademy.com\/es\/wp-json\/wp\/v2\/pages\/652\/revisions\/9506"}],"wp:attachment":[{"href":"https:\/\/alohasurfacademy.com\/es\/wp-json\/wp\/v2\/media?parent=652"}],"curies":[{"name":"wp","href":"https:\/\/api.w.org\/{rel}","templated":true}]}}