{"id":9401,"date":"2025-03-19T15:39:20","date_gmt":"2025-03-19T15:39:20","guid":{"rendered":"https:\/\/alohasurfacademy.com\/precio\/terminos-y-condiciones\/"},"modified":"2025-03-19T15:39:20","modified_gmt":"2025-03-19T15:39:20","slug":"terminos-y-condiciones","status":"publish","type":"page","link":"https:\/\/alohasurfacademy.com\/es\/precio\/terminos-y-condiciones\/","title":{"rendered":"T\u00e9rminos y Condiciones"},"content":{"rendered":"<p><span style=\"font-family: Arial, serif;\"><span style=\"font-size: small;\"><span lang=\"es-ES\"><u>T\u00e9rminos y Condiciones<\/u><\/span><\/span><\/span><\/p>\n<p><span style=\"font-family: Arial, serif;\"><span style=\"font-size: small;\"><span lang=\"es-ES\"><b>Art\u00edculo 1. Condiciones de la reserva<\/b><\/span><\/span><\/span><\/p>\n<p><span style=\"font-family: Arial, serif;\"><span style=\"font-size: small;\"><span lang=\"es-ES\">El participante admite ser capaz de nadar 25 metros, y no tener ninguna limitaci\u00f3n f\u00edsica, enfermedad m\u00e9dica o discapacidad mental que le impida participar en la actividad de surf. \u00c9l \/ella no se encuentra bajo la influencia del alcohol, narc\u00f3ticos, drogas ni ninguna otra sustancia durante el curso. En caso de tratamiento m\u00e9dico o problemas de salud, deber\u00e1 ser comunicado al instructor previo a la inscripci\u00f3n.<\/span><\/span><\/span><\/p>\n<p><span style=\"font-family: Arial, serif;\"><span style=\"font-size: small;\"><span lang=\"es-ES\"><b>Art\u00edculo 2. Reserva y Pago<\/b><\/span><\/span><\/span><\/p>\n<p><span style=\"font-family: Arial, serif;\"><span style=\"font-size: small;\"><span lang=\"es-ES\">Las reservas pueden efectuarse por correo electr\u00f3nico, a trav\u00e9s del formulario de reservas online, por whatsapp o por tel\u00e9fono.<\/span><\/span><\/span><\/p>\n<p><span style=\"font-family: Arial, serif;\"><span style=\"font-size: small;\"><span lang=\"es-ES\">La reservaci\u00f3n solo estar\u00e1 confirmada una vez recibida la mitatad de la cantidad total, en la cuenta bancaria de Aloha Surf Academy (ASA) o mediante el pago por Paypal (+5% costo adicional). Cuando el pago total ha sido recibido, usted, el cliente, recibir\u00e1 todos los detalles relativos al curso y sus vacaciones de surf.<\/span><\/span><\/span><\/p>\n<p><span style=\"font-family: Arial, serif;\"><span style=\"font-size: small;\"><span lang=\"es-ES\"><b>Art\u00edculo 3. Condiciones de Cancelaci\u00f3n<\/b><\/span><\/span><\/span><\/p>\n<p><span style=\"font-family: Arial, serif;\"><span style=\"font-size: small;\"><span lang=\"es-ES\">La reserva puede ser cancelada enviando un correo electr\u00f3nico a\u00a0: <a href=\"mailto:info@alohasurfacademy.com\">info@alohasurfacademy.com<\/a><\/span><\/span><\/span><\/p>\n<p><span style=\"font-family: Arial, serif;\"><span style=\"font-size: small;\"><span lang=\"es-ES\">En caso de cancelaci\u00f3n con m\u00e1s de 45 d\u00edas de antelaci\u00f3n al inicio del curso\/llegada al alojamiento, el cliente recibir\u00e1 el 50% del dep\u00f3sito abonado.<\/span><\/span><\/span><\/p>\n<p><span style=\"font-family: Arial, serif;\"><span style=\"font-size: small;\"><span lang=\"es-ES\">No se devolver\u00e1 el dep\u00f3sito si cancela con menos de 44 d\u00edas de antelaci\u00f3n al inicio de sus vacaciones.<\/span><\/span><\/span><\/p>\n<p><span style=\"font-family: Arial, serif;\"><span style=\"font-size: small;\"><span lang=\"es-ES\">En caso de cancelaci\u00f3n un d\u00eda antes del inicio del curso\/llegada al alojamiento o durante su estancia, en caso de no presentarse a la clase o a la visita guiada, no se efectuar\u00e1n reembolsos.<\/span><\/span><\/span><\/p>\n<p><span style=\"font-family: Arial, serif;\"><span style=\"font-size: small;\"><span lang=\"es-ES\">En caso de que necesite cancelar por motivos m\u00e9dicos, accidente o enfermedad, ASA le facilitar\u00e1 un certificado, junto con una factura de su compa\u00f1\u00eda de seguros en la que conste que no ha seguido el curso. En este caso, le recomendamos que acuda a un m\u00e9dico.<\/span><\/span><\/span><\/p>\n<p><span style=\"font-family: Arial, serif;\"><span style=\"font-size: small;\"><span lang=\"es-ES\"><b>Art\u00edculo 4 . Reglamentaci\u00f3n interna <\/b><\/span><\/span><\/span><\/p>\n<p><span style=\"font-family: Arial, serif;\"><span style=\"font-size: small;\"><span lang=\"es-ES\">Por razones fuera de nuestro alcance, tales como tormentas, vientos fuertes o grandes olas, y ASA debiera cancelar la clase, esta le ser\u00e1 reemplazada, en el espacio permitido. No se efectuar\u00e1n reembolsos por condiciones climatol\u00f3gicas adversas.<\/span><\/span><\/span><\/p>\n<p><span style=\"font-family: Arial, serif;\"><span style=\"font-size: small;\"><span lang=\"es-ES\">El participante acepta seguir las \u00f3rdenes e instrucciones del instructor. En caso de comportamiento negligente, que ponga en peligro la salud e imagen de los clientes de ASA, el participante podr\u00e1 ser excluido de las clases, previa advertencia. En este caso el importe del curso no le ser\u00e1 devuelto.<\/span><\/span><\/span><\/p>\n<p><span style=\"font-family: Arial, serif;\"><span style=\"font-size: small;\"><span lang=\"es-ES\"><b>Article 5 : Imagen<\/b><\/span><\/span><\/span><\/p>\n<p>&nbsp;<\/p>\n<p><span style=\"font-family: Arial, serif;\"><span style=\"font-size: small;\"><span lang=\"es-ES\">Subscribi\u00e9ndose a nuestros servicios, el participante acepta que cualquier imagen captada durante el curso u otras actividades, podr\u00e1n ser usadas por ASA sin coste alguno, para uso exclusivamente promocional o de marketing (folletos, propaganda, internet..)<\/span><\/span><\/span><\/p>\n<p><span style=\"font-family: Arial, serif;\"><span style=\"font-size: small;\"><span lang=\"es-ES\"><b>Art\u00edculo 6. Material y Veh\u00edculo<\/b><\/span><\/span><\/span><\/p>\n<p><span style=\"font-family: Arial, serif;\"><span style=\"font-size: small;\"><span lang=\"es-ES\">El participante se hace responsable del material (tablas, trajes, invento, lycra) durante el curso de surf o de alquiler. En caso de perdida, da\u00f1o o robo, el material ser\u00e1 reparado a cuenta del participante o reembolsado por su precio de compra.<\/span><\/span><\/span><\/p>\n<p><span style=\"font-family: Arial, serif;\"><span style=\"font-size: small;\"><span lang=\"es-ES\">El precio de una tabla rota en 2 partes, ser\u00e1 de 130 euros, en tal caso podremos entregarle la factura correspondiente a la reparaci\u00f3n, para entregar a su compa\u00f1\u00eda de seguros.<\/span><\/span><\/span><\/p>\n<p><span style=\"font-family: Arial, serif;\"><span style=\"font-size: small;\"><span lang=\"es-ES\">El participante queda informado sobre la obligatoriedad del uso del cintur\u00f3n de seguridad en el veh\u00edculo de ASA en circulaci\u00f3n. As\u00ed mismo, el participante se har\u00e1 responsable econ\u00f3micamente por los da\u00f1os causados al veh\u00edculo por negligencia propia. <\/span><\/span><\/span><\/p>\n<p><span style=\"font-family: Arial, serif;\"><span style=\"font-size: small;\"><span lang=\"es-ES\">El participante asume la completa responsabilidad en caso de heridas, lesiones o muerte por accidente de tr\u00e1fico, tanto si son o no causadas por negligencia de las partes eximidas (ASA y asociados)<\/span><\/span><\/span><\/p>\n<p><span style=\"font-family: Arial, serif;\"><span style=\"font-size: small;\"><span lang=\"es-ES\"><b>Art\u00edculo 7. Seguro<\/b><\/span><\/span><\/span><\/p>\n<p><span style=\"font-family: Arial, serif;\"><span style=\"font-size: small;\"><span lang=\"es-ES\">Aloha Surf Academy (ASA) tiene un Seguro de responsabilidad civil a terceros, por lo tanto, le recomendamos la contrataci\u00f3n adicional de un seguro espec\u00edfico para sus vacaciones, as\u00ed como un seguro en caso de accidentes o lesiones, que puedan ocurrir durante la pr\u00e1ctica de surf. <\/span><\/span><\/span><\/p>\n<p><span style=\"font-family: Arial, serif;\"><span style=\"font-size: small;\"><span lang=\"es-ES\">ASA y sus empleados no se hacen responsables de los reclamos, demandas o otros incidentes que puedan surgir, como lesiones, discapacidad, da\u00f1os o muerte, durante la pr\u00e1ctica de surf\/skate u otras actividades.<\/span><\/span><\/span><\/p>\n<p><span style=\"font-family: Arial, serif;\"><span style=\"font-size: small;\"><span lang=\"es-ES\">Los estudiantes menores de edad, as\u00ed como sus progenitores, entienden y aceptan el surf\/skate como deportes extremos de riesgo y asumen completa responsabilidad por los da\u00f1os o muerte durante la participaci\u00f3n en tales actividades, ya sean causados o no por negligencia de las partes eximidas (ASA y asociados).<\/span><\/span><\/span><\/p>\n<p><span style=\"font-family: Arial, serif;\"><span style=\"font-size: small;\"><span lang=\"es-ES\"><b>Articulo 8. Informaci\u00f3n personal<\/b><\/span><\/span><\/span><\/p>\n<p><span style=\"font-family: Arial, serif;\"><span style=\"font-size: small;\"><span lang=\"es-ES\">Su informaci\u00f3n de contacto permanecer\u00e1 en los archivos privados de ASA. Podr\u00e1 acceder, rectificar, cancelar y\/u objetar, envi\u00e1ndonos un correo electr\u00f3nico a <\/span><\/span><\/span><span style=\"color: #00000a;\"><span style=\"font-family: Arial, serif;\"><span style=\"font-size: small;\"><span lang=\"es-ES\"><a href=\"mailto:info@alohasurfacademy.com\">info@alohasurfacademy.com<\/a>, junto con una copia de su documento de identidad\/ pasaporte en tal caso.<\/span><\/span><\/span><\/span><\/p>\n<p><span style=\"font-family: Arial, serif;\"><span style=\"font-size: small;\"><span lang=\"es-ES\">ASA respeta la privacidad de todos los usuarios de nuestro sitio web y asegura que la informaci\u00f3n personal dada ser\u00e1 tratada cuidadosamente y de forma confidencial. Usted acepta que su informaci\u00f3n personal (nombre completo, n\u00famero de tel\u00e9fono, lugar de alojamiento, domicilio, n\u00famero de pasaporte, email) ser\u00e1 usada para la adecuada planificaci\u00f3n de su estancia y ser\u00e1 compartida, en todo caso, con los representantes de los otros servicios contratados, tales como alojamiento y actividades complementarias.<\/span><\/span><\/span><\/p>\n<p><span style=\"font-family: Arial, serif;\"><span style=\"font-size: small;\"><span lang=\"es-ES\">Usted acepta el uso de su correo electr\u00f3nico para el env\u00edo de nuestra encuesta de satisfacci\u00f3n y el bolet\u00edn informativo con nuestras \u00faltimas noticias y ofertas.<\/span><\/span><\/span><\/p>\n<p><span style=\"font-family: Arial, serif;\"><span style=\"font-size: small;\"><span lang=\"es-ES\">Nuestra p\u00e1gina alohasurfacademy.ch contiene enlaces a otras p\u00e1ginas web. ASA no se hace responsable de la privacidad de estas otras.<\/span><\/span><\/span><\/p>\n<p><span style=\"font-family: Arial, serif;\"><span style=\"font-size: small;\"><span lang=\"es-ES\">Nuestros ordenadores est\u00e1n protegidos por un respectivo anti virus, de esta forma le garantizamos confidencialidad.<\/span><\/span><\/span><\/p>\n<p><span style=\"font-family: Arial, serif;\"><span style=\"font-size: small;\"><span lang=\"es-ES\">Cookies: queda informado del uso de cookies en nuestra p\u00e1gina web. Cada usuario podr\u00e1 desactivar esta opci\u00f3n desde sus propias opciones de internet.<\/span><\/span><\/span><\/p>\n<p><span style=\"font-family: Arial, serif;\"><span style=\"font-size: small;\"><span lang=\"es-ES\"><b>Realizando su reserva con ASA, confirma haber le\u00eddo y aceptado los t\u00e9rminos y condiciones de ASA para usted o el menor a cargo.<\/b><\/span><\/span><\/span><\/p>\n","protected":false},"excerpt":{"rendered":"<p>T\u00e9rminos y Condiciones Art\u00edculo 1. Condiciones de la reserva El participante admite ser capaz de nadar 25 metros, y no tener ninguna limitaci\u00f3n f\u00edsica, enfermedad m\u00e9dica o discapacidad mental que le impida participar en la actividad de surf. \u00c9l \/ella no se encuentra bajo la influencia del alcohol, narc\u00f3ticos, drogas ni ninguna otra sustancia durante [&hellip;]<\/p>\n","protected":false},"author":3,"featured_media":0,"parent":652,"menu_order":1,"comment_status":"closed","ping_status":"closed","template":"","meta":{"footnotes":""},"class_list":["post-9401","page","type-page","status-publish","hentry"],"yoast_head":"<!-- This site is optimized with the Yoast SEO plugin v27.4 - https:\/\/yoast.com\/product\/yoast-seo-wordpress\/ -->\n<title>T\u00e9rminos y Condiciones - Aloha Surf Academy - The best surf school and surf camps in Fuerteventura - Corralejo<\/title>\n<meta name=\"robots\" content=\"index, follow, max-snippet:-1, max-image-preview:large, max-video-preview:-1\" \/>\n<link rel=\"canonical\" href=\"https:\/\/alohasurfacademy.com\/es\/precio\/terminos-y-condiciones\/\" \/>\n<meta property=\"og:locale\" content=\"es_ES\" \/>\n<meta property=\"og:type\" content=\"article\" \/>\n<meta property=\"og:title\" content=\"T\u00e9rminos y Condiciones - Aloha Surf Academy - The best surf school and surf camps in Fuerteventura - Corralejo\" \/>\n<meta property=\"og:description\" content=\"T\u00e9rminos y Condiciones Art\u00edculo 1. Condiciones de la reserva El participante admite ser capaz de nadar 25 metros, y no tener ninguna limitaci\u00f3n f\u00edsica, enfermedad m\u00e9dica o discapacidad mental que le impida participar en la actividad de surf. \u00c9l \/ella no se encuentra bajo la influencia del alcohol, narc\u00f3ticos, drogas ni ninguna otra sustancia durante [&hellip;]\" \/>\n<meta property=\"og:url\" content=\"https:\/\/alohasurfacademy.com\/es\/precio\/terminos-y-condiciones\/\" \/>\n<meta property=\"og:site_name\" content=\"Aloha Surf Academy - The best surf school and surf camps in Fuerteventura - Corralejo\" \/>\n<meta name=\"twitter:card\" content=\"summary_large_image\" \/>\n<meta name=\"twitter:label1\" content=\"Tiempo de lectura\" \/>\n\t<meta name=\"twitter:data1\" content=\"5 minutos\" \/>\n<script type=\"application\/ld+json\" class=\"yoast-schema-graph\">{\"@context\":\"https:\\\/\\\/schema.org\",\"@graph\":[{\"@type\":\"WebPage\",\"@id\":\"https:\\\/\\\/alohasurfacademy.com\\\/es\\\/precio\\\/terminos-y-condiciones\\\/\",\"url\":\"https:\\\/\\\/alohasurfacademy.com\\\/es\\\/precio\\\/terminos-y-condiciones\\\/\",\"name\":\"T\u00e9rminos y Condiciones - Aloha Surf Academy - The best surf school and surf camps in Fuerteventura - Corralejo\",\"isPartOf\":{\"@id\":\"https:\\\/\\\/alohasurfacademy.com\\\/es\\\/#website\"},\"datePublished\":\"2025-03-19T15:39:20+00:00\",\"breadcrumb\":{\"@id\":\"https:\\\/\\\/alohasurfacademy.com\\\/es\\\/precio\\\/terminos-y-condiciones\\\/#breadcrumb\"},\"inLanguage\":\"es\",\"potentialAction\":[{\"@type\":\"ReadAction\",\"target\":[\"https:\\\/\\\/alohasurfacademy.com\\\/es\\\/precio\\\/terminos-y-condiciones\\\/\"]}]},{\"@type\":\"BreadcrumbList\",\"@id\":\"https:\\\/\\\/alohasurfacademy.com\\\/es\\\/precio\\\/terminos-y-condiciones\\\/#breadcrumb\",\"itemListElement\":[{\"@type\":\"ListItem\",\"position\":1,\"name\":\"Home\",\"item\":\"https:\\\/\\\/alohasurfacademy.com\\\/es\\\/\"},{\"@type\":\"ListItem\",\"position\":2,\"name\":\"Precios\",\"item\":\"https:\\\/\\\/alohasurfacademy.com\\\/es\\\/precio\\\/?lang=es\"},{\"@type\":\"ListItem\",\"position\":3,\"name\":\"T\u00e9rminos y Condiciones\"}]},{\"@type\":\"WebSite\",\"@id\":\"https:\\\/\\\/alohasurfacademy.com\\\/es\\\/#website\",\"url\":\"https:\\\/\\\/alohasurfacademy.com\\\/es\\\/\",\"name\":\"Aloha Surf Academy - The best surf school and surf camps in Fuerteventura - Corralejo\",\"description\":\"Surf School, Surf Camp, Surfing Class, Surf Course in Corralejo - Fuerteventura\",\"potentialAction\":[{\"@type\":\"SearchAction\",\"target\":{\"@type\":\"EntryPoint\",\"urlTemplate\":\"https:\\\/\\\/alohasurfacademy.com\\\/es\\\/?s={search_term_string}\"},\"query-input\":{\"@type\":\"PropertyValueSpecification\",\"valueRequired\":true,\"valueName\":\"search_term_string\"}}],\"inLanguage\":\"es\"}]}<\/script>\n<!-- \/ Yoast SEO plugin. -->","yoast_head_json":{"title":"T\u00e9rminos y Condiciones - Aloha Surf Academy - The best surf school and surf camps in Fuerteventura - Corralejo","robots":{"index":"index","follow":"follow","max-snippet":"max-snippet:-1","max-image-preview":"max-image-preview:large","max-video-preview":"max-video-preview:-1"},"canonical":"https:\/\/alohasurfacademy.com\/es\/precio\/terminos-y-condiciones\/","og_locale":"es_ES","og_type":"article","og_title":"T\u00e9rminos y Condiciones - Aloha Surf Academy - The best surf school and surf camps in Fuerteventura - Corralejo","og_description":"T\u00e9rminos y Condiciones Art\u00edculo 1. Condiciones de la reserva El participante admite ser capaz de nadar 25 metros, y no tener ninguna limitaci\u00f3n f\u00edsica, enfermedad m\u00e9dica o discapacidad mental que le impida participar en la actividad de surf. \u00c9l \/ella no se encuentra bajo la influencia del alcohol, narc\u00f3ticos, drogas ni ninguna otra sustancia durante [&hellip;]","og_url":"https:\/\/alohasurfacademy.com\/es\/precio\/terminos-y-condiciones\/","og_site_name":"Aloha Surf Academy - The best surf school and surf camps in Fuerteventura - Corralejo","twitter_card":"summary_large_image","twitter_misc":{"Tiempo de lectura":"5 minutos"},"schema":{"@context":"https:\/\/schema.org","@graph":[{"@type":"WebPage","@id":"https:\/\/alohasurfacademy.com\/es\/precio\/terminos-y-condiciones\/","url":"https:\/\/alohasurfacademy.com\/es\/precio\/terminos-y-condiciones\/","name":"T\u00e9rminos y Condiciones - Aloha Surf Academy - The best surf school and surf camps in Fuerteventura - Corralejo","isPartOf":{"@id":"https:\/\/alohasurfacademy.com\/es\/#website"},"datePublished":"2025-03-19T15:39:20+00:00","breadcrumb":{"@id":"https:\/\/alohasurfacademy.com\/es\/precio\/terminos-y-condiciones\/#breadcrumb"},"inLanguage":"es","potentialAction":[{"@type":"ReadAction","target":["https:\/\/alohasurfacademy.com\/es\/precio\/terminos-y-condiciones\/"]}]},{"@type":"BreadcrumbList","@id":"https:\/\/alohasurfacademy.com\/es\/precio\/terminos-y-condiciones\/#breadcrumb","itemListElement":[{"@type":"ListItem","position":1,"name":"Home","item":"https:\/\/alohasurfacademy.com\/es\/"},{"@type":"ListItem","position":2,"name":"Precios","item":"https:\/\/alohasurfacademy.com\/es\/precio\/?lang=es"},{"@type":"ListItem","position":3,"name":"T\u00e9rminos y Condiciones"}]},{"@type":"WebSite","@id":"https:\/\/alohasurfacademy.com\/es\/#website","url":"https:\/\/alohasurfacademy.com\/es\/","name":"Aloha Surf Academy - The best surf school and surf camps in Fuerteventura - Corralejo","description":"Surf School, Surf Camp, Surfing Class, Surf Course in Corralejo - Fuerteventura","potentialAction":[{"@type":"SearchAction","target":{"@type":"EntryPoint","urlTemplate":"https:\/\/alohasurfacademy.com\/es\/?s={search_term_string}"},"query-input":{"@type":"PropertyValueSpecification","valueRequired":true,"valueName":"search_term_string"}}],"inLanguage":"es"}]}},"_links":{"self":[{"href":"https:\/\/alohasurfacademy.com\/es\/wp-json\/wp\/v2\/pages\/9401","targetHints":{"allow":["GET"]}}],"collection":[{"href":"https:\/\/alohasurfacademy.com\/es\/wp-json\/wp\/v2\/pages"}],"about":[{"href":"https:\/\/alohasurfacademy.com\/es\/wp-json\/wp\/v2\/types\/page"}],"author":[{"embeddable":true,"href":"https:\/\/alohasurfacademy.com\/es\/wp-json\/wp\/v2\/users\/3"}],"replies":[{"embeddable":true,"href":"https:\/\/alohasurfacademy.com\/es\/wp-json\/wp\/v2\/comments?post=9401"}],"version-history":[{"count":0,"href":"https:\/\/alohasurfacademy.com\/es\/wp-json\/wp\/v2\/pages\/9401\/revisions"}],"up":[{"embeddable":true,"href":"https:\/\/alohasurfacademy.com\/es\/wp-json\/wp\/v2\/pages\/652"}],"wp:attachment":[{"href":"https:\/\/alohasurfacademy.com\/es\/wp-json\/wp\/v2\/media?parent=9401"}],"curies":[{"name":"wp","href":"https:\/\/api.w.org\/{rel}","templated":true}]}}