{"id":350,"date":"2021-04-03T10:22:11","date_gmt":"2021-04-03T09:22:11","guid":{"rendered":"http:\/\/www.alohasurfacademy.ch\/xyz\/?page_id=350"},"modified":"2024-01-31T17:48:27","modified_gmt":"2024-01-31T17:48:27","slug":"about-us","status":"publish","type":"page","link":"https:\/\/alohasurfacademy.com\/fr\/about-us\/","title":{"rendered":"Acad\u00e9mie Info"},"content":{"rendered":"<h3>Informations diverses cours de surf<\/h3>\n<p>Notre \u00e9cole correspond \u00e0 des personnes sportives, impliqu\u00e9es, motiv\u00e9es et d\u00e9sireuses d\u2019apprendre le surf ou de continuer leur apprentissage <strong>dans un cadre s\u00e9rieux.\u00a0<\/strong><\/p>\n<p><strong>Notre instructeur Alex<\/strong> est directif, impliqu\u00e9, patient et encourageant \u00e0 la plage. Lors des transports ou des activit\u00e9s ; il est jovial et heureux de partager son quotidien avec vous et faire votre connaissance.<\/p>\n<p><strong>HORAIRE<\/strong> EN FONCTION DES CONDITIONS: en g\u00e9n\u00e9ral, d\u00e9part vers 10.30 ou 14.30<br \/>\n<strong>BASE DE DUREE<\/strong>: 5 \u00e0 6 heures*<br \/>\n<strong>LANGUE D&rsquo;ENSEIGNEMENT<\/strong> : FRA \/ ANG \/ ESP \/ ITA \/ DUT \/ ALL<br \/>\n<strong>TARIF<\/strong>: d\u00e8s 65 euros. Rabais \u00e0 partir de 4 jours de cours (tarifs <a href=\"http:\/\/www.alohasurfacademy.ch\/prix-informations-de-reservation\/?lang=fr\">ici<\/a>)<br \/>\n<strong>INCLUS<\/strong>:<\/p>\n<ul>\n<li>Ramassage \u00e0 votre logement \u00e0 Corralejo ou rencontre \u00e0 la place du village de Lajares<\/li>\n<li>Entra\u00eenement de surf skate (carver)<\/li>\n<li>transfert \u00e0 la plage et retour<\/li>\n<li>mat\u00e9riel de surf planche\/ combinaison<\/li>\n<li>cours de haute qualit\u00e9 en fran\u00e7ais<\/li>\n<li>session de free surf apr\u00e8s le cours<\/li>\n<li>encadrement par un coach pro surfeur &amp; sauveteur en mer<\/li>\n<li>certificats de surf d\u00e8s 4 jours de cours<\/li>\n<li>assurance responsabilit\u00e9 civile<\/li>\n<li>\u00a0th\u00e9orie en g\u00e9n\u00e9ral les mercredis et analyses photos les vendredis<\/li>\n<li>Amenez votre cl\u00e9 USB pour emporter vos clich\u00e9s de surf !<\/li>\n<li>Exclusivit\u00e9 &#8211; Zone VIP : un seul groupe par jour et max 6 \u00e9l\u00e8ves<\/li>\n<\/ul>\n<p>*<strong>seulement 1 groupe<\/strong> par jour chez aloha = vous <strong>vous sentirez privil\u00e9gi\u00e9s<\/strong> comme nous avons un seul groupe par jour, avec un horaire souple et c&rsquo;est plus qu&rsquo;un cours de surf, mais aussi une exp\u00e9rience enrichissante en relation humaine. Pas de stress de quitter la plage ou la terrace de \u00ab\u00a0l&rsquo;apr\u00e8s-surf\u00a0\u00bb! <strong>La th\u00e9orie<\/strong> est souvent donn\u00e9e autour d\u2019un d\u00e9licieux smoothies \/caf\u00e9 sur le chemin du retour de la plage. De plus, en fin de semaine est organis\u00e9 un lunch ou dinner avec une <strong>session d\u2019analyses de vos photos de surf<\/strong>. Nous partageons avec vous notre style de vie des \u00eeles ainsi que nos id\u00e9es sur une vie saine et la pr\u00e9servation de l&rsquo;environnement. La dur\u00e9e 5-6 heures est une base pour vous organiser.<\/p>\n<p><strong>SPOTS DE SURF:<\/strong> Grandes Playas de Corralejo, El Morro, Rocky Point, el Cotillo, Punta blanca, caleta, etc.<br \/>\n<strong>RESERVATION<\/strong> : par whatsapp \/ t\u00e9l\u00e9phone \/ email<br \/>\n<strong>INFORMATIONS DEMANDEES<\/strong>: nom complet \/ taille + kilos \/ t\u00e9l\u00e9phone \/ logement pour le ramassage<br \/>\n<strong>REGLEMENT<\/strong>: en liquidit\u00e9 \/ paypal \/ transfert bancaire<br \/>\n<strong>A EMPORTER :<\/strong> pique-nique\/ affaires de plage \/ basquettes \u00e0 semelles plates pour le surf skate \/cash pour r\u00e9gler le solde d\u00fb le premier jour \/ cl\u00e9 USB pour vos photos de surf<\/p>\n<p><a href=\"https:\/\/alohasurfacademy.com\/wp-content\/uploads\/\/magasine2-1024x681.jpg\"><img loading=\"lazy\" decoding=\"async\" class=\"wp-image-4028 size-large\" src=\"https:\/\/alohasurfacademy.com\/wp-content\/uploads\/\/magasine2-1024x681.jpg\" alt=\"SONY DSC\" width=\"606\" height=\"403\" srcset=\"https:\/\/alohasurfacademy.com\/wp-content\/uploads\/magasine2-1024x681.jpg 1024w, https:\/\/alohasurfacademy.com\/wp-content\/uploads\/magasine2-300x200.jpg 300w\" sizes=\"(max-width: 606px) 100vw, 606px\" \/><\/a><\/p>\n<h3>what else?<\/h3>\n<p>Alex, le professeur, a un certificat \u00abISA International Surf Association \u00bb d\u2019instructeur de surf &amp; une qualification de sauveteur de plage remis par la \u00abRoyal Life Saving Society UK\u00bb<\/p>\n<p>Notre cours de surf demande des efforts physiques intenses. <strong>Une pause pendant le cours<\/strong> assure un meilleur succ\u00e8s du stage de surf! C\u2019est pourquoi notre \u00e9cole insiste pour que nos \u00e9l\u00e8ves aient un jour de r\u00e9cup\u00e9ration tous les 3 jours. En offrant une pause \u00e0 votre corps, vous aurez plus de power pour mettre en pratique ce qui a \u00e9t\u00e9 appris les jours pr\u00e9c\u00e9dents &amp; continuer l&rsquo;apprentissage avec l&rsquo;\u00e9nergie n\u00e9cessaire!<\/p>\n","protected":false},"excerpt":{"rendered":"<p>Informations diverses cours de surf Notre \u00e9cole correspond \u00e0 des personnes sportives, impliqu\u00e9es, motiv\u00e9es et d\u00e9sireuses d\u2019apprendre le surf ou de continuer leur apprentissage dans un cadre s\u00e9rieux.\u00a0 Notre instructeur Alex est directif, impliqu\u00e9, patient et encourageant \u00e0 la plage. Lors des transports ou des activit\u00e9s ; il est jovial et heureux de partager son [&hellip;]<\/p>\n","protected":false},"author":2,"featured_media":0,"parent":0,"menu_order":0,"comment_status":"closed","ping_status":"closed","template":"","meta":{"footnotes":""},"class_list":["post-350","page","type-page","status-publish","hentry"],"yoast_head":"<!-- This site is optimized with the Yoast SEO plugin v27.5 - https:\/\/yoast.com\/product\/yoast-seo-wordpress\/ -->\n<title>Acad\u00e9mie Info - Aloha Surf Academy - The best surf school and surf camps in Fuerteventura - Corralejo<\/title>\n<meta name=\"robots\" content=\"index, follow, max-snippet:-1, max-image-preview:large, max-video-preview:-1\" \/>\n<link rel=\"canonical\" href=\"https:\/\/alohasurfacademy.com\/fr\/about-us\/\" \/>\n<meta property=\"og:locale\" content=\"fr_FR\" \/>\n<meta property=\"og:type\" content=\"article\" \/>\n<meta property=\"og:title\" content=\"Acad\u00e9mie Info - Aloha Surf Academy - The best surf school and surf camps in Fuerteventura - Corralejo\" \/>\n<meta property=\"og:description\" content=\"Informations diverses cours de surf Notre \u00e9cole correspond \u00e0 des personnes sportives, impliqu\u00e9es, motiv\u00e9es et d\u00e9sireuses d\u2019apprendre le surf ou de continuer leur apprentissage dans un cadre s\u00e9rieux.\u00a0 Notre instructeur Alex est directif, impliqu\u00e9, patient et encourageant \u00e0 la plage. Lors des transports ou des activit\u00e9s ; il est jovial et heureux de partager son [&hellip;]\" \/>\n<meta property=\"og:url\" content=\"https:\/\/alohasurfacademy.com\/fr\/about-us\/\" \/>\n<meta property=\"og:site_name\" content=\"Aloha Surf Academy - The best surf school and surf camps in Fuerteventura - Corralejo\" \/>\n<meta property=\"article:modified_time\" content=\"2024-01-31T17:48:27+00:00\" \/>\n<meta property=\"og:image\" content=\"https:\/\/alohasurfacademy.com\/wp-content\/uploads\/\/magasine2-1024x681.jpg\" \/>\n<meta name=\"twitter:card\" content=\"summary_large_image\" \/>\n<meta name=\"twitter:label1\" content=\"Dur\u00e9e de lecture estim\u00e9e\" \/>\n\t<meta name=\"twitter:data1\" content=\"3 minutes\" \/>\n<script type=\"application\/ld+json\" class=\"yoast-schema-graph\">{\"@context\":\"https:\\\/\\\/schema.org\",\"@graph\":[{\"@type\":\"WebPage\",\"@id\":\"https:\\\/\\\/alohasurfacademy.com\\\/fr\\\/about-us\\\/\",\"url\":\"https:\\\/\\\/alohasurfacademy.com\\\/fr\\\/about-us\\\/\",\"name\":\"Acad\u00e9mie Info - Aloha Surf Academy - The best surf school and surf camps in Fuerteventura - Corralejo\",\"isPartOf\":{\"@id\":\"https:\\\/\\\/alohasurfacademy.com\\\/fr\\\/#website\"},\"primaryImageOfPage\":{\"@id\":\"https:\\\/\\\/alohasurfacademy.com\\\/fr\\\/about-us\\\/#primaryimage\"},\"image\":{\"@id\":\"https:\\\/\\\/alohasurfacademy.com\\\/fr\\\/about-us\\\/#primaryimage\"},\"thumbnailUrl\":\"https:\\\/\\\/alohasurfacademy.com\\\/wp-content\\\/uploads\\\/\\\/magasine2-1024x681.jpg\",\"datePublished\":\"2021-04-03T09:22:11+00:00\",\"dateModified\":\"2024-01-31T17:48:27+00:00\",\"breadcrumb\":{\"@id\":\"https:\\\/\\\/alohasurfacademy.com\\\/fr\\\/about-us\\\/#breadcrumb\"},\"inLanguage\":\"fr-FR\",\"potentialAction\":[{\"@type\":\"ReadAction\",\"target\":[\"https:\\\/\\\/alohasurfacademy.com\\\/fr\\\/about-us\\\/\"]}]},{\"@type\":\"ImageObject\",\"inLanguage\":\"fr-FR\",\"@id\":\"https:\\\/\\\/alohasurfacademy.com\\\/fr\\\/about-us\\\/#primaryimage\",\"url\":\"https:\\\/\\\/alohasurfacademy.com\\\/wp-content\\\/uploads\\\/\\\/magasine2-1024x681.jpg\",\"contentUrl\":\"https:\\\/\\\/alohasurfacademy.com\\\/wp-content\\\/uploads\\\/\\\/magasine2-1024x681.jpg\"},{\"@type\":\"BreadcrumbList\",\"@id\":\"https:\\\/\\\/alohasurfacademy.com\\\/fr\\\/about-us\\\/#breadcrumb\",\"itemListElement\":[{\"@type\":\"ListItem\",\"position\":1,\"name\":\"Home\",\"item\":\"https:\\\/\\\/alohasurfacademy.com\\\/fr\\\/\"},{\"@type\":\"ListItem\",\"position\":2,\"name\":\"Acad\u00e9mie Info\"}]},{\"@type\":\"WebSite\",\"@id\":\"https:\\\/\\\/alohasurfacademy.com\\\/fr\\\/#website\",\"url\":\"https:\\\/\\\/alohasurfacademy.com\\\/fr\\\/\",\"name\":\"Aloha Surf Academy - The best surf school and surf camps in Fuerteventura - Corralejo\",\"description\":\"Surf School, Surf Camp, Surfing Class, Surf Course in Corralejo - Fuerteventura\",\"potentialAction\":[{\"@type\":\"SearchAction\",\"target\":{\"@type\":\"EntryPoint\",\"urlTemplate\":\"https:\\\/\\\/alohasurfacademy.com\\\/fr\\\/?s={search_term_string}\"},\"query-input\":{\"@type\":\"PropertyValueSpecification\",\"valueRequired\":true,\"valueName\":\"search_term_string\"}}],\"inLanguage\":\"fr-FR\"}]}<\/script>\n<!-- \/ Yoast SEO plugin. -->","yoast_head_json":{"title":"Acad\u00e9mie Info - Aloha Surf Academy - The best surf school and surf camps in Fuerteventura - Corralejo","robots":{"index":"index","follow":"follow","max-snippet":"max-snippet:-1","max-image-preview":"max-image-preview:large","max-video-preview":"max-video-preview:-1"},"canonical":"https:\/\/alohasurfacademy.com\/fr\/about-us\/","og_locale":"fr_FR","og_type":"article","og_title":"Acad\u00e9mie Info - Aloha Surf Academy - The best surf school and surf camps in Fuerteventura - Corralejo","og_description":"Informations diverses cours de surf Notre \u00e9cole correspond \u00e0 des personnes sportives, impliqu\u00e9es, motiv\u00e9es et d\u00e9sireuses d\u2019apprendre le surf ou de continuer leur apprentissage dans un cadre s\u00e9rieux.\u00a0 Notre instructeur Alex est directif, impliqu\u00e9, patient et encourageant \u00e0 la plage. Lors des transports ou des activit\u00e9s ; il est jovial et heureux de partager son [&hellip;]","og_url":"https:\/\/alohasurfacademy.com\/fr\/about-us\/","og_site_name":"Aloha Surf Academy - The best surf school and surf camps in Fuerteventura - Corralejo","article_modified_time":"2024-01-31T17:48:27+00:00","og_image":[{"url":"https:\/\/alohasurfacademy.com\/wp-content\/uploads\/\/magasine2-1024x681.jpg","type":"","width":"","height":""}],"twitter_card":"summary_large_image","twitter_misc":{"Dur\u00e9e de lecture estim\u00e9e":"3 minutes"},"schema":{"@context":"https:\/\/schema.org","@graph":[{"@type":"WebPage","@id":"https:\/\/alohasurfacademy.com\/fr\/about-us\/","url":"https:\/\/alohasurfacademy.com\/fr\/about-us\/","name":"Acad\u00e9mie Info - Aloha Surf Academy - The best surf school and surf camps in Fuerteventura - Corralejo","isPartOf":{"@id":"https:\/\/alohasurfacademy.com\/fr\/#website"},"primaryImageOfPage":{"@id":"https:\/\/alohasurfacademy.com\/fr\/about-us\/#primaryimage"},"image":{"@id":"https:\/\/alohasurfacademy.com\/fr\/about-us\/#primaryimage"},"thumbnailUrl":"https:\/\/alohasurfacademy.com\/wp-content\/uploads\/\/magasine2-1024x681.jpg","datePublished":"2021-04-03T09:22:11+00:00","dateModified":"2024-01-31T17:48:27+00:00","breadcrumb":{"@id":"https:\/\/alohasurfacademy.com\/fr\/about-us\/#breadcrumb"},"inLanguage":"fr-FR","potentialAction":[{"@type":"ReadAction","target":["https:\/\/alohasurfacademy.com\/fr\/about-us\/"]}]},{"@type":"ImageObject","inLanguage":"fr-FR","@id":"https:\/\/alohasurfacademy.com\/fr\/about-us\/#primaryimage","url":"https:\/\/alohasurfacademy.com\/wp-content\/uploads\/\/magasine2-1024x681.jpg","contentUrl":"https:\/\/alohasurfacademy.com\/wp-content\/uploads\/\/magasine2-1024x681.jpg"},{"@type":"BreadcrumbList","@id":"https:\/\/alohasurfacademy.com\/fr\/about-us\/#breadcrumb","itemListElement":[{"@type":"ListItem","position":1,"name":"Home","item":"https:\/\/alohasurfacademy.com\/fr\/"},{"@type":"ListItem","position":2,"name":"Acad\u00e9mie Info"}]},{"@type":"WebSite","@id":"https:\/\/alohasurfacademy.com\/fr\/#website","url":"https:\/\/alohasurfacademy.com\/fr\/","name":"Aloha Surf Academy - The best surf school and surf camps in Fuerteventura - Corralejo","description":"Surf School, Surf Camp, Surfing Class, Surf Course in Corralejo - Fuerteventura","potentialAction":[{"@type":"SearchAction","target":{"@type":"EntryPoint","urlTemplate":"https:\/\/alohasurfacademy.com\/fr\/?s={search_term_string}"},"query-input":{"@type":"PropertyValueSpecification","valueRequired":true,"valueName":"search_term_string"}}],"inLanguage":"fr-FR"}]}},"_links":{"self":[{"href":"https:\/\/alohasurfacademy.com\/fr\/wp-json\/wp\/v2\/pages\/350","targetHints":{"allow":["GET"]}}],"collection":[{"href":"https:\/\/alohasurfacademy.com\/fr\/wp-json\/wp\/v2\/pages"}],"about":[{"href":"https:\/\/alohasurfacademy.com\/fr\/wp-json\/wp\/v2\/types\/page"}],"author":[{"embeddable":true,"href":"https:\/\/alohasurfacademy.com\/fr\/wp-json\/wp\/v2\/users\/2"}],"replies":[{"embeddable":true,"href":"https:\/\/alohasurfacademy.com\/fr\/wp-json\/wp\/v2\/comments?post=350"}],"version-history":[{"count":38,"href":"https:\/\/alohasurfacademy.com\/fr\/wp-json\/wp\/v2\/pages\/350\/revisions"}],"predecessor-version":[{"id":7654,"href":"https:\/\/alohasurfacademy.com\/fr\/wp-json\/wp\/v2\/pages\/350\/revisions\/7654"}],"wp:attachment":[{"href":"https:\/\/alohasurfacademy.com\/fr\/wp-json\/wp\/v2\/media?parent=350"}],"curies":[{"name":"wp","href":"https:\/\/api.w.org\/{rel}","templated":true}]}}