{"id":371,"date":"2021-04-03T10:22:28","date_gmt":"2021-04-03T09:22:28","guid":{"rendered":"http:\/\/www.alohasurfacademy.ch\/xyz\/?page_id=371"},"modified":"2024-08-23T10:20:41","modified_gmt":"2024-08-23T10:20:41","slug":"the-team","status":"publish","type":"page","link":"https:\/\/alohasurfacademy.com\/fr\/about-us\/the-team\/","title":{"rendered":"l&rsquo;\u00e9quipe Aloha"},"content":{"rendered":"<h1 style=\"text-align: left;\">Alex &#8211; Head Coach<\/h1>\n<p style=\"text-align: left;\"><strong><img loading=\"lazy\" decoding=\"async\" class=\"alignleft wp-image-5629 size-medium\" src=\"https:\/\/alohasurfacademy.com\/wp-content\/uploads\/\/aba4c68d-ebb4-4aa6-a688-4037fec0b243-246x300.jpg\" alt=\"\" width=\"246\" height=\"300\" srcset=\"https:\/\/alohasurfacademy.com\/wp-content\/uploads\/aba4c68d-ebb4-4aa6-a688-4037fec0b243-246x300.jpg 246w, https:\/\/alohasurfacademy.com\/wp-content\/uploads\/aba4c68d-ebb4-4aa6-a688-4037fec0b243-840x1024.jpg 840w, https:\/\/alohasurfacademy.com\/wp-content\/uploads\/aba4c68d-ebb4-4aa6-a688-4037fec0b243-768x937.jpg 768w, https:\/\/alohasurfacademy.com\/wp-content\/uploads\/aba4c68d-ebb4-4aa6-a688-4037fec0b243-1260x1536.jpg 1260w, https:\/\/alohasurfacademy.com\/wp-content\/uploads\/aba4c68d-ebb4-4aa6-a688-4037fec0b243.jpg 1312w\" sizes=\"(max-width: 246px) 100vw, 246px\" \/><\/strong>C\u2019est en 2006, que j\u2019ai d\u00e9barqu\u00e9 \u00e0 Fuerteventura, pour un s\u00e9jour windsurf avec des amis. La simplicit\u00e9 de l\u2019\u00eele, le calme et le vaste terrain de jeux pour la pratique des sports nautiques m\u2019ont conquis. Je ne suis jamais reparti\u00a0!<\/p>\n<p>En Allemagne, j&rsquo;ai \u00e9t\u00e9 professeur des \u00e9coles et ai \u00e9tudi\u00e9 la science du sport. <strong>A l\u2019acad\u00e9mie de surf.<\/strong> je t\u2019encadre m\u00e9thodologiquement, tout en partageant ma passion du surf, de l\u2019oc\u00e9an et mes connaissances nutritionnelles pour les surfeurs.<\/p>\n<p>En dehors de l\u2019eau sal\u00e9e, j\u2019ai comme passion la <a href=\"https:\/\/alohasurfacademy.com\/5734\/?lang=fr\">permaculture<\/a>! Mes derniers projets en date sont la cr\u00e9ation d\u2019une ferme agricole communautaire dans le nord de Fuerteventura et un bassin de pisciculture\u00a0! Jette un \u0153il \u00e0 mes projets et aventures\u00a0: <a href=\"https:\/\/instagram.com\/alex2aloha?igshid=YmMyMTA2M2Y=\">A. H\u00fclsberg Permaculture<\/a><\/p>\n<h1 style=\"text-align: right;\">Sophie \u2013 Manager<\/h1>\n<p><img loading=\"lazy\" decoding=\"async\" class=\"wp-image-5630 size-medium alignright\" src=\"https:\/\/alohasurfacademy.com\/wp-content\/uploads\/\/567fb31e-9f76-4caf-bb5f-241551e61b27-274x300.jpg\" alt=\"\" width=\"274\" height=\"300\" srcset=\"https:\/\/alohasurfacademy.com\/wp-content\/uploads\/567fb31e-9f76-4caf-bb5f-241551e61b27-274x300.jpg 274w, https:\/\/alohasurfacademy.com\/wp-content\/uploads\/567fb31e-9f76-4caf-bb5f-241551e61b27-768x841.jpg 768w, https:\/\/alohasurfacademy.com\/wp-content\/uploads\/567fb31e-9f76-4caf-bb5f-241551e61b27.jpg 919w\" sizes=\"(max-width: 274px) 100vw, 274px\" \/>Suissesse- aimant la chaleur, l&rsquo;oc\u00e9an et la vie des \u00eeles : j&rsquo;ai immigr\u00e9 sur le rock en 2010. Ensuite, le grand voyage a commenc\u00e9 : lancement de notre acad\u00e9mie de surf, mariage, naissance de notre fille Nayra, voyages de surf et de nombreuses aventures. J&rsquo;ai appris sur l&rsquo;\u00eele \u00e0 surfer, \u00e0 plonger, \u00e0 faire du SUP et \u00e0 vivre plus simplement et ralentir de rythme de vie !<\/p>\n<p>Egalement, en pleine pand\u00e9mie, j&rsquo;ai eu la superbe opportunit\u00e9 de faire un stage de voile et une formation de gu\u00e9rison Reiki &amp; de massage indien ! Le d\u00e9veloppement personnel, cela me conna\u00eet &#8211; je suis r\u00e9guli\u00e8rement diverses formations !<\/p>\n<p>Aussi, lors de mon \u00ab\u00a0ancienne vie\u00a0\u00bb ayant travaill\u00e9 au CICR (Comit\u00e9 Int. de la Croix-Rouge), c&rsquo;est tout naturellement, que j&rsquo;ai postul\u00e9 en tant que volontaire \u00e0 la Croix-Rouge espagnole locale.<\/p>\n<p><strong>Je suis votre contact pour votre r\u00e9servation de cours de surf\/trip de surf<\/strong> sur notre belle \u00eele paradisiaques, et je vous invite \u00e0 faire une s\u00e9ance de <a href=\"https:\/\/alohasurfacademy.com\/fr\/wellness-package-printemps-2022\/?lang=fr\">Reiki<\/a>, si \u00e7a r\u00e9sonne en vous. \ud83d\ude0a Aloha,<\/p>\n<h1><\/h1>\n","protected":false},"excerpt":{"rendered":"<p>Alex &#8211; Head Coach C\u2019est en 2006, que j\u2019ai d\u00e9barqu\u00e9 \u00e0 Fuerteventura, pour un s\u00e9jour windsurf avec des amis. La simplicit\u00e9 de l\u2019\u00eele, le calme et le vaste terrain de jeux pour la pratique des sports nautiques m\u2019ont conquis. Je ne suis jamais reparti\u00a0! En Allemagne, j&rsquo;ai \u00e9t\u00e9 professeur des \u00e9coles et ai \u00e9tudi\u00e9 la [&hellip;]<\/p>\n","protected":false},"author":2,"featured_media":0,"parent":350,"menu_order":0,"comment_status":"closed","ping_status":"closed","template":"","meta":{"footnotes":""},"class_list":["post-371","page","type-page","status-publish","hentry"],"yoast_head":"<!-- This site is optimized with the Yoast SEO plugin v27.5 - https:\/\/yoast.com\/product\/yoast-seo-wordpress\/ -->\n<title>l&#039;\u00e9quipe Aloha - Aloha Surf Academy - The best surf school and surf camps in Fuerteventura - Corralejo<\/title>\n<meta name=\"robots\" content=\"index, follow, max-snippet:-1, max-image-preview:large, max-video-preview:-1\" \/>\n<link rel=\"canonical\" href=\"https:\/\/alohasurfacademy.com\/fr\/about-us\/the-team\/\" \/>\n<meta property=\"og:locale\" content=\"fr_FR\" \/>\n<meta property=\"og:type\" content=\"article\" \/>\n<meta property=\"og:title\" content=\"l&#039;\u00e9quipe Aloha - Aloha Surf Academy - The best surf school and surf camps in Fuerteventura - Corralejo\" \/>\n<meta property=\"og:description\" content=\"Alex &#8211; Head Coach C\u2019est en 2006, que j\u2019ai d\u00e9barqu\u00e9 \u00e0 Fuerteventura, pour un s\u00e9jour windsurf avec des amis. La simplicit\u00e9 de l\u2019\u00eele, le calme et le vaste terrain de jeux pour la pratique des sports nautiques m\u2019ont conquis. Je ne suis jamais reparti\u00a0! En Allemagne, j&rsquo;ai \u00e9t\u00e9 professeur des \u00e9coles et ai \u00e9tudi\u00e9 la [&hellip;]\" \/>\n<meta property=\"og:url\" content=\"https:\/\/alohasurfacademy.com\/fr\/about-us\/the-team\/\" \/>\n<meta property=\"og:site_name\" content=\"Aloha Surf Academy - The best surf school and surf camps in Fuerteventura - Corralejo\" \/>\n<meta property=\"article:modified_time\" content=\"2024-08-23T10:20:41+00:00\" \/>\n<meta property=\"og:image\" content=\"https:\/\/alohasurfacademy.com\/wp-content\/uploads\/\/aba4c68d-ebb4-4aa6-a688-4037fec0b243-246x300.jpg\" \/>\n<meta name=\"twitter:card\" content=\"summary_large_image\" \/>\n<meta name=\"twitter:label1\" content=\"Dur\u00e9e de lecture estim\u00e9e\" \/>\n\t<meta name=\"twitter:data1\" content=\"2 minutes\" \/>\n<script type=\"application\/ld+json\" class=\"yoast-schema-graph\">{\"@context\":\"https:\\\/\\\/schema.org\",\"@graph\":[{\"@type\":\"WebPage\",\"@id\":\"https:\\\/\\\/alohasurfacademy.com\\\/fr\\\/about-us\\\/the-team\\\/\",\"url\":\"https:\\\/\\\/alohasurfacademy.com\\\/fr\\\/about-us\\\/the-team\\\/\",\"name\":\"l'\u00e9quipe Aloha - Aloha Surf Academy - The best surf school and surf camps in Fuerteventura - Corralejo\",\"isPartOf\":{\"@id\":\"https:\\\/\\\/alohasurfacademy.com\\\/fr\\\/#website\"},\"primaryImageOfPage\":{\"@id\":\"https:\\\/\\\/alohasurfacademy.com\\\/fr\\\/about-us\\\/the-team\\\/#primaryimage\"},\"image\":{\"@id\":\"https:\\\/\\\/alohasurfacademy.com\\\/fr\\\/about-us\\\/the-team\\\/#primaryimage\"},\"thumbnailUrl\":\"https:\\\/\\\/alohasurfacademy.com\\\/wp-content\\\/uploads\\\/\\\/aba4c68d-ebb4-4aa6-a688-4037fec0b243-246x300.jpg\",\"datePublished\":\"2021-04-03T09:22:28+00:00\",\"dateModified\":\"2024-08-23T10:20:41+00:00\",\"breadcrumb\":{\"@id\":\"https:\\\/\\\/alohasurfacademy.com\\\/fr\\\/about-us\\\/the-team\\\/#breadcrumb\"},\"inLanguage\":\"fr-FR\",\"potentialAction\":[{\"@type\":\"ReadAction\",\"target\":[\"https:\\\/\\\/alohasurfacademy.com\\\/fr\\\/about-us\\\/the-team\\\/\"]}]},{\"@type\":\"ImageObject\",\"inLanguage\":\"fr-FR\",\"@id\":\"https:\\\/\\\/alohasurfacademy.com\\\/fr\\\/about-us\\\/the-team\\\/#primaryimage\",\"url\":\"https:\\\/\\\/alohasurfacademy.com\\\/wp-content\\\/uploads\\\/\\\/aba4c68d-ebb4-4aa6-a688-4037fec0b243-246x300.jpg\",\"contentUrl\":\"https:\\\/\\\/alohasurfacademy.com\\\/wp-content\\\/uploads\\\/\\\/aba4c68d-ebb4-4aa6-a688-4037fec0b243-246x300.jpg\"},{\"@type\":\"BreadcrumbList\",\"@id\":\"https:\\\/\\\/alohasurfacademy.com\\\/fr\\\/about-us\\\/the-team\\\/#breadcrumb\",\"itemListElement\":[{\"@type\":\"ListItem\",\"position\":1,\"name\":\"Home\",\"item\":\"https:\\\/\\\/alohasurfacademy.com\\\/fr\\\/\"},{\"@type\":\"ListItem\",\"position\":2,\"name\":\"Acad\u00e9mie Info\",\"item\":\"https:\\\/\\\/alohasurfacademy.com\\\/fr\\\/about-us\\\/?lang=fr\"},{\"@type\":\"ListItem\",\"position\":3,\"name\":\"l&#8217;\u00e9quipe Aloha\"}]},{\"@type\":\"WebSite\",\"@id\":\"https:\\\/\\\/alohasurfacademy.com\\\/fr\\\/#website\",\"url\":\"https:\\\/\\\/alohasurfacademy.com\\\/fr\\\/\",\"name\":\"Aloha Surf Academy - The best surf school and surf camps in Fuerteventura - Corralejo\",\"description\":\"Surf School, Surf Camp, Surfing Class, Surf Course in Corralejo - Fuerteventura\",\"potentialAction\":[{\"@type\":\"SearchAction\",\"target\":{\"@type\":\"EntryPoint\",\"urlTemplate\":\"https:\\\/\\\/alohasurfacademy.com\\\/fr\\\/?s={search_term_string}\"},\"query-input\":{\"@type\":\"PropertyValueSpecification\",\"valueRequired\":true,\"valueName\":\"search_term_string\"}}],\"inLanguage\":\"fr-FR\"}]}<\/script>\n<!-- \/ Yoast SEO plugin. -->","yoast_head_json":{"title":"l'\u00e9quipe Aloha - Aloha Surf Academy - The best surf school and surf camps in Fuerteventura - Corralejo","robots":{"index":"index","follow":"follow","max-snippet":"max-snippet:-1","max-image-preview":"max-image-preview:large","max-video-preview":"max-video-preview:-1"},"canonical":"https:\/\/alohasurfacademy.com\/fr\/about-us\/the-team\/","og_locale":"fr_FR","og_type":"article","og_title":"l'\u00e9quipe Aloha - Aloha Surf Academy - The best surf school and surf camps in Fuerteventura - Corralejo","og_description":"Alex &#8211; Head Coach C\u2019est en 2006, que j\u2019ai d\u00e9barqu\u00e9 \u00e0 Fuerteventura, pour un s\u00e9jour windsurf avec des amis. La simplicit\u00e9 de l\u2019\u00eele, le calme et le vaste terrain de jeux pour la pratique des sports nautiques m\u2019ont conquis. Je ne suis jamais reparti\u00a0! En Allemagne, j&rsquo;ai \u00e9t\u00e9 professeur des \u00e9coles et ai \u00e9tudi\u00e9 la [&hellip;]","og_url":"https:\/\/alohasurfacademy.com\/fr\/about-us\/the-team\/","og_site_name":"Aloha Surf Academy - The best surf school and surf camps in Fuerteventura - Corralejo","article_modified_time":"2024-08-23T10:20:41+00:00","og_image":[{"url":"https:\/\/alohasurfacademy.com\/wp-content\/uploads\/\/aba4c68d-ebb4-4aa6-a688-4037fec0b243-246x300.jpg","type":"","width":"","height":""}],"twitter_card":"summary_large_image","twitter_misc":{"Dur\u00e9e de lecture estim\u00e9e":"2 minutes"},"schema":{"@context":"https:\/\/schema.org","@graph":[{"@type":"WebPage","@id":"https:\/\/alohasurfacademy.com\/fr\/about-us\/the-team\/","url":"https:\/\/alohasurfacademy.com\/fr\/about-us\/the-team\/","name":"l'\u00e9quipe Aloha - Aloha Surf Academy - The best surf school and surf camps in Fuerteventura - Corralejo","isPartOf":{"@id":"https:\/\/alohasurfacademy.com\/fr\/#website"},"primaryImageOfPage":{"@id":"https:\/\/alohasurfacademy.com\/fr\/about-us\/the-team\/#primaryimage"},"image":{"@id":"https:\/\/alohasurfacademy.com\/fr\/about-us\/the-team\/#primaryimage"},"thumbnailUrl":"https:\/\/alohasurfacademy.com\/wp-content\/uploads\/\/aba4c68d-ebb4-4aa6-a688-4037fec0b243-246x300.jpg","datePublished":"2021-04-03T09:22:28+00:00","dateModified":"2024-08-23T10:20:41+00:00","breadcrumb":{"@id":"https:\/\/alohasurfacademy.com\/fr\/about-us\/the-team\/#breadcrumb"},"inLanguage":"fr-FR","potentialAction":[{"@type":"ReadAction","target":["https:\/\/alohasurfacademy.com\/fr\/about-us\/the-team\/"]}]},{"@type":"ImageObject","inLanguage":"fr-FR","@id":"https:\/\/alohasurfacademy.com\/fr\/about-us\/the-team\/#primaryimage","url":"https:\/\/alohasurfacademy.com\/wp-content\/uploads\/\/aba4c68d-ebb4-4aa6-a688-4037fec0b243-246x300.jpg","contentUrl":"https:\/\/alohasurfacademy.com\/wp-content\/uploads\/\/aba4c68d-ebb4-4aa6-a688-4037fec0b243-246x300.jpg"},{"@type":"BreadcrumbList","@id":"https:\/\/alohasurfacademy.com\/fr\/about-us\/the-team\/#breadcrumb","itemListElement":[{"@type":"ListItem","position":1,"name":"Home","item":"https:\/\/alohasurfacademy.com\/fr\/"},{"@type":"ListItem","position":2,"name":"Acad\u00e9mie Info","item":"https:\/\/alohasurfacademy.com\/fr\/about-us\/?lang=fr"},{"@type":"ListItem","position":3,"name":"l&#8217;\u00e9quipe Aloha"}]},{"@type":"WebSite","@id":"https:\/\/alohasurfacademy.com\/fr\/#website","url":"https:\/\/alohasurfacademy.com\/fr\/","name":"Aloha Surf Academy - The best surf school and surf camps in Fuerteventura - Corralejo","description":"Surf School, Surf Camp, Surfing Class, Surf Course in Corralejo - Fuerteventura","potentialAction":[{"@type":"SearchAction","target":{"@type":"EntryPoint","urlTemplate":"https:\/\/alohasurfacademy.com\/fr\/?s={search_term_string}"},"query-input":{"@type":"PropertyValueSpecification","valueRequired":true,"valueName":"search_term_string"}}],"inLanguage":"fr-FR"}]}},"_links":{"self":[{"href":"https:\/\/alohasurfacademy.com\/fr\/wp-json\/wp\/v2\/pages\/371","targetHints":{"allow":["GET"]}}],"collection":[{"href":"https:\/\/alohasurfacademy.com\/fr\/wp-json\/wp\/v2\/pages"}],"about":[{"href":"https:\/\/alohasurfacademy.com\/fr\/wp-json\/wp\/v2\/types\/page"}],"author":[{"embeddable":true,"href":"https:\/\/alohasurfacademy.com\/fr\/wp-json\/wp\/v2\/users\/2"}],"replies":[{"embeddable":true,"href":"https:\/\/alohasurfacademy.com\/fr\/wp-json\/wp\/v2\/comments?post=371"}],"version-history":[{"count":80,"href":"https:\/\/alohasurfacademy.com\/fr\/wp-json\/wp\/v2\/pages\/371\/revisions"}],"predecessor-version":[{"id":9136,"href":"https:\/\/alohasurfacademy.com\/fr\/wp-json\/wp\/v2\/pages\/371\/revisions\/9136"}],"up":[{"embeddable":true,"href":"https:\/\/alohasurfacademy.com\/fr\/wp-json\/wp\/v2\/pages\/350"}],"wp:attachment":[{"href":"https:\/\/alohasurfacademy.com\/fr\/wp-json\/wp\/v2\/media?parent=371"}],"curies":[{"name":"wp","href":"https:\/\/api.w.org\/{rel}","templated":true}]}}