{"id":373,"date":"2021-03-02T20:10:51","date_gmt":"2021-03-02T19:10:51","guid":{"rendered":"http:\/\/www.alohasurfacademy.ch\/xyz\/?page_id=373"},"modified":"2025-11-17T14:58:11","modified_gmt":"2025-11-17T14:58:11","slug":"hebergements","status":"publish","type":"page","link":"https:\/\/alohasurfacademy.com\/fr\/hebergements\/","title":{"rendered":"Surf camp &#8211; logements"},"content":{"rendered":"<h2>Appartement ? Surf Camp ? H\u00f4tels ? \u00e0 Corralejo\/Lajares ?&#8230;<\/h2>\n<p>&#8230; il y a un large choix de logements pour profiter au maximum de vos vacances \u00e0 Corralejo, Fuerteventura, Iles Canaries !<\/p>\n<p>Faites nous savoir quels sont vos souhaits et nous vous aiderons \u00e0 <strong>trouver le logement correspondant \u00e0 vos attentes<\/strong>!<\/p>\n<h3>#Apartment &#8211; au spot de surf!<\/h3>\n<p>Un r\u00eave devient r\u00e9alit\u00e9 ! Nous vous proposons un logement directement en face du spot de surf r\u00e9put\u00e9 de Corralejo, \u00abRocky point\u00bb<\/p>\n<p><img loading=\"lazy\" decoding=\"async\" class=\"alignnone wp-image-5220 size-medium\" src=\"https:\/\/alohasurfacademy.com\/wp-content\/uploads\/\/213625872-300x200.jpg\" alt=\"\" width=\"300\" height=\"200\" srcset=\"https:\/\/alohasurfacademy.com\/wp-content\/uploads\/213625872-300x200.jpg 300w, https:\/\/alohasurfacademy.com\/wp-content\/uploads\/213625872-1024x682.jpg 1024w, https:\/\/alohasurfacademy.com\/wp-content\/uploads\/213625872-768x512.jpg 768w, https:\/\/alohasurfacademy.com\/wp-content\/uploads\/213625872.jpg 1280w\" sizes=\"(max-width: 300px) 100vw, 300px\" \/> <img loading=\"lazy\" decoding=\"async\" class=\"alignnone wp-image-5219 size-medium\" src=\"https:\/\/alohasurfacademy.com\/wp-content\/uploads\/\/210257419-200x300.jpg\" alt=\"\" width=\"200\" height=\"300\" srcset=\"https:\/\/alohasurfacademy.com\/wp-content\/uploads\/210257419-200x300.jpg 200w, https:\/\/alohasurfacademy.com\/wp-content\/uploads\/210257419.jpg 600w\" sizes=\"(max-width: 200px) 100vw, 200px\" \/> <img loading=\"lazy\" decoding=\"async\" class=\"alignnone wp-image-5221 size-medium\" src=\"https:\/\/alohasurfacademy.com\/wp-content\/uploads\/\/210257195-300x163.jpg\" alt=\"\" width=\"300\" height=\"163\" srcset=\"https:\/\/alohasurfacademy.com\/wp-content\/uploads\/210257195-300x163.jpg 300w, https:\/\/alohasurfacademy.com\/wp-content\/uploads\/210257195-1024x558.jpg 1024w, https:\/\/alohasurfacademy.com\/wp-content\/uploads\/210257195-768x418.jpg 768w, https:\/\/alohasurfacademy.com\/wp-content\/uploads\/210257195.jpg 1280w\" sizes=\"(max-width: 300px) 100vw, 300px\" \/><\/p>\n<p>~ Vous commencez la journ\u00e9e en profitant du lever du soleil et d&rsquo;un petit-d\u00e9jeuner avec une vue imprenable, et vous terminez la journ\u00e9e en d\u00e9gustant un cocktail au bord de la piscine de la r\u00e9sidence! Partagez vos dates de voyage et nous v\u00e9rifierons le prix et la disponibilit\u00e9 pour vous!<\/p>\n<h3>#La Cometa &#8211; Surf House<\/h3>\n<p><img loading=\"lazy\" decoding=\"async\" class=\"alignnone wp-image-7457 size-medium\" src=\"https:\/\/alohasurfacademy.com\/wp-content\/uploads\/\/IMG_4068-2-300x200.jpg\" alt=\"\" width=\"300\" height=\"200\" srcset=\"https:\/\/alohasurfacademy.com\/wp-content\/uploads\/IMG_4068-2-300x200.jpg 300w, https:\/\/alohasurfacademy.com\/wp-content\/uploads\/IMG_4068-2-1024x683.jpg 1024w, https:\/\/alohasurfacademy.com\/wp-content\/uploads\/IMG_4068-2-768x512.jpg 768w, https:\/\/alohasurfacademy.com\/wp-content\/uploads\/IMG_4068-2-1536x1025.jpg 1536w, https:\/\/alohasurfacademy.com\/wp-content\/uploads\/IMG_4068-2-2048x1366.jpg 2048w\" sizes=\"(max-width: 300px) 100vw, 300px\" \/> \u00a0<img loading=\"lazy\" decoding=\"async\" class=\"alignnone wp-image-5225 size-medium\" src=\"https:\/\/alohasurfacademy.com\/wp-content\/uploads\/\/sin-titulo-0062-300x169.jpg\" alt=\"\" width=\"300\" height=\"169\" srcset=\"https:\/\/alohasurfacademy.com\/wp-content\/uploads\/sin-titulo-0062-300x169.jpg 300w, https:\/\/alohasurfacademy.com\/wp-content\/uploads\/sin-titulo-0062-1024x575.jpg 1024w, https:\/\/alohasurfacademy.com\/wp-content\/uploads\/sin-titulo-0062-768x432.jpg 768w, https:\/\/alohasurfacademy.com\/wp-content\/uploads\/sin-titulo-0062-1536x863.jpg 1536w, https:\/\/alohasurfacademy.com\/wp-content\/uploads\/sin-titulo-0062-2048x1151.jpg 2048w\" sizes=\"(max-width: 300px) 100vw, 300px\" \/><\/p>\n<p style=\"text-align: justify;\">Simplement <strong>la meilleur surf house<\/strong> de Corralejo : on adore son\u00a0<b>d\u00e9cor artistique<\/b> et le <strong>magnifique jardin<\/strong> ! Elle est situ\u00e9e \u00e0 seulement\u00a0une <strong>rue de l&rsquo;oc\u00e9an<\/strong> et \u00e0 quelques pas du spot de surf Rocky Point. Les <strong>boulangeries<\/strong>, <strong>supermarch\u00e9<\/strong>, <strong>restaurants<\/strong> et l&rsquo;arr\u00eat de bus,sont \u00e9galement dans le coin.<\/p>\n<p style=\"text-align: justify;\">C\u2019est une grande villa avec 3 chambres, 2 dortoirs (de 2 ou 3 lits), 3 chambres dans un bungalow dans le jardin, 4 salles de bain. (15 guests max). Quelques chambres ont vue sur la mer depuis le balcon ! Ce logement agr\u00e9able \u00e0 vivre se compose d&rsquo;une grande cuisine am\u00e9ricaine \u00e9quip\u00e9e et d&rsquo;un grand jardin pour profiter du soleil et organiser des BBQ ! <strong>Pr\u00e9parez-vous \u00e0 passer des vacances de r\u00eave<\/strong>! Wifi gratuit. Photos <a href=\"https:\/\/www.facebook.com\/media\/set\/?vanity=sophie83&amp;set=a.10161298767139430\">ici <\/a>!<\/p>\n<p style=\"text-align: justify;\"><strong>Mots- cl\u00e9s<\/strong> :#maison avec une \u00e2me #magnifique jardin #cuisine am\u00e9ricaine # \u00e0 une rue de la plage # tarif des chambres priv\u00e9es abordable #ambiance familiale<\/p>\n<p><strong>Prix :<\/strong><br \/>\nDortoirs (chambre de 2 ou 3 lits):\u00a0 \u00e0 partir de 22 euros\/ la nuit<br \/>\nBungalow ou chambre \u00e0 l&rsquo;int\u00e9rieur de la maison :\u00a0 \u00e0 partir de 55 euros\/ la nuit pour 2 personnes. A partir de 42 euros par nuit pour 1 personne<\/p>\n<p><em> Note : les draps et serviettes de douche sont fournis. Option petits-d\u00e9jeuners et lunch \u00e0 2 pas.<\/em><\/p>\n<p><img loading=\"lazy\" decoding=\"async\" class=\"alignnone size-thumbnail wp-image-7465\" src=\"https:\/\/alohasurfacademy.com\/wp-content\/uploads\/\/cacf5b12-d365-4538-8837-8e2bdb993593-150x150.jpg\" alt=\"\" width=\"150\" height=\"150\" \/> \u00a0\u00a0 <img loading=\"lazy\" decoding=\"async\" class=\"alignnone size-thumbnail wp-image-7461\" src=\"https:\/\/alohasurfacademy.com\/wp-content\/uploads\/\/c6b623a1-753f-4507-adce-9c96b7873afa-150x150.jpg\" alt=\"\" width=\"150\" height=\"150\" \/>\u00a0 \u00a0 \u00a0 <img loading=\"lazy\" decoding=\"async\" class=\"alignnone size-thumbnail wp-image-7469\" src=\"https:\/\/alohasurfacademy.com\/wp-content\/uploads\/\/IMG_4080-150x150.jpg\" alt=\"\" width=\"150\" height=\"150\" \/><\/p>\n<h3><\/h3>\n<h3>#Surf Riders- surf camp<\/h3>\n<p><img loading=\"lazy\" decoding=\"async\" class=\"alignnone wp-image-4685 size-medium\" src=\"https:\/\/www.alohasurfacademy.ch\/wp-content\/uploads\/cd73932c-2321-4ce1-ab89-6286f52647de-300x300.jpg\" alt=\"\" width=\"300\" height=\"300\" srcset=\"https:\/\/alohasurfacademy.com\/wp-content\/uploads\/cd73932c-2321-4ce1-ab89-6286f52647de-300x300.jpg 300w, https:\/\/alohasurfacademy.com\/wp-content\/uploads\/cd73932c-2321-4ce1-ab89-6286f52647de-150x150.jpg 150w, https:\/\/alohasurfacademy.com\/wp-content\/uploads\/cd73932c-2321-4ce1-ab89-6286f52647de-1024x1024.jpg 1024w, https:\/\/alohasurfacademy.com\/wp-content\/uploads\/cd73932c-2321-4ce1-ab89-6286f52647de.jpg 1080w\" sizes=\"(max-width: 300px) 100vw, 300px\" \/><a href=\"https:\/\/alohasurfacademy.com\/wp-content\/uploads\/\/42716405-300x200.jpg\"><img loading=\"lazy\" decoding=\"async\" class=\"alignnone size-medium wp-image-2204\" src=\"https:\/\/alohasurfacademy.com\/wp-content\/uploads\/\/42716405-300x200.jpg\" alt=\"42716405\" width=\"300\" height=\"200\" srcset=\"https:\/\/alohasurfacademy.com\/wp-content\/uploads\/42716405-300x200.jpg 300w, https:\/\/alohasurfacademy.com\/wp-content\/uploads\/42716405.jpg 1024w\" sizes=\"(max-width: 300px) 100vw, 300px\" \/><\/a><\/p>\n<p>L\u2019hostel Surf Riders est le surf camp le plus cool de Corralejo ! ll a plusieurs terrasses pour \u00ab\u00a0l&rsquo;apr\u00e8s-surf session\u00a0\u00bb et des sessions de yoga, une piscine pour vous relaxer, une lounge avec internet- musique et DVD, des d\u00eeners 2x par semaine dont le fameux BBQ night du vendredi soir avec \u00ab\u00a0all you can eat and drink\u00a0\u00bb !<\/p>\n<p>La baie de Corralejo est accessible \u00e0 pied, ainsi que les supermarch\u00e9s, restaurants, bars et shops. Dans tous les cas, nous venons vous chercher sur le pas de porte pour vous conduire \u00e0 la plage pour votre cours de surf ou surfari. Le surf camp poss\u00e8de un garage pour ranger votre matos de surf et suspendre votre combinaison. Vous pouvez louer des planches, VTT et skateboards. Photos <a href=\"https:\/\/www.facebook.com\/media\/set\/?set=a.1050516865008514&amp;type=3\">ici <\/a>!<br \/>\n<strong><br \/>\nMots-cl\u00e9s <\/strong>: # ambiance internationale # petit d\u00e9jeuner continental compris #piscine toute l&rsquo;ann\u00e9e # skatepark dans le voisinage #animation du staff \/d\u00eeners -BBQ- fiesta #nettoyage quotidien #yoga sur place<\/p>\n<p><strong>Prix :<\/strong><br \/>\nChambre twin avec salle de bain partag\u00e9e : \u00e0 partir de 55 euros avec petit-d\u00e9jeuner<br \/>\nChambre double avec salle de bain priv\u00e9e : \u00e0 partir de 60 euros avec petit-d\u00e9jeuner<br \/>\nChambre double sup\u00e9rieur avec balcon (salle de bain priv\u00e9e dans la chambre) : \u00e0 partir de 62 euros avec petit-d\u00e9jeuner<\/p>\n<p>Note : les draps et serviette de douche sont fournis<\/p>\n","protected":false},"excerpt":{"rendered":"<p>Appartement ? Surf Camp ? H\u00f4tels ? \u00e0 Corralejo\/Lajares ?&#8230; &#8230; il y a un large choix de logements pour profiter au maximum de vos vacances \u00e0 Corralejo, Fuerteventura, Iles Canaries ! Faites nous savoir quels sont vos souhaits et nous vous aiderons \u00e0 trouver le logement correspondant \u00e0 vos attentes! #Apartment &#8211; au spot [&hellip;]<\/p>\n","protected":false},"author":2,"featured_media":0,"parent":0,"menu_order":0,"comment_status":"closed","ping_status":"closed","template":"","meta":{"footnotes":""},"class_list":["post-373","page","type-page","status-publish","hentry"],"yoast_head":"<!-- This site is optimized with the Yoast SEO plugin v27.5 - https:\/\/yoast.com\/product\/yoast-seo-wordpress\/ -->\n<title>Surf camp - logements - Aloha Surf Academy - The best surf school and surf camps in Fuerteventura - Corralejo<\/title>\n<meta name=\"description\" content=\"Vous recherchez le bon h\u00e9bergement \u00e0 Corralejo ? D\u00e9couvrez la surf house, le surf camp et les appartements que nous avons \u00e0 Corralejo\" \/>\n<meta name=\"robots\" content=\"index, follow, max-snippet:-1, max-image-preview:large, max-video-preview:-1\" \/>\n<link rel=\"canonical\" href=\"https:\/\/alohasurfacademy.com\/fr\/hebergements\/\" \/>\n<meta property=\"og:locale\" content=\"fr_FR\" \/>\n<meta property=\"og:type\" content=\"article\" \/>\n<meta property=\"og:title\" content=\"Surf camp - logements - Aloha Surf Academy - The best surf school and surf camps in Fuerteventura - Corralejo\" \/>\n<meta property=\"og:description\" content=\"Vous recherchez le bon h\u00e9bergement \u00e0 Corralejo ? D\u00e9couvrez la surf house, le surf camp et les appartements que nous avons \u00e0 Corralejo\" \/>\n<meta property=\"og:url\" content=\"https:\/\/alohasurfacademy.com\/fr\/hebergements\/\" \/>\n<meta property=\"og:site_name\" content=\"Aloha Surf Academy - The best surf school and surf camps in Fuerteventura - Corralejo\" \/>\n<meta property=\"article:modified_time\" content=\"2025-11-17T14:58:11+00:00\" \/>\n<meta property=\"og:image\" content=\"https:\/\/alohasurfacademy.com\/wp-content\/uploads\/213625872.jpg\" \/>\n\t<meta property=\"og:image:width\" content=\"1280\" \/>\n\t<meta property=\"og:image:height\" content=\"853\" \/>\n\t<meta property=\"og:image:type\" content=\"image\/jpeg\" \/>\n<meta name=\"twitter:card\" content=\"summary_large_image\" \/>\n<meta name=\"twitter:label1\" content=\"Dur\u00e9e de lecture estim\u00e9e\" \/>\n\t<meta name=\"twitter:data1\" content=\"5 minutes\" \/>\n<script type=\"application\/ld+json\" class=\"yoast-schema-graph\">{\"@context\":\"https:\\\/\\\/schema.org\",\"@graph\":[{\"@type\":\"WebPage\",\"@id\":\"https:\\\/\\\/alohasurfacademy.com\\\/fr\\\/hebergements\\\/\",\"url\":\"https:\\\/\\\/alohasurfacademy.com\\\/fr\\\/hebergements\\\/\",\"name\":\"Surf camp - logements - Aloha Surf Academy - The best surf school and surf camps in Fuerteventura - Corralejo\",\"isPartOf\":{\"@id\":\"https:\\\/\\\/alohasurfacademy.com\\\/fr\\\/#website\"},\"primaryImageOfPage\":{\"@id\":\"https:\\\/\\\/alohasurfacademy.com\\\/fr\\\/hebergements\\\/#primaryimage\"},\"image\":{\"@id\":\"https:\\\/\\\/alohasurfacademy.com\\\/fr\\\/hebergements\\\/#primaryimage\"},\"thumbnailUrl\":\"https:\\\/\\\/alohasurfacademy.com\\\/wp-content\\\/uploads\\\/\\\/213625872-300x200.jpg\",\"datePublished\":\"2021-03-02T19:10:51+00:00\",\"dateModified\":\"2025-11-17T14:58:11+00:00\",\"description\":\"Vous recherchez le bon h\u00e9bergement \u00e0 Corralejo ? D\u00e9couvrez la surf house, le surf camp et les appartements que nous avons \u00e0 Corralejo\",\"breadcrumb\":{\"@id\":\"https:\\\/\\\/alohasurfacademy.com\\\/fr\\\/hebergements\\\/#breadcrumb\"},\"inLanguage\":\"fr-FR\",\"potentialAction\":[{\"@type\":\"ReadAction\",\"target\":[\"https:\\\/\\\/alohasurfacademy.com\\\/fr\\\/hebergements\\\/\"]}]},{\"@type\":\"ImageObject\",\"inLanguage\":\"fr-FR\",\"@id\":\"https:\\\/\\\/alohasurfacademy.com\\\/fr\\\/hebergements\\\/#primaryimage\",\"url\":\"https:\\\/\\\/alohasurfacademy.com\\\/wp-content\\\/uploads\\\/\\\/213625872-300x200.jpg\",\"contentUrl\":\"https:\\\/\\\/alohasurfacademy.com\\\/wp-content\\\/uploads\\\/\\\/213625872-300x200.jpg\"},{\"@type\":\"BreadcrumbList\",\"@id\":\"https:\\\/\\\/alohasurfacademy.com\\\/fr\\\/hebergements\\\/#breadcrumb\",\"itemListElement\":[{\"@type\":\"ListItem\",\"position\":1,\"name\":\"Home\",\"item\":\"https:\\\/\\\/alohasurfacademy.com\\\/fr\\\/\"},{\"@type\":\"ListItem\",\"position\":2,\"name\":\"Surf camp &#8211; logements\"}]},{\"@type\":\"WebSite\",\"@id\":\"https:\\\/\\\/alohasurfacademy.com\\\/fr\\\/#website\",\"url\":\"https:\\\/\\\/alohasurfacademy.com\\\/fr\\\/\",\"name\":\"Aloha Surf Academy - The best surf school and surf camps in Fuerteventura - Corralejo\",\"description\":\"Surf School, Surf Camp, Surfing Class, Surf Course in Corralejo - Fuerteventura\",\"potentialAction\":[{\"@type\":\"SearchAction\",\"target\":{\"@type\":\"EntryPoint\",\"urlTemplate\":\"https:\\\/\\\/alohasurfacademy.com\\\/fr\\\/?s={search_term_string}\"},\"query-input\":{\"@type\":\"PropertyValueSpecification\",\"valueRequired\":true,\"valueName\":\"search_term_string\"}}],\"inLanguage\":\"fr-FR\"}]}<\/script>\n<!-- \/ Yoast SEO plugin. -->","yoast_head_json":{"title":"Surf camp - logements - Aloha Surf Academy - The best surf school and surf camps in Fuerteventura - Corralejo","description":"Vous recherchez le bon h\u00e9bergement \u00e0 Corralejo ? D\u00e9couvrez la surf house, le surf camp et les appartements que nous avons \u00e0 Corralejo","robots":{"index":"index","follow":"follow","max-snippet":"max-snippet:-1","max-image-preview":"max-image-preview:large","max-video-preview":"max-video-preview:-1"},"canonical":"https:\/\/alohasurfacademy.com\/fr\/hebergements\/","og_locale":"fr_FR","og_type":"article","og_title":"Surf camp - logements - Aloha Surf Academy - The best surf school and surf camps in Fuerteventura - Corralejo","og_description":"Vous recherchez le bon h\u00e9bergement \u00e0 Corralejo ? D\u00e9couvrez la surf house, le surf camp et les appartements que nous avons \u00e0 Corralejo","og_url":"https:\/\/alohasurfacademy.com\/fr\/hebergements\/","og_site_name":"Aloha Surf Academy - The best surf school and surf camps in Fuerteventura - Corralejo","article_modified_time":"2025-11-17T14:58:11+00:00","og_image":[{"width":1280,"height":853,"url":"https:\/\/alohasurfacademy.com\/wp-content\/uploads\/213625872.jpg","type":"image\/jpeg"}],"twitter_card":"summary_large_image","twitter_misc":{"Dur\u00e9e de lecture estim\u00e9e":"5 minutes"},"schema":{"@context":"https:\/\/schema.org","@graph":[{"@type":"WebPage","@id":"https:\/\/alohasurfacademy.com\/fr\/hebergements\/","url":"https:\/\/alohasurfacademy.com\/fr\/hebergements\/","name":"Surf camp - logements - Aloha Surf Academy - The best surf school and surf camps in Fuerteventura - Corralejo","isPartOf":{"@id":"https:\/\/alohasurfacademy.com\/fr\/#website"},"primaryImageOfPage":{"@id":"https:\/\/alohasurfacademy.com\/fr\/hebergements\/#primaryimage"},"image":{"@id":"https:\/\/alohasurfacademy.com\/fr\/hebergements\/#primaryimage"},"thumbnailUrl":"https:\/\/alohasurfacademy.com\/wp-content\/uploads\/\/213625872-300x200.jpg","datePublished":"2021-03-02T19:10:51+00:00","dateModified":"2025-11-17T14:58:11+00:00","description":"Vous recherchez le bon h\u00e9bergement \u00e0 Corralejo ? D\u00e9couvrez la surf house, le surf camp et les appartements que nous avons \u00e0 Corralejo","breadcrumb":{"@id":"https:\/\/alohasurfacademy.com\/fr\/hebergements\/#breadcrumb"},"inLanguage":"fr-FR","potentialAction":[{"@type":"ReadAction","target":["https:\/\/alohasurfacademy.com\/fr\/hebergements\/"]}]},{"@type":"ImageObject","inLanguage":"fr-FR","@id":"https:\/\/alohasurfacademy.com\/fr\/hebergements\/#primaryimage","url":"https:\/\/alohasurfacademy.com\/wp-content\/uploads\/\/213625872-300x200.jpg","contentUrl":"https:\/\/alohasurfacademy.com\/wp-content\/uploads\/\/213625872-300x200.jpg"},{"@type":"BreadcrumbList","@id":"https:\/\/alohasurfacademy.com\/fr\/hebergements\/#breadcrumb","itemListElement":[{"@type":"ListItem","position":1,"name":"Home","item":"https:\/\/alohasurfacademy.com\/fr\/"},{"@type":"ListItem","position":2,"name":"Surf camp &#8211; logements"}]},{"@type":"WebSite","@id":"https:\/\/alohasurfacademy.com\/fr\/#website","url":"https:\/\/alohasurfacademy.com\/fr\/","name":"Aloha Surf Academy - The best surf school and surf camps in Fuerteventura - Corralejo","description":"Surf School, Surf Camp, Surfing Class, Surf Course in Corralejo - Fuerteventura","potentialAction":[{"@type":"SearchAction","target":{"@type":"EntryPoint","urlTemplate":"https:\/\/alohasurfacademy.com\/fr\/?s={search_term_string}"},"query-input":{"@type":"PropertyValueSpecification","valueRequired":true,"valueName":"search_term_string"}}],"inLanguage":"fr-FR"}]}},"_links":{"self":[{"href":"https:\/\/alohasurfacademy.com\/fr\/wp-json\/wp\/v2\/pages\/373","targetHints":{"allow":["GET"]}}],"collection":[{"href":"https:\/\/alohasurfacademy.com\/fr\/wp-json\/wp\/v2\/pages"}],"about":[{"href":"https:\/\/alohasurfacademy.com\/fr\/wp-json\/wp\/v2\/types\/page"}],"author":[{"embeddable":true,"href":"https:\/\/alohasurfacademy.com\/fr\/wp-json\/wp\/v2\/users\/2"}],"replies":[{"embeddable":true,"href":"https:\/\/alohasurfacademy.com\/fr\/wp-json\/wp\/v2\/comments?post=373"}],"version-history":[{"count":49,"href":"https:\/\/alohasurfacademy.com\/fr\/wp-json\/wp\/v2\/pages\/373\/revisions"}],"predecessor-version":[{"id":9495,"href":"https:\/\/alohasurfacademy.com\/fr\/wp-json\/wp\/v2\/pages\/373\/revisions\/9495"}],"wp:attachment":[{"href":"https:\/\/alohasurfacademy.com\/fr\/wp-json\/wp\/v2\/media?parent=373"}],"curies":[{"name":"wp","href":"https:\/\/api.w.org\/{rel}","templated":true}]}}