{"id":430,"date":"2021-04-03T20:32:49","date_gmt":"2021-04-03T19:32:49","guid":{"rendered":"http:\/\/www.alohasurfacademy.ch\/xyz\/?page_id=430"},"modified":"2023-12-13T09:33:02","modified_gmt":"2023-12-13T09:33:02","slug":"informations","status":"publish","type":"page","link":"https:\/\/alohasurfacademy.com\/fr\/informations\/","title":{"rendered":"Fuerteventura Info"},"content":{"rendered":"<p>Comme Fuerteventura est une \u00eele charmante et temp\u00e9r\u00e9e, nous proposons nos services toute l\u2019ann\u00e9e. Viens surfez avec nous \u00e0 Fuerteventura, la isla tranquila !<\/p>\n<h2>Ou nous trouver ? Carte de Fuerteventura<\/h2>\n<p><iframe loading=\"lazy\" style=\"border: 0;\" src=\"https:\/\/www.google.com\/maps\/embed?pb=!1m18!1m12!1m3!1d55988.23310923628!2d-13.8317259702042!3d28.7116383138302!2m3!1f0!2f0!3f0!3m2!1i1024!2i768!4f13.1!3m3!1m2!1s0xc4634e3ac34728f%3A0x77e9504a83d8947!2sCorralejo%2C+Las+Palmas%2C+Espagne!5e0!3m2!1sfr!2sch!4v1405968865424\" width=\"600\" height=\"300\" frameborder=\"0\"><\/iframe><\/p>\n<h2>Paysages<\/h2>\n<p>Fuerteventura est une destination fantastique pour tous les amoureux de la nature. C\u2019est un r\u00e9el d\u00e9sert ; un endroit unique, c\u00e9leste, solitaire, avec d\u2019interminables plages de sable blanc. Le soleil brille tous les jours et l\u2019eau turquoise de l\u2019eau est envo\u00fbtante. Fuerteventura est un endroit sp\u00e9cial et tu appr\u00e9cieras la flore unique du d\u00e9sert et les montagnes volcaniques.<\/p>\n<p><a href=\"http:\/\/www.alohasurfacademy.ch\/wp-content\/uploads\/DSC05787.jpg\"><img loading=\"lazy\" decoding=\"async\" class=\"alignnone wp-image-4361 size-large\" src=\"http:\/\/www.alohasurfacademy.ch\/wp-content\/uploads\/DSC05787-1024x682.jpg\" alt=\"SONY DSC\" width=\"606\" height=\"404\" srcset=\"https:\/\/alohasurfacademy.com\/wp-content\/uploads\/DSC05787-1024x682.jpg 1024w, https:\/\/alohasurfacademy.com\/wp-content\/uploads\/DSC05787-300x200.jpg 300w\" sizes=\"(max-width: 606px) 100vw, 606px\" \/><\/a><\/p>\n<h2>Climat<\/h2>\n<p>Le climat est exceptionnel toute l\u2019ann\u00e9e, avec tr\u00e8s peu de pluie. Les hivers sont doux avec des temp\u00e9ratures minimales de 18 \u00ba C ; en \u00e9t\u00e9 , la temp\u00e9rature atteint 30 \u00ba C. Ainsi, ce sont 365 jours de soleil par an ! La temp\u00e9rature de la mer varie entre 17 \u00ba C en hiver et 25 \u00ba C en \u00e9t\u00e9.<\/p>\n<h2>Le surf<\/h2>\n<p>Fuerteventura est r\u00e9put\u00e9e comme le Hawaii de l\u2019Atlantique. Le surf, pour tous les niveaux, est pratiqu\u00e9 sur des plages paradisiaques toute l\u2019ann\u00e9e, ceci \u00e0 seulement 4 heures de vol des capitales europ\u00e9enne.<\/p>\n<p>Notre \u00e9cole &amp; camp de surf est situ\u00e9e au nord de l\u2019ile \u00e0 Corralejo. Cette localisation permet de nous d\u00e9placer rapidement des c\u00f4tes Est, Ouest ou Nord en suivant l\u2019\u00e9volution de la houle ce qui garantit la pratique du surf toute l\u2019ann\u00e9e ! (Beach break et reef break).<\/p>\n<p><a href=\"https:\/\/alohasurfacademy.com\/wp-content\/uploads\/nov-15-1.jpg\"><img loading=\"lazy\" decoding=\"async\" class=\"alignnone wp-image-4365 size-full\" src=\"https:\/\/alohasurfacademy.com\/wp-content\/uploads\/nov-15-1.jpg\" alt=\"nov 15 (1)\" width=\"800\" height=\"539\" srcset=\"https:\/\/alohasurfacademy.com\/wp-content\/uploads\/nov-15-1.jpg 800w, https:\/\/alohasurfacademy.com\/wp-content\/uploads\/nov-15-1-300x202.jpg 300w\" sizes=\"(max-width: 800px) 100vw, 800px\" \/><\/a><\/p>\n<h2>Corrajeo, village pittoresque<\/h2>\n<p>Corralejo est un petit village pittoresque avec un joli port et une baie \u00e0 l\u2019eau cristalline avec vue sur l\u2019ile de Los Lobos (vague mondialement connue). On y trouve des logements de toutes cat\u00e9gories, des restaurants de cuisine internationale, des magasins pour la location de mat\u00e9riel de surf et des supers-mercados pour l\u2019alimentaire. On peut y r\u00e9server de nombreuses excursions touristiques.<br \/>\nA\u00e9roport de Puerto del Rosario \u00e0 45 kilom\u00e8tres.<\/p>\n<h2>Top 4 des visites du coin<\/h2>\n<p>1&gt;Partez en <a href=\"http:\/\/www.alohasurfacademy.ch\/informations\/extra-activities\/randonnee-volcan-fuerteventura\/?lang=fr\">randonn\u00e9e <\/a>au sommet d\u2019un volcan \u00e9teint avec une vue imprenable sur tout le nord de l\u2019ile, ou promenez vous le long des falaises de la c\u00f4te ouest surplombants des plages paradisiaques.<\/p>\n<p>2&gt; visitez l\u2019\u00eele de Los Lobos avec sa r\u00e9serve naturelle et son petit village de p\u00eacheurs en face de la baie de Corralejo. Il y a \u00e9galement des sorties en catamaran exceptionnelles pour vous y emmener et profiter d\u2019activit\u00e9s snorkelling, SUP ou simplement d\u2019une baignade dans des eaux transparentes.<\/p>\n<p>3&gt;allez d\u00e9couvrir le village de El Cotillo pour ses petites rues pav\u00e9es en bord de mer, et son ambiance envoutante au coucher de soleil. Poussez la visite jusqu\u2019au phare de Cotillo el Toston et ses lagons translucides.<\/p>\n<p>4&gt;promenez vous dans les dunes de sable de Corralejo et savourez des moments hors du temps !<\/p>\n<figure id=\"attachment_4362\" aria-describedby=\"caption-attachment-4362\" style=\"width: 606px\" class=\"wp-caption alignnone\"><a href=\"http:\/\/www.alohasurfacademy.ch\/wp-content\/uploads\/049.jpg\"><img loading=\"lazy\" decoding=\"async\" class=\"wp-image-4362 size-large\" src=\"http:\/\/www.alohasurfacademy.ch\/wp-content\/uploads\/049-1024x681.jpg\" alt=\"SONY DSC\" width=\"606\" height=\"403\" srcset=\"https:\/\/alohasurfacademy.com\/wp-content\/uploads\/049-1024x681.jpg 1024w, https:\/\/alohasurfacademy.com\/wp-content\/uploads\/049-300x200.jpg 300w\" sizes=\"(max-width: 606px) 100vw, 606px\" \/><\/a><figcaption id=\"caption-attachment-4362\" class=\"wp-caption-text\">Ile de Los Lobos<\/figcaption><\/figure>\n<h2>Budget<\/h2>\n<p>Logement : \u00e0 partir de 22 euros en surf camp, 50 euros en appartement \/ nuit<br \/>\nCaf\u00e9 : environ 1.80 euros \/ bi\u00e8re 2.00 euros<br \/>\nRepas au restaurant : environ 10 euros le plat<br \/>\nLocation de voiture : environ 15 euros \/ jour<br \/>\nLocation planche de surf : 10 euros \/ jour<br \/>\nVol inter-iles : env. 50 euros avec Binter<br \/>\nBus de l\u2019a\u00e9roport \u00e0 Corralejo : 4.50 euros<\/p>\n<h2>Comment y acc\u00e9der<\/h2>\n<h3>Par avion<\/h3>\n<p style=\"text-align: justify;\">Il est tr\u00e8s facile d\u2019atteindre Fuerteventura. Easyjet, <a href=\"http:\/\/www.iberia.com\">Iberia<\/a>, Ryanair et Thomas Cook desservent l\u2019\u00eele depuis les villes principales d\u2019Europe incluant Londres, Bristol, Madrid, Liverpool, Brussels, Dusseldorf, Francfort, Z\u00fcrich ou encore B\u00e2le. Informe-toi sur leur site internet pour conna\u00eetre les derniers tarifs en vigueur. Va sur <a href=\"http:\/\/www.easyjet.com\" target=\"_blank\" rel=\"noopener\">Easyjet<\/a> &amp; <a href=\"http:\/\/www.ryanair.com\" target=\"_blank\" rel=\"noopener\">Ryanair<\/a><\/p>\n<h3>Par ferry<\/h3>\n<p style=\"text-align: justify;\">Fuerteventura est \u00e9galement accessible par ferry. Trois compagnies offrent des trajets sur Fuerteventura \u2013 Transmediterranea, Fred Olson and Naviera Armas. Pour plus d\u2019information va sur<a href=\"http:\/\/www.trasmediterranea.es\" target=\"_blank\" rel=\"noopener\"> Acciona<\/a>, <a href=\"http:\/\/www.fredolsencruises.com\/\">Fred Olsen<\/a> &amp; <a href=\"http:\/\/www.navieraarmas.com\/\" target=\"_blank\" rel=\"noopener\">Naviera Armas<\/a><\/p>\n","protected":false},"excerpt":{"rendered":"<p>Comme Fuerteventura est une \u00eele charmante et temp\u00e9r\u00e9e, nous proposons nos services toute l\u2019ann\u00e9e. Viens surfez avec nous \u00e0 Fuerteventura, la isla tranquila ! Ou nous trouver ? Carte de Fuerteventura Paysages Fuerteventura est une destination fantastique pour tous les amoureux de la nature. C\u2019est un r\u00e9el d\u00e9sert ; un endroit unique, c\u00e9leste, solitaire, avec [&hellip;]<\/p>\n","protected":false},"author":2,"featured_media":0,"parent":0,"menu_order":0,"comment_status":"closed","ping_status":"closed","template":"","meta":{"footnotes":""},"class_list":["post-430","page","type-page","status-publish","hentry"],"yoast_head":"<!-- This site is optimized with the Yoast SEO plugin v27.5 - https:\/\/yoast.com\/product\/yoast-seo-wordpress\/ -->\n<title>Fuerteventura Info - Aloha Surf Academy - The best surf school and surf camps in Fuerteventura - Corralejo<\/title>\n<meta name=\"robots\" content=\"index, follow, max-snippet:-1, max-image-preview:large, max-video-preview:-1\" \/>\n<link rel=\"canonical\" href=\"https:\/\/alohasurfacademy.com\/fr\/informations\/\" \/>\n<meta property=\"og:locale\" content=\"fr_FR\" \/>\n<meta property=\"og:type\" content=\"article\" \/>\n<meta property=\"og:title\" content=\"Fuerteventura Info - Aloha Surf Academy - The best surf school and surf camps in Fuerteventura - Corralejo\" \/>\n<meta property=\"og:description\" content=\"Comme Fuerteventura est une \u00eele charmante et temp\u00e9r\u00e9e, nous proposons nos services toute l\u2019ann\u00e9e. Viens surfez avec nous \u00e0 Fuerteventura, la isla tranquila ! Ou nous trouver ? Carte de Fuerteventura Paysages Fuerteventura est une destination fantastique pour tous les amoureux de la nature. C\u2019est un r\u00e9el d\u00e9sert ; un endroit unique, c\u00e9leste, solitaire, avec [&hellip;]\" \/>\n<meta property=\"og:url\" content=\"https:\/\/alohasurfacademy.com\/fr\/informations\/\" \/>\n<meta property=\"og:site_name\" content=\"Aloha Surf Academy - The best surf school and surf camps in Fuerteventura - Corralejo\" \/>\n<meta property=\"article:modified_time\" content=\"2023-12-13T09:33:02+00:00\" \/>\n<meta property=\"og:image\" content=\"http:\/\/www.alohasurfacademy.ch\/wp-content\/uploads\/DSC05787-1024x682.jpg\" \/>\n<meta name=\"twitter:card\" content=\"summary_large_image\" \/>\n<meta name=\"twitter:label1\" content=\"Dur\u00e9e de lecture estim\u00e9e\" \/>\n\t<meta name=\"twitter:data1\" content=\"4 minutes\" \/>\n<script type=\"application\/ld+json\" class=\"yoast-schema-graph\">{\"@context\":\"https:\\\/\\\/schema.org\",\"@graph\":[{\"@type\":\"WebPage\",\"@id\":\"https:\\\/\\\/alohasurfacademy.com\\\/fr\\\/informations\\\/\",\"url\":\"https:\\\/\\\/alohasurfacademy.com\\\/fr\\\/informations\\\/\",\"name\":\"Fuerteventura Info - Aloha Surf Academy - The best surf school and surf camps in Fuerteventura - Corralejo\",\"isPartOf\":{\"@id\":\"https:\\\/\\\/alohasurfacademy.com\\\/fr\\\/#website\"},\"primaryImageOfPage\":{\"@id\":\"https:\\\/\\\/alohasurfacademy.com\\\/fr\\\/informations\\\/#primaryimage\"},\"image\":{\"@id\":\"https:\\\/\\\/alohasurfacademy.com\\\/fr\\\/informations\\\/#primaryimage\"},\"thumbnailUrl\":\"http:\\\/\\\/www.alohasurfacademy.ch\\\/wp-content\\\/uploads\\\/DSC05787-1024x682.jpg\",\"datePublished\":\"2021-04-03T19:32:49+00:00\",\"dateModified\":\"2023-12-13T09:33:02+00:00\",\"breadcrumb\":{\"@id\":\"https:\\\/\\\/alohasurfacademy.com\\\/fr\\\/informations\\\/#breadcrumb\"},\"inLanguage\":\"fr-FR\",\"potentialAction\":[{\"@type\":\"ReadAction\",\"target\":[\"https:\\\/\\\/alohasurfacademy.com\\\/fr\\\/informations\\\/\"]}]},{\"@type\":\"ImageObject\",\"inLanguage\":\"fr-FR\",\"@id\":\"https:\\\/\\\/alohasurfacademy.com\\\/fr\\\/informations\\\/#primaryimage\",\"url\":\"http:\\\/\\\/www.alohasurfacademy.ch\\\/wp-content\\\/uploads\\\/DSC05787-1024x682.jpg\",\"contentUrl\":\"http:\\\/\\\/www.alohasurfacademy.ch\\\/wp-content\\\/uploads\\\/DSC05787-1024x682.jpg\"},{\"@type\":\"BreadcrumbList\",\"@id\":\"https:\\\/\\\/alohasurfacademy.com\\\/fr\\\/informations\\\/#breadcrumb\",\"itemListElement\":[{\"@type\":\"ListItem\",\"position\":1,\"name\":\"Home\",\"item\":\"https:\\\/\\\/alohasurfacademy.com\\\/fr\\\/\"},{\"@type\":\"ListItem\",\"position\":2,\"name\":\"Fuerteventura Info\"}]},{\"@type\":\"WebSite\",\"@id\":\"https:\\\/\\\/alohasurfacademy.com\\\/fr\\\/#website\",\"url\":\"https:\\\/\\\/alohasurfacademy.com\\\/fr\\\/\",\"name\":\"Aloha Surf Academy - The best surf school and surf camps in Fuerteventura - Corralejo\",\"description\":\"Surf School, Surf Camp, Surfing Class, Surf Course in Corralejo - Fuerteventura\",\"potentialAction\":[{\"@type\":\"SearchAction\",\"target\":{\"@type\":\"EntryPoint\",\"urlTemplate\":\"https:\\\/\\\/alohasurfacademy.com\\\/fr\\\/?s={search_term_string}\"},\"query-input\":{\"@type\":\"PropertyValueSpecification\",\"valueRequired\":true,\"valueName\":\"search_term_string\"}}],\"inLanguage\":\"fr-FR\"}]}<\/script>\n<!-- \/ Yoast SEO plugin. -->","yoast_head_json":{"title":"Fuerteventura Info - Aloha Surf Academy - The best surf school and surf camps in Fuerteventura - Corralejo","robots":{"index":"index","follow":"follow","max-snippet":"max-snippet:-1","max-image-preview":"max-image-preview:large","max-video-preview":"max-video-preview:-1"},"canonical":"https:\/\/alohasurfacademy.com\/fr\/informations\/","og_locale":"fr_FR","og_type":"article","og_title":"Fuerteventura Info - Aloha Surf Academy - The best surf school and surf camps in Fuerteventura - Corralejo","og_description":"Comme Fuerteventura est une \u00eele charmante et temp\u00e9r\u00e9e, nous proposons nos services toute l\u2019ann\u00e9e. Viens surfez avec nous \u00e0 Fuerteventura, la isla tranquila ! Ou nous trouver ? Carte de Fuerteventura Paysages Fuerteventura est une destination fantastique pour tous les amoureux de la nature. C\u2019est un r\u00e9el d\u00e9sert ; un endroit unique, c\u00e9leste, solitaire, avec [&hellip;]","og_url":"https:\/\/alohasurfacademy.com\/fr\/informations\/","og_site_name":"Aloha Surf Academy - The best surf school and surf camps in Fuerteventura - Corralejo","article_modified_time":"2023-12-13T09:33:02+00:00","og_image":[{"url":"http:\/\/www.alohasurfacademy.ch\/wp-content\/uploads\/DSC05787-1024x682.jpg","type":"","width":"","height":""}],"twitter_card":"summary_large_image","twitter_misc":{"Dur\u00e9e de lecture estim\u00e9e":"4 minutes"},"schema":{"@context":"https:\/\/schema.org","@graph":[{"@type":"WebPage","@id":"https:\/\/alohasurfacademy.com\/fr\/informations\/","url":"https:\/\/alohasurfacademy.com\/fr\/informations\/","name":"Fuerteventura Info - Aloha Surf Academy - The best surf school and surf camps in Fuerteventura - Corralejo","isPartOf":{"@id":"https:\/\/alohasurfacademy.com\/fr\/#website"},"primaryImageOfPage":{"@id":"https:\/\/alohasurfacademy.com\/fr\/informations\/#primaryimage"},"image":{"@id":"https:\/\/alohasurfacademy.com\/fr\/informations\/#primaryimage"},"thumbnailUrl":"http:\/\/www.alohasurfacademy.ch\/wp-content\/uploads\/DSC05787-1024x682.jpg","datePublished":"2021-04-03T19:32:49+00:00","dateModified":"2023-12-13T09:33:02+00:00","breadcrumb":{"@id":"https:\/\/alohasurfacademy.com\/fr\/informations\/#breadcrumb"},"inLanguage":"fr-FR","potentialAction":[{"@type":"ReadAction","target":["https:\/\/alohasurfacademy.com\/fr\/informations\/"]}]},{"@type":"ImageObject","inLanguage":"fr-FR","@id":"https:\/\/alohasurfacademy.com\/fr\/informations\/#primaryimage","url":"http:\/\/www.alohasurfacademy.ch\/wp-content\/uploads\/DSC05787-1024x682.jpg","contentUrl":"http:\/\/www.alohasurfacademy.ch\/wp-content\/uploads\/DSC05787-1024x682.jpg"},{"@type":"BreadcrumbList","@id":"https:\/\/alohasurfacademy.com\/fr\/informations\/#breadcrumb","itemListElement":[{"@type":"ListItem","position":1,"name":"Home","item":"https:\/\/alohasurfacademy.com\/fr\/"},{"@type":"ListItem","position":2,"name":"Fuerteventura Info"}]},{"@type":"WebSite","@id":"https:\/\/alohasurfacademy.com\/fr\/#website","url":"https:\/\/alohasurfacademy.com\/fr\/","name":"Aloha Surf Academy - The best surf school and surf camps in Fuerteventura - Corralejo","description":"Surf School, Surf Camp, Surfing Class, Surf Course in Corralejo - Fuerteventura","potentialAction":[{"@type":"SearchAction","target":{"@type":"EntryPoint","urlTemplate":"https:\/\/alohasurfacademy.com\/fr\/?s={search_term_string}"},"query-input":{"@type":"PropertyValueSpecification","valueRequired":true,"valueName":"search_term_string"}}],"inLanguage":"fr-FR"}]}},"_links":{"self":[{"href":"https:\/\/alohasurfacademy.com\/fr\/wp-json\/wp\/v2\/pages\/430","targetHints":{"allow":["GET"]}}],"collection":[{"href":"https:\/\/alohasurfacademy.com\/fr\/wp-json\/wp\/v2\/pages"}],"about":[{"href":"https:\/\/alohasurfacademy.com\/fr\/wp-json\/wp\/v2\/types\/page"}],"author":[{"embeddable":true,"href":"https:\/\/alohasurfacademy.com\/fr\/wp-json\/wp\/v2\/users\/2"}],"replies":[{"embeddable":true,"href":"https:\/\/alohasurfacademy.com\/fr\/wp-json\/wp\/v2\/comments?post=430"}],"version-history":[{"count":19,"href":"https:\/\/alohasurfacademy.com\/fr\/wp-json\/wp\/v2\/pages\/430\/revisions"}],"predecessor-version":[{"id":7579,"href":"https:\/\/alohasurfacademy.com\/fr\/wp-json\/wp\/v2\/pages\/430\/revisions\/7579"}],"wp:attachment":[{"href":"https:\/\/alohasurfacademy.com\/fr\/wp-json\/wp\/v2\/media?parent=430"}],"curies":[{"name":"wp","href":"https:\/\/api.w.org\/{rel}","templated":true}]}}