{"id":449,"date":"2021-04-03T14:32:57","date_gmt":"2021-04-03T13:32:57","guid":{"rendered":"http:\/\/www.alohasurfacademy.ch\/xyz\/?page_id=449"},"modified":"2024-12-31T19:19:07","modified_gmt":"2024-12-31T19:19:07","slug":"surf-yoga-sessions-2","status":"publish","type":"page","link":"https:\/\/alohasurfacademy.com\/fr\/nos-cours-de-surf-a-fuerteventura-corralejo\/surf-yoga-sessions-2\/","title":{"rendered":"Yoga &#038; rando au volcan"},"content":{"rendered":"<h2>Cours de yoga \u00e0 la plage<\/h2>\n<p><img loading=\"lazy\" decoding=\"async\" class=\"alignnone wp-image-5672 size-full\" src=\"https:\/\/alohasurfacademy.com\/wp-content\/uploads\/tjasa-yoga.jpg\" alt=\"\" width=\"800\" height=\"533\" srcset=\"https:\/\/alohasurfacademy.com\/wp-content\/uploads\/tjasa-yoga.jpg 800w, https:\/\/alohasurfacademy.com\/wp-content\/uploads\/tjasa-yoga-300x200.jpg 300w, https:\/\/alohasurfacademy.com\/wp-content\/uploads\/tjasa-yoga-768x512.jpg 768w\" sizes=\"(max-width: 800px) 100vw, 800px\" \/><br \/>\nLa pratique du yoga est efficace pour d\u00e9tendre vos muscles utilis\u00e9s pendant le cours de surf et pour amplifier votre flexibilit\u00e9, ce qui vous donne un meilleur surf. Le yoga est \u00e9galement un exercice qui relie votre esprit \u00e0 votre corps et votre \u00e2me. Rien de tel pour se sentir en forme &amp; en harmonie avec soi-m\u00eame ! Essayez pour vous convaincre !<\/p>\n<ul>\n<li><b>Du lundi au samedi @ 9:00 \u00e0 Corralejo &#8211; dur\u00e9e 60 minutes<\/b><\/li>\n<li>Pour un cours l&rsquo;apr\u00e8s-midi, merci de r\u00e9server 1 ou 2 jours \u00e0 l&rsquo;avance car l&rsquo;horaire n&rsquo;est pas fixe<\/li>\n<li>Le cours est en anglais<strong>.<\/strong> Le tapis de massage est fourni.<\/li>\n<li>Merci de r\u00e9server \u00e0 l&rsquo;avance et de vous pr\u00e9senter 5 min avant le d\u00e9but du cours<\/li>\n<li><strong>Tarif de 12 euros le cours<\/strong><\/li>\n<li>Amenez un chapeau, cr\u00e8me solaire, v\u00eatement confortable et chaud pour le cours du soir ou le shavasana<\/li>\n<\/ul>\n<h2>Randonn\u00e9e au volcan<\/h2>\n<p><img decoding=\"async\" class=\"aligncenter size-full wp-image-1337\" title=\"faq_surf_fuerteventura\" src=\"\/wp-content\/uploads\/new\/volcano_trek.jpg\" alt=\"\" width=\"600\" \/><\/p>\n<p>D\u00e9couvrez des paysages uniques en gravissant les volcans de Fuerteventura ; vous d\u00e9couvrirez des panoramas \u00e0 couper le souffle sur le North Shore, les dunes de sable, les eaux turquoises de Corralejo et les iles de Lobos et Lanzarote.<\/p>\n<ul>\n<li>Excursions sur demande. Tous niveaux (de 1h30 \u00e0 3 heures de rando)<\/li>\n<\/ul>\n","protected":false},"excerpt":{"rendered":"<p>Cours de yoga \u00e0 la plage La pratique du yoga est efficace pour d\u00e9tendre vos muscles utilis\u00e9s pendant le cours de surf et pour amplifier votre flexibilit\u00e9, ce qui vous donne un meilleur surf. Le yoga est \u00e9galement un exercice qui relie votre esprit \u00e0 votre corps et votre \u00e2me. Rien de tel pour se [&hellip;]<\/p>\n","protected":false},"author":2,"featured_media":0,"parent":491,"menu_order":6,"comment_status":"closed","ping_status":"closed","template":"","meta":{"footnotes":""},"class_list":["post-449","page","type-page","status-publish","hentry"],"yoast_head":"<!-- This site is optimized with the Yoast SEO plugin v27.5 - https:\/\/yoast.com\/product\/yoast-seo-wordpress\/ -->\n<title>Yoga &amp; rando au volcan - Aloha Surf Academy - The best surf school and surf camps in Fuerteventura - Corralejo<\/title>\n<meta name=\"description\" content=\"Une exp\u00e9rience de 7 jours en connexion profonde avec l&#039;\u00eele et la nature, dans notre villa luxueuse privatis\u00e9e, avec un menu gastronomique quotidien compos\u00e9 de produits frais de l&#039;\u00eele, combinant surf, randonn\u00e9e sur les volcans, cours de yoga et massage bien-\u00eatre.\" \/>\n<meta name=\"robots\" content=\"index, follow, max-snippet:-1, max-image-preview:large, max-video-preview:-1\" \/>\n<link rel=\"canonical\" href=\"https:\/\/alohasurfacademy.com\/fr\/nos-cours-de-surf-a-fuerteventura-corralejo\/surf-yoga-sessions-2\/\" \/>\n<meta property=\"og:locale\" content=\"fr_FR\" \/>\n<meta property=\"og:type\" content=\"article\" \/>\n<meta property=\"og:title\" content=\"Yoga &amp; rando au volcan - Aloha Surf Academy - The best surf school and surf camps in Fuerteventura - Corralejo\" \/>\n<meta property=\"og:description\" content=\"Une exp\u00e9rience de 7 jours en connexion profonde avec l&#039;\u00eele et la nature, dans notre villa luxueuse privatis\u00e9e, avec un menu gastronomique quotidien compos\u00e9 de produits frais de l&#039;\u00eele, combinant surf, randonn\u00e9e sur les volcans, cours de yoga et massage bien-\u00eatre.\" \/>\n<meta property=\"og:url\" content=\"https:\/\/alohasurfacademy.com\/fr\/nos-cours-de-surf-a-fuerteventura-corralejo\/surf-yoga-sessions-2\/\" \/>\n<meta property=\"og:site_name\" content=\"Aloha Surf Academy - The best surf school and surf camps in Fuerteventura - Corralejo\" \/>\n<meta property=\"article:modified_time\" content=\"2024-12-31T19:19:07+00:00\" \/>\n<meta property=\"og:image\" content=\"https:\/\/alohasurfacademy.com\/wp-content\/uploads\/tjasa-yoga.jpg\" \/>\n\t<meta property=\"og:image:width\" content=\"800\" \/>\n\t<meta property=\"og:image:height\" content=\"533\" \/>\n\t<meta property=\"og:image:type\" content=\"image\/jpeg\" \/>\n<meta name=\"twitter:card\" content=\"summary_large_image\" \/>\n<meta name=\"twitter:label1\" content=\"Dur\u00e9e de lecture estim\u00e9e\" \/>\n\t<meta name=\"twitter:data1\" content=\"2 minutes\" \/>\n<script type=\"application\/ld+json\" class=\"yoast-schema-graph\">{\"@context\":\"https:\\\/\\\/schema.org\",\"@graph\":[{\"@type\":\"WebPage\",\"@id\":\"https:\\\/\\\/alohasurfacademy.com\\\/fr\\\/nos-cours-de-surf-a-fuerteventura-corralejo\\\/surf-yoga-sessions-2\\\/\",\"url\":\"https:\\\/\\\/alohasurfacademy.com\\\/fr\\\/nos-cours-de-surf-a-fuerteventura-corralejo\\\/surf-yoga-sessions-2\\\/\",\"name\":\"Yoga & rando au volcan - Aloha Surf Academy - The best surf school and surf camps in Fuerteventura - Corralejo\",\"isPartOf\":{\"@id\":\"https:\\\/\\\/alohasurfacademy.com\\\/fr\\\/#website\"},\"primaryImageOfPage\":{\"@id\":\"https:\\\/\\\/alohasurfacademy.com\\\/fr\\\/nos-cours-de-surf-a-fuerteventura-corralejo\\\/surf-yoga-sessions-2\\\/#primaryimage\"},\"image\":{\"@id\":\"https:\\\/\\\/alohasurfacademy.com\\\/fr\\\/nos-cours-de-surf-a-fuerteventura-corralejo\\\/surf-yoga-sessions-2\\\/#primaryimage\"},\"thumbnailUrl\":\"https:\\\/\\\/alohasurfacademy.com\\\/wp-content\\\/uploads\\\/tjasa-yoga.jpg\",\"datePublished\":\"2021-04-03T13:32:57+00:00\",\"dateModified\":\"2024-12-31T19:19:07+00:00\",\"description\":\"Une exp\u00e9rience de 7 jours en connexion profonde avec l'\u00eele et la nature, dans notre villa luxueuse privatis\u00e9e, avec un menu gastronomique quotidien compos\u00e9 de produits frais de l'\u00eele, combinant surf, randonn\u00e9e sur les volcans, cours de yoga et massage bien-\u00eatre.\",\"breadcrumb\":{\"@id\":\"https:\\\/\\\/alohasurfacademy.com\\\/fr\\\/nos-cours-de-surf-a-fuerteventura-corralejo\\\/surf-yoga-sessions-2\\\/#breadcrumb\"},\"inLanguage\":\"fr-FR\",\"potentialAction\":[{\"@type\":\"ReadAction\",\"target\":[\"https:\\\/\\\/alohasurfacademy.com\\\/fr\\\/nos-cours-de-surf-a-fuerteventura-corralejo\\\/surf-yoga-sessions-2\\\/\"]}]},{\"@type\":\"ImageObject\",\"inLanguage\":\"fr-FR\",\"@id\":\"https:\\\/\\\/alohasurfacademy.com\\\/fr\\\/nos-cours-de-surf-a-fuerteventura-corralejo\\\/surf-yoga-sessions-2\\\/#primaryimage\",\"url\":\"https:\\\/\\\/alohasurfacademy.com\\\/wp-content\\\/uploads\\\/tjasa-yoga.jpg\",\"contentUrl\":\"https:\\\/\\\/alohasurfacademy.com\\\/wp-content\\\/uploads\\\/tjasa-yoga.jpg\"},{\"@type\":\"BreadcrumbList\",\"@id\":\"https:\\\/\\\/alohasurfacademy.com\\\/fr\\\/nos-cours-de-surf-a-fuerteventura-corralejo\\\/surf-yoga-sessions-2\\\/#breadcrumb\",\"itemListElement\":[{\"@type\":\"ListItem\",\"position\":1,\"name\":\"Home\",\"item\":\"https:\\\/\\\/alohasurfacademy.com\\\/fr\\\/\"},{\"@type\":\"ListItem\",\"position\":2,\"name\":\"Services surf\",\"item\":\"https:\\\/\\\/alohasurfacademy.com\\\/fr\\\/surf-courses\\\/\"},{\"@type\":\"ListItem\",\"position\":3,\"name\":\"Yoga &#038; rando au volcan\"}]},{\"@type\":\"WebSite\",\"@id\":\"https:\\\/\\\/alohasurfacademy.com\\\/fr\\\/#website\",\"url\":\"https:\\\/\\\/alohasurfacademy.com\\\/fr\\\/\",\"name\":\"Aloha Surf Academy - The best surf school and surf camps in Fuerteventura - Corralejo\",\"description\":\"Surf School, Surf Camp, Surfing Class, Surf Course in Corralejo - Fuerteventura\",\"potentialAction\":[{\"@type\":\"SearchAction\",\"target\":{\"@type\":\"EntryPoint\",\"urlTemplate\":\"https:\\\/\\\/alohasurfacademy.com\\\/fr\\\/?s={search_term_string}\"},\"query-input\":{\"@type\":\"PropertyValueSpecification\",\"valueRequired\":true,\"valueName\":\"search_term_string\"}}],\"inLanguage\":\"fr-FR\"}]}<\/script>\n<!-- \/ Yoast SEO plugin. -->","yoast_head_json":{"title":"Yoga & rando au volcan - Aloha Surf Academy - The best surf school and surf camps in Fuerteventura - Corralejo","description":"Une exp\u00e9rience de 7 jours en connexion profonde avec l'\u00eele et la nature, dans notre villa luxueuse privatis\u00e9e, avec un menu gastronomique quotidien compos\u00e9 de produits frais de l'\u00eele, combinant surf, randonn\u00e9e sur les volcans, cours de yoga et massage bien-\u00eatre.","robots":{"index":"index","follow":"follow","max-snippet":"max-snippet:-1","max-image-preview":"max-image-preview:large","max-video-preview":"max-video-preview:-1"},"canonical":"https:\/\/alohasurfacademy.com\/fr\/nos-cours-de-surf-a-fuerteventura-corralejo\/surf-yoga-sessions-2\/","og_locale":"fr_FR","og_type":"article","og_title":"Yoga & rando au volcan - Aloha Surf Academy - The best surf school and surf camps in Fuerteventura - Corralejo","og_description":"Une exp\u00e9rience de 7 jours en connexion profonde avec l'\u00eele et la nature, dans notre villa luxueuse privatis\u00e9e, avec un menu gastronomique quotidien compos\u00e9 de produits frais de l'\u00eele, combinant surf, randonn\u00e9e sur les volcans, cours de yoga et massage bien-\u00eatre.","og_url":"https:\/\/alohasurfacademy.com\/fr\/nos-cours-de-surf-a-fuerteventura-corralejo\/surf-yoga-sessions-2\/","og_site_name":"Aloha Surf Academy - The best surf school and surf camps in Fuerteventura - Corralejo","article_modified_time":"2024-12-31T19:19:07+00:00","og_image":[{"width":800,"height":533,"url":"https:\/\/alohasurfacademy.com\/wp-content\/uploads\/tjasa-yoga.jpg","type":"image\/jpeg"}],"twitter_card":"summary_large_image","twitter_misc":{"Dur\u00e9e de lecture estim\u00e9e":"2 minutes"},"schema":{"@context":"https:\/\/schema.org","@graph":[{"@type":"WebPage","@id":"https:\/\/alohasurfacademy.com\/fr\/nos-cours-de-surf-a-fuerteventura-corralejo\/surf-yoga-sessions-2\/","url":"https:\/\/alohasurfacademy.com\/fr\/nos-cours-de-surf-a-fuerteventura-corralejo\/surf-yoga-sessions-2\/","name":"Yoga & rando au volcan - Aloha Surf Academy - The best surf school and surf camps in Fuerteventura - Corralejo","isPartOf":{"@id":"https:\/\/alohasurfacademy.com\/fr\/#website"},"primaryImageOfPage":{"@id":"https:\/\/alohasurfacademy.com\/fr\/nos-cours-de-surf-a-fuerteventura-corralejo\/surf-yoga-sessions-2\/#primaryimage"},"image":{"@id":"https:\/\/alohasurfacademy.com\/fr\/nos-cours-de-surf-a-fuerteventura-corralejo\/surf-yoga-sessions-2\/#primaryimage"},"thumbnailUrl":"https:\/\/alohasurfacademy.com\/wp-content\/uploads\/tjasa-yoga.jpg","datePublished":"2021-04-03T13:32:57+00:00","dateModified":"2024-12-31T19:19:07+00:00","description":"Une exp\u00e9rience de 7 jours en connexion profonde avec l'\u00eele et la nature, dans notre villa luxueuse privatis\u00e9e, avec un menu gastronomique quotidien compos\u00e9 de produits frais de l'\u00eele, combinant surf, randonn\u00e9e sur les volcans, cours de yoga et massage bien-\u00eatre.","breadcrumb":{"@id":"https:\/\/alohasurfacademy.com\/fr\/nos-cours-de-surf-a-fuerteventura-corralejo\/surf-yoga-sessions-2\/#breadcrumb"},"inLanguage":"fr-FR","potentialAction":[{"@type":"ReadAction","target":["https:\/\/alohasurfacademy.com\/fr\/nos-cours-de-surf-a-fuerteventura-corralejo\/surf-yoga-sessions-2\/"]}]},{"@type":"ImageObject","inLanguage":"fr-FR","@id":"https:\/\/alohasurfacademy.com\/fr\/nos-cours-de-surf-a-fuerteventura-corralejo\/surf-yoga-sessions-2\/#primaryimage","url":"https:\/\/alohasurfacademy.com\/wp-content\/uploads\/tjasa-yoga.jpg","contentUrl":"https:\/\/alohasurfacademy.com\/wp-content\/uploads\/tjasa-yoga.jpg"},{"@type":"BreadcrumbList","@id":"https:\/\/alohasurfacademy.com\/fr\/nos-cours-de-surf-a-fuerteventura-corralejo\/surf-yoga-sessions-2\/#breadcrumb","itemListElement":[{"@type":"ListItem","position":1,"name":"Home","item":"https:\/\/alohasurfacademy.com\/fr\/"},{"@type":"ListItem","position":2,"name":"Services surf","item":"https:\/\/alohasurfacademy.com\/fr\/surf-courses\/"},{"@type":"ListItem","position":3,"name":"Yoga &#038; rando au volcan"}]},{"@type":"WebSite","@id":"https:\/\/alohasurfacademy.com\/fr\/#website","url":"https:\/\/alohasurfacademy.com\/fr\/","name":"Aloha Surf Academy - The best surf school and surf camps in Fuerteventura - Corralejo","description":"Surf School, Surf Camp, Surfing Class, Surf Course in Corralejo - Fuerteventura","potentialAction":[{"@type":"SearchAction","target":{"@type":"EntryPoint","urlTemplate":"https:\/\/alohasurfacademy.com\/fr\/?s={search_term_string}"},"query-input":{"@type":"PropertyValueSpecification","valueRequired":true,"valueName":"search_term_string"}}],"inLanguage":"fr-FR"}]}},"_links":{"self":[{"href":"https:\/\/alohasurfacademy.com\/fr\/wp-json\/wp\/v2\/pages\/449","targetHints":{"allow":["GET"]}}],"collection":[{"href":"https:\/\/alohasurfacademy.com\/fr\/wp-json\/wp\/v2\/pages"}],"about":[{"href":"https:\/\/alohasurfacademy.com\/fr\/wp-json\/wp\/v2\/types\/page"}],"author":[{"embeddable":true,"href":"https:\/\/alohasurfacademy.com\/fr\/wp-json\/wp\/v2\/users\/2"}],"replies":[{"embeddable":true,"href":"https:\/\/alohasurfacademy.com\/fr\/wp-json\/wp\/v2\/comments?post=449"}],"version-history":[{"count":26,"href":"https:\/\/alohasurfacademy.com\/fr\/wp-json\/wp\/v2\/pages\/449\/revisions"}],"predecessor-version":[{"id":9351,"href":"https:\/\/alohasurfacademy.com\/fr\/wp-json\/wp\/v2\/pages\/449\/revisions\/9351"}],"up":[{"embeddable":true,"href":"https:\/\/alohasurfacademy.com\/fr\/wp-json\/wp\/v2\/pages\/491"}],"wp:attachment":[{"href":"https:\/\/alohasurfacademy.com\/fr\/wp-json\/wp\/v2\/media?parent=449"}],"curies":[{"name":"wp","href":"https:\/\/api.w.org\/{rel}","templated":true}]}}