{"id":497,"date":"2021-04-03T15:56:06","date_gmt":"2021-04-03T14:56:06","guid":{"rendered":"http:\/\/www.alohasurfacademy.ch\/xyz\/?page_id=497"},"modified":"2026-03-05T20:28:29","modified_gmt":"2026-03-05T20:28:29","slug":"intermediaire","status":"publish","type":"page","link":"https:\/\/alohasurfacademy.com\/fr\/nos-cours-de-surf-a-fuerteventura-corralejo\/intermediaire\/","title":{"rendered":"Cours \u00ab\u00a0am\u00e9liorez votre surf\u00a0\u00bb"},"content":{"rendered":"<h3>Votre profil<\/h3>\n<p style=\"text-align: justify;\">Vous \u00eates un surfeur interm\u00e9diaire qui veut progresser &amp; surfer avec maitrise? Nos conseils avis\u00e9s vous permettent de pratiquer des nouvelles man\u0153uvres de surf ! Notre cours de perfectionnement est pour vous!<\/p>\n<p style=\"text-align: justify;\"><a href=\"https:\/\/alohasurfacademy.com\/wp-content\/uploads\/\/DSC00459-1024x681.jpg\"><img loading=\"lazy\" decoding=\"async\" class=\"alignnone wp-image-4168 size-large\" src=\"https:\/\/alohasurfacademy.com\/wp-content\/uploads\/\/DSC00459-1024x681.jpg\" alt=\"DSC00459\" width=\"606\" height=\"403\" srcset=\"https:\/\/alohasurfacademy.com\/wp-content\/uploads\/DSC00459-1024x681.jpg 1024w, https:\/\/alohasurfacademy.com\/wp-content\/uploads\/DSC00459-300x200.jpg 300w\" sizes=\"(max-width: 606px) 100vw, 606px\" \/><\/a><\/p>\n<h3 style=\"text-align: justify;\">Votre programme<\/h3>\n<p style=\"text-align: justify;\">&#8211; En fonction des conditions de surf (mar\u00e9e, houle), <strong>nous vous cherchons <\/strong>\u00e0 votre logement le matin (10:30) ou l\u2019apr\u00e8s-midi (14:30). L\u2019heure du rendez-vous est confirm\u00e9e la veille par WhatsApp pour le premier jour de cours. <strong>Dur\u00e9e env. 5-6 heures<\/strong> avec le transfert.<\/p>\n<p style=\"text-align: justify;\">&#8211; <strong>Notre cours de surf comprend<\/strong> un entrainement de surfksate, le trajet \u00e0 la plage, un \u00e9chauffement, des exercices sur le sable et dans l\u2019eau, une pause de r\u00e9cup\u00e9ration, un free surf et se termine par un cool down-\u00e9tirement.<\/p>\n<p>&#8211; C&rsquo;est une exp\u00e9rience <strong>privil\u00e9gi\u00e9es<\/strong> car il n&rsquo;y a que <strong>1 seul groupe par jour<\/strong>, avec un <strong>horaire souple<\/strong> et c\u2019est plus qu\u2019un cours de surf, mais aussi une exp\u00e9rience enrichissante; nous partageons avec vous notre style de vie des \u00eeles!<\/p>\n<p style=\"text-align: justify;\">&#8211; <strong>La th\u00e9orie<\/strong> est souvent donn\u00e9e autour d&rsquo;un bon smoothies \/caf\u00e9 et en fin de semaine, une session <strong>d&rsquo;analyses de vos photos<\/strong> de surf est organis\u00e9e lors d&rsquo;un lunch ou dinner<\/p>\n<p>&#8211; Vous n&rsquo;avez que besoin de prendre que vos affaires de plage, de l\u2019eau &amp; un casse-cro\u00fbte\u00a0 ! L\u2019instructeur vous remet le mat\u00e9riel et r\u00e8gle les points administratifs \u00e0 la plage.<\/p>\n<p><a href=\"https:\/\/alohasurfacademy.com\/wp-content\/uploads\/\/DSC06612-1024x681.jpg\"><img loading=\"lazy\" decoding=\"async\" class=\"wp-image-4169 size-large\" src=\"https:\/\/alohasurfacademy.com\/wp-content\/uploads\/\/DSC06612-1024x681.jpg\" alt=\"SONY DSC\" width=\"606\" height=\"403\" srcset=\"https:\/\/alohasurfacademy.com\/wp-content\/uploads\/DSC06612-1024x681.jpg 1024w, https:\/\/alohasurfacademy.com\/wp-content\/uploads\/DSC06612-300x200.jpg 300w\" sizes=\"(max-width: 606px) 100vw, 606px\" \/><\/a><\/p>\n<h3>Votre cours personnalis\u00e9<\/h3>\n<p style=\"text-align: justify;\">&#8211; Votre instructeur <strong>sauveteur<\/strong> en mer vous entraine de mani\u00e8re individuelle dans un petit groupe (<strong>max 6 \u00e9l\u00e8ves par prof), <\/strong>selon un <strong>programme personnalis\u00e9<\/strong>, intensif et efficace pour vous perfectionner.<\/p>\n<p>&#8211; Chez ASA, nous prenons au s\u00e9rieux les besoins de chaque stagiaire. L&rsquo;enseignement est <strong>adapt\u00e9 aux besoins<\/strong> et capacit\u00e9s personnels de chaque participant au cours.<\/p>\n<p>&#8211; En raison de son approche <strong>acad\u00e9mique<\/strong>, votre instructeur ne vous montre pas une technique commune mais irr\u00e9aliste du\u00a0 \u00ab\u00a0take off\u00a0\u00bb qui est commun dans l&rsquo;industrie du surf. Au lieu de cela, il vous apprend \u00e0 vous mettre sur pied comme les meilleurs surfeurs du monde en un seul temps.<\/p>\n<p>&#8211; En cas de limitations physiques, il adapte les techniques en gardant toujours l&rsquo;accent sur la technique correcte des grands surfeurs.<\/p>\n<p>&#8211; De plus, il respecte votre rythme d&rsquo;apprentissage et s\u2019assure que la <strong>s\u00e9curit\u00e9<\/strong> du spot de surf soit optimale pour votre cours.<\/p>\n<p>&#8211; Votre programme comprend beaucoup <strong>d\u2019exercices de simulation<\/strong> sur le sable, car il est prouv\u00e9 en science du sport que le processus d&rsquo;apprentissage le plus efficace est la r\u00e9p\u00e9tition pour construire la <strong>m\u00e9moire musculaire<\/strong> et donc progresser en ayant des automatismes.<\/p>\n<p><img loading=\"lazy\" decoding=\"async\" class=\" wp-image-275 alignleft\" src=\"http:\/\/www.alohasurfacademy.ch\/wp-content\/uploads\/surf_courses_intermediate-300x116.jpg\" alt=\"surf_courses_intermediate\" width=\"357\" height=\"138\" srcset=\"https:\/\/alohasurfacademy.com\/wp-content\/uploads\/surf_courses_intermediate-300x116.jpg 300w, https:\/\/alohasurfacademy.com\/wp-content\/uploads\/surf_courses_intermediate.jpg 900w\" sizes=\"(max-width: 357px) 100vw, 357px\" \/><a href=\"https:\/\/alohasurfacademy.com\/wp-content\/uploads\/\/DSC02175-300x200.jpg\"><img loading=\"lazy\" decoding=\"async\" class=\"size-medium wp-image-4856\" src=\"https:\/\/alohasurfacademy.com\/wp-content\/uploads\/\/DSC02175-300x200.jpg\" alt=\"SONY DSC\" width=\"300\" height=\"200\" srcset=\"https:\/\/alohasurfacademy.com\/wp-content\/uploads\/DSC02175-300x200.jpg 300w, https:\/\/alohasurfacademy.com\/wp-content\/uploads\/DSC02175-1024x681.jpg 1024w\" sizes=\"(max-width: 300px) 100vw, 300px\" \/><\/a><\/p>\n<h4>1 jour interm\u00e9diaire classique<\/h4>\n<p style=\"text-align: justify;\">Apr\u00e8s la session de surf skate, nous vous emmenons \u00e0 la plage avec les autres \u00e9l\u00e8ves, tous niveaux confondus (max 6 pers.). Votre niveau est <strong>\u00e9valu\u00e9<\/strong> sur une planche de mousse par l&rsquo;instructeur.<\/p>\n<p style=\"text-align: justify;\">Celui ci vous aide \u00e0 revoir ou performer les bases du surf et \u00e0 corriger d\u2019\u00e9ventuelles mauvaises habitudes pour ensuite vous apprendre tout sur la s\u00e9curit\u00e9 \u00e0 l\u2019eau et les r\u00e8gles \u00e0 respecter au line up. Vous mettez en pratique vos nouvelles connaissances dans la mousse ou sur des vagues d\u00e9ferlantes selon les conditions. Il vous enseigne les techniques de rame, comment prendre une vague propre et vous essayiez vos premiers bottom turns.<\/p>\n<p style=\"text-align: justify;\">La s\u00e9ance commence toujours par un bon <strong>\u00e9chauffement<\/strong> et se termine par des \u00e9tirements pour am\u00e9liorer la r\u00e9cup\u00e9ration et <strong>r\u00e9duire les risques de blessures<\/strong>.<\/p>\n<p><strong>Surf skate session incluse dans le cours de surf.<\/strong><\/p>\n<p>Le skateboard est un outil tr\u00e8s efficace pour am\u00e9liorer l\u2019\u00e9quilibre et assurer une bonne posture sur la planche de surf. La sensation de glisse est semblable \u00e0 celle d\u2019une vague et le skate vous apprend des automatismes \u00e0 appliquer \u00e0 l\u2019eau ! Pour les interm\u00e9diaires, le r\u00e9sultat est garanti pour acqu\u00e9rir de la vitesse (passage de section) et apprendre la compression\/d\u00e9compression du corps lors de la simulation de virages ! La session de surf skate permet de d\u00e9velopper de capacit\u00e9s pour effectuer des man\u0153uvres qui sont plus difficiles \u00e0 apprendre \u00e0 l&rsquo;eau, de tel sorte que l&rsquo;apprentissage est extr\u00eamement acc\u00e9l\u00e9r\u00e9.<\/p>\n<p><a href=\"https:\/\/alohasurfacademy.com\/wp-content\/uploads\/\/carver-skate-3-300x200.png\"><img loading=\"lazy\" decoding=\"async\" class=\" size-medium wp-image-4172 alignleft\" src=\"https:\/\/alohasurfacademy.com\/wp-content\/uploads\/\/carver-skate-3-300x200.png\" alt=\"carver skate (3)\" width=\"300\" height=\"200\" srcset=\"https:\/\/alohasurfacademy.com\/wp-content\/uploads\/carver-skate-3-300x200.png 300w, https:\/\/alohasurfacademy.com\/wp-content\/uploads\/carver-skate-3-1024x681.png 1024w, https:\/\/alohasurfacademy.com\/wp-content\/uploads\/carver-skate-3.png 1600w\" sizes=\"(max-width: 300px) 100vw, 300px\" \/><\/a><\/p>\n<p><a href=\"https:\/\/alohasurfacademy.com\/wp-content\/uploads\/\/carver-skate-4-300x200.jpg\"><img loading=\"lazy\" decoding=\"async\" class=\"size-medium wp-image-4171 aligncenter\" src=\"https:\/\/alohasurfacademy.com\/wp-content\/uploads\/\/carver-skate-4-300x200.jpg\" alt=\"SONY DSC\" width=\"300\" height=\"200\" srcset=\"https:\/\/alohasurfacademy.com\/wp-content\/uploads\/carver-skate-4-300x200.jpg 300w, https:\/\/alohasurfacademy.com\/wp-content\/uploads\/carver-skate-4-1024x681.jpg 1024w\" sizes=\"(max-width: 300px) 100vw, 300px\" \/><\/a><\/p>\n<h4>3 jours interm\u00e9diaire classique<\/h4>\n<p style=\"text-align: justify;\">Vous suivez le cours du 1er jour perfectionnement, puis vous apprenez comment effectuer un bottom turn et \u00e0 surfer la face de la vague. Vous apprenez les techniques pour passer les vagues vers le large et comment r\u00e9agir en cas de \u00ab wipe out \u00bb (chute !).<\/p>\n<p style=\"text-align: justify;\">Nous donnons des <strong>feedbacks<\/strong> constamment; chaque vague est observ\u00e9e et comment\u00e9e d&rsquo;une mani\u00e8re motivante par l&rsquo;instructeur. Pour ce faire, nous utilisons principalement un enseignement de face depuis la plage.<\/p>\n<p><a href=\"https:\/\/alohasurfacademy.com\/wp-content\/uploads\/\/DSC08069-2-1024x682.jpg\"><img loading=\"lazy\" decoding=\"async\" class=\"alignnone wp-image-3777 size-large\" src=\"https:\/\/alohasurfacademy.com\/wp-content\/uploads\/\/DSC08069-2-1024x682.jpg\" alt=\"SONY DSC\" width=\"606\" height=\"404\" srcset=\"https:\/\/alohasurfacademy.com\/wp-content\/uploads\/DSC08069-2-1024x682.jpg 1024w, https:\/\/alohasurfacademy.com\/wp-content\/uploads\/DSC08069-2-300x200.jpg 300w\" sizes=\"(max-width: 606px) 100vw, 606px\" \/><\/a><\/p>\n<h4>5 jours interm\u00e9diaire classique<\/h4>\n<p style=\"text-align: justify;\">Vous suivez le cours \u00ab 3 jours perfectionnement \u00bb, puis vous apprenez le secret des man\u0153uvres pour r\u00e9ussir des bottom turns et top turns dans la vague ! Vous apprenez comment sortir de la vague en effectuant un \u00ab kick out \u00bb!<\/p>\n<p><strong>COMBO COURS &amp; SURFARI :<\/strong> Nos cours sont donn\u00e9s \u00e0 un spot de surf id\u00e9al pour automatiser les techniques de surf.<br \/>\n<a href=\"http:\/\/www.alohasurfacademy.ch\/nos-cours-de-surf-a-fuerteventura-corralejo\/enjoy-your-surf\/?lang=fr\">Le surfari<\/a> est une bonne formule si vous avez d\u00e9j\u00e0 suivi le cours de 3 ou 5 jours interm\u00e9diaire avec Aloha et que vous voulez continuer \u00e0 mettre en pratique vos nouvelles connaissances en mode \u00ab free surf \u00bb dans des vagues plus challenging. Puis, la <strong>prochaine \u00e9tape pour monter votre niveau<\/strong> sera une <a href=\"https:\/\/alohasurfacademy.com\/fr\/surfeur-intermediaire\/?lang=fr\">clinique de surf<\/a> !<\/p>\n<p><a href=\"https:\/\/alohasurfacademy.com\/wp-content\/uploads\/\/sans-titre5-300x300.png\"><img loading=\"lazy\" decoding=\"async\" class=\"alignnone size-medium wp-image-4170\" src=\"https:\/\/alohasurfacademy.com\/wp-content\/uploads\/\/sans-titre5-300x300.png\" alt=\"sans-titre\" width=\"300\" height=\"300\" srcset=\"https:\/\/alohasurfacademy.com\/wp-content\/uploads\/sans-titre5-300x300.png 300w, https:\/\/alohasurfacademy.com\/wp-content\/uploads\/sans-titre5-150x150.png 150w, https:\/\/alohasurfacademy.com\/wp-content\/uploads\/sans-titre5-1024x1024.png 1024w, https:\/\/alohasurfacademy.com\/wp-content\/uploads\/sans-titre5.png 1080w\" sizes=\"(max-width: 300px) 100vw, 300px\" \/><\/a><\/p>\n<p>&nbsp;<\/p>\n","protected":false},"excerpt":{"rendered":"<p>Votre profil Vous \u00eates un surfeur interm\u00e9diaire qui veut progresser &amp; surfer avec maitrise? Nos conseils avis\u00e9s vous permettent de pratiquer des nouvelles man\u0153uvres de surf ! Notre cours de perfectionnement est pour vous! Votre programme &#8211; En fonction des conditions de surf (mar\u00e9e, houle), nous vous cherchons \u00e0 votre logement le matin (10:30) ou [&hellip;]<\/p>\n","protected":false},"author":2,"featured_media":0,"parent":491,"menu_order":0,"comment_status":"closed","ping_status":"closed","template":"","meta":{"footnotes":""},"class_list":["post-497","page","type-page","status-publish","hentry"],"yoast_head":"<!-- This site is optimized with the Yoast SEO plugin v27.5 - https:\/\/yoast.com\/product\/yoast-seo-wordpress\/ -->\n<title>Cours &quot;am\u00e9liorez votre surf&quot; - Aloha Surf Academy - The best surf school and surf camps in Fuerteventura - Corralejo<\/title>\n<meta name=\"description\" content=\"Ecole de surf francophone. Vous \u00eates un surfeur interm\u00e9diaire qui veut progresser &amp; surfer avec maitrise ?Nous avons la formule ad\u00e9quate!\" \/>\n<meta name=\"robots\" content=\"index, follow, max-snippet:-1, max-image-preview:large, max-video-preview:-1\" \/>\n<link rel=\"canonical\" href=\"https:\/\/alohasurfacademy.com\/fr\/nos-cours-de-surf-a-fuerteventura-corralejo\/intermediaire\/\" \/>\n<meta property=\"og:locale\" content=\"fr_FR\" \/>\n<meta property=\"og:type\" content=\"article\" \/>\n<meta property=\"og:title\" content=\"Cours &quot;am\u00e9liorez votre surf&quot; - Aloha Surf Academy - The best surf school and surf camps in Fuerteventura - Corralejo\" \/>\n<meta property=\"og:description\" content=\"Ecole de surf francophone. Vous \u00eates un surfeur interm\u00e9diaire qui veut progresser &amp; surfer avec maitrise ?Nous avons la formule ad\u00e9quate!\" \/>\n<meta property=\"og:url\" content=\"https:\/\/alohasurfacademy.com\/fr\/nos-cours-de-surf-a-fuerteventura-corralejo\/intermediaire\/\" \/>\n<meta property=\"og:site_name\" content=\"Aloha Surf Academy - The best surf school and surf camps in Fuerteventura - Corralejo\" \/>\n<meta property=\"article:modified_time\" content=\"2026-03-05T20:28:29+00:00\" \/>\n<meta property=\"og:image\" content=\"https:\/\/alohasurfacademy.com\/wp-content\/uploads\/DSC00459.jpg\" \/>\n\t<meta property=\"og:image:width\" content=\"4592\" \/>\n\t<meta property=\"og:image:height\" content=\"3056\" \/>\n\t<meta property=\"og:image:type\" content=\"image\/jpeg\" \/>\n<meta name=\"twitter:card\" content=\"summary_large_image\" \/>\n<meta name=\"twitter:label1\" content=\"Dur\u00e9e de lecture estim\u00e9e\" \/>\n\t<meta name=\"twitter:data1\" content=\"6 minutes\" \/>\n<script type=\"application\/ld+json\" class=\"yoast-schema-graph\">{\"@context\":\"https:\\\/\\\/schema.org\",\"@graph\":[{\"@type\":\"WebPage\",\"@id\":\"https:\\\/\\\/alohasurfacademy.com\\\/fr\\\/nos-cours-de-surf-a-fuerteventura-corralejo\\\/intermediaire\\\/\",\"url\":\"https:\\\/\\\/alohasurfacademy.com\\\/fr\\\/nos-cours-de-surf-a-fuerteventura-corralejo\\\/intermediaire\\\/\",\"name\":\"Cours \\\"am\u00e9liorez votre surf\\\" - Aloha Surf Academy - The best surf school and surf camps in Fuerteventura - Corralejo\",\"isPartOf\":{\"@id\":\"https:\\\/\\\/alohasurfacademy.com\\\/fr\\\/#website\"},\"primaryImageOfPage\":{\"@id\":\"https:\\\/\\\/alohasurfacademy.com\\\/fr\\\/nos-cours-de-surf-a-fuerteventura-corralejo\\\/intermediaire\\\/#primaryimage\"},\"image\":{\"@id\":\"https:\\\/\\\/alohasurfacademy.com\\\/fr\\\/nos-cours-de-surf-a-fuerteventura-corralejo\\\/intermediaire\\\/#primaryimage\"},\"thumbnailUrl\":\"https:\\\/\\\/alohasurfacademy.com\\\/wp-content\\\/uploads\\\/\\\/DSC00459-1024x681.jpg\",\"datePublished\":\"2021-04-03T14:56:06+00:00\",\"dateModified\":\"2026-03-05T20:28:29+00:00\",\"description\":\"Ecole de surf francophone. Vous \u00eates un surfeur interm\u00e9diaire qui veut progresser & surfer avec maitrise ?Nous avons la formule ad\u00e9quate!\",\"breadcrumb\":{\"@id\":\"https:\\\/\\\/alohasurfacademy.com\\\/fr\\\/nos-cours-de-surf-a-fuerteventura-corralejo\\\/intermediaire\\\/#breadcrumb\"},\"inLanguage\":\"fr-FR\",\"potentialAction\":[{\"@type\":\"ReadAction\",\"target\":[\"https:\\\/\\\/alohasurfacademy.com\\\/fr\\\/nos-cours-de-surf-a-fuerteventura-corralejo\\\/intermediaire\\\/\"]}]},{\"@type\":\"ImageObject\",\"inLanguage\":\"fr-FR\",\"@id\":\"https:\\\/\\\/alohasurfacademy.com\\\/fr\\\/nos-cours-de-surf-a-fuerteventura-corralejo\\\/intermediaire\\\/#primaryimage\",\"url\":\"https:\\\/\\\/alohasurfacademy.com\\\/wp-content\\\/uploads\\\/\\\/DSC00459-1024x681.jpg\",\"contentUrl\":\"https:\\\/\\\/alohasurfacademy.com\\\/wp-content\\\/uploads\\\/\\\/DSC00459-1024x681.jpg\"},{\"@type\":\"BreadcrumbList\",\"@id\":\"https:\\\/\\\/alohasurfacademy.com\\\/fr\\\/nos-cours-de-surf-a-fuerteventura-corralejo\\\/intermediaire\\\/#breadcrumb\",\"itemListElement\":[{\"@type\":\"ListItem\",\"position\":1,\"name\":\"Home\",\"item\":\"https:\\\/\\\/alohasurfacademy.com\\\/fr\\\/\"},{\"@type\":\"ListItem\",\"position\":2,\"name\":\"Services surf\",\"item\":\"https:\\\/\\\/alohasurfacademy.com\\\/fr\\\/surf-courses\\\/\"},{\"@type\":\"ListItem\",\"position\":3,\"name\":\"Cours &#8220;am\u00e9liorez votre surf&#8221;\"}]},{\"@type\":\"WebSite\",\"@id\":\"https:\\\/\\\/alohasurfacademy.com\\\/fr\\\/#website\",\"url\":\"https:\\\/\\\/alohasurfacademy.com\\\/fr\\\/\",\"name\":\"Aloha Surf Academy - The best surf school and surf camps in Fuerteventura - Corralejo\",\"description\":\"Surf School, Surf Camp, Surfing Class, Surf Course in Corralejo - Fuerteventura\",\"potentialAction\":[{\"@type\":\"SearchAction\",\"target\":{\"@type\":\"EntryPoint\",\"urlTemplate\":\"https:\\\/\\\/alohasurfacademy.com\\\/fr\\\/?s={search_term_string}\"},\"query-input\":{\"@type\":\"PropertyValueSpecification\",\"valueRequired\":true,\"valueName\":\"search_term_string\"}}],\"inLanguage\":\"fr-FR\"}]}<\/script>\n<!-- \/ Yoast SEO plugin. -->","yoast_head_json":{"title":"Cours \"am\u00e9liorez votre surf\" - Aloha Surf Academy - The best surf school and surf camps in Fuerteventura - Corralejo","description":"Ecole de surf francophone. Vous \u00eates un surfeur interm\u00e9diaire qui veut progresser & surfer avec maitrise ?Nous avons la formule ad\u00e9quate!","robots":{"index":"index","follow":"follow","max-snippet":"max-snippet:-1","max-image-preview":"max-image-preview:large","max-video-preview":"max-video-preview:-1"},"canonical":"https:\/\/alohasurfacademy.com\/fr\/nos-cours-de-surf-a-fuerteventura-corralejo\/intermediaire\/","og_locale":"fr_FR","og_type":"article","og_title":"Cours \"am\u00e9liorez votre surf\" - Aloha Surf Academy - The best surf school and surf camps in Fuerteventura - Corralejo","og_description":"Ecole de surf francophone. Vous \u00eates un surfeur interm\u00e9diaire qui veut progresser & surfer avec maitrise ?Nous avons la formule ad\u00e9quate!","og_url":"https:\/\/alohasurfacademy.com\/fr\/nos-cours-de-surf-a-fuerteventura-corralejo\/intermediaire\/","og_site_name":"Aloha Surf Academy - The best surf school and surf camps in Fuerteventura - Corralejo","article_modified_time":"2026-03-05T20:28:29+00:00","og_image":[{"width":4592,"height":3056,"url":"https:\/\/alohasurfacademy.com\/wp-content\/uploads\/DSC00459.jpg","type":"image\/jpeg"}],"twitter_card":"summary_large_image","twitter_misc":{"Dur\u00e9e de lecture estim\u00e9e":"6 minutes"},"schema":{"@context":"https:\/\/schema.org","@graph":[{"@type":"WebPage","@id":"https:\/\/alohasurfacademy.com\/fr\/nos-cours-de-surf-a-fuerteventura-corralejo\/intermediaire\/","url":"https:\/\/alohasurfacademy.com\/fr\/nos-cours-de-surf-a-fuerteventura-corralejo\/intermediaire\/","name":"Cours \"am\u00e9liorez votre surf\" - Aloha Surf Academy - The best surf school and surf camps in Fuerteventura - Corralejo","isPartOf":{"@id":"https:\/\/alohasurfacademy.com\/fr\/#website"},"primaryImageOfPage":{"@id":"https:\/\/alohasurfacademy.com\/fr\/nos-cours-de-surf-a-fuerteventura-corralejo\/intermediaire\/#primaryimage"},"image":{"@id":"https:\/\/alohasurfacademy.com\/fr\/nos-cours-de-surf-a-fuerteventura-corralejo\/intermediaire\/#primaryimage"},"thumbnailUrl":"https:\/\/alohasurfacademy.com\/wp-content\/uploads\/\/DSC00459-1024x681.jpg","datePublished":"2021-04-03T14:56:06+00:00","dateModified":"2026-03-05T20:28:29+00:00","description":"Ecole de surf francophone. Vous \u00eates un surfeur interm\u00e9diaire qui veut progresser & surfer avec maitrise ?Nous avons la formule ad\u00e9quate!","breadcrumb":{"@id":"https:\/\/alohasurfacademy.com\/fr\/nos-cours-de-surf-a-fuerteventura-corralejo\/intermediaire\/#breadcrumb"},"inLanguage":"fr-FR","potentialAction":[{"@type":"ReadAction","target":["https:\/\/alohasurfacademy.com\/fr\/nos-cours-de-surf-a-fuerteventura-corralejo\/intermediaire\/"]}]},{"@type":"ImageObject","inLanguage":"fr-FR","@id":"https:\/\/alohasurfacademy.com\/fr\/nos-cours-de-surf-a-fuerteventura-corralejo\/intermediaire\/#primaryimage","url":"https:\/\/alohasurfacademy.com\/wp-content\/uploads\/\/DSC00459-1024x681.jpg","contentUrl":"https:\/\/alohasurfacademy.com\/wp-content\/uploads\/\/DSC00459-1024x681.jpg"},{"@type":"BreadcrumbList","@id":"https:\/\/alohasurfacademy.com\/fr\/nos-cours-de-surf-a-fuerteventura-corralejo\/intermediaire\/#breadcrumb","itemListElement":[{"@type":"ListItem","position":1,"name":"Home","item":"https:\/\/alohasurfacademy.com\/fr\/"},{"@type":"ListItem","position":2,"name":"Services surf","item":"https:\/\/alohasurfacademy.com\/fr\/surf-courses\/"},{"@type":"ListItem","position":3,"name":"Cours &#8220;am\u00e9liorez votre surf&#8221;"}]},{"@type":"WebSite","@id":"https:\/\/alohasurfacademy.com\/fr\/#website","url":"https:\/\/alohasurfacademy.com\/fr\/","name":"Aloha Surf Academy - The best surf school and surf camps in Fuerteventura - Corralejo","description":"Surf School, Surf Camp, Surfing Class, Surf Course in Corralejo - Fuerteventura","potentialAction":[{"@type":"SearchAction","target":{"@type":"EntryPoint","urlTemplate":"https:\/\/alohasurfacademy.com\/fr\/?s={search_term_string}"},"query-input":{"@type":"PropertyValueSpecification","valueRequired":true,"valueName":"search_term_string"}}],"inLanguage":"fr-FR"}]}},"_links":{"self":[{"href":"https:\/\/alohasurfacademy.com\/fr\/wp-json\/wp\/v2\/pages\/497","targetHints":{"allow":["GET"]}}],"collection":[{"href":"https:\/\/alohasurfacademy.com\/fr\/wp-json\/wp\/v2\/pages"}],"about":[{"href":"https:\/\/alohasurfacademy.com\/fr\/wp-json\/wp\/v2\/types\/page"}],"author":[{"embeddable":true,"href":"https:\/\/alohasurfacademy.com\/fr\/wp-json\/wp\/v2\/users\/2"}],"replies":[{"embeddable":true,"href":"https:\/\/alohasurfacademy.com\/fr\/wp-json\/wp\/v2\/comments?post=497"}],"version-history":[{"count":39,"href":"https:\/\/alohasurfacademy.com\/fr\/wp-json\/wp\/v2\/pages\/497\/revisions"}],"predecessor-version":[{"id":9602,"href":"https:\/\/alohasurfacademy.com\/fr\/wp-json\/wp\/v2\/pages\/497\/revisions\/9602"}],"up":[{"embeddable":true,"href":"https:\/\/alohasurfacademy.com\/fr\/wp-json\/wp\/v2\/pages\/491"}],"wp:attachment":[{"href":"https:\/\/alohasurfacademy.com\/fr\/wp-json\/wp\/v2\/media?parent=497"}],"curies":[{"name":"wp","href":"https:\/\/api.w.org\/{rel}","templated":true}]}}