{"id":514,"date":"2021-04-03T16:09:35","date_gmt":"2021-04-03T15:09:35","guid":{"rendered":"http:\/\/www.alohasurfacademy.ch\/xyz\/?page_id=514"},"modified":"2026-03-06T11:55:29","modified_gmt":"2026-03-06T11:55:29","slug":"costa-rica-surf","status":"publish","type":"page","link":"https:\/\/alohasurfacademy.com\/fr\/nos-cours-de-surf-a-fuerteventura-corralejo\/costa-rica-surf\/","title":{"rendered":"Costa Rica 2026\/2027"},"content":{"rendered":"<p style=\"text-align: center;\"><strong>Votre \u00e9cole de surf pr\u00e9f\u00e9r\u00e9e d\u00e9m\u00e9nage au Costa Rica de juillet 2026 \u00e0 juin 2027 !<\/strong><\/p>\n<p><strong>Rejoignez-nous sous les tropiques<\/strong>, pour une semaine de surf et d&rsquo;aventures dans un magnifique surf camp avec lequel nous sommes fiers de collaborer \u00e0 Playa Hermosa (Santa Teresa).<\/p>\n<p><img loading=\"lazy\" decoding=\"async\" class=\"alignnone size-large wp-image-9611\" src=\"https:\/\/alohasurfacademy.com\/wp-content\/uploads\/\/DSC09111-1024x683.jpg\" alt=\"\" width=\"1024\" height=\"683\" srcset=\"https:\/\/alohasurfacademy.com\/wp-content\/uploads\/DSC09111-1024x683.jpg 1024w, https:\/\/alohasurfacademy.com\/wp-content\/uploads\/DSC09111-300x200.jpg 300w, https:\/\/alohasurfacademy.com\/wp-content\/uploads\/DSC09111-768x512.jpg 768w, https:\/\/alohasurfacademy.com\/wp-content\/uploads\/DSC09111-1536x1024.jpg 1536w, https:\/\/alohasurfacademy.com\/wp-content\/uploads\/DSC09111-2048x1365.jpg 2048w\" sizes=\"(max-width: 1024px) 100vw, 1024px\" \/><\/p>\n<p>Le camp Dreamsea est nich\u00e9 en pleine <strong>jungle<\/strong>, \u00e0 seulement 5 minutes \u00e0 pied de la <strong>plage<\/strong>. Des <strong>vagues r\u00e9guli\u00e8res<\/strong>, des paysages \u00e0 couper le souffle, une <strong>eau chaude<\/strong> et une ambiance des plus conviviales vous attendent.<\/p>\n<p>Que vous soyez un surfeur interm\u00e9diaire en qu\u00eate de la vague parfaite ou un d\u00e9butant impatient de surfer vos premi\u00e8res vagues, vous trouverez forc\u00e9ment un spot adapt\u00e9 \u00e0 votre niveau.<\/p>\n<p><img loading=\"lazy\" decoding=\"async\" class=\"alignnone wp-image-9628 size-large\" src=\"https:\/\/alohasurfacademy.com\/wp-content\/uploads\/DSC08933-1024x683.jpg\" alt=\"\" width=\"1024\" height=\"683\" srcset=\"https:\/\/alohasurfacademy.com\/wp-content\/uploads\/DSC08933-1024x683.jpg 1024w, https:\/\/alohasurfacademy.com\/wp-content\/uploads\/DSC08933-300x200.jpg 300w, https:\/\/alohasurfacademy.com\/wp-content\/uploads\/DSC08933-768x512.jpg 768w, https:\/\/alohasurfacademy.com\/wp-content\/uploads\/DSC08933-1536x1024.jpg 1536w, https:\/\/alohasurfacademy.com\/wp-content\/uploads\/DSC08933-2048x1365.jpg 2048w\" sizes=\"(max-width: 1024px) 100vw, 1024px\" \/> <img loading=\"lazy\" decoding=\"async\" class=\"alignnone wp-image-9640 size-large\" src=\"https:\/\/alohasurfacademy.com\/wp-content\/uploads\/P1011663-1024x683.jpg\" alt=\"\" width=\"1024\" height=\"683\" srcset=\"https:\/\/alohasurfacademy.com\/wp-content\/uploads\/P1011663-1024x683.jpg 1024w, https:\/\/alohasurfacademy.com\/wp-content\/uploads\/P1011663-300x200.jpg 300w, https:\/\/alohasurfacademy.com\/wp-content\/uploads\/P1011663-768x512.jpg 768w, https:\/\/alohasurfacademy.com\/wp-content\/uploads\/P1011663-1536x1024.jpg 1536w, https:\/\/alohasurfacademy.com\/wp-content\/uploads\/P1011663-2048x1365.jpg 2048w\" sizes=\"(max-width: 1024px) 100vw, 1024px\" \/> <img loading=\"lazy\" decoding=\"async\" class=\"alignnone wp-image-9632 size-large\" src=\"https:\/\/alohasurfacademy.com\/wp-content\/uploads\/DSC09025-1024x683.jpg\" alt=\"\" width=\"1024\" height=\"683\" srcset=\"https:\/\/alohasurfacademy.com\/wp-content\/uploads\/DSC09025-1024x683.jpg 1024w, https:\/\/alohasurfacademy.com\/wp-content\/uploads\/DSC09025-300x200.jpg 300w, https:\/\/alohasurfacademy.com\/wp-content\/uploads\/DSC09025-768x512.jpg 768w, https:\/\/alohasurfacademy.com\/wp-content\/uploads\/DSC09025-1536x1024.jpg 1536w, https:\/\/alohasurfacademy.com\/wp-content\/uploads\/DSC09025-2048x1365.jpg 2048w\" sizes=\"(max-width: 1024px) 100vw, 1024px\" \/><\/p>\n<p style=\"text-align: center;\"><strong>Au programme : surf, surf skating, bain de glace, massages, yoga, h\u00e9bergement avec une cuisine saine et savoureuse\u2026 et surtout, PURA VIDA ! <\/strong><\/p>\n<p><u>PACKAGE ALOHA DREAMSEA<\/u><\/p>\n<ul>\n<li>H\u00e9bergement de 7 nuits dans la chambre de votre choix<\/li>\n<li>\u00a0Petit-d\u00e9jeuner d\u00e9licieux chaque matin<\/li>\n<li>5 d\u00eeners<\/li>\n<li>5 cours de surf de 90 minutes<\/li>\n<li>3 cours de yoga<\/li>\n<li>3 sessions de surf skate<\/li>\n<li>2 s\u00e9ances de ice bath avec exercices de respiration<\/li>\n<li>Th\u00e9orie du surf<\/li>\n<li>Location de planche de surf et de skate<\/li>\n<li>Analyse de photos de surf<\/li>\n<li>Massage indien<\/li>\n<\/ul>\n<p>Prix \u00e0 partir de 1&rsquo;000 euros en dortoir et basse saison.<\/p>\n<ul>\n<li>Chambres priv\u00e9es disponibles. Draps et serviettes fournis.<\/li>\n<li>D\u00eener non inclus les lundis et jeudis.<\/li>\n<li>En extra: p\u00eache, \u00e9quitation, excursion \u00e0 une cascade, tyrolienne dans la jungle, plong\u00e9e, observation des baleines et bien plus encore !<\/li>\n<li>La haute saison est de novembre \u00e0 avril (saison s\u00e8che) \/ la basse saison est de mai \u00e0 octobre (saison des pluies)<\/li>\n<\/ul>\n<p><img loading=\"lazy\" decoding=\"async\" class=\"alignnone size-large wp-image-9660\" src=\"https:\/\/alohasurfacademy.com\/wp-content\/uploads\/\/P1011639-1024x683.jpg\" alt=\"\" width=\"1024\" height=\"683\" srcset=\"https:\/\/alohasurfacademy.com\/wp-content\/uploads\/P1011639-1024x683.jpg 1024w, https:\/\/alohasurfacademy.com\/wp-content\/uploads\/P1011639-300x200.jpg 300w, https:\/\/alohasurfacademy.com\/wp-content\/uploads\/P1011639-768x512.jpg 768w, https:\/\/alohasurfacademy.com\/wp-content\/uploads\/P1011639-1536x1024.jpg 1536w, https:\/\/alohasurfacademy.com\/wp-content\/uploads\/P1011639-2048x1365.jpg 2048w\" sizes=\"(max-width: 1024px) 100vw, 1024px\" \/><\/p>\n<p style=\"text-align: center;\"><strong>DATES POUR NOUS REJOINDRE * :<\/strong><\/p>\n<p><em>D\u00e9but du s\u00e9jour le samedi. Restez aussi longtemps que vous le souhaitez \u2013 nous pouvons adapter la dur\u00e9e de votre s\u00e9jour.<\/em><\/p>\n<p>25 juillet \u2013 1er ao\u00fbt 2026 \/\/ 29 ao\u00fbt \u2013 5 septembre 2026 \/\/\u00a026 septembre \u2013 3 octobre 2026 \/\/\u00a024 \u2013 31 octobre 2026 \/\/\u00a021 \u2013 28 novembre 2026 \/\/\u00a05 \u2013 12 d\u00e9cembre 2026 \/\/\u00a023 \u2013 30 janvier 2027 \/\/\u00a020 \u2013 27 f\u00e9vrier 2027 \/\/\u00a020 \u2013 27 mars 2027 \/\/\u00a017 \u2013 24 avril 2027 \/\/\u00a015 \u2013 22 mai 2027 \/\/\u00a05 \u2013 12 juin 2027<\/p>\n<p><em>* Nous avons encore une certaine flexibilit\u00e9 pour les dates. N&rsquo;h\u00e9sitez pas \u00e0 nous contacter si vous avez une semaine en t\u00eate pr\u00e9cise pour voyager \ud83d\ude0a<\/em><\/p>\n<p><img loading=\"lazy\" decoding=\"async\" class=\"alignnone size-large wp-image-9644\" src=\"https:\/\/alohasurfacademy.com\/wp-content\/uploads\/\/DSC05499-1024x683.jpg\" alt=\"\" width=\"1024\" height=\"683\" srcset=\"https:\/\/alohasurfacademy.com\/wp-content\/uploads\/DSC05499-1024x683.jpg 1024w, https:\/\/alohasurfacademy.com\/wp-content\/uploads\/DSC05499-300x200.jpg 300w, https:\/\/alohasurfacademy.com\/wp-content\/uploads\/DSC05499-768x512.jpg 768w, https:\/\/alohasurfacademy.com\/wp-content\/uploads\/DSC05499-1536x1024.jpg 1536w, https:\/\/alohasurfacademy.com\/wp-content\/uploads\/DSC05499-2048x1365.jpg 2048w\" sizes=\"(max-width: 1024px) 100vw, 1024px\" \/> <img loading=\"lazy\" decoding=\"async\" class=\"alignnone size-large wp-image-9624\" src=\"https:\/\/alohasurfacademy.com\/wp-content\/uploads\/\/DSC06373-1024x683.jpg\" alt=\"\" width=\"1024\" height=\"683\" srcset=\"https:\/\/alohasurfacademy.com\/wp-content\/uploads\/DSC06373-1024x683.jpg 1024w, https:\/\/alohasurfacademy.com\/wp-content\/uploads\/DSC06373-300x200.jpg 300w, https:\/\/alohasurfacademy.com\/wp-content\/uploads\/DSC06373-768x512.jpg 768w, https:\/\/alohasurfacademy.com\/wp-content\/uploads\/DSC06373-1536x1024.jpg 1536w, https:\/\/alohasurfacademy.com\/wp-content\/uploads\/DSC06373-2048x1365.jpg 2048w\" sizes=\"(max-width: 1024px) 100vw, 1024px\" \/><\/p>\n<p><img loading=\"lazy\" decoding=\"async\" class=\"alignnone size-full wp-image-9620\" src=\"https:\/\/alohasurfacademy.com\/wp-content\/uploads\/Double-King-Room-1.jpg\" alt=\"\" width=\"800\" height=\"533\" srcset=\"https:\/\/alohasurfacademy.com\/wp-content\/uploads\/Double-King-Room-1.jpg 800w, https:\/\/alohasurfacademy.com\/wp-content\/uploads\/Double-King-Room-1-300x200.jpg 300w, https:\/\/alohasurfacademy.com\/wp-content\/uploads\/Double-King-Room-1-768x512.jpg 768w\" sizes=\"(max-width: 800px) 100vw, 800px\" \/> <img loading=\"lazy\" decoding=\"async\" class=\"alignnone wp-image-9616 size-full\" src=\"https:\/\/alohasurfacademy.com\/wp-content\/uploads\/Dorm-Room-1.jpg\" alt=\"\" width=\"800\" height=\"533\" srcset=\"https:\/\/alohasurfacademy.com\/wp-content\/uploads\/Dorm-Room-1.jpg 800w, https:\/\/alohasurfacademy.com\/wp-content\/uploads\/Dorm-Room-1-300x200.jpg 300w, https:\/\/alohasurfacademy.com\/wp-content\/uploads\/Dorm-Room-1-768x512.jpg 768w\" sizes=\"(max-width: 800px) 100vw, 800px\" \/><\/p>\n<p style=\"text-align: center;\">Surfer au Costa Rica est une occasion unique d&rsquo;appr\u00e9cier \u00e0 la fois les vagues et la beaut\u00e9 naturelle de la nature, notamment une faune diversifi\u00e9e comme les tortues, les oiseaux et les animaux marins.<\/p>\n<p style=\"text-align: center;\">CONTACTEZ-NOUS DES MAINTENANT POUR PLUS D&rsquo;INFO ET POUR VOTRE RESERVATION !<\/p>\n<p style=\"text-align: center;\"><strong>Nous avons super h\u00e2te de vous faire d\u00e9couvrir notre nouveau havre de paix et de cr\u00e9er des souvenirs inoubliables avec vous !<\/strong><\/p>\n<p style=\"text-align: center;\">Alex, Sophie, Nayra et Iolani<\/p>\n<p><img loading=\"lazy\" decoding=\"async\" class=\"alignnone wp-image-9636 size-large\" src=\"https:\/\/alohasurfacademy.com\/wp-content\/uploads\/DSC09134-1024x683.jpg\" alt=\"\" width=\"1024\" height=\"683\" srcset=\"https:\/\/alohasurfacademy.com\/wp-content\/uploads\/DSC09134-1024x683.jpg 1024w, https:\/\/alohasurfacademy.com\/wp-content\/uploads\/DSC09134-300x200.jpg 300w, https:\/\/alohasurfacademy.com\/wp-content\/uploads\/DSC09134-768x512.jpg 768w, https:\/\/alohasurfacademy.com\/wp-content\/uploads\/DSC09134-1536x1024.jpg 1536w, https:\/\/alohasurfacademy.com\/wp-content\/uploads\/DSC09134-2048x1365.jpg 2048w\" sizes=\"(max-width: 1024px) 100vw, 1024px\" \/><\/p>\n","protected":false},"excerpt":{"rendered":"<p>Votre \u00e9cole de surf pr\u00e9f\u00e9r\u00e9e d\u00e9m\u00e9nage au Costa Rica de juillet 2026 \u00e0 juin 2027 ! Rejoignez-nous sous les tropiques, pour une semaine de surf et d&rsquo;aventures dans un magnifique surf camp avec lequel nous sommes fiers de collaborer \u00e0 Playa Hermosa (Santa Teresa). Le camp Dreamsea est nich\u00e9 en pleine jungle, \u00e0 seulement 5 [&hellip;]<\/p>\n","protected":false},"author":2,"featured_media":0,"parent":491,"menu_order":3,"comment_status":"closed","ping_status":"closed","template":"","meta":{"footnotes":""},"class_list":["post-514","page","type-page","status-publish","hentry"],"yoast_head":"<!-- This site is optimized with the Yoast SEO plugin v27.4 - https:\/\/yoast.com\/product\/yoast-seo-wordpress\/ -->\n<title>Costa Rica 2026\/2027 - Aloha Surf Academy - The best surf school and surf camps in Fuerteventura - Corralejo<\/title>\n<meta name=\"description\" content=\"Votre \u00e9cole de surf pr\u00e9f\u00e9r\u00e9e d\u00e9m\u00e9nage au Costa Rica de juillet 2026 \u00e0 juin 2027 !Rejoignez-nous sous les tropiques, pour une semaine de surf et d&#039;aventures dans un magnifique surf camp avec lequel nous sommes fiers de collaborer \u00e0 Playa Hermosa (Santa Teresa).\" \/>\n<meta name=\"robots\" content=\"index, follow, max-snippet:-1, max-image-preview:large, max-video-preview:-1\" \/>\n<link rel=\"canonical\" href=\"https:\/\/alohasurfacademy.com\/fr\/nos-cours-de-surf-a-fuerteventura-corralejo\/costa-rica-surf\/\" \/>\n<meta property=\"og:locale\" content=\"fr_FR\" \/>\n<meta property=\"og:type\" content=\"article\" \/>\n<meta property=\"og:title\" content=\"Costa Rica 2026\/2027 - Aloha Surf Academy - The best surf school and surf camps in Fuerteventura - Corralejo\" \/>\n<meta property=\"og:description\" content=\"Votre \u00e9cole de surf pr\u00e9f\u00e9r\u00e9e d\u00e9m\u00e9nage au Costa Rica de juillet 2026 \u00e0 juin 2027 !Rejoignez-nous sous les tropiques, pour une semaine de surf et d&#039;aventures dans un magnifique surf camp avec lequel nous sommes fiers de collaborer \u00e0 Playa Hermosa (Santa Teresa).\" \/>\n<meta property=\"og:url\" content=\"https:\/\/alohasurfacademy.com\/fr\/nos-cours-de-surf-a-fuerteventura-corralejo\/costa-rica-surf\/\" \/>\n<meta property=\"og:site_name\" content=\"Aloha Surf Academy - The best surf school and surf camps in Fuerteventura - Corralejo\" \/>\n<meta property=\"article:modified_time\" content=\"2026-03-06T11:55:29+00:00\" \/>\n<meta property=\"og:image\" content=\"https:\/\/alohasurfacademy.com\/wp-content\/uploads\/DSC09111-scaled.jpg\" \/>\n\t<meta property=\"og:image:width\" content=\"2560\" \/>\n\t<meta property=\"og:image:height\" content=\"1707\" \/>\n\t<meta property=\"og:image:type\" content=\"image\/jpeg\" \/>\n<meta name=\"twitter:card\" content=\"summary_large_image\" \/>\n<meta name=\"twitter:label1\" content=\"Dur\u00e9e de lecture estim\u00e9e\" \/>\n\t<meta name=\"twitter:data1\" content=\"4 minutes\" \/>\n<script type=\"application\/ld+json\" class=\"yoast-schema-graph\">{\"@context\":\"https:\\\/\\\/schema.org\",\"@graph\":[{\"@type\":\"WebPage\",\"@id\":\"https:\\\/\\\/alohasurfacademy.com\\\/fr\\\/nos-cours-de-surf-a-fuerteventura-corralejo\\\/costa-rica-surf\\\/\",\"url\":\"https:\\\/\\\/alohasurfacademy.com\\\/fr\\\/nos-cours-de-surf-a-fuerteventura-corralejo\\\/costa-rica-surf\\\/\",\"name\":\"Costa Rica 2026\\\/2027 - Aloha Surf Academy - The best surf school and surf camps in Fuerteventura - Corralejo\",\"isPartOf\":{\"@id\":\"https:\\\/\\\/alohasurfacademy.com\\\/fr\\\/#website\"},\"primaryImageOfPage\":{\"@id\":\"https:\\\/\\\/alohasurfacademy.com\\\/fr\\\/nos-cours-de-surf-a-fuerteventura-corralejo\\\/costa-rica-surf\\\/#primaryimage\"},\"image\":{\"@id\":\"https:\\\/\\\/alohasurfacademy.com\\\/fr\\\/nos-cours-de-surf-a-fuerteventura-corralejo\\\/costa-rica-surf\\\/#primaryimage\"},\"thumbnailUrl\":\"https:\\\/\\\/alohasurfacademy.com\\\/wp-content\\\/uploads\\\/\\\/DSC09111-1024x683.jpg\",\"datePublished\":\"2021-04-03T15:09:35+00:00\",\"dateModified\":\"2026-03-06T11:55:29+00:00\",\"description\":\"Votre \u00e9cole de surf pr\u00e9f\u00e9r\u00e9e d\u00e9m\u00e9nage au Costa Rica de juillet 2026 \u00e0 juin 2027 !Rejoignez-nous sous les tropiques, pour une semaine de surf et d'aventures dans un magnifique surf camp avec lequel nous sommes fiers de collaborer \u00e0 Playa Hermosa (Santa Teresa).\",\"breadcrumb\":{\"@id\":\"https:\\\/\\\/alohasurfacademy.com\\\/fr\\\/nos-cours-de-surf-a-fuerteventura-corralejo\\\/costa-rica-surf\\\/#breadcrumb\"},\"inLanguage\":\"fr-FR\",\"potentialAction\":[{\"@type\":\"ReadAction\",\"target\":[\"https:\\\/\\\/alohasurfacademy.com\\\/fr\\\/nos-cours-de-surf-a-fuerteventura-corralejo\\\/costa-rica-surf\\\/\"]}]},{\"@type\":\"ImageObject\",\"inLanguage\":\"fr-FR\",\"@id\":\"https:\\\/\\\/alohasurfacademy.com\\\/fr\\\/nos-cours-de-surf-a-fuerteventura-corralejo\\\/costa-rica-surf\\\/#primaryimage\",\"url\":\"https:\\\/\\\/alohasurfacademy.com\\\/wp-content\\\/uploads\\\/\\\/DSC09111-1024x683.jpg\",\"contentUrl\":\"https:\\\/\\\/alohasurfacademy.com\\\/wp-content\\\/uploads\\\/\\\/DSC09111-1024x683.jpg\"},{\"@type\":\"BreadcrumbList\",\"@id\":\"https:\\\/\\\/alohasurfacademy.com\\\/fr\\\/nos-cours-de-surf-a-fuerteventura-corralejo\\\/costa-rica-surf\\\/#breadcrumb\",\"itemListElement\":[{\"@type\":\"ListItem\",\"position\":1,\"name\":\"Home\",\"item\":\"https:\\\/\\\/alohasurfacademy.com\\\/fr\\\/\"},{\"@type\":\"ListItem\",\"position\":2,\"name\":\"Services surf\",\"item\":\"https:\\\/\\\/alohasurfacademy.com\\\/fr\\\/surf-courses\\\/\"},{\"@type\":\"ListItem\",\"position\":3,\"name\":\"Costa Rica 2026\\\/2027\"}]},{\"@type\":\"WebSite\",\"@id\":\"https:\\\/\\\/alohasurfacademy.com\\\/fr\\\/#website\",\"url\":\"https:\\\/\\\/alohasurfacademy.com\\\/fr\\\/\",\"name\":\"Aloha Surf Academy - The best surf school and surf camps in Fuerteventura - Corralejo\",\"description\":\"Surf School, Surf Camp, Surfing Class, Surf Course in Corralejo - Fuerteventura\",\"potentialAction\":[{\"@type\":\"SearchAction\",\"target\":{\"@type\":\"EntryPoint\",\"urlTemplate\":\"https:\\\/\\\/alohasurfacademy.com\\\/fr\\\/?s={search_term_string}\"},\"query-input\":{\"@type\":\"PropertyValueSpecification\",\"valueRequired\":true,\"valueName\":\"search_term_string\"}}],\"inLanguage\":\"fr-FR\"}]}<\/script>\n<!-- \/ Yoast SEO plugin. -->","yoast_head_json":{"title":"Costa Rica 2026\/2027 - Aloha Surf Academy - The best surf school and surf camps in Fuerteventura - Corralejo","description":"Votre \u00e9cole de surf pr\u00e9f\u00e9r\u00e9e d\u00e9m\u00e9nage au Costa Rica de juillet 2026 \u00e0 juin 2027 !Rejoignez-nous sous les tropiques, pour une semaine de surf et d'aventures dans un magnifique surf camp avec lequel nous sommes fiers de collaborer \u00e0 Playa Hermosa (Santa Teresa).","robots":{"index":"index","follow":"follow","max-snippet":"max-snippet:-1","max-image-preview":"max-image-preview:large","max-video-preview":"max-video-preview:-1"},"canonical":"https:\/\/alohasurfacademy.com\/fr\/nos-cours-de-surf-a-fuerteventura-corralejo\/costa-rica-surf\/","og_locale":"fr_FR","og_type":"article","og_title":"Costa Rica 2026\/2027 - Aloha Surf Academy - The best surf school and surf camps in Fuerteventura - Corralejo","og_description":"Votre \u00e9cole de surf pr\u00e9f\u00e9r\u00e9e d\u00e9m\u00e9nage au Costa Rica de juillet 2026 \u00e0 juin 2027 !Rejoignez-nous sous les tropiques, pour une semaine de surf et d'aventures dans un magnifique surf camp avec lequel nous sommes fiers de collaborer \u00e0 Playa Hermosa (Santa Teresa).","og_url":"https:\/\/alohasurfacademy.com\/fr\/nos-cours-de-surf-a-fuerteventura-corralejo\/costa-rica-surf\/","og_site_name":"Aloha Surf Academy - The best surf school and surf camps in Fuerteventura - Corralejo","article_modified_time":"2026-03-06T11:55:29+00:00","og_image":[{"width":2560,"height":1707,"url":"https:\/\/alohasurfacademy.com\/wp-content\/uploads\/DSC09111-scaled.jpg","type":"image\/jpeg"}],"twitter_card":"summary_large_image","twitter_misc":{"Dur\u00e9e de lecture estim\u00e9e":"4 minutes"},"schema":{"@context":"https:\/\/schema.org","@graph":[{"@type":"WebPage","@id":"https:\/\/alohasurfacademy.com\/fr\/nos-cours-de-surf-a-fuerteventura-corralejo\/costa-rica-surf\/","url":"https:\/\/alohasurfacademy.com\/fr\/nos-cours-de-surf-a-fuerteventura-corralejo\/costa-rica-surf\/","name":"Costa Rica 2026\/2027 - Aloha Surf Academy - The best surf school and surf camps in Fuerteventura - Corralejo","isPartOf":{"@id":"https:\/\/alohasurfacademy.com\/fr\/#website"},"primaryImageOfPage":{"@id":"https:\/\/alohasurfacademy.com\/fr\/nos-cours-de-surf-a-fuerteventura-corralejo\/costa-rica-surf\/#primaryimage"},"image":{"@id":"https:\/\/alohasurfacademy.com\/fr\/nos-cours-de-surf-a-fuerteventura-corralejo\/costa-rica-surf\/#primaryimage"},"thumbnailUrl":"https:\/\/alohasurfacademy.com\/wp-content\/uploads\/\/DSC09111-1024x683.jpg","datePublished":"2021-04-03T15:09:35+00:00","dateModified":"2026-03-06T11:55:29+00:00","description":"Votre \u00e9cole de surf pr\u00e9f\u00e9r\u00e9e d\u00e9m\u00e9nage au Costa Rica de juillet 2026 \u00e0 juin 2027 !Rejoignez-nous sous les tropiques, pour une semaine de surf et d'aventures dans un magnifique surf camp avec lequel nous sommes fiers de collaborer \u00e0 Playa Hermosa (Santa Teresa).","breadcrumb":{"@id":"https:\/\/alohasurfacademy.com\/fr\/nos-cours-de-surf-a-fuerteventura-corralejo\/costa-rica-surf\/#breadcrumb"},"inLanguage":"fr-FR","potentialAction":[{"@type":"ReadAction","target":["https:\/\/alohasurfacademy.com\/fr\/nos-cours-de-surf-a-fuerteventura-corralejo\/costa-rica-surf\/"]}]},{"@type":"ImageObject","inLanguage":"fr-FR","@id":"https:\/\/alohasurfacademy.com\/fr\/nos-cours-de-surf-a-fuerteventura-corralejo\/costa-rica-surf\/#primaryimage","url":"https:\/\/alohasurfacademy.com\/wp-content\/uploads\/\/DSC09111-1024x683.jpg","contentUrl":"https:\/\/alohasurfacademy.com\/wp-content\/uploads\/\/DSC09111-1024x683.jpg"},{"@type":"BreadcrumbList","@id":"https:\/\/alohasurfacademy.com\/fr\/nos-cours-de-surf-a-fuerteventura-corralejo\/costa-rica-surf\/#breadcrumb","itemListElement":[{"@type":"ListItem","position":1,"name":"Home","item":"https:\/\/alohasurfacademy.com\/fr\/"},{"@type":"ListItem","position":2,"name":"Services surf","item":"https:\/\/alohasurfacademy.com\/fr\/surf-courses\/"},{"@type":"ListItem","position":3,"name":"Costa Rica 2026\/2027"}]},{"@type":"WebSite","@id":"https:\/\/alohasurfacademy.com\/fr\/#website","url":"https:\/\/alohasurfacademy.com\/fr\/","name":"Aloha Surf Academy - The best surf school and surf camps in Fuerteventura - Corralejo","description":"Surf School, Surf Camp, Surfing Class, Surf Course in Corralejo - Fuerteventura","potentialAction":[{"@type":"SearchAction","target":{"@type":"EntryPoint","urlTemplate":"https:\/\/alohasurfacademy.com\/fr\/?s={search_term_string}"},"query-input":{"@type":"PropertyValueSpecification","valueRequired":true,"valueName":"search_term_string"}}],"inLanguage":"fr-FR"}]}},"_links":{"self":[{"href":"https:\/\/alohasurfacademy.com\/fr\/wp-json\/wp\/v2\/pages\/514","targetHints":{"allow":["GET"]}}],"collection":[{"href":"https:\/\/alohasurfacademy.com\/fr\/wp-json\/wp\/v2\/pages"}],"about":[{"href":"https:\/\/alohasurfacademy.com\/fr\/wp-json\/wp\/v2\/types\/page"}],"author":[{"embeddable":true,"href":"https:\/\/alohasurfacademy.com\/fr\/wp-json\/wp\/v2\/users\/2"}],"replies":[{"embeddable":true,"href":"https:\/\/alohasurfacademy.com\/fr\/wp-json\/wp\/v2\/comments?post=514"}],"version-history":[{"count":43,"href":"https:\/\/alohasurfacademy.com\/fr\/wp-json\/wp\/v2\/pages\/514\/revisions"}],"predecessor-version":[{"id":9683,"href":"https:\/\/alohasurfacademy.com\/fr\/wp-json\/wp\/v2\/pages\/514\/revisions\/9683"}],"up":[{"embeddable":true,"href":"https:\/\/alohasurfacademy.com\/fr\/wp-json\/wp\/v2\/pages\/491"}],"wp:attachment":[{"href":"https:\/\/alohasurfacademy.com\/fr\/wp-json\/wp\/v2\/media?parent=514"}],"curies":[{"name":"wp","href":"https:\/\/api.w.org\/{rel}","templated":true}]}}