{"id":522,"date":"2021-04-03T16:51:09","date_gmt":"2021-04-03T15:51:09","guid":{"rendered":"http:\/\/www.alohasurfacademy.ch\/xyz\/?page_id=522"},"modified":"2023-12-13T09:10:39","modified_gmt":"2023-12-13T09:10:39","slug":"enjoy-your-surf","status":"publish","type":"page","link":"https:\/\/alohasurfacademy.com\/fr\/nos-cours-de-surf-a-fuerteventura-corralejo\/enjoy-your-surf\/","title":{"rendered":"Surfari &#038; coaching particulier"},"content":{"rendered":"<p style=\"text-align: justify;\">Vous souhaitez savourer ce sentiment unique de glisse sur la vague ?Nous vous emmenons surfer au meilleur spot de surf et nous vous donnons les infos de s\u00e9curit\u00e9 du spot. A peine aurez-vous pied sur l\u2019ile que vous serez d\u00e9j\u00e0 en train de rider les meilleures vagues!<\/p>\n<h3>Surfari pour surfeur d\u00e9butant-avanc\u00e9s<\/h3>\n<p><img loading=\"lazy\" decoding=\"async\" class=\"alignnone size-full wp-image-279\" src=\"http:\/\/www.alohasurfacademy.ch\/wp-content\/uploads\/guided_tour_1.jpg\" alt=\"guided_tour_1\" width=\"600\" height=\"233\" srcset=\"https:\/\/alohasurfacademy.com\/wp-content\/uploads\/guided_tour_1.jpg 600w, https:\/\/alohasurfacademy.com\/wp-content\/uploads\/guided_tour_1-300x116.jpg 300w\" sizes=\"(max-width: 600px) 100vw, 600px\" \/><\/p>\n<p style=\"text-align: justify;\">Nous offrons la possibilit\u00e9 \u00e0 nos stagiaires d\u00e9butants-avanc\u00e9s de louer des planches &amp; des combinaisons et de profiter du transfert \u00e0 la plage ou l\u2019instructeur se rend avec les autres \u00e9l\u00e8ves du cours. C&rsquo;est une bonne formule si vous avez d\u00e9j\u00e0 suivi le cours de 3 ou 5 jours d\u00e9butant avec Aloha et que vous voulez continuer \u00e0 pratiquer le surf, avant d&rsquo;aller seul surfer les vagues. EXCLUSIVIT\u00e9 POUR LES STAGIAIRES DE ALOHA UNIQUEMENT !<\/p>\n<p style=\"text-align: justify;\"><em>35 euros, inclus : Pick-up et transferts \/ mat\u00e9riel de surf \/infos sur le spot \/ sauveteur de mer \u00e0 proximit\u00e9 \/ ambiance de groupe \/ dur\u00e9e 5-6 heures<\/em><\/p>\n<h3>Surfari pour surfeur interm\u00e9diaire\/avanc\u00e9<\/h3>\n<p><a href=\"http:\/\/www.alohasurfacademy.ch\/wp-content\/uploads\/sans-titre23.png\"><img loading=\"lazy\" decoding=\"async\" class=\"alignnone wp-image-4330 size-large\" src=\"http:\/\/www.alohasurfacademy.ch\/wp-content\/uploads\/sans-titre23-1024x768.png\" alt=\"sans-titre2\" width=\"606\" height=\"455\" srcset=\"https:\/\/alohasurfacademy.com\/wp-content\/uploads\/sans-titre23-1024x768.png 1024w, https:\/\/alohasurfacademy.com\/wp-content\/uploads\/sans-titre23-300x225.png 300w, https:\/\/alohasurfacademy.com\/wp-content\/uploads\/sans-titre23.png 1600w\" sizes=\"(max-width: 606px) 100vw, 606px\" \/><\/a><\/p>\n<p style=\"text-align: justify;\">Ce tour s\u2019adresse uniquement aux surfeurs confirm\u00e9s. Votre guide surfari vous emm\u00e8ne sur les meilleurs spots du jour. Les horaires du surfari d\u00e9pendent des conditions de surf (swell \/ vent \/ mar\u00e9es). Le guide vous donne les infos n\u00e9cessaires du spot pour que vous vous sentiez en confiance sur ce nouveau lieu. Pas de perte de temps ni d\u2019angoisses ! A ses c\u00f4t\u00e9s, vous n&rsquo;avez qu\u2019\u00e0 savourer les belles vagues de Fuerteventura !<\/p>\n<p style=\"text-align: justify;\">Cette formule est pour vous si vous \u00eates majeur et si vous :<\/p>\n<ul style=\"text-align: justify;\">\n<li>\u00eates un surfer interm\u00e9diaire ou avanc\u00e9<\/li>\n<li>\u00eates en bonne condition physique<\/li>\n<li>\u00eates apte \u00e0 ramener sur une longue distance pour rejoindre le line up<\/li>\n<li>surfez la partie d\u00e9ferlante de la vague et pratiquez les virages bottom &amp; top turns<\/li>\n<li>\u00eates apte \u00e0 faire le canard ou la tortue pour passer la vague<\/li>\n<li>connaissez les priorit\u00e9s du surf et les r\u00e8gles internationales de comportement \u00e0 l&rsquo;eau<\/li>\n<li>savez comment r\u00e9agir en cas de chute<\/li>\n<\/ul>\n<p style=\"text-align: justify;\"><i>50 euros, inclus : pick-up et transferts \/ infos sur le spot \/ gain de temps ! \/ dur\u00e9e 3 heures (environ 90 minutes \u00e0 l&rsquo;eau) \/ max. 3 surfers par guide<\/i><\/p>\n<p style=\"text-align: justify;\"><a href=\"http:\/\/www.alohasurfacademy.ch\/wp-content\/uploads\/gallerie-guided-tour-1.jpg\"><img loading=\"lazy\" decoding=\"async\" class=\" size-medium wp-image-4029 alignleft\" src=\"http:\/\/www.alohasurfacademy.ch\/wp-content\/uploads\/gallerie-guided-tour-1-300x225.jpg\" alt=\"gallerie guided tour (1)\" width=\"300\" height=\"225\" srcset=\"https:\/\/alohasurfacademy.com\/wp-content\/uploads\/gallerie-guided-tour-1-300x225.jpg 300w, https:\/\/alohasurfacademy.com\/wp-content\/uploads\/gallerie-guided-tour-1-1024x768.jpg 1024w\" sizes=\"(max-width: 300px) 100vw, 300px\" \/><img loading=\"lazy\" decoding=\"async\" class=\" size-full wp-image-280 alignleft\" src=\"http:\/\/www.alohasurfacademy.ch\/wp-content\/uploads\/guided_tour_2.jpg\" alt=\"guided_tour_2\" width=\"600\" height=\"233\" srcset=\"https:\/\/alohasurfacademy.com\/wp-content\/uploads\/guided_tour_2.jpg 600w, https:\/\/alohasurfacademy.com\/wp-content\/uploads\/guided_tour_2-300x116.jpg 300w\" sizes=\"(max-width: 600px) 100vw, 600px\" \/><\/a><strong>INFORMATIONS NECESSAIRES :<\/strong> Quelle planche utilisez-vous?, combien de fois par an surfez-vous ? , surfez-vous des beach break et des reef breaks ?, surfez-vous frontside et backside ? Avez-vous des photos de surf ? Cela nous permet de d\u00e9terminer votre niveau pour vous emmener sur le spot de surf ad\u00e9quat. De plus, avez un bon niveau d\u2019espagnol ou d\u2019anglais pour communiquer avec le guide qui est responsable de vous ?<\/p>\n<p><strong>STAGIAIRES INTERMEDIAIRES :<\/strong> Nos cours sont donn\u00e9s \u00e0 un spot de surf id\u00e9al pour automatiser les techniques de surf.<br \/>\nCe surfari est une bonne formule si vous avez d\u00e9j\u00e0 suivi le cours de 3 ou 5 jours interm\u00e9diaire avec Aloha et que vous voulez continuer \u00e0 mettre en pratique vos nouvelles connaissances en mode \u00ab free surf \u00bb.<\/p>\n<h3>Surfari &amp; conseils particuliers pour surfeur interm\u00e9diaire\/avanc\u00e9<\/h3>\n<p><a href=\"http:\/\/www.alohasurfacademy.ch\/wp-content\/uploads\/ALEX-2.jpg\"><img loading=\"lazy\" decoding=\"async\" class=\"wp-image-4337 size-large\" src=\"http:\/\/www.alohasurfacademy.ch\/wp-content\/uploads\/ALEX-2-1024x681.jpg\" alt=\"SONY DSC\" width=\"606\" height=\"403\" srcset=\"https:\/\/alohasurfacademy.com\/wp-content\/uploads\/ALEX-2-1024x681.jpg 1024w, https:\/\/alohasurfacademy.com\/wp-content\/uploads\/ALEX-2-300x200.jpg 300w\" sizes=\"(max-width: 606px) 100vw, 606px\" \/><\/a><\/p>\n<p style=\"text-align: justify;\">Nous offrons un surfari avec conseils particuliers! Votre instructeur se rend avec vous sur le spot de surf ad\u00e9quat et il vous prodigue des conseils personnels depuis l\u2019eau pour que vous vous am\u00e9liorez rapidement ! 100% fun et efficace!<\/p>\n<ul>\n<li>Notre coach Alex, qui est titulaire d&rsquo;une formation de sport, partage ses conseils nutritifs et d&rsquo;entrainement musculaires pour que vous ayez assez d&rsquo;\u00e9nergie pour surfer.<\/li>\n<\/ul>\n<p style=\"text-align: justify;\"><em>100 euros, inclus : Pick-up et transferts \/ infos sur le spot \/ session privatis\u00e9e \/conseils particuliers par un instructeur licenci\u00e9 \/ sauveteur de mer \/ dur\u00e9e 3 heures (environ 90 minutes \u00e0 l&rsquo;eau)<\/em><\/p>\n<ul style=\"text-align: justify;\">\n<li>Ajoutez une analyse de vos photos de surf pour + 40 euros<\/li>\n<li>Ajouter une session de carver skate (surfskate) pour + 40 euros<\/li>\n<\/ul>\n","protected":false},"excerpt":{"rendered":"<p>Vous souhaitez savourer ce sentiment unique de glisse sur la vague ?Nous vous emmenons surfer au meilleur spot de surf et nous vous donnons les infos de s\u00e9curit\u00e9 du spot. A peine aurez-vous pied sur l\u2019ile que vous serez d\u00e9j\u00e0 en train de rider les meilleures vagues! Surfari pour surfeur d\u00e9butant-avanc\u00e9s Nous offrons la possibilit\u00e9 [&hellip;]<\/p>\n","protected":false},"author":2,"featured_media":0,"parent":491,"menu_order":4,"comment_status":"closed","ping_status":"closed","template":"","meta":{"footnotes":""},"class_list":["post-522","page","type-page","status-publish","hentry"],"yoast_head":"<!-- This site is optimized with the Yoast SEO plugin v27.5 - https:\/\/yoast.com\/product\/yoast-seo-wordpress\/ -->\n<title>Surfari &amp; coaching particulier - Aloha Surf Academy - The best surf school and surf camps in Fuerteventura - Corralejo<\/title>\n<meta name=\"robots\" content=\"index, follow, max-snippet:-1, max-image-preview:large, max-video-preview:-1\" \/>\n<link rel=\"canonical\" href=\"https:\/\/alohasurfacademy.com\/fr\/nos-cours-de-surf-a-fuerteventura-corralejo\/enjoy-your-surf\/\" \/>\n<meta property=\"og:locale\" content=\"fr_FR\" \/>\n<meta property=\"og:type\" content=\"article\" \/>\n<meta property=\"og:title\" content=\"Surfari &amp; coaching particulier - Aloha Surf Academy - The best surf school and surf camps in Fuerteventura - Corralejo\" \/>\n<meta property=\"og:description\" content=\"Vous souhaitez savourer ce sentiment unique de glisse sur la vague ?Nous vous emmenons surfer au meilleur spot de surf et nous vous donnons les infos de s\u00e9curit\u00e9 du spot. A peine aurez-vous pied sur l\u2019ile que vous serez d\u00e9j\u00e0 en train de rider les meilleures vagues! Surfari pour surfeur d\u00e9butant-avanc\u00e9s Nous offrons la possibilit\u00e9 [&hellip;]\" \/>\n<meta property=\"og:url\" content=\"https:\/\/alohasurfacademy.com\/fr\/nos-cours-de-surf-a-fuerteventura-corralejo\/enjoy-your-surf\/\" \/>\n<meta property=\"og:site_name\" content=\"Aloha Surf Academy - The best surf school and surf camps in Fuerteventura - Corralejo\" \/>\n<meta property=\"article:modified_time\" content=\"2023-12-13T09:10:39+00:00\" \/>\n<meta property=\"og:image\" content=\"http:\/\/www.alohasurfacademy.ch\/wp-content\/uploads\/guided_tour_1.jpg\" \/>\n<meta name=\"twitter:card\" content=\"summary_large_image\" \/>\n<meta name=\"twitter:label1\" content=\"Dur\u00e9e de lecture estim\u00e9e\" \/>\n\t<meta name=\"twitter:data1\" content=\"4 minutes\" \/>\n<script type=\"application\/ld+json\" class=\"yoast-schema-graph\">{\"@context\":\"https:\\\/\\\/schema.org\",\"@graph\":[{\"@type\":\"WebPage\",\"@id\":\"https:\\\/\\\/alohasurfacademy.com\\\/fr\\\/nos-cours-de-surf-a-fuerteventura-corralejo\\\/enjoy-your-surf\\\/\",\"url\":\"https:\\\/\\\/alohasurfacademy.com\\\/fr\\\/nos-cours-de-surf-a-fuerteventura-corralejo\\\/enjoy-your-surf\\\/\",\"name\":\"Surfari & coaching particulier - Aloha Surf Academy - The best surf school and surf camps in Fuerteventura - Corralejo\",\"isPartOf\":{\"@id\":\"https:\\\/\\\/alohasurfacademy.com\\\/fr\\\/#website\"},\"primaryImageOfPage\":{\"@id\":\"https:\\\/\\\/alohasurfacademy.com\\\/fr\\\/nos-cours-de-surf-a-fuerteventura-corralejo\\\/enjoy-your-surf\\\/#primaryimage\"},\"image\":{\"@id\":\"https:\\\/\\\/alohasurfacademy.com\\\/fr\\\/nos-cours-de-surf-a-fuerteventura-corralejo\\\/enjoy-your-surf\\\/#primaryimage\"},\"thumbnailUrl\":\"http:\\\/\\\/www.alohasurfacademy.ch\\\/wp-content\\\/uploads\\\/guided_tour_1.jpg\",\"datePublished\":\"2021-04-03T15:51:09+00:00\",\"dateModified\":\"2023-12-13T09:10:39+00:00\",\"breadcrumb\":{\"@id\":\"https:\\\/\\\/alohasurfacademy.com\\\/fr\\\/nos-cours-de-surf-a-fuerteventura-corralejo\\\/enjoy-your-surf\\\/#breadcrumb\"},\"inLanguage\":\"fr-FR\",\"potentialAction\":[{\"@type\":\"ReadAction\",\"target\":[\"https:\\\/\\\/alohasurfacademy.com\\\/fr\\\/nos-cours-de-surf-a-fuerteventura-corralejo\\\/enjoy-your-surf\\\/\"]}]},{\"@type\":\"ImageObject\",\"inLanguage\":\"fr-FR\",\"@id\":\"https:\\\/\\\/alohasurfacademy.com\\\/fr\\\/nos-cours-de-surf-a-fuerteventura-corralejo\\\/enjoy-your-surf\\\/#primaryimage\",\"url\":\"http:\\\/\\\/www.alohasurfacademy.ch\\\/wp-content\\\/uploads\\\/guided_tour_1.jpg\",\"contentUrl\":\"http:\\\/\\\/www.alohasurfacademy.ch\\\/wp-content\\\/uploads\\\/guided_tour_1.jpg\"},{\"@type\":\"BreadcrumbList\",\"@id\":\"https:\\\/\\\/alohasurfacademy.com\\\/fr\\\/nos-cours-de-surf-a-fuerteventura-corralejo\\\/enjoy-your-surf\\\/#breadcrumb\",\"itemListElement\":[{\"@type\":\"ListItem\",\"position\":1,\"name\":\"Home\",\"item\":\"https:\\\/\\\/alohasurfacademy.com\\\/fr\\\/\"},{\"@type\":\"ListItem\",\"position\":2,\"name\":\"Services surf\",\"item\":\"https:\\\/\\\/alohasurfacademy.com\\\/fr\\\/surf-courses\\\/\"},{\"@type\":\"ListItem\",\"position\":3,\"name\":\"Surfari &#038; coaching particulier\"}]},{\"@type\":\"WebSite\",\"@id\":\"https:\\\/\\\/alohasurfacademy.com\\\/fr\\\/#website\",\"url\":\"https:\\\/\\\/alohasurfacademy.com\\\/fr\\\/\",\"name\":\"Aloha Surf Academy - The best surf school and surf camps in Fuerteventura - Corralejo\",\"description\":\"Surf School, Surf Camp, Surfing Class, Surf Course in Corralejo - Fuerteventura\",\"potentialAction\":[{\"@type\":\"SearchAction\",\"target\":{\"@type\":\"EntryPoint\",\"urlTemplate\":\"https:\\\/\\\/alohasurfacademy.com\\\/fr\\\/?s={search_term_string}\"},\"query-input\":{\"@type\":\"PropertyValueSpecification\",\"valueRequired\":true,\"valueName\":\"search_term_string\"}}],\"inLanguage\":\"fr-FR\"}]}<\/script>\n<!-- \/ Yoast SEO plugin. -->","yoast_head_json":{"title":"Surfari & coaching particulier - Aloha Surf Academy - The best surf school and surf camps in Fuerteventura - Corralejo","robots":{"index":"index","follow":"follow","max-snippet":"max-snippet:-1","max-image-preview":"max-image-preview:large","max-video-preview":"max-video-preview:-1"},"canonical":"https:\/\/alohasurfacademy.com\/fr\/nos-cours-de-surf-a-fuerteventura-corralejo\/enjoy-your-surf\/","og_locale":"fr_FR","og_type":"article","og_title":"Surfari & coaching particulier - Aloha Surf Academy - The best surf school and surf camps in Fuerteventura - Corralejo","og_description":"Vous souhaitez savourer ce sentiment unique de glisse sur la vague ?Nous vous emmenons surfer au meilleur spot de surf et nous vous donnons les infos de s\u00e9curit\u00e9 du spot. A peine aurez-vous pied sur l\u2019ile que vous serez d\u00e9j\u00e0 en train de rider les meilleures vagues! Surfari pour surfeur d\u00e9butant-avanc\u00e9s Nous offrons la possibilit\u00e9 [&hellip;]","og_url":"https:\/\/alohasurfacademy.com\/fr\/nos-cours-de-surf-a-fuerteventura-corralejo\/enjoy-your-surf\/","og_site_name":"Aloha Surf Academy - The best surf school and surf camps in Fuerteventura - Corralejo","article_modified_time":"2023-12-13T09:10:39+00:00","og_image":[{"url":"http:\/\/www.alohasurfacademy.ch\/wp-content\/uploads\/guided_tour_1.jpg","type":"","width":"","height":""}],"twitter_card":"summary_large_image","twitter_misc":{"Dur\u00e9e de lecture estim\u00e9e":"4 minutes"},"schema":{"@context":"https:\/\/schema.org","@graph":[{"@type":"WebPage","@id":"https:\/\/alohasurfacademy.com\/fr\/nos-cours-de-surf-a-fuerteventura-corralejo\/enjoy-your-surf\/","url":"https:\/\/alohasurfacademy.com\/fr\/nos-cours-de-surf-a-fuerteventura-corralejo\/enjoy-your-surf\/","name":"Surfari & coaching particulier - Aloha Surf Academy - The best surf school and surf camps in Fuerteventura - Corralejo","isPartOf":{"@id":"https:\/\/alohasurfacademy.com\/fr\/#website"},"primaryImageOfPage":{"@id":"https:\/\/alohasurfacademy.com\/fr\/nos-cours-de-surf-a-fuerteventura-corralejo\/enjoy-your-surf\/#primaryimage"},"image":{"@id":"https:\/\/alohasurfacademy.com\/fr\/nos-cours-de-surf-a-fuerteventura-corralejo\/enjoy-your-surf\/#primaryimage"},"thumbnailUrl":"http:\/\/www.alohasurfacademy.ch\/wp-content\/uploads\/guided_tour_1.jpg","datePublished":"2021-04-03T15:51:09+00:00","dateModified":"2023-12-13T09:10:39+00:00","breadcrumb":{"@id":"https:\/\/alohasurfacademy.com\/fr\/nos-cours-de-surf-a-fuerteventura-corralejo\/enjoy-your-surf\/#breadcrumb"},"inLanguage":"fr-FR","potentialAction":[{"@type":"ReadAction","target":["https:\/\/alohasurfacademy.com\/fr\/nos-cours-de-surf-a-fuerteventura-corralejo\/enjoy-your-surf\/"]}]},{"@type":"ImageObject","inLanguage":"fr-FR","@id":"https:\/\/alohasurfacademy.com\/fr\/nos-cours-de-surf-a-fuerteventura-corralejo\/enjoy-your-surf\/#primaryimage","url":"http:\/\/www.alohasurfacademy.ch\/wp-content\/uploads\/guided_tour_1.jpg","contentUrl":"http:\/\/www.alohasurfacademy.ch\/wp-content\/uploads\/guided_tour_1.jpg"},{"@type":"BreadcrumbList","@id":"https:\/\/alohasurfacademy.com\/fr\/nos-cours-de-surf-a-fuerteventura-corralejo\/enjoy-your-surf\/#breadcrumb","itemListElement":[{"@type":"ListItem","position":1,"name":"Home","item":"https:\/\/alohasurfacademy.com\/fr\/"},{"@type":"ListItem","position":2,"name":"Services surf","item":"https:\/\/alohasurfacademy.com\/fr\/surf-courses\/"},{"@type":"ListItem","position":3,"name":"Surfari &#038; coaching particulier"}]},{"@type":"WebSite","@id":"https:\/\/alohasurfacademy.com\/fr\/#website","url":"https:\/\/alohasurfacademy.com\/fr\/","name":"Aloha Surf Academy - The best surf school and surf camps in Fuerteventura - Corralejo","description":"Surf School, Surf Camp, Surfing Class, Surf Course in Corralejo - Fuerteventura","potentialAction":[{"@type":"SearchAction","target":{"@type":"EntryPoint","urlTemplate":"https:\/\/alohasurfacademy.com\/fr\/?s={search_term_string}"},"query-input":{"@type":"PropertyValueSpecification","valueRequired":true,"valueName":"search_term_string"}}],"inLanguage":"fr-FR"}]}},"_links":{"self":[{"href":"https:\/\/alohasurfacademy.com\/fr\/wp-json\/wp\/v2\/pages\/522","targetHints":{"allow":["GET"]}}],"collection":[{"href":"https:\/\/alohasurfacademy.com\/fr\/wp-json\/wp\/v2\/pages"}],"about":[{"href":"https:\/\/alohasurfacademy.com\/fr\/wp-json\/wp\/v2\/types\/page"}],"author":[{"embeddable":true,"href":"https:\/\/alohasurfacademy.com\/fr\/wp-json\/wp\/v2\/users\/2"}],"replies":[{"embeddable":true,"href":"https:\/\/alohasurfacademy.com\/fr\/wp-json\/wp\/v2\/comments?post=522"}],"version-history":[{"count":33,"href":"https:\/\/alohasurfacademy.com\/fr\/wp-json\/wp\/v2\/pages\/522\/revisions"}],"predecessor-version":[{"id":7568,"href":"https:\/\/alohasurfacademy.com\/fr\/wp-json\/wp\/v2\/pages\/522\/revisions\/7568"}],"up":[{"embeddable":true,"href":"https:\/\/alohasurfacademy.com\/fr\/wp-json\/wp\/v2\/pages\/491"}],"wp:attachment":[{"href":"https:\/\/alohasurfacademy.com\/fr\/wp-json\/wp\/v2\/media?parent=522"}],"curies":[{"name":"wp","href":"https:\/\/api.w.org\/{rel}","templated":true}]}}