{"id":532,"date":"2021-04-01T17:12:33","date_gmt":"2021-04-01T16:12:33","guid":{"rendered":"http:\/\/www.alohasurfacademy.ch\/xyz\/?page_id=532"},"modified":"2026-03-05T20:13:48","modified_gmt":"2026-03-05T20:13:48","slug":"packages-2","status":"publish","type":"page","link":"https:\/\/alohasurfacademy.com\/fr\/nos-cours-de-surf-a-fuerteventura-corralejo\/packages-2\/","title":{"rendered":"Package surf"},"content":{"rendered":"<p style=\"text-align: left;\">Toutes les combinaisons sont possibles, il suffit de <strong>nous faire part de vos d\u00e9sirs<\/strong> et nous vous concocterons une formule personnalis\u00e9e avec transferts a\u00e9roports, chambre priv\u00e9e, extra nuit\u00e9es, massage, &#8230;<\/p>\n<h3>Aloha SOLO Package \/\/ \u00e0 partir de 474 euros<\/h3>\n<p><strong><img loading=\"lazy\" decoding=\"async\" class=\"alignleft wp-image-7458 size-medium\" src=\"https:\/\/alohasurfacademy.com\/wp-content\/uploads\/\/IMG_4068-2-300x200.jpg\" alt=\"\" width=\"300\" height=\"200\" srcset=\"https:\/\/alohasurfacademy.com\/wp-content\/uploads\/IMG_4068-2-300x200.jpg 300w, https:\/\/alohasurfacademy.com\/wp-content\/uploads\/IMG_4068-2-1024x683.jpg 1024w, https:\/\/alohasurfacademy.com\/wp-content\/uploads\/IMG_4068-2-768x512.jpg 768w, https:\/\/alohasurfacademy.com\/wp-content\/uploads\/IMG_4068-2-1536x1025.jpg 1536w, https:\/\/alohasurfacademy.com\/wp-content\/uploads\/IMG_4068-2-2048x1366.jpg 2048w\" sizes=\"(max-width: 300px) 100vw, 300px\" \/>SEJOUR IDEAL POUR UN VOYAGEUR SOLO!<\/strong><\/p>\n<ul>\n<li>7 nuits en dortoir \u00e0 La Cometa surf house Corralejo<\/li>\n<li>Magnifique jardin pour se reposer<\/li>\n<li>5 jours de cours de surf \u00e0 notre Acad\u00e9mie (5-6 heures par cours)<\/li>\n<li>Mat\u00e9riel de surf &amp; transferts \u00e0 la plage<\/li>\n<li>5 sessions d&rsquo;entrainement de surf skate<\/li>\n<li>1 session d\u2019analyse de vos photos pour progresser plus rapidement et th\u00e9orie de surf<\/li>\n<li>1 certificat de surf &amp; vos photos de surf \u00e0 ramener en souvenirs<\/li>\n<\/ul>\n\n<div uk-grid class=\"uk-child-width-1-3\">\n\n            <div class='uk-text-center'>\n\n            \n            <a href='https:\/\/alohasurfacademy.com\/fr\/nos-cours-de-surf-a-fuerteventura-corralejo\/costa-rica-surf\/img_8268-2\/'><img loading=\"lazy\" decoding=\"async\" width=\"150\" height=\"150\" src=\"https:\/\/alohasurfacademy.com\/wp-content\/uploads\/IMG_8268-150x150.jpg\" class=\"attachment-thumbnail size-thumbnail\" alt=\"\" \/><\/a>\n            \n        <\/div>\n            <div class='uk-text-center'>\n\n            \n            <a href='https:\/\/alohasurfacademy.com\/fr\/hebergements\/c6b623a1-753f-4507-adce-9c96b7873afa-2\/'><img loading=\"lazy\" decoding=\"async\" width=\"150\" height=\"150\" src=\"https:\/\/alohasurfacademy.com\/wp-content\/uploads\/c6b623a1-753f-4507-adce-9c96b7873afa-150x150.jpg\" class=\"attachment-thumbnail size-thumbnail\" alt=\"\" \/><\/a>\n            \n        <\/div>\n            <div class='uk-text-center'>\n\n            \n            <a href='https:\/\/alohasurfacademy.com\/fr\/img_9353-2\/'><img loading=\"lazy\" decoding=\"async\" width=\"150\" height=\"150\" src=\"https:\/\/alohasurfacademy.com\/wp-content\/uploads\/IMG_9353-150x150.jpg\" class=\"attachment-thumbnail size-thumbnail\" alt=\"\" \/><\/a>\n            \n        <\/div>\n    \n<\/div>\n\n<h3>Aloha SPORT\u00a0 Package \/\/ \u00e0 partir de 714 euros<\/h3>\n<p><a href=\"https:\/\/www.alohasurfacademy.ch\/wp-content\/uploads\/11222183_1659369547653868_1182870997952593319_n.jpg\"><img loading=\"lazy\" decoding=\"async\" class=\" size-medium wp-image-2086 alignleft\" src=\"https:\/\/www.alohasurfacademy.ch\/wp-content\/uploads\/11222183_1659369547653868_1182870997952593319_n-300x225.jpg\" alt=\"11222183_1659369547653868_1182870997952593319_n\" width=\"300\" height=\"225\" srcset=\"https:\/\/alohasurfacademy.com\/wp-content\/uploads\/11222183_1659369547653868_1182870997952593319_n-300x225.jpg 300w, https:\/\/alohasurfacademy.com\/wp-content\/uploads\/11222183_1659369547653868_1182870997952593319_n.jpg 800w\" sizes=\"(max-width: 300px) 100vw, 300px\" \/><\/a><strong>SEJOUR IDEAL POUR UN AMOUREUX DU SPORT ET DE LA NATURE!<\/strong><\/p>\n<ul>\n<li>7 nuits en dortoir \u00e0 La cometa surf house<\/li>\n<li>Magnifique jardin pour chiller<\/li>\n<li>5 jours de cours de surf \u00e0 notre Acad\u00e9mie (5-6 heures par cours)<\/li>\n<li>Mat\u00e9riel de surf et transferts \u00e0 la plage<\/li>\n<li>5 sessions d&rsquo;entrainement de surf skate<\/li>\n<li>1 <a href=\"https:\/\/alohasurfacademy.com\/fr\/nos-cours-de-surf-a-fuerteventura-corralejo\/surf-yoga-sessions-2\/?lang=fr\">Randonn\u00e9e \u00a0<\/a>au sommet d&rsquo;un volcan<\/li>\n<li>1 Tour en catamaran \u00e0 l&rsquo;ile de Los Lobos<\/li>\n<li>1 bapt\u00eame de plong\u00e9e sur une journ\u00e9e<\/li>\n<\/ul>\n\n<div uk-grid class=\"uk-child-width-1-3\">\n\n            <div class='uk-text-center'>\n\n            \n            <a href='https:\/\/alohasurfacademy.com\/fr\/diving2-2\/'><img loading=\"lazy\" decoding=\"async\" width=\"150\" height=\"150\" src=\"https:\/\/alohasurfacademy.com\/wp-content\/uploads\/DIVING2-150x150.jpg\" class=\"attachment-thumbnail size-thumbnail\" alt=\"\" \/><\/a>\n            \n        <\/div>\n            <div class='uk-text-center'>\n\n            \n            <a href='https:\/\/alohasurfacademy.com\/fr\/nos-cours-de-surf-a-fuerteventura-corralejo\/packages-2\/388aed06-e53e-418a-a879-265fc13493ee-2\/'><img loading=\"lazy\" decoding=\"async\" width=\"150\" height=\"150\" src=\"https:\/\/alohasurfacademy.com\/wp-content\/uploads\/388aed06-e53e-418a-a879-265fc13493ee-150x150.jpg\" class=\"attachment-thumbnail size-thumbnail\" alt=\"\" \/><\/a>\n            \n        <\/div>\n            <div class='uk-text-center'>\n\n            \n            <a href='https:\/\/alohasurfacademy.com\/fr\/img_8298-2\/'><img loading=\"lazy\" decoding=\"async\" width=\"150\" height=\"150\" src=\"https:\/\/alohasurfacademy.com\/wp-content\/uploads\/IMG_8298-150x150.jpg\" class=\"attachment-thumbnail size-thumbnail\" alt=\"\" \/><\/a>\n            \n        <\/div>\n    \n<\/div>\n\n<h3>Aloha WELLNESS &amp; Surf Package \/\/ \u00e0 partir de 804 euros<\/h3>\n<p><img loading=\"lazy\" decoding=\"async\" class=\"wp-image-5672 size-medium alignleft\" src=\"https:\/\/alohasurfacademy.com\/wp-content\/uploads\/\/tjasa-yoga-300x200.jpg\" alt=\"\" width=\"300\" height=\"200\" srcset=\"https:\/\/alohasurfacademy.com\/wp-content\/uploads\/tjasa-yoga-300x200.jpg 300w, https:\/\/alohasurfacademy.com\/wp-content\/uploads\/tjasa-yoga-768x512.jpg 768w, https:\/\/alohasurfacademy.com\/wp-content\/uploads\/tjasa-yoga.jpg 800w\" sizes=\"(max-width: 300px) 100vw, 300px\" \/><strong>SEJOUR IDEAL POUR PRENDRE SOIN DE SOI!<\/strong><\/p>\n<ul>\n<li>7 nuits en chambre priv\u00e9e \u00e0 Surf Riders Hostel<\/li>\n<li>7 petits d\u00e9jeuners<\/li>\n<li>piscine pour se rafra\u00eechir<\/li>\n<li>2 sessions de <a href=\"https:\/\/alohasurfacademy.com\/fr\/nos-cours-de-surf-a-fuerteventura-corralejo\/surf-yoga-sessions-2\/?lang=fr\">yoga<\/a><\/li>\n<li>1 massage sportif ou Lomi Lomi<\/li>\n<li>1 initiation au ice bath &amp;technique de respiration<\/li>\n<li>5 jours de cours de surf \u00e0 notre Acad\u00e9mie (5-6 heures par cours)<\/li>\n<li>5 sessions d&rsquo;entrainement en surf skate<\/li>\n<li>Mat\u00e9riel de surf et transferts \u00e0 la plage<\/li>\n<li>1 certificat de surf , th\u00e9orie &amp; vos photos de surf \u00e0 ramener en souvenirs<\/li>\n<\/ul>\n\n<div uk-grid class=\"uk-child-width-1-3\">\n\n            <div class='uk-text-center'>\n\n            \n            <a href='https:\/\/alohasurfacademy.com\/fr\/218df653-b155-4769-9a90-7ba7f68fe207-2\/'><img loading=\"lazy\" decoding=\"async\" width=\"150\" height=\"150\" src=\"https:\/\/alohasurfacademy.com\/wp-content\/uploads\/218df653-b155-4769-9a90-7ba7f68fe207-150x150.jpg\" class=\"attachment-thumbnail size-thumbnail\" alt=\"\" \/><\/a>\n            \n        <\/div>\n            <div class='uk-text-center'>\n\n            \n            <a href='https:\/\/alohasurfacademy.com\/fr\/c1358e09-17f3-4a54-8d03-f4868e90fb1e-2\/'><img loading=\"lazy\" decoding=\"async\" width=\"150\" height=\"150\" src=\"https:\/\/alohasurfacademy.com\/wp-content\/uploads\/c1358e09-17f3-4a54-8d03-f4868e90fb1e-150x150.jpg\" class=\"attachment-thumbnail size-thumbnail\" alt=\"\" \/><\/a>\n            \n        <\/div>\n            <div class='uk-text-center'>\n\n            \n            <a href='https:\/\/alohasurfacademy.com\/fr\/30d4c4a6-fe61-43a0-967a-44b71a22a140-2\/'><img loading=\"lazy\" decoding=\"async\" width=\"150\" height=\"150\" src=\"https:\/\/alohasurfacademy.com\/wp-content\/uploads\/30d4c4a6-fe61-43a0-967a-44b71a22a140-150x150.jpg\" class=\"attachment-thumbnail size-thumbnail\" alt=\"\" \/><\/a>\n            \n        <\/div>\n    \n<\/div>\n\n<p><!-- [\/boxlist] --><\/p>\n<h4>Divers<\/h4>\n<p>Beach BBQ, Tour de l&rsquo;ile, <a href=\"https:\/\/www.alohasurfacademy.ch\/package-cours-de-surf-et-cours-despagnol\/?lang=fr\">cours d&rsquo;espagnol \u00e0 Corralejo<\/a>, SPA, <a href=\"https:\/\/www.worldnomads.com\/\"> Assurances de voyage,<\/a> couvrant les sports d&rsquo;aventures(surf), babysitting, etc.<\/p>\n","protected":false},"excerpt":{"rendered":"<p>Toutes les combinaisons sont possibles, il suffit de nous faire part de vos d\u00e9sirs et nous vous concocterons une formule personnalis\u00e9e avec transferts a\u00e9roports, chambre priv\u00e9e, extra nuit\u00e9es, massage, &#8230; Aloha SOLO Package \/\/ \u00e0 partir de 474 euros SEJOUR IDEAL POUR UN VOYAGEUR SOLO! 7 nuits en dortoir \u00e0 La Cometa surf house Corralejo [&hellip;]<\/p>\n","protected":false},"author":2,"featured_media":0,"parent":491,"menu_order":8,"comment_status":"closed","ping_status":"closed","template":"","meta":{"footnotes":""},"class_list":["post-532","page","type-page","status-publish","hentry"],"yoast_head":"<!-- This site is optimized with the Yoast SEO plugin v27.5 - https:\/\/yoast.com\/product\/yoast-seo-wordpress\/ -->\n<title>Aloha Surf Academy | Camp et Cours de Surf \u00e0 Corralejo, Fuerteventura<\/title>\n<meta name=\"description\" content=\"Aloha Surf Academy propose des cours et des stages de surf pour tout niveau \u00e0 Corralejo, Fuerteventura. Une exp\u00e9rience inoubliable pour tous !\" \/>\n<meta name=\"robots\" content=\"index, follow, max-snippet:-1, max-image-preview:large, max-video-preview:-1\" \/>\n<link rel=\"canonical\" href=\"https:\/\/alohasurfacademy.com\/fr\/nos-cours-de-surf-a-fuerteventura-corralejo\/packages-2\/\" \/>\n<meta property=\"og:locale\" content=\"fr_FR\" \/>\n<meta property=\"og:type\" content=\"article\" \/>\n<meta property=\"og:title\" content=\"Aloha Surf Academy | Camp et Cours de Surf \u00e0 Corralejo, Fuerteventura\" \/>\n<meta property=\"og:description\" content=\"Aloha Surf Academy propose des cours et des stages de surf pour tout niveau \u00e0 Corralejo, Fuerteventura. Une exp\u00e9rience inoubliable pour tous !\" \/>\n<meta property=\"og:url\" content=\"https:\/\/alohasurfacademy.com\/fr\/nos-cours-de-surf-a-fuerteventura-corralejo\/packages-2\/\" \/>\n<meta property=\"og:site_name\" content=\"Aloha Surf Academy - The best surf school and surf camps in Fuerteventura - Corralejo\" \/>\n<meta property=\"article:modified_time\" content=\"2026-03-05T20:13:48+00:00\" \/>\n<meta property=\"og:image\" content=\"https:\/\/alohasurfacademy.com\/wp-content\/uploads\/IMG_8268-150x150.jpg\" \/>\n<meta name=\"twitter:card\" content=\"summary_large_image\" \/>\n<meta name=\"twitter:label1\" content=\"Dur\u00e9e de lecture estim\u00e9e\" \/>\n\t<meta name=\"twitter:data1\" content=\"2 minutes\" \/>\n<script type=\"application\/ld+json\" class=\"yoast-schema-graph\">{\"@context\":\"https:\\\/\\\/schema.org\",\"@graph\":[{\"@type\":\"WebPage\",\"@id\":\"https:\\\/\\\/alohasurfacademy.com\\\/fr\\\/nos-cours-de-surf-a-fuerteventura-corralejo\\\/packages-2\\\/\",\"url\":\"https:\\\/\\\/alohasurfacademy.com\\\/fr\\\/nos-cours-de-surf-a-fuerteventura-corralejo\\\/packages-2\\\/\",\"name\":\"Aloha Surf Academy | Camp et Cours de Surf \u00e0 Corralejo, Fuerteventura\",\"isPartOf\":{\"@id\":\"https:\\\/\\\/alohasurfacademy.com\\\/fr\\\/#website\"},\"primaryImageOfPage\":{\"@id\":\"https:\\\/\\\/alohasurfacademy.com\\\/fr\\\/nos-cours-de-surf-a-fuerteventura-corralejo\\\/packages-2\\\/#primaryimage\"},\"image\":{\"@id\":\"https:\\\/\\\/alohasurfacademy.com\\\/fr\\\/nos-cours-de-surf-a-fuerteventura-corralejo\\\/packages-2\\\/#primaryimage\"},\"thumbnailUrl\":\"https:\\\/\\\/alohasurfacademy.com\\\/wp-content\\\/uploads\\\/\\\/IMG_4068-2-300x200.jpg\",\"datePublished\":\"2021-04-01T16:12:33+00:00\",\"dateModified\":\"2026-03-05T20:13:48+00:00\",\"description\":\"Aloha Surf Academy propose des cours et des stages de surf pour tout niveau \u00e0 Corralejo, Fuerteventura. Une exp\u00e9rience inoubliable pour tous !\",\"breadcrumb\":{\"@id\":\"https:\\\/\\\/alohasurfacademy.com\\\/fr\\\/nos-cours-de-surf-a-fuerteventura-corralejo\\\/packages-2\\\/#breadcrumb\"},\"inLanguage\":\"fr-FR\",\"potentialAction\":[{\"@type\":\"ReadAction\",\"target\":[\"https:\\\/\\\/alohasurfacademy.com\\\/fr\\\/nos-cours-de-surf-a-fuerteventura-corralejo\\\/packages-2\\\/\"]}]},{\"@type\":\"ImageObject\",\"inLanguage\":\"fr-FR\",\"@id\":\"https:\\\/\\\/alohasurfacademy.com\\\/fr\\\/nos-cours-de-surf-a-fuerteventura-corralejo\\\/packages-2\\\/#primaryimage\",\"url\":\"https:\\\/\\\/alohasurfacademy.com\\\/wp-content\\\/uploads\\\/\\\/IMG_4068-2-300x200.jpg\",\"contentUrl\":\"https:\\\/\\\/alohasurfacademy.com\\\/wp-content\\\/uploads\\\/\\\/IMG_4068-2-300x200.jpg\"},{\"@type\":\"BreadcrumbList\",\"@id\":\"https:\\\/\\\/alohasurfacademy.com\\\/fr\\\/nos-cours-de-surf-a-fuerteventura-corralejo\\\/packages-2\\\/#breadcrumb\",\"itemListElement\":[{\"@type\":\"ListItem\",\"position\":1,\"name\":\"Home\",\"item\":\"https:\\\/\\\/alohasurfacademy.com\\\/fr\\\/\"},{\"@type\":\"ListItem\",\"position\":2,\"name\":\"Services surf\",\"item\":\"https:\\\/\\\/alohasurfacademy.com\\\/fr\\\/surf-courses\\\/\"},{\"@type\":\"ListItem\",\"position\":3,\"name\":\"Package surf\"}]},{\"@type\":\"WebSite\",\"@id\":\"https:\\\/\\\/alohasurfacademy.com\\\/fr\\\/#website\",\"url\":\"https:\\\/\\\/alohasurfacademy.com\\\/fr\\\/\",\"name\":\"Aloha Surf Academy - The best surf school and surf camps in Fuerteventura - Corralejo\",\"description\":\"Surf School, Surf Camp, Surfing Class, Surf Course in Corralejo - Fuerteventura\",\"potentialAction\":[{\"@type\":\"SearchAction\",\"target\":{\"@type\":\"EntryPoint\",\"urlTemplate\":\"https:\\\/\\\/alohasurfacademy.com\\\/fr\\\/?s={search_term_string}\"},\"query-input\":{\"@type\":\"PropertyValueSpecification\",\"valueRequired\":true,\"valueName\":\"search_term_string\"}}],\"inLanguage\":\"fr-FR\"}]}<\/script>\n<!-- \/ Yoast SEO plugin. -->","yoast_head_json":{"title":"Aloha Surf Academy | Camp et Cours de Surf \u00e0 Corralejo, Fuerteventura","description":"Aloha Surf Academy propose des cours et des stages de surf pour tout niveau \u00e0 Corralejo, Fuerteventura. Une exp\u00e9rience inoubliable pour tous !","robots":{"index":"index","follow":"follow","max-snippet":"max-snippet:-1","max-image-preview":"max-image-preview:large","max-video-preview":"max-video-preview:-1"},"canonical":"https:\/\/alohasurfacademy.com\/fr\/nos-cours-de-surf-a-fuerteventura-corralejo\/packages-2\/","og_locale":"fr_FR","og_type":"article","og_title":"Aloha Surf Academy | Camp et Cours de Surf \u00e0 Corralejo, Fuerteventura","og_description":"Aloha Surf Academy propose des cours et des stages de surf pour tout niveau \u00e0 Corralejo, Fuerteventura. Une exp\u00e9rience inoubliable pour tous !","og_url":"https:\/\/alohasurfacademy.com\/fr\/nos-cours-de-surf-a-fuerteventura-corralejo\/packages-2\/","og_site_name":"Aloha Surf Academy - The best surf school and surf camps in Fuerteventura - Corralejo","article_modified_time":"2026-03-05T20:13:48+00:00","og_image":[{"url":"https:\/\/alohasurfacademy.com\/wp-content\/uploads\/IMG_8268-150x150.jpg","type":"","width":"","height":""}],"twitter_card":"summary_large_image","twitter_misc":{"Dur\u00e9e de lecture estim\u00e9e":"2 minutes"},"schema":{"@context":"https:\/\/schema.org","@graph":[{"@type":"WebPage","@id":"https:\/\/alohasurfacademy.com\/fr\/nos-cours-de-surf-a-fuerteventura-corralejo\/packages-2\/","url":"https:\/\/alohasurfacademy.com\/fr\/nos-cours-de-surf-a-fuerteventura-corralejo\/packages-2\/","name":"Aloha Surf Academy | Camp et Cours de Surf \u00e0 Corralejo, Fuerteventura","isPartOf":{"@id":"https:\/\/alohasurfacademy.com\/fr\/#website"},"primaryImageOfPage":{"@id":"https:\/\/alohasurfacademy.com\/fr\/nos-cours-de-surf-a-fuerteventura-corralejo\/packages-2\/#primaryimage"},"image":{"@id":"https:\/\/alohasurfacademy.com\/fr\/nos-cours-de-surf-a-fuerteventura-corralejo\/packages-2\/#primaryimage"},"thumbnailUrl":"https:\/\/alohasurfacademy.com\/wp-content\/uploads\/\/IMG_4068-2-300x200.jpg","datePublished":"2021-04-01T16:12:33+00:00","dateModified":"2026-03-05T20:13:48+00:00","description":"Aloha Surf Academy propose des cours et des stages de surf pour tout niveau \u00e0 Corralejo, Fuerteventura. Une exp\u00e9rience inoubliable pour tous !","breadcrumb":{"@id":"https:\/\/alohasurfacademy.com\/fr\/nos-cours-de-surf-a-fuerteventura-corralejo\/packages-2\/#breadcrumb"},"inLanguage":"fr-FR","potentialAction":[{"@type":"ReadAction","target":["https:\/\/alohasurfacademy.com\/fr\/nos-cours-de-surf-a-fuerteventura-corralejo\/packages-2\/"]}]},{"@type":"ImageObject","inLanguage":"fr-FR","@id":"https:\/\/alohasurfacademy.com\/fr\/nos-cours-de-surf-a-fuerteventura-corralejo\/packages-2\/#primaryimage","url":"https:\/\/alohasurfacademy.com\/wp-content\/uploads\/\/IMG_4068-2-300x200.jpg","contentUrl":"https:\/\/alohasurfacademy.com\/wp-content\/uploads\/\/IMG_4068-2-300x200.jpg"},{"@type":"BreadcrumbList","@id":"https:\/\/alohasurfacademy.com\/fr\/nos-cours-de-surf-a-fuerteventura-corralejo\/packages-2\/#breadcrumb","itemListElement":[{"@type":"ListItem","position":1,"name":"Home","item":"https:\/\/alohasurfacademy.com\/fr\/"},{"@type":"ListItem","position":2,"name":"Services surf","item":"https:\/\/alohasurfacademy.com\/fr\/surf-courses\/"},{"@type":"ListItem","position":3,"name":"Package surf"}]},{"@type":"WebSite","@id":"https:\/\/alohasurfacademy.com\/fr\/#website","url":"https:\/\/alohasurfacademy.com\/fr\/","name":"Aloha Surf Academy - The best surf school and surf camps in Fuerteventura - Corralejo","description":"Surf School, Surf Camp, Surfing Class, Surf Course in Corralejo - Fuerteventura","potentialAction":[{"@type":"SearchAction","target":{"@type":"EntryPoint","urlTemplate":"https:\/\/alohasurfacademy.com\/fr\/?s={search_term_string}"},"query-input":{"@type":"PropertyValueSpecification","valueRequired":true,"valueName":"search_term_string"}}],"inLanguage":"fr-FR"}]}},"_links":{"self":[{"href":"https:\/\/alohasurfacademy.com\/fr\/wp-json\/wp\/v2\/pages\/532","targetHints":{"allow":["GET"]}}],"collection":[{"href":"https:\/\/alohasurfacademy.com\/fr\/wp-json\/wp\/v2\/pages"}],"about":[{"href":"https:\/\/alohasurfacademy.com\/fr\/wp-json\/wp\/v2\/types\/page"}],"author":[{"embeddable":true,"href":"https:\/\/alohasurfacademy.com\/fr\/wp-json\/wp\/v2\/users\/2"}],"replies":[{"embeddable":true,"href":"https:\/\/alohasurfacademy.com\/fr\/wp-json\/wp\/v2\/comments?post=532"}],"version-history":[{"count":77,"href":"https:\/\/alohasurfacademy.com\/fr\/wp-json\/wp\/v2\/pages\/532\/revisions"}],"predecessor-version":[{"id":9594,"href":"https:\/\/alohasurfacademy.com\/fr\/wp-json\/wp\/v2\/pages\/532\/revisions\/9594"}],"up":[{"embeddable":true,"href":"https:\/\/alohasurfacademy.com\/fr\/wp-json\/wp\/v2\/pages\/491"}],"wp:attachment":[{"href":"https:\/\/alohasurfacademy.com\/fr\/wp-json\/wp\/v2\/media?parent=532"}],"curies":[{"name":"wp","href":"https:\/\/api.w.org\/{rel}","templated":true}]}}