{"id":648,"date":"2021-04-03T20:54:53","date_gmt":"2021-04-03T19:54:53","guid":{"rendered":"http:\/\/www.alohasurfacademy.ch\/xyz\/?page_id=648"},"modified":"2025-11-17T15:17:12","modified_gmt":"2025-11-17T15:17:12","slug":"prix-informations-de-reservation","status":"publish","type":"page","link":"https:\/\/alohasurfacademy.com\/fr\/prix-informations-de-reservation\/","title":{"rendered":"Tarifs"},"content":{"rendered":"<p><strong>TARIFS DES COURS DE SURF :<\/strong><\/p>\n<ol>\n<li>jour de cours : 70 euros<\/li>\n<li>jours de cours : 140 euros<\/li>\n<li>jours de cours : 210 euros<\/li>\n<li>\u26a0\ufe0f offre d\u00e8s 4 jours de cours : 265 euros<\/li>\n<li>jours de cours : 320 euros &#8211; puis 60 euros par cours suppl\u00e9mentaire<\/li>\n<\/ol>\n<h3>Informations diverses cours de surf<\/h3>\n<p>Notre \u00e9cole correspond \u00e0 des personnes <strong>sportives<\/strong>, impliqu\u00e9es, motiv\u00e9es et d\u00e9sireuses d\u2019apprendre le surf ou de continuer leur apprentissage <strong>dans un cadre s\u00e9rieux.\u00a0<\/strong><\/p>\n<p><strong>Notre instructeur <\/strong>est directif, impliqu\u00e9, patient et encourageant \u00e0 la plage.<\/p>\n<p><strong>HORAIRE<\/strong> EN FONCTION DES CONDITIONS: en g\u00e9n\u00e9ral, d\u00e9part vers 10.30 ou 14.30<br \/>\n<strong>BASE DE DUREE<\/strong>: 5 \u00e0 6 heures par jour*<br \/>\n<strong>LANGUE D&rsquo;ENSEIGNEMENT<\/strong> <strong>ALEX<\/strong>: FRA \/ ANG \/ ESP \/ ITA \/ DUT \/ ALL<br \/>\n<strong>INCLUS<\/strong>:<\/p>\n<ul>\n<li>Ramassage \u00e0 votre logement \u00e0 Corralejo ou rencontre \u00e0 la place du village de Lajares<\/li>\n<li>Entra\u00eenement de surf skate (carver)<\/li>\n<li>transfert \u00e0 la plage et retour<\/li>\n<li>mat\u00e9riel de surf planche\/ combinaison<\/li>\n<li>cours de haute qualit\u00e9<\/li>\n<li>session de free surf apr\u00e8s le cours<\/li>\n<li>encadrement par un coach pro sauveteur en mer pour votre s\u00e9curit\u00e9<\/li>\n<li>certificats de surf d\u00e8s 4 jours de cours<\/li>\n<li>assurance responsabilit\u00e9 civile<\/li>\n<li>\u00a0th\u00e9orie en g\u00e9n\u00e9ral les mercredis et analyses photos les vendredis<\/li>\n<li>Amenez votre cl\u00e9 USB pour emporter vos clich\u00e9s de surf !<\/li>\n<li>Exclusivit\u00e9 &#8211; Zone VIP : un seul groupe par jour et max 6 \u00e9l\u00e8ves<\/li>\n<\/ul>\n<p>*<strong>seulement 1 groupe<\/strong> par jour chez aloha = vous <strong>vous sentirez privil\u00e9gi\u00e9s<\/strong> comme nous avons un seul groupe par jour, avec un horaire souple et c&rsquo;est plus qu&rsquo;un cours de surf, mais aussi une exp\u00e9rience enrichissante en relation humaine. Pas de stress de quitter la plage ou la terrace de \u00ab\u00a0l&rsquo;apr\u00e8s-surf\u00a0\u00bb!<\/p>\n<p><strong>La th\u00e9orie<\/strong> est souvent donn\u00e9e autour d\u2019un d\u00e9licieux smoothies \/caf\u00e9 sur le chemin de la plage. De plus, en fin de semaine est organis\u00e9 un d\u00eener avec une <strong>session d\u2019analyses de vos photos de surf<\/strong>. Nous partageons avec vous notre style de vie des \u00eeles ainsi que nos id\u00e9es sur une vie saine et la pr\u00e9servation de l&rsquo;environnement. La dur\u00e9e 5-6 heures est une base pour vous organiser.<\/p>\n<p><strong>SPOTS DE SURF:<\/strong> Grandes Playas de Corralejo, El Morro, Rocky Point, el Cotillo, Punta blanca, caleta, etc.<br \/>\n<strong>RESERVATION<\/strong> : par whatsapp \/ t\u00e9l\u00e9phone \/ email<br \/>\n<strong>INFORMATIONS DEMANDEES<\/strong>: nom complet \/ taille + kilos \/ t\u00e9l\u00e9phone \/ logement pour le ramassage<br \/>\n<strong>REGLEMENT<\/strong>: en liquidit\u00e9 \/ paypal \/ transfert bancaire<br \/>\n<strong>A EMPORTER :<\/strong> pique-nique\/ affaires de plage \/ basquettes \u00e0 semelles plates pour le surf skate \/cash pour r\u00e9gler le solde d\u00fb le premier jour<\/p>\n","protected":false},"excerpt":{"rendered":"<p>TARIFS DES COURS DE SURF : jour de cours : 70 euros jours de cours : 140 euros jours de cours : 210 euros \u26a0\ufe0f offre d\u00e8s 4 jours de cours : 265 euros jours de cours : 320 euros &#8211; puis 60 euros par cours suppl\u00e9mentaire Informations diverses cours de surf Notre \u00e9cole correspond [&hellip;]<\/p>\n","protected":false},"author":2,"featured_media":0,"parent":0,"menu_order":0,"comment_status":"closed","ping_status":"closed","template":"","meta":{"footnotes":""},"class_list":["post-648","page","type-page","status-publish","hentry"],"yoast_head":"<!-- This site is optimized with the Yoast SEO plugin v27.5 - https:\/\/yoast.com\/product\/yoast-seo-wordpress\/ -->\n<title>Tarifs - Aloha Surf Academy - The best surf school and surf camps in Fuerteventura - Corralejo<\/title>\n<meta name=\"robots\" content=\"index, follow, max-snippet:-1, max-image-preview:large, max-video-preview:-1\" \/>\n<link rel=\"canonical\" href=\"https:\/\/alohasurfacademy.com\/fr\/prix-informations-de-reservation\/\" \/>\n<meta property=\"og:locale\" content=\"fr_FR\" \/>\n<meta property=\"og:type\" content=\"article\" \/>\n<meta property=\"og:title\" content=\"Tarifs - Aloha Surf Academy - The best surf school and surf camps in Fuerteventura - Corralejo\" \/>\n<meta property=\"og:description\" content=\"TARIFS DES COURS DE SURF : jour de cours : 70 euros jours de cours : 140 euros jours de cours : 210 euros \u26a0\ufe0f offre d\u00e8s 4 jours de cours : 265 euros jours de cours : 320 euros &#8211; puis 60 euros par cours suppl\u00e9mentaire Informations diverses cours de surf Notre \u00e9cole correspond [&hellip;]\" \/>\n<meta property=\"og:url\" content=\"https:\/\/alohasurfacademy.com\/fr\/prix-informations-de-reservation\/\" \/>\n<meta property=\"og:site_name\" content=\"Aloha Surf Academy - The best surf school and surf camps in Fuerteventura - Corralejo\" \/>\n<meta property=\"article:modified_time\" content=\"2025-11-17T15:17:12+00:00\" \/>\n<meta name=\"twitter:card\" content=\"summary_large_image\" \/>\n<meta name=\"twitter:label1\" content=\"Dur\u00e9e de lecture estim\u00e9e\" \/>\n\t<meta name=\"twitter:data1\" content=\"2 minutes\" \/>\n<script type=\"application\/ld+json\" class=\"yoast-schema-graph\">{\"@context\":\"https:\\\/\\\/schema.org\",\"@graph\":[{\"@type\":\"WebPage\",\"@id\":\"https:\\\/\\\/alohasurfacademy.com\\\/fr\\\/prix-informations-de-reservation\\\/\",\"url\":\"https:\\\/\\\/alohasurfacademy.com\\\/fr\\\/prix-informations-de-reservation\\\/\",\"name\":\"Tarifs - Aloha Surf Academy - The best surf school and surf camps in Fuerteventura - Corralejo\",\"isPartOf\":{\"@id\":\"https:\\\/\\\/alohasurfacademy.com\\\/fr\\\/#website\"},\"datePublished\":\"2021-04-03T19:54:53+00:00\",\"dateModified\":\"2025-11-17T15:17:12+00:00\",\"breadcrumb\":{\"@id\":\"https:\\\/\\\/alohasurfacademy.com\\\/fr\\\/prix-informations-de-reservation\\\/#breadcrumb\"},\"inLanguage\":\"fr-FR\",\"potentialAction\":[{\"@type\":\"ReadAction\",\"target\":[\"https:\\\/\\\/alohasurfacademy.com\\\/fr\\\/prix-informations-de-reservation\\\/\"]}]},{\"@type\":\"BreadcrumbList\",\"@id\":\"https:\\\/\\\/alohasurfacademy.com\\\/fr\\\/prix-informations-de-reservation\\\/#breadcrumb\",\"itemListElement\":[{\"@type\":\"ListItem\",\"position\":1,\"name\":\"Home\",\"item\":\"https:\\\/\\\/alohasurfacademy.com\\\/fr\\\/\"},{\"@type\":\"ListItem\",\"position\":2,\"name\":\"Tarifs\"}]},{\"@type\":\"WebSite\",\"@id\":\"https:\\\/\\\/alohasurfacademy.com\\\/fr\\\/#website\",\"url\":\"https:\\\/\\\/alohasurfacademy.com\\\/fr\\\/\",\"name\":\"Aloha Surf Academy - The best surf school and surf camps in Fuerteventura - Corralejo\",\"description\":\"Surf School, Surf Camp, Surfing Class, Surf Course in Corralejo - Fuerteventura\",\"potentialAction\":[{\"@type\":\"SearchAction\",\"target\":{\"@type\":\"EntryPoint\",\"urlTemplate\":\"https:\\\/\\\/alohasurfacademy.com\\\/fr\\\/?s={search_term_string}\"},\"query-input\":{\"@type\":\"PropertyValueSpecification\",\"valueRequired\":true,\"valueName\":\"search_term_string\"}}],\"inLanguage\":\"fr-FR\"}]}<\/script>\n<!-- \/ Yoast SEO plugin. -->","yoast_head_json":{"title":"Tarifs - Aloha Surf Academy - The best surf school and surf camps in Fuerteventura - Corralejo","robots":{"index":"index","follow":"follow","max-snippet":"max-snippet:-1","max-image-preview":"max-image-preview:large","max-video-preview":"max-video-preview:-1"},"canonical":"https:\/\/alohasurfacademy.com\/fr\/prix-informations-de-reservation\/","og_locale":"fr_FR","og_type":"article","og_title":"Tarifs - Aloha Surf Academy - The best surf school and surf camps in Fuerteventura - Corralejo","og_description":"TARIFS DES COURS DE SURF : jour de cours : 70 euros jours de cours : 140 euros jours de cours : 210 euros \u26a0\ufe0f offre d\u00e8s 4 jours de cours : 265 euros jours de cours : 320 euros &#8211; puis 60 euros par cours suppl\u00e9mentaire Informations diverses cours de surf Notre \u00e9cole correspond [&hellip;]","og_url":"https:\/\/alohasurfacademy.com\/fr\/prix-informations-de-reservation\/","og_site_name":"Aloha Surf Academy - The best surf school and surf camps in Fuerteventura - Corralejo","article_modified_time":"2025-11-17T15:17:12+00:00","twitter_card":"summary_large_image","twitter_misc":{"Dur\u00e9e de lecture estim\u00e9e":"2 minutes"},"schema":{"@context":"https:\/\/schema.org","@graph":[{"@type":"WebPage","@id":"https:\/\/alohasurfacademy.com\/fr\/prix-informations-de-reservation\/","url":"https:\/\/alohasurfacademy.com\/fr\/prix-informations-de-reservation\/","name":"Tarifs - Aloha Surf Academy - The best surf school and surf camps in Fuerteventura - Corralejo","isPartOf":{"@id":"https:\/\/alohasurfacademy.com\/fr\/#website"},"datePublished":"2021-04-03T19:54:53+00:00","dateModified":"2025-11-17T15:17:12+00:00","breadcrumb":{"@id":"https:\/\/alohasurfacademy.com\/fr\/prix-informations-de-reservation\/#breadcrumb"},"inLanguage":"fr-FR","potentialAction":[{"@type":"ReadAction","target":["https:\/\/alohasurfacademy.com\/fr\/prix-informations-de-reservation\/"]}]},{"@type":"BreadcrumbList","@id":"https:\/\/alohasurfacademy.com\/fr\/prix-informations-de-reservation\/#breadcrumb","itemListElement":[{"@type":"ListItem","position":1,"name":"Home","item":"https:\/\/alohasurfacademy.com\/fr\/"},{"@type":"ListItem","position":2,"name":"Tarifs"}]},{"@type":"WebSite","@id":"https:\/\/alohasurfacademy.com\/fr\/#website","url":"https:\/\/alohasurfacademy.com\/fr\/","name":"Aloha Surf Academy - The best surf school and surf camps in Fuerteventura - Corralejo","description":"Surf School, Surf Camp, Surfing Class, Surf Course in Corralejo - Fuerteventura","potentialAction":[{"@type":"SearchAction","target":{"@type":"EntryPoint","urlTemplate":"https:\/\/alohasurfacademy.com\/fr\/?s={search_term_string}"},"query-input":{"@type":"PropertyValueSpecification","valueRequired":true,"valueName":"search_term_string"}}],"inLanguage":"fr-FR"}]}},"_links":{"self":[{"href":"https:\/\/alohasurfacademy.com\/fr\/wp-json\/wp\/v2\/pages\/648","targetHints":{"allow":["GET"]}}],"collection":[{"href":"https:\/\/alohasurfacademy.com\/fr\/wp-json\/wp\/v2\/pages"}],"about":[{"href":"https:\/\/alohasurfacademy.com\/fr\/wp-json\/wp\/v2\/types\/page"}],"author":[{"embeddable":true,"href":"https:\/\/alohasurfacademy.com\/fr\/wp-json\/wp\/v2\/users\/2"}],"replies":[{"embeddable":true,"href":"https:\/\/alohasurfacademy.com\/fr\/wp-json\/wp\/v2\/comments?post=648"}],"version-history":[{"count":76,"href":"https:\/\/alohasurfacademy.com\/fr\/wp-json\/wp\/v2\/pages\/648\/revisions"}],"predecessor-version":[{"id":9503,"href":"https:\/\/alohasurfacademy.com\/fr\/wp-json\/wp\/v2\/pages\/648\/revisions\/9503"}],"wp:attachment":[{"href":"https:\/\/alohasurfacademy.com\/fr\/wp-json\/wp\/v2\/media?parent=648"}],"curies":[{"name":"wp","href":"https:\/\/api.w.org\/{rel}","templated":true}]}}