{"id":9396,"date":"2025-03-17T20:34:50","date_gmt":"2025-03-17T20:34:50","guid":{"rendered":"https:\/\/alohasurfacademy.com\/?page_id=9396"},"modified":"2025-03-19T15:40:34","modified_gmt":"2025-03-19T15:40:34","slug":"termes-et-conditions","status":"publish","type":"page","link":"https:\/\/alohasurfacademy.com\/fr\/prix-informations-de-reservation\/termes-et-conditions\/","title":{"rendered":"Termes et conditions"},"content":{"rendered":"<p><span style=\"font-family: Arial, sans-serif;\"><span style=\"font-size: small;\"><u><b>Termes et conditions<\/b><\/u><\/span><\/span><\/p>\n<p><span style=\"font-family: Arial, sans-serif;\"><span style=\"font-size: small;\"><b>Article 1. Conditions d\u2019inscription<\/b><\/span><\/span><\/p>\n<p><span style=\"font-family: Arial, sans-serif;\"><span style=\"font-size: small;\">1. Le participant atteste savoir nager 25 m\u00e8tres et ne pas avoir de contre\u2013indication m\u00e9dicale\u00a0\u00e0 la pratique du Surf. Aloha Surf Academy (ASA)\u00a0se r\u00e9serve le droit de refuser la r\u00e9servation si les conditions physiques, psychologiques et m\u00e9dicales du participant\u00a0pourraient nuire \u00e0\u00a0sa s\u00e9curit\u00e9 lors de la s\u00e9ance, et\u00a0celle des autres participants.<\/span><\/span><\/p>\n<p><span style=\"font-family: Arial, sans-serif;\"><span style=\"font-size: small;\">2. Le participant n\u2019a pas de limitation physique, maladie m\u00e9dicale ou maladie mentale qui l\u2019emp\u00eacherait de participer \u00e0 l\u2019activit\u00e9 surf. Le participant n\u2019est pas sous l\u2019influence de l\u2019alcool, narcose, m\u00e9dicaments ou autres substances pendant le cours de surf. En cas de prise de traitement m\u00e9dical ou probl\u00e8me de sant\u00e9\u00a0; cela doit \u00eatre d\u00e9crit au moniteur avant l\u2019inscription.\u00a0<\/span><\/span><\/p>\n<p><span style=\"font-family: Arial, sans-serif;\"><span style=\"font-size: small;\"><span lang=\"en-GB\"><b>Article 2. <\/b><\/span><\/span><\/span><span style=\"font-family: Arial, sans-serif;\"><span style=\"font-size: small;\"><b>R\u00e9servation<\/b><\/span><\/span><span style=\"font-family: Arial, sans-serif;\"><span style=\"font-size: small;\"><span lang=\"en-GB\"><b> et <\/b><\/span><\/span><\/span><span style=\"font-family: Arial, sans-serif;\"><span style=\"font-size: small;\"><b>paiement<\/b><\/span><\/span><\/p>\n<p><span style=\"font-family: Arial, sans-serif;\"><span style=\"font-size: small;\">La r\u00e9servation peut \u00eatre faite par email, formulaire de r\u00e9servation en ligne, whatsapp ou appels t\u00e9l\u00e9phonique.<\/span><\/span><\/p>\n<p><span style=\"font-family: Arial, sans-serif;\"><span style=\"font-size: small;\">La r\u00e9servation est confirm\u00e9e uniquement quand 50% du montant total a \u00e9t\u00e9 transf\u00e9r\u00e9 sur le compte bancaire de ASA ou r\u00e9gl\u00e9 par Paypal (+5% de frais). D\u00e8s lors, le client re\u00e7oit une confirmation avec les d\u00e9tails pertinents de son voyage.<\/span><\/span><\/p>\n<p><span style=\"font-family: Arial, sans-serif;\"><span style=\"font-size: small;\"><b>Article 3. Conditions d\u2019annulation<\/b><\/span><\/span><\/p>\n<p><span style=\"font-family: Arial, sans-serif;\"><span style=\"font-size: small;\">Il est possible d\u2019annuler votre r\u00e9servation du cours de surf en \u00e9crivant un email \u00e0\u00a0:<a href=\"mailto:info@alohasurfacademy.com\">info@alohasurfacademy.com<\/a>.<\/span><\/span><\/p>\n<p><span style=\"font-family: Arial, sans-serif;\"><span style=\"font-size: small;\">&#8211; En cas d\u2019annulation de plus de 45 jours avant le d\u00e9but du cours\/arriv\u00e9e au logement, le client recevra un avoir de 50% de sa r\u00e9servation. <\/span><\/span><\/p>\n<p><span style=\"font-family: Arial, sans-serif;\"><span style=\"font-size: small;\">&#8211; En cas d\u2019annulation entre 44 jours et le d\u00e9but du cours\/arriv\u00e9e au logement ou si vous annulez lors votre s\u00e9jour (ou que vous ne vous pr\u00e9sentez pas au cours \/ guided tour) il n\u2019y aura aucun remboursement du montant total pay\u00e9. <\/span><\/span><\/p>\n<p><span style=\"font-family: Arial, sans-serif;\"><span style=\"font-size: small;\">&#8211; Si votre annulation est due \u00e0 un accident ou \u00e0 une maladie, ASA \u00e9tablit une attestation pr\u00e9cisant que vous n\u2019avez pas suivi l\u2019int\u00e9gralit\u00e9 du cours\/guided tour et une facture \u00e0 pr\u00e9senter \u00e0 votre assurance annulation. Nous vous recommandons de consulter un docteur.<\/span><\/span><\/p>\n<p><span style=\"font-family: Arial, sans-serif;\"><span style=\"font-size: small;\"><b>Article 4. R\u00e8glement interne<\/b><\/span><\/span><\/p>\n<p><span style=\"font-family: Arial, sans-serif;\"><span style=\"font-size: small;\">1. En cas d\u2019annulation du cours de surf de la part de ASA \u00e0 cause de la m\u00e9t\u00e9o (orage, vent trop fort, mer trop forte)\u00a0; un report du cours vous sera propos\u00e9 dans la limite des places disponibles. Il n\u2019y aura aucun remboursement en cas d\u2019annulation \u00e0 cause de la m\u00e9t\u00e9o.<\/span><\/span><\/p>\n<p><span style=\"font-family: Arial, sans-serif;\"><span style=\"font-size: small;\">2. Le participant accepte de suivre les ordres et instructions de l\u2019instructeur. En cas de conduite irresponsable qui met en danger les clients de ASA et nuit \u00e0 son image, le client sera exclu du cours apr\u00e8s un avertissement. Dans ce cas, le cours ne sera pas rembours\u00e9.<\/span><\/span><\/p>\n<p><span style=\"font-family: Arial, sans-serif;\"><span style=\"font-size: small;\"><b>Article 5. Droit \u00e0 l\u2019image<\/b><\/span><\/span><\/p>\n<p>&nbsp;<\/p>\n<p><span style=\"font-family: Arial, sans-serif;\"><span style=\"font-size: small;\">En s\u2019inscrivant aux prestations organis\u00e9es par la structure, le participant autorise cette derni\u00e8re \u00e0 utiliser les photos et\/ou films\u00a0pendant leur stage sans frais, pour la r\u00e9alisation de tout document publicitaire et de promotion.<\/span><\/span><\/p>\n<p><span style=\"font-family: Arial, sans-serif;\"><span style=\"font-size: small;\"><b>Article 6 : Mat\u00e9riel et v\u00e9hicule<\/b><\/span><\/span><\/p>\n<p><span style=\"font-family: Arial, sans-serif;\"><span style=\"font-size: small;\">1. Les participants sont responsables du mat\u00e9riel qui leur est confi\u00e9 (planches, combinaisons, leash, lycras\u2026) pendant les heures de cours et de location. \u00a0En cas de perte, de vol ou d\u00e9t\u00e9rioration, le mat\u00e9riel sera, selon le cas, r\u00e9par\u00e9 \u00e0 la charge du stagiaire ou rembours\u00e9 sur la valeur d\u2019achat. <\/span><\/span><\/p>\n<p><span style=\"font-family: Arial, sans-serif;\"><span style=\"font-size: small;\">Tarif d\u2019une planche en 2 pi\u00e8ces\u00a0: \u00e0 partir de 130 euros. ASA peut vous faire parvenir une facture du shaper pour votre assurance.<\/span><\/span><\/p>\n<p><span style=\"font-family: Arial, sans-serif;\"><span style=\"font-size: small;\">2. les participants au stage sont inform\u00e9s qu\u2019ils doivent porter leur ceinture de s\u00e9curit\u00e9 dans le v\u00e9hicule de ASA lors des d\u00e9placements et qu\u2019ils sont responsables des frais en cas de d\u00e9t\u00e9rioration du v\u00e9hicule caus\u00e9 par leur n\u00e9gligence. <\/span><\/span><\/p>\n<p><span style=\"font-family: Arial, sans-serif;\"><span style=\"font-size: small;\">3. Les participants acceptent \u00e9galement d\u2019assumer la responsabilit\u00e9 enti\u00e8re en cas d\u2019accident ou mort lors d\u2019un accident de la route pendant un d\u00e9placement caus\u00e9 par la n\u00e9gligence ou non de ASA ou de ses partenaires.<\/span><\/span><\/p>\n<p><span style=\"font-family: Arial, sans-serif;\"><span style=\"font-size: small;\"><b>Article 7 : Assurance<\/b><\/span><\/span><\/p>\n<p><span style=\"font-family: Arial, sans-serif;\"><span style=\"font-size: small;\">1. ASA est couverte par une assurance accident de responsabilit\u00e9 civile.<\/span><\/span><\/p>\n<p><span style=\"font-family: Arial, sans-serif;\"><span style=\"font-size: small;\">Aussi, nous recommandons fortement \u00e0 nos stagiaires de contracter une assurance de voyage et accident personnel avant le s\u00e9jour pour tout incident\/accident qui pourrait survenir lors de leur voyage et stage de surf chez ASA.<\/span><\/span><\/p>\n<p><span style=\"font-family: Arial, sans-serif;\"><span style=\"font-size: small;\">2. ASA et ses employ\u00e9s ne sont pas responsables de r\u00e9clamation, demande ou cause d&rsquo;action que l&rsquo;\u00e9tudiant pourrait avoir suite \u00e0 des blessures, handicaps, d\u00e9c\u00e8s ou autres dommages r\u00e9sultant de sa participation \u00e0 l\u2019activit\u00e9s de surf \/ skate \/ autres activit\u00e9s.<\/span><\/span><\/p>\n<p><span style=\"font-family: Arial, sans-serif;\"><span style=\"font-size: small;\">3. Le stagiaire mineur et ses parents comprennent et acceptent que la pratique du surf\/skate est une activit\u00e9 extr\u00eame avec des dangers et ils assument la responsabilit\u00e9 totale en cas de blessure personnel, handicape ou mort pendant la pratique de ces sports, caus\u00e9s ou non pas la n\u00e9gligence des partis lib\u00e9r\u00e9s ASA et ses partenaires. <\/span><\/span><\/p>\n<p><span style=\"font-family: Arial, sans-serif;\"><span style=\"font-size: small;\"><span lang=\"en-GB\"><b>Article 8. Donn\u00e9es <\/b><\/span><\/span><\/span><span style=\"font-family: Arial, sans-serif;\"><span style=\"font-size: small;\"><b>personnelles<\/b><\/span><\/span><\/p>\n<p><span style=\"font-family: Arial, sans-serif;\"><span style=\"font-size: small;\">1. Vos donn\u00e9es personnelles sont incluses dans un fichier de la propri\u00e9t\u00e9 d&rsquo;ASA. Vous pouvez exercer vos droits d&rsquo;acc\u00e8s, de rectification, annulation et \/ ou objection en envoyant un email \u00e0 info@alohasurfacademy.com avec une copie de votre carte d&rsquo;identit\u00e9 \/ passeport \u00e0 tout moment.<\/span><\/span><\/p>\n<p><span style=\"font-family: Arial, sans-serif;\"><span style=\"font-size: small;\">2. ASA respecte la vie priv\u00e9e de tous les utilisateurs de notre site et veille \u00e0 ce que les informations personnelles que vous fournissez soient trait\u00e9es de mani\u00e8re confidentielle et avec prudence. Vous acceptez que vos donn\u00e9es (nom complet, t\u00e9l\u00e9phone, logement, adresse, passeport, courriel) soient utilis\u00e9es pour le bon d\u00e9roulement de votre s\u00e9jour et qu\u2019elles soient partag\u00e9es avec des partenaires si vous avez fait appel \u00e0 d&rsquo;autres prestations de service comme un logement ou d&rsquo;autres activit\u00e9s annexes.<\/span><\/span><\/p>\n<p><span style=\"font-family: Arial, sans-serif;\"><span style=\"font-size: small;\">3. Egalement, vous acceptez que nous utilisions votre email pour vous envoyer une enqu\u00eate de satisfaction ou des newsletters avec nos derni\u00e8res nouvelles ou offres disponibles.<\/span><\/span><\/p>\n<p><span style=\"font-family: Arial, sans-serif;\"><span style=\"font-size: small;\">4. Notre page alohasurfacademy.ch contient des liens vers d&rsquo;autres sites. ASA ne peut \u00eatre tenu responsable de la confidentialit\u00e9 des autres sites.<\/span><\/span><\/p>\n<p><span style=\"font-family: Arial, sans-serif;\"><span style=\"font-size: small;\">5. Nos ordinateurs sont prot\u00e9g\u00e9s par des anti virus performants et nous vous garantissons la confidentialit\u00e9.<\/span><\/span><\/p>\n<p><span style=\"font-family: Arial, sans-serif;\"><span style=\"font-size: small;\">6. Cookies\u00a0: Afin de faciliter l\u2019utilisation des informations, l\u2019utilisateur est inform\u00e9 que ASA utilise des cookies. Tout utilisateur a la facult\u00e9 de s\u2019y opposer en d\u00e9sactivant l\u2019option dans les param\u00e8tres de son terminal pr\u00e9vu \u00e0 cet effet.<\/span><\/span><\/p>\n<p><span style=\"font-family: Arial, sans-serif;\"><span style=\"font-size: small;\"><b>En soumettant votre r\u00e9servation \u00e0 ASA, vous confirmez avoir lu et acceptez les termes et conditions de ASA pour vous-m\u00eame ou le mineur \u00e0 charge.<\/b><\/span><\/span><\/p>\n","protected":false},"excerpt":{"rendered":"<p>Termes et conditions Article 1. Conditions d\u2019inscription 1. Le participant atteste savoir nager 25 m\u00e8tres et ne pas avoir de contre\u2013indication m\u00e9dicale\u00a0\u00e0 la pratique du Surf. Aloha Surf Academy (ASA)\u00a0se r\u00e9serve le droit de refuser la r\u00e9servation si les conditions physiques, psychologiques et m\u00e9dicales du participant\u00a0pourraient nuire \u00e0\u00a0sa s\u00e9curit\u00e9 lors de la s\u00e9ance, et\u00a0celle des [&hellip;]<\/p>\n","protected":false},"author":3,"featured_media":0,"parent":648,"menu_order":1,"comment_status":"closed","ping_status":"closed","template":"","meta":{"footnotes":""},"class_list":["post-9396","page","type-page","status-publish","hentry"],"yoast_head":"<!-- This site is optimized with the Yoast SEO plugin v27.4 - https:\/\/yoast.com\/product\/yoast-seo-wordpress\/ -->\n<title>Termes et conditions - Aloha Surf Academy - The best surf school and surf camps in Fuerteventura - Corralejo<\/title>\n<meta name=\"robots\" content=\"index, follow, max-snippet:-1, max-image-preview:large, max-video-preview:-1\" \/>\n<link rel=\"canonical\" href=\"https:\/\/alohasurfacademy.com\/fr\/prix-informations-de-reservation\/termes-et-conditions\/\" \/>\n<meta property=\"og:locale\" content=\"fr_FR\" \/>\n<meta property=\"og:type\" content=\"article\" \/>\n<meta property=\"og:title\" content=\"Termes et conditions - Aloha Surf Academy - The best surf school and surf camps in Fuerteventura - Corralejo\" \/>\n<meta property=\"og:description\" content=\"Termes et conditions Article 1. Conditions d\u2019inscription 1. Le participant atteste savoir nager 25 m\u00e8tres et ne pas avoir de contre\u2013indication m\u00e9dicale\u00a0\u00e0 la pratique du Surf. Aloha Surf Academy (ASA)\u00a0se r\u00e9serve le droit de refuser la r\u00e9servation si les conditions physiques, psychologiques et m\u00e9dicales du participant\u00a0pourraient nuire \u00e0\u00a0sa s\u00e9curit\u00e9 lors de la s\u00e9ance, et\u00a0celle des [&hellip;]\" \/>\n<meta property=\"og:url\" content=\"https:\/\/alohasurfacademy.com\/fr\/prix-informations-de-reservation\/termes-et-conditions\/\" \/>\n<meta property=\"og:site_name\" content=\"Aloha Surf Academy - The best surf school and surf camps in Fuerteventura - Corralejo\" \/>\n<meta property=\"article:modified_time\" content=\"2025-03-19T15:40:34+00:00\" \/>\n<meta name=\"twitter:card\" content=\"summary_large_image\" \/>\n<meta name=\"twitter:label1\" content=\"Dur\u00e9e de lecture estim\u00e9e\" \/>\n\t<meta name=\"twitter:data1\" content=\"5 minutes\" \/>\n<script type=\"application\/ld+json\" class=\"yoast-schema-graph\">{\"@context\":\"https:\\\/\\\/schema.org\",\"@graph\":[{\"@type\":\"WebPage\",\"@id\":\"https:\\\/\\\/alohasurfacademy.com\\\/fr\\\/prix-informations-de-reservation\\\/termes-et-conditions\\\/\",\"url\":\"https:\\\/\\\/alohasurfacademy.com\\\/fr\\\/prix-informations-de-reservation\\\/termes-et-conditions\\\/\",\"name\":\"Termes et conditions - Aloha Surf Academy - The best surf school and surf camps in Fuerteventura - Corralejo\",\"isPartOf\":{\"@id\":\"https:\\\/\\\/alohasurfacademy.com\\\/fr\\\/#website\"},\"datePublished\":\"2025-03-17T20:34:50+00:00\",\"dateModified\":\"2025-03-19T15:40:34+00:00\",\"breadcrumb\":{\"@id\":\"https:\\\/\\\/alohasurfacademy.com\\\/fr\\\/prix-informations-de-reservation\\\/termes-et-conditions\\\/#breadcrumb\"},\"inLanguage\":\"fr-FR\",\"potentialAction\":[{\"@type\":\"ReadAction\",\"target\":[\"https:\\\/\\\/alohasurfacademy.com\\\/fr\\\/prix-informations-de-reservation\\\/termes-et-conditions\\\/\"]}]},{\"@type\":\"BreadcrumbList\",\"@id\":\"https:\\\/\\\/alohasurfacademy.com\\\/fr\\\/prix-informations-de-reservation\\\/termes-et-conditions\\\/#breadcrumb\",\"itemListElement\":[{\"@type\":\"ListItem\",\"position\":1,\"name\":\"Home\",\"item\":\"https:\\\/\\\/alohasurfacademy.com\\\/fr\\\/\"},{\"@type\":\"ListItem\",\"position\":2,\"name\":\"Tarifs\",\"item\":\"https:\\\/\\\/alohasurfacademy.com\\\/fr\\\/prix-informations-de-reservation\\\/?lang=fr\"},{\"@type\":\"ListItem\",\"position\":3,\"name\":\"Termes et conditions\"}]},{\"@type\":\"WebSite\",\"@id\":\"https:\\\/\\\/alohasurfacademy.com\\\/fr\\\/#website\",\"url\":\"https:\\\/\\\/alohasurfacademy.com\\\/fr\\\/\",\"name\":\"Aloha Surf Academy - The best surf school and surf camps in Fuerteventura - Corralejo\",\"description\":\"Surf School, Surf Camp, Surfing Class, Surf Course in Corralejo - Fuerteventura\",\"potentialAction\":[{\"@type\":\"SearchAction\",\"target\":{\"@type\":\"EntryPoint\",\"urlTemplate\":\"https:\\\/\\\/alohasurfacademy.com\\\/fr\\\/?s={search_term_string}\"},\"query-input\":{\"@type\":\"PropertyValueSpecification\",\"valueRequired\":true,\"valueName\":\"search_term_string\"}}],\"inLanguage\":\"fr-FR\"}]}<\/script>\n<!-- \/ Yoast SEO plugin. -->","yoast_head_json":{"title":"Termes et conditions - Aloha Surf Academy - The best surf school and surf camps in Fuerteventura - Corralejo","robots":{"index":"index","follow":"follow","max-snippet":"max-snippet:-1","max-image-preview":"max-image-preview:large","max-video-preview":"max-video-preview:-1"},"canonical":"https:\/\/alohasurfacademy.com\/fr\/prix-informations-de-reservation\/termes-et-conditions\/","og_locale":"fr_FR","og_type":"article","og_title":"Termes et conditions - Aloha Surf Academy - The best surf school and surf camps in Fuerteventura - Corralejo","og_description":"Termes et conditions Article 1. Conditions d\u2019inscription 1. Le participant atteste savoir nager 25 m\u00e8tres et ne pas avoir de contre\u2013indication m\u00e9dicale\u00a0\u00e0 la pratique du Surf. Aloha Surf Academy (ASA)\u00a0se r\u00e9serve le droit de refuser la r\u00e9servation si les conditions physiques, psychologiques et m\u00e9dicales du participant\u00a0pourraient nuire \u00e0\u00a0sa s\u00e9curit\u00e9 lors de la s\u00e9ance, et\u00a0celle des [&hellip;]","og_url":"https:\/\/alohasurfacademy.com\/fr\/prix-informations-de-reservation\/termes-et-conditions\/","og_site_name":"Aloha Surf Academy - The best surf school and surf camps in Fuerteventura - Corralejo","article_modified_time":"2025-03-19T15:40:34+00:00","twitter_card":"summary_large_image","twitter_misc":{"Dur\u00e9e de lecture estim\u00e9e":"5 minutes"},"schema":{"@context":"https:\/\/schema.org","@graph":[{"@type":"WebPage","@id":"https:\/\/alohasurfacademy.com\/fr\/prix-informations-de-reservation\/termes-et-conditions\/","url":"https:\/\/alohasurfacademy.com\/fr\/prix-informations-de-reservation\/termes-et-conditions\/","name":"Termes et conditions - Aloha Surf Academy - The best surf school and surf camps in Fuerteventura - Corralejo","isPartOf":{"@id":"https:\/\/alohasurfacademy.com\/fr\/#website"},"datePublished":"2025-03-17T20:34:50+00:00","dateModified":"2025-03-19T15:40:34+00:00","breadcrumb":{"@id":"https:\/\/alohasurfacademy.com\/fr\/prix-informations-de-reservation\/termes-et-conditions\/#breadcrumb"},"inLanguage":"fr-FR","potentialAction":[{"@type":"ReadAction","target":["https:\/\/alohasurfacademy.com\/fr\/prix-informations-de-reservation\/termes-et-conditions\/"]}]},{"@type":"BreadcrumbList","@id":"https:\/\/alohasurfacademy.com\/fr\/prix-informations-de-reservation\/termes-et-conditions\/#breadcrumb","itemListElement":[{"@type":"ListItem","position":1,"name":"Home","item":"https:\/\/alohasurfacademy.com\/fr\/"},{"@type":"ListItem","position":2,"name":"Tarifs","item":"https:\/\/alohasurfacademy.com\/fr\/prix-informations-de-reservation\/?lang=fr"},{"@type":"ListItem","position":3,"name":"Termes et conditions"}]},{"@type":"WebSite","@id":"https:\/\/alohasurfacademy.com\/fr\/#website","url":"https:\/\/alohasurfacademy.com\/fr\/","name":"Aloha Surf Academy - The best surf school and surf camps in Fuerteventura - Corralejo","description":"Surf School, Surf Camp, Surfing Class, Surf Course in Corralejo - Fuerteventura","potentialAction":[{"@type":"SearchAction","target":{"@type":"EntryPoint","urlTemplate":"https:\/\/alohasurfacademy.com\/fr\/?s={search_term_string}"},"query-input":{"@type":"PropertyValueSpecification","valueRequired":true,"valueName":"search_term_string"}}],"inLanguage":"fr-FR"}]}},"_links":{"self":[{"href":"https:\/\/alohasurfacademy.com\/fr\/wp-json\/wp\/v2\/pages\/9396","targetHints":{"allow":["GET"]}}],"collection":[{"href":"https:\/\/alohasurfacademy.com\/fr\/wp-json\/wp\/v2\/pages"}],"about":[{"href":"https:\/\/alohasurfacademy.com\/fr\/wp-json\/wp\/v2\/types\/page"}],"author":[{"embeddable":true,"href":"https:\/\/alohasurfacademy.com\/fr\/wp-json\/wp\/v2\/users\/3"}],"replies":[{"embeddable":true,"href":"https:\/\/alohasurfacademy.com\/fr\/wp-json\/wp\/v2\/comments?post=9396"}],"version-history":[{"count":2,"href":"https:\/\/alohasurfacademy.com\/fr\/wp-json\/wp\/v2\/pages\/9396\/revisions"}],"predecessor-version":[{"id":9403,"href":"https:\/\/alohasurfacademy.com\/fr\/wp-json\/wp\/v2\/pages\/9396\/revisions\/9403"}],"up":[{"embeddable":true,"href":"https:\/\/alohasurfacademy.com\/fr\/wp-json\/wp\/v2\/pages\/648"}],"wp:attachment":[{"href":"https:\/\/alohasurfacademy.com\/fr\/wp-json\/wp\/v2\/media?parent=9396"}],"curies":[{"name":"wp","href":"https:\/\/api.w.org\/{rel}","templated":true}]}}